{"id":58826,"date":"2024-03-11T15:01:10","date_gmt":"2024-03-11T14:01:10","guid":{"rendered":"https:\/\/www.philippi-online.de\/produkt\/wippschalter-serie-200-30a\/"},"modified":"2024-03-26T12:57:10","modified_gmt":"2024-03-26T11:57:10","slug":"interrupteur-a-bascule-serie-200-1-pole-30a","status":"publish","type":"product","link":"https:\/\/www.philippi-online.de\/fr\/produkt\/interrupteur-a-bascule-serie-200-1-pole-30a\/","title":{"rendered":"Interrupteur \u00e0 bascule s\u00e9rie 200 1 p\u00f4le 30A"},"content":{"rendered":"\t\t<div data-elementor-type=\"wp-post\" data-elementor-id=\"58826\" class=\"elementor elementor-58826 elementor-58614\" data-elementor-post-type=\"product\">\n\t\t\t\t\t\t<section class=\"wd-negative-gap elementor-section elementor-top-section elementor-element elementor-element-4f8741f2 elementor-section-boxed elementor-section-height-default elementor-section-height-default\" data-id=\"4f8741f2\" data-element_type=\"section\" data-e-type=\"section\">\n\t\t\t\t\t\t<div class=\"elementor-container elementor-column-gap-default\">\n\t\t\t\t\t<div class=\"elementor-column elementor-col-50 elementor-top-column elementor-element elementor-element-467c40de\" data-id=\"467c40de\" data-element_type=\"column\" data-e-type=\"column\">\n\t\t\t<div class=\"elementor-widget-wrap elementor-element-populated\">\n\t\t\t\t\t\t<div class=\"elementor-element elementor-element-17ed3b2e color-scheme-inherit text-left elementor-widget elementor-widget-text-editor\" data-id=\"17ed3b2e\" data-element_type=\"widget\" data-e-type=\"widget\" data-widget_type=\"text-editor.default\">\n\t\t\t\t<div class=\"elementor-widget-container\">\n\t\t\t\t\t\t\t\t\t<p>Interrupteur \u00e0 bascule unipolaire DC marche\/arr\u00eat avec fonction de protection contre les surintensit\u00e9s et affichage de la fonction par LED verte. Bascule noire, cadre argent\u00e9, montage par encliquetage, d\u00e9coupe de fixation 26,3 x 34,2 mm, largeur de l&rsquo;appareil 29,5 mm.<\/p>\n<p>Tension nominale DC 30V, consommation de courant de la LED 0,7 mA pour 12V.<\/p>\n<p>Lors de l&rsquo;installation, les deux contacts d&rsquo;entr\u00e9e ainsi que les contacts de sortie doivent \u00eatre raccord\u00e9s\/pont\u00e9s en parall\u00e8le.<\/p>\n<p>Type 3130-F12B-K7T1-W29AG3-30A<\/p>\t\t\t\t\t\t\t\t<\/div>\n\t\t\t\t<\/div>\n\t\t\t\t\t<\/div>\n\t\t<\/div>\n\t\t\t\t<div class=\"elementor-column elementor-col-50 elementor-top-column elementor-element elementor-element-418536c\" data-id=\"418536c\" data-element_type=\"column\" data-e-type=\"column\">\n\t\t\t<div class=\"elementor-widget-wrap\">\n\t\t\t\t\t\t\t<\/div>\n\t\t<\/div>\n\t\t\t\t\t<\/div>\n\t\t<\/section>\n\t\t\t\t<\/div>\n\t\t","protected":false},"excerpt":{"rendered":"<p>Interrupteur \u00e0 bascule DC marche\/arr\u00eat avec LED verte<\/p>\n","protected":false},"featured_media":22692,"comment_status":"closed","ping_status":"closed","template":"","meta":{"_acf_changed":false,"_monsterinsights_skip_tracking":false,"_monsterinsights_sitenote_active":false,"_monsterinsights_sitenote_note":"","_monsterinsights_sitenote_category":0},"product_brand":[],"product_cat":[2233],"product_tag":[3329,3330,3331],"class_list":{"0":"post-58826","1":"product","2":"type-product","3":"status-publish","4":"has-post-thumbnail","6":"product_cat-non-classe","7":"product_tag-30a-fr","8":"product_tag-3130-fr","9":"product_tag-3130-30-fr","11":"first","12":"instock","13":"taxable","14":"shipping-taxable","15":"purchasable","16":"product-type-simple"},"acf":[],"yoast_head":"<!-- This site is optimized with the Yoast SEO plugin v27.1.1 - https:\/\/yoast.com\/product\/yoast-seo-wordpress\/ -->\n<title>Interrupteur \u00e0 bascule s\u00e9rie 200 1 p\u00f4le 30A | philippi elektrische systeme gmbh<\/title>\n<meta name=\"description\" content=\"Interrupteur \u00e0 bascule s\u00e9rie 200 1 p\u00f4le 30A \u27a4 Panneaux de distribution \u00e9lectrique Marine Offroad \u2713 Expert en \u00e9lectronique sp\u00e9ciale \u2713 \u00e0 regarder tout de suite !\" \/>\n<meta name=\"robots\" content=\"index, follow, max-snippet:-1, max-image-preview:large, max-video-preview:-1\" \/>\n<link rel=\"canonical\" href=\"https:\/\/www.philippi-online.de\/fr\/produkt\/interrupteur-a-bascule-serie-200-1-pole-30a\/\" \/>\n<meta property=\"og:locale\" content=\"fr_FR\" \/>\n<meta property=\"og:type\" content=\"article\" \/>\n<meta property=\"og:title\" content=\"Interrupteur \u00e0 bascule s\u00e9rie 200 1 p\u00f4le 30A | philippi elektrische systeme gmbh\" \/>\n<meta property=\"og:description\" content=\"Interrupteur \u00e0 bascule s\u00e9rie 200 1 p\u00f4le 30A \u27a4 Panneaux de distribution \u00e9lectrique Marine Offroad \u2713 Expert en \u00e9lectronique sp\u00e9ciale \u2713 \u00e0 regarder tout de suite !\" \/>\n<meta property=\"og:url\" content=\"https:\/\/www.philippi-online.de\/fr\/produkt\/interrupteur-a-bascule-serie-200-1-pole-30a\/\" \/>\n<meta property=\"og:site_name\" content=\"philippi elektrische systeme GmbH\" \/>\n<meta property=\"article:modified_time\" content=\"2024-03-26T11:57:10+00:00\" \/>\n<meta property=\"og:image\" content=\"https:\/\/www.philippi-online.de\/wp-content\/uploads\/philippi\/Stromverteilung\/131312006.png\" \/>\n\t<meta property=\"og:image:width\" content=\"700\" \/>\n\t<meta property=\"og:image:height\" content=\"800\" \/>\n\t<meta property=\"og:image:type\" content=\"image\/png\" \/>\n<meta name=\"twitter:card\" content=\"summary_large_image\" \/>\n<meta name=\"twitter:label1\" content=\"Dur\u00e9e de lecture estim\u00e9e\" \/>\n\t<meta name=\"twitter:data1\" content=\"1 minute\" \/>\n<script type=\"application\/ld+json\" class=\"yoast-schema-graph\">{\"@context\":\"https:\/\/schema.org\",\"@graph\":[{\"@type\":\"WebPage\",\"@id\":\"https:\/\/www.philippi-online.de\/fr\/produkt\/interrupteur-a-bascule-serie-200-1-pole-30a\/\",\"url\":\"https:\/\/www.philippi-online.de\/fr\/produkt\/interrupteur-a-bascule-serie-200-1-pole-30a\/\",\"name\":\"Interrupteur \u00e0 bascule s\u00e9rie 200 1 p\u00f4le 30A | philippi elektrische systeme gmbh\",\"isPartOf\":{\"@id\":\"https:\/\/www.philippi-online.de\/fr\/#website\"},\"primaryImageOfPage\":{\"@id\":\"https:\/\/www.philippi-online.de\/fr\/produkt\/interrupteur-a-bascule-serie-200-1-pole-30a\/#primaryimage\"},\"image\":{\"@id\":\"https:\/\/www.philippi-online.de\/fr\/produkt\/interrupteur-a-bascule-serie-200-1-pole-30a\/#primaryimage\"},\"thumbnailUrl\":\"https:\/\/www.philippi-online.de\/wp-content\/uploads\/philippi\/Stromverteilung\/131312006.png\",\"datePublished\":\"2024-03-11T14:01:10+00:00\",\"dateModified\":\"2024-03-26T11:57:10+00:00\",\"description\":\"Interrupteur \u00e0 bascule s\u00e9rie 200 1 p\u00f4le 30A \u27a4 Panneaux de distribution \u00e9lectrique Marine Offroad \u2713 Expert en \u00e9lectronique sp\u00e9ciale \u2713 \u00e0 regarder tout de suite !\",\"breadcrumb\":{\"@id\":\"https:\/\/www.philippi-online.de\/fr\/produkt\/interrupteur-a-bascule-serie-200-1-pole-30a\/#breadcrumb\"},\"inLanguage\":\"fr-FR\",\"potentialAction\":[{\"@type\":\"ReadAction\",\"target\":[\"https:\/\/www.philippi-online.de\/fr\/produkt\/interrupteur-a-bascule-serie-200-1-pole-30a\/\"]}]},{\"@type\":\"ImageObject\",\"inLanguage\":\"fr-FR\",\"@id\":\"https:\/\/www.philippi-online.de\/fr\/produkt\/interrupteur-a-bascule-serie-200-1-pole-30a\/#primaryimage\",\"url\":\"https:\/\/www.philippi-online.de\/wp-content\/uploads\/philippi\/Stromverteilung\/131312006.png\",\"contentUrl\":\"https:\/\/www.philippi-online.de\/wp-content\/uploads\/philippi\/Stromverteilung\/131312006.png\",\"width\":700,\"height\":800,\"caption\":\"Wippschalter grau\"},{\"@type\":\"BreadcrumbList\",\"@id\":\"https:\/\/www.philippi-online.de\/fr\/produkt\/interrupteur-a-bascule-serie-200-1-pole-30a\/#breadcrumb\",\"itemListElement\":[{\"@type\":\"ListItem\",\"position\":1,\"name\":\"Accueil\",\"item\":\"https:\/\/www.philippi-online.de\/fr\/\"},{\"@type\":\"ListItem\",\"position\":2,\"name\":\"Boutique\",\"item\":\"https:\/\/www.philippi-online.de\/fr\/boutique\/\"},{\"@type\":\"ListItem\",\"position\":3,\"name\":\"Interrupteur \u00e0 bascule s\u00e9rie 200 1 p\u00f4le 30A\"}]},{\"@type\":\"WebSite\",\"@id\":\"https:\/\/www.philippi-online.de\/fr\/#website\",\"url\":\"https:\/\/www.philippi-online.de\/fr\/\",\"name\":\"philippi elektrische systeme GmbH\",\"description\":\"\",\"potentialAction\":[{\"@type\":\"SearchAction\",\"target\":{\"@type\":\"EntryPoint\",\"urlTemplate\":\"https:\/\/www.philippi-online.de\/fr\/?s={search_term_string}\"},\"query-input\":{\"@type\":\"PropertyValueSpecification\",\"valueRequired\":true,\"valueName\":\"search_term_string\"}}],\"inLanguage\":\"fr-FR\"}]}<\/script>\n<!-- \/ Yoast SEO plugin. -->","yoast_head_json":{"title":"Interrupteur \u00e0 bascule s\u00e9rie 200 1 p\u00f4le 30A | philippi elektrische systeme gmbh","description":"Interrupteur \u00e0 bascule s\u00e9rie 200 1 p\u00f4le 30A \u27a4 Panneaux de distribution \u00e9lectrique Marine Offroad \u2713 Expert en \u00e9lectronique sp\u00e9ciale \u2713 \u00e0 regarder tout de suite !","robots":{"index":"index","follow":"follow","max-snippet":"max-snippet:-1","max-image-preview":"max-image-preview:large","max-video-preview":"max-video-preview:-1"},"canonical":"https:\/\/www.philippi-online.de\/fr\/produkt\/interrupteur-a-bascule-serie-200-1-pole-30a\/","og_locale":"fr_FR","og_type":"article","og_title":"Interrupteur \u00e0 bascule s\u00e9rie 200 1 p\u00f4le 30A | philippi elektrische systeme gmbh","og_description":"Interrupteur \u00e0 bascule s\u00e9rie 200 1 p\u00f4le 30A \u27a4 Panneaux de distribution \u00e9lectrique Marine Offroad \u2713 Expert en \u00e9lectronique sp\u00e9ciale \u2713 \u00e0 regarder tout de suite !","og_url":"https:\/\/www.philippi-online.de\/fr\/produkt\/interrupteur-a-bascule-serie-200-1-pole-30a\/","og_site_name":"philippi elektrische systeme GmbH","article_modified_time":"2024-03-26T11:57:10+00:00","og_image":[{"width":700,"height":800,"url":"https:\/\/www.philippi-online.de\/wp-content\/uploads\/philippi\/Stromverteilung\/131312006.png","type":"image\/png"}],"twitter_card":"summary_large_image","twitter_misc":{"Dur\u00e9e de lecture estim\u00e9e":"1 minute"},"schema":{"@context":"https:\/\/schema.org","@graph":[{"@type":"WebPage","@id":"https:\/\/www.philippi-online.de\/fr\/produkt\/interrupteur-a-bascule-serie-200-1-pole-30a\/","url":"https:\/\/www.philippi-online.de\/fr\/produkt\/interrupteur-a-bascule-serie-200-1-pole-30a\/","name":"Interrupteur \u00e0 bascule s\u00e9rie 200 1 p\u00f4le 30A | philippi elektrische systeme gmbh","isPartOf":{"@id":"https:\/\/www.philippi-online.de\/fr\/#website"},"primaryImageOfPage":{"@id":"https:\/\/www.philippi-online.de\/fr\/produkt\/interrupteur-a-bascule-serie-200-1-pole-30a\/#primaryimage"},"image":{"@id":"https:\/\/www.philippi-online.de\/fr\/produkt\/interrupteur-a-bascule-serie-200-1-pole-30a\/#primaryimage"},"thumbnailUrl":"https:\/\/www.philippi-online.de\/wp-content\/uploads\/philippi\/Stromverteilung\/131312006.png","datePublished":"2024-03-11T14:01:10+00:00","dateModified":"2024-03-26T11:57:10+00:00","description":"Interrupteur \u00e0 bascule s\u00e9rie 200 1 p\u00f4le 30A \u27a4 Panneaux de distribution \u00e9lectrique Marine Offroad \u2713 Expert en \u00e9lectronique sp\u00e9ciale \u2713 \u00e0 regarder tout de suite !","breadcrumb":{"@id":"https:\/\/www.philippi-online.de\/fr\/produkt\/interrupteur-a-bascule-serie-200-1-pole-30a\/#breadcrumb"},"inLanguage":"fr-FR","potentialAction":[{"@type":"ReadAction","target":["https:\/\/www.philippi-online.de\/fr\/produkt\/interrupteur-a-bascule-serie-200-1-pole-30a\/"]}]},{"@type":"ImageObject","inLanguage":"fr-FR","@id":"https:\/\/www.philippi-online.de\/fr\/produkt\/interrupteur-a-bascule-serie-200-1-pole-30a\/#primaryimage","url":"https:\/\/www.philippi-online.de\/wp-content\/uploads\/philippi\/Stromverteilung\/131312006.png","contentUrl":"https:\/\/www.philippi-online.de\/wp-content\/uploads\/philippi\/Stromverteilung\/131312006.png","width":700,"height":800,"caption":"Wippschalter grau"},{"@type":"BreadcrumbList","@id":"https:\/\/www.philippi-online.de\/fr\/produkt\/interrupteur-a-bascule-serie-200-1-pole-30a\/#breadcrumb","itemListElement":[{"@type":"ListItem","position":1,"name":"Accueil","item":"https:\/\/www.philippi-online.de\/fr\/"},{"@type":"ListItem","position":2,"name":"Boutique","item":"https:\/\/www.philippi-online.de\/fr\/boutique\/"},{"@type":"ListItem","position":3,"name":"Interrupteur \u00e0 bascule s\u00e9rie 200 1 p\u00f4le 30A"}]},{"@type":"WebSite","@id":"https:\/\/www.philippi-online.de\/fr\/#website","url":"https:\/\/www.philippi-online.de\/fr\/","name":"philippi elektrische systeme GmbH","description":"","potentialAction":[{"@type":"SearchAction","target":{"@type":"EntryPoint","urlTemplate":"https:\/\/www.philippi-online.de\/fr\/?s={search_term_string}"},"query-input":{"@type":"PropertyValueSpecification","valueRequired":true,"valueName":"search_term_string"}}],"inLanguage":"fr-FR"}]}},"df_price":42.1,"df_sale_price":"","df_regular_price":42.1,"df_image_link":"https:\/\/www.philippi-online.de\/wp-content\/uploads\/philippi\/Stromverteilung\/131312006-263x300.png","_links":{"self":[{"href":"https:\/\/www.philippi-online.de\/fr\/wp-json\/wp\/v2\/product\/58826","targetHints":{"allow":["GET"]}}],"collection":[{"href":"https:\/\/www.philippi-online.de\/fr\/wp-json\/wp\/v2\/product"}],"about":[{"href":"https:\/\/www.philippi-online.de\/fr\/wp-json\/wp\/v2\/types\/product"}],"replies":[{"embeddable":true,"href":"https:\/\/www.philippi-online.de\/fr\/wp-json\/wp\/v2\/comments?post=58826"}],"version-history":[{"count":0,"href":"https:\/\/www.philippi-online.de\/fr\/wp-json\/wp\/v2\/product\/58826\/revisions"}],"wp:featuredmedia":[{"embeddable":true,"href":"https:\/\/www.philippi-online.de\/fr\/wp-json\/wp\/v2\/media\/22692"}],"wp:attachment":[{"href":"https:\/\/www.philippi-online.de\/fr\/wp-json\/wp\/v2\/media?parent=58826"}],"wp:term":[{"taxonomy":"product_brand","embeddable":true,"href":"https:\/\/www.philippi-online.de\/fr\/wp-json\/wp\/v2\/product_brand?post=58826"},{"taxonomy":"product_cat","embeddable":true,"href":"https:\/\/www.philippi-online.de\/fr\/wp-json\/wp\/v2\/product_cat?post=58826"},{"taxonomy":"product_tag","embeddable":true,"href":"https:\/\/www.philippi-online.de\/fr\/wp-json\/wp\/v2\/product_tag?post=58826"}],"curies":[{"name":"wp","href":"https:\/\/api.w.org\/{rel}","templated":true}]}}