{"id":38092,"date":"2021-07-13T11:23:24","date_gmt":"2021-07-13T09:23:24","guid":{"rendered":"https:\/\/staging.philippi-online.de\/produkt\/tableau-de-commande-stv-100-psm\/"},"modified":"2025-06-23T10:04:51","modified_gmt":"2025-06-23T08:04:51","slug":"tableau-de-commande-stv-100-psm","status":"publish","type":"product","link":"https:\/\/www.philippi-online.de\/fr\/produkt\/tableau-de-commande-stv-100-psm\/","title":{"rendered":"Tableau de commande STV 100 PSM"},"content":{"rendered":"\t\t<div data-elementor-type=\"wp-post\" data-elementor-id=\"38092\" class=\"elementor elementor-38092 elementor-17023\" data-elementor-post-type=\"product\">\n\t\t\t\t\t\t<section class=\"wd-negative-gap elementor-section elementor-top-section elementor-element elementor-element-26b73ebc elementor-section-boxed elementor-section-height-default elementor-section-height-default\" data-id=\"26b73ebc\" data-element_type=\"section\" data-e-type=\"section\">\n\t\t\t\t\t\t<div class=\"elementor-container elementor-column-gap-default\">\n\t\t\t\t\t<div class=\"elementor-column elementor-col-50 elementor-top-column elementor-element elementor-element-eeb35de\" data-id=\"eeb35de\" data-element_type=\"column\" data-e-type=\"column\">\n\t\t\t<div class=\"elementor-widget-wrap elementor-element-populated\">\n\t\t\t\t\t\t<div class=\"elementor-element elementor-element-5db9d26a color-scheme-inherit text-left elementor-widget elementor-widget-text-editor\" data-id=\"5db9d26a\" data-element_type=\"widget\" data-e-type=\"widget\" data-widget_type=\"text-editor.default\">\n\t\t\t\t<div class=\"elementor-widget-container\">\n\t\t\t\t\t\t\t\t\t<p>Moniteur syst\u00e8me PSM2 adapt\u00e9 aux tableaux de commande de la s\u00e9rie 100. Pour plus d&rsquo;informations, voir PBUS &#8211; Syst\u00e8me.<br \/>\nDimensions L 110 x H 145 x P 40 mm<\/p>\n\t\t\t\t\t\t\t\t<\/div>\n\t\t\t\t<\/div>\n\t\t\t\t\t<\/div>\n\t\t<\/div>\n\t\t\t\t<div class=\"elementor-column elementor-col-50 elementor-top-column elementor-element elementor-element-faf5ad6\" data-id=\"faf5ad6\" data-element_type=\"column\" data-e-type=\"column\">\n\t\t\t<div class=\"elementor-widget-wrap elementor-element-populated\">\n\t\t\t\t\t\t<div class=\"elementor-element elementor-element-0f2ed6b elementor-position-inline-start elementor-view-default elementor-mobile-position-block-start elementor-widget elementor-widget-icon-box\" data-id=\"0f2ed6b\" data-element_type=\"widget\" data-e-type=\"widget\" data-widget_type=\"icon-box.default\">\n\t\t\t\t<div class=\"elementor-widget-container\">\n\t\t\t\t\t\t\t<div class=\"elementor-icon-box-wrapper\">\n\n\t\t\t\t\t\t<div class=\"elementor-icon-box-icon\">\n\t\t\t\t<a href=\"\/wp-content\/uploads\/philippi\/Manual\/PSM2_V2A-FR.pdf\" target=\"_blank\" class=\"elementor-icon\" tabindex=\"-1\" aria-label=\"&lt;p&gt;Mode d&#039;emploi&lt;\/p&gt;\">\n\t\t\t\t<svg aria-hidden=\"true\" class=\"e-font-icon-svg e-far-file-pdf\" viewBox=\"0 0 384 512\" xmlns=\"http:\/\/www.w3.org\/2000\/svg\"><path d=\"M369.9 97.9L286 14C277 5 264.8-.1 252.1-.1H48C21.5 0 0 21.5 0 48v416c0 26.5 21.5 48 48 48h288c26.5 0 48-21.5 48-48V131.9c0-12.7-5.1-25-14.1-34zM332.1 128H256V51.9l76.1 76.1zM48 464V48h160v104c0 13.3 10.7 24 24 24h104v288H48zm250.2-143.7c-12.2-12-47-8.7-64.4-6.5-17.2-10.5-28.7-25-36.8-46.3 3.9-16.1 10.1-40.6 5.4-56-4.2-26.2-37.8-23.6-42.6-5.9-4.4 16.1-.4 38.5 7 67.1-10 23.9-24.9 56-35.4 74.4-20 10.3-47 26.2-51 46.2-3.3 15.8 26 55.2 76.1-31.2 22.4-7.4 46.8-16.5 68.4-20.1 18.9 10.2 41 17 55.8 17 25.5 0 28-28.2 17.5-38.7zm-198.1 77.8c5.1-13.7 24.5-29.5 30.4-35-19 30.3-30.4 35.7-30.4 35zm81.6-190.6c7.4 0 6.7 32.1 1.8 40.8-4.4-13.9-4.3-40.8-1.8-40.8zm-24.4 136.6c9.7-16.9 18-37 24.7-54.7 8.3 15.1 18.9 27.2 30.1 35.5-20.8 4.3-38.9 13.1-54.8 19.2zm131.6-5s-5 6-37.3-7.8c35.1-2.6 40.9 5.4 37.3 7.8z\"><\/path><\/svg>\t\t\t\t<\/a>\n\t\t\t<\/div>\n\t\t\t\n\t\t\t\t\t\t<div class=\"elementor-icon-box-content\">\n\n\t\t\t\t\t\t\t\t\t<p class=\"elementor-icon-box-title\">\n\t\t\t\t\t\t<a href=\"\/wp-content\/uploads\/philippi\/Manual\/PSM2_V2A-FR.pdf\" target=\"_blank\" >\n\t\t\t\t\t\t\t<p>Mode d'emploi<\/p>\t\t\t\t\t\t<\/a>\n\t\t\t\t\t<\/p>\n\t\t\t\t\n\t\t\t\t\n\t\t\t<\/div>\n\t\t\t\n\t\t<\/div>\n\t\t\t\t\t\t<\/div>\n\t\t\t\t<\/div>\n\t\t\t\t\t<\/div>\n\t\t<\/div>\n\t\t\t\t\t<\/div>\n\t\t<\/section>\n\t\t\t\t<\/div>\n\t\t","protected":false},"excerpt":{"rendered":"<p>Moniteur syst\u00e8me PSM3 adapt\u00e9 aux tableaux de commande de la s\u00e9rie 100<\/p>\n","protected":false},"featured_media":22608,"comment_status":"closed","ping_status":"closed","template":"","meta":{"_acf_changed":false,"_monsterinsights_skip_tracking":false,"_monsterinsights_sitenote_active":false,"_monsterinsights_sitenote_note":"","_monsterinsights_sitenote_category":0},"product_brand":[],"product_cat":[1509,1510,1464],"product_tag":[],"class_list":{"0":"post-38092","1":"product","2":"type-product","3":"status-publish","4":"has-post-thumbnail","6":"product_cat-distribution-electrique","7":"product_cat-distribution-electrique-maritime","8":"product_cat-tableau-serie-100-maritime","9":"pa_marken-philippi-fr","11":"first","12":"instock","13":"taxable","14":"shipping-taxable","15":"purchasable","16":"product-type-simple"},"acf":[],"yoast_head":"<!-- This site is optimized with the Yoast SEO plugin v27.1.1 - https:\/\/yoast.com\/product\/yoast-seo-wordpress\/ -->\n<title>Tableau de commande STV 100 PSM | philippi elektrische systeme GmbH %<\/title>\n<meta name=\"description\" content=\"Tableau de commande STV 100 PSM |\" \/>\n<meta name=\"robots\" content=\"index, follow, max-snippet:-1, max-image-preview:large, max-video-preview:-1\" \/>\n<link rel=\"canonical\" href=\"https:\/\/www.philippi-online.de\/fr\/produkt\/tableau-de-commande-stv-100-psm\/\" \/>\n<meta property=\"og:locale\" content=\"fr_FR\" \/>\n<meta property=\"og:type\" content=\"article\" \/>\n<meta property=\"og:title\" content=\"Tableau de commande STV 100 PSM | philippi elektrische systeme GmbH %\" \/>\n<meta property=\"og:description\" content=\"Tableau de commande STV 100 PSM |\" \/>\n<meta property=\"og:url\" content=\"https:\/\/www.philippi-online.de\/fr\/produkt\/tableau-de-commande-stv-100-psm\/\" \/>\n<meta property=\"og:site_name\" content=\"philippi elektrische systeme GmbH\" \/>\n<meta property=\"article:modified_time\" content=\"2025-06-23T08:04:51+00:00\" \/>\n<meta property=\"og:image\" content=\"https:\/\/www.philippi-online.de\/wp-content\/uploads\/philippi\/Stromverteilung\/020000101.png\" \/>\n\t<meta property=\"og:image:width\" content=\"700\" \/>\n\t<meta property=\"og:image:height\" content=\"800\" \/>\n\t<meta property=\"og:image:type\" content=\"image\/png\" \/>\n<meta name=\"twitter:card\" content=\"summary_large_image\" \/>\n<meta name=\"twitter:label1\" content=\"Dur\u00e9e de lecture estim\u00e9e\" \/>\n\t<meta name=\"twitter:data1\" content=\"1 minute\" \/>\n<script type=\"application\/ld+json\" class=\"yoast-schema-graph\">{\"@context\":\"https:\/\/schema.org\",\"@graph\":[{\"@type\":\"WebPage\",\"@id\":\"https:\/\/www.philippi-online.de\/fr\/produkt\/tableau-de-commande-stv-100-psm\/\",\"url\":\"https:\/\/www.philippi-online.de\/fr\/produkt\/tableau-de-commande-stv-100-psm\/\",\"name\":\"Tableau de commande STV 100 PSM | philippi elektrische systeme GmbH %\",\"isPartOf\":{\"@id\":\"https:\/\/www.philippi-online.de\/fr\/#website\"},\"primaryImageOfPage\":{\"@id\":\"https:\/\/www.philippi-online.de\/fr\/produkt\/tableau-de-commande-stv-100-psm\/#primaryimage\"},\"image\":{\"@id\":\"https:\/\/www.philippi-online.de\/fr\/produkt\/tableau-de-commande-stv-100-psm\/#primaryimage\"},\"thumbnailUrl\":\"https:\/\/www.philippi-online.de\/wp-content\/uploads\/philippi\/Stromverteilung\/020000101.png\",\"datePublished\":\"2021-07-13T09:23:24+00:00\",\"dateModified\":\"2025-06-23T08:04:51+00:00\",\"description\":\"Tableau de commande STV 100 PSM |\",\"breadcrumb\":{\"@id\":\"https:\/\/www.philippi-online.de\/fr\/produkt\/tableau-de-commande-stv-100-psm\/#breadcrumb\"},\"inLanguage\":\"fr-FR\",\"potentialAction\":[{\"@type\":\"ReadAction\",\"target\":[\"https:\/\/www.philippi-online.de\/fr\/produkt\/tableau-de-commande-stv-100-psm\/\"]}]},{\"@type\":\"ImageObject\",\"inLanguage\":\"fr-FR\",\"@id\":\"https:\/\/www.philippi-online.de\/fr\/produkt\/tableau-de-commande-stv-100-psm\/#primaryimage\",\"url\":\"https:\/\/www.philippi-online.de\/wp-content\/uploads\/philippi\/Stromverteilung\/020000101.png\",\"contentUrl\":\"https:\/\/www.philippi-online.de\/wp-content\/uploads\/philippi\/Stromverteilung\/020000101.png\",\"width\":700,\"height\":800,\"caption\":\"Philippi System Monitor; Icons: Battery, Tank, Energy, AC, Main switch, Setup\"},{\"@type\":\"BreadcrumbList\",\"@id\":\"https:\/\/www.philippi-online.de\/fr\/produkt\/tableau-de-commande-stv-100-psm\/#breadcrumb\",\"itemListElement\":[{\"@type\":\"ListItem\",\"position\":1,\"name\":\"Accueil\",\"item\":\"https:\/\/www.philippi-online.de\/fr\/\"},{\"@type\":\"ListItem\",\"position\":2,\"name\":\"Boutique\",\"item\":\"https:\/\/www.philippi-online.de\/fr\/boutique\/\"},{\"@type\":\"ListItem\",\"position\":3,\"name\":\"Tableau de commande STV 100 PSM\"}]},{\"@type\":\"WebSite\",\"@id\":\"https:\/\/www.philippi-online.de\/fr\/#website\",\"url\":\"https:\/\/www.philippi-online.de\/fr\/\",\"name\":\"philippi elektrische systeme GmbH\",\"description\":\"\",\"potentialAction\":[{\"@type\":\"SearchAction\",\"target\":{\"@type\":\"EntryPoint\",\"urlTemplate\":\"https:\/\/www.philippi-online.de\/fr\/?s={search_term_string}\"},\"query-input\":{\"@type\":\"PropertyValueSpecification\",\"valueRequired\":true,\"valueName\":\"search_term_string\"}}],\"inLanguage\":\"fr-FR\"}]}<\/script>\n<!-- \/ Yoast SEO plugin. -->","yoast_head_json":{"title":"Tableau de commande STV 100 PSM | philippi elektrische systeme GmbH %","description":"Tableau de commande STV 100 PSM |","robots":{"index":"index","follow":"follow","max-snippet":"max-snippet:-1","max-image-preview":"max-image-preview:large","max-video-preview":"max-video-preview:-1"},"canonical":"https:\/\/www.philippi-online.de\/fr\/produkt\/tableau-de-commande-stv-100-psm\/","og_locale":"fr_FR","og_type":"article","og_title":"Tableau de commande STV 100 PSM | philippi elektrische systeme GmbH %","og_description":"Tableau de commande STV 100 PSM |","og_url":"https:\/\/www.philippi-online.de\/fr\/produkt\/tableau-de-commande-stv-100-psm\/","og_site_name":"philippi elektrische systeme GmbH","article_modified_time":"2025-06-23T08:04:51+00:00","og_image":[{"width":700,"height":800,"url":"https:\/\/www.philippi-online.de\/wp-content\/uploads\/philippi\/Stromverteilung\/020000101.png","type":"image\/png"}],"twitter_card":"summary_large_image","twitter_misc":{"Dur\u00e9e de lecture estim\u00e9e":"1 minute"},"schema":{"@context":"https:\/\/schema.org","@graph":[{"@type":"WebPage","@id":"https:\/\/www.philippi-online.de\/fr\/produkt\/tableau-de-commande-stv-100-psm\/","url":"https:\/\/www.philippi-online.de\/fr\/produkt\/tableau-de-commande-stv-100-psm\/","name":"Tableau de commande STV 100 PSM | philippi elektrische systeme GmbH %","isPartOf":{"@id":"https:\/\/www.philippi-online.de\/fr\/#website"},"primaryImageOfPage":{"@id":"https:\/\/www.philippi-online.de\/fr\/produkt\/tableau-de-commande-stv-100-psm\/#primaryimage"},"image":{"@id":"https:\/\/www.philippi-online.de\/fr\/produkt\/tableau-de-commande-stv-100-psm\/#primaryimage"},"thumbnailUrl":"https:\/\/www.philippi-online.de\/wp-content\/uploads\/philippi\/Stromverteilung\/020000101.png","datePublished":"2021-07-13T09:23:24+00:00","dateModified":"2025-06-23T08:04:51+00:00","description":"Tableau de commande STV 100 PSM |","breadcrumb":{"@id":"https:\/\/www.philippi-online.de\/fr\/produkt\/tableau-de-commande-stv-100-psm\/#breadcrumb"},"inLanguage":"fr-FR","potentialAction":[{"@type":"ReadAction","target":["https:\/\/www.philippi-online.de\/fr\/produkt\/tableau-de-commande-stv-100-psm\/"]}]},{"@type":"ImageObject","inLanguage":"fr-FR","@id":"https:\/\/www.philippi-online.de\/fr\/produkt\/tableau-de-commande-stv-100-psm\/#primaryimage","url":"https:\/\/www.philippi-online.de\/wp-content\/uploads\/philippi\/Stromverteilung\/020000101.png","contentUrl":"https:\/\/www.philippi-online.de\/wp-content\/uploads\/philippi\/Stromverteilung\/020000101.png","width":700,"height":800,"caption":"Philippi System Monitor; Icons: Battery, Tank, Energy, AC, Main switch, Setup"},{"@type":"BreadcrumbList","@id":"https:\/\/www.philippi-online.de\/fr\/produkt\/tableau-de-commande-stv-100-psm\/#breadcrumb","itemListElement":[{"@type":"ListItem","position":1,"name":"Accueil","item":"https:\/\/www.philippi-online.de\/fr\/"},{"@type":"ListItem","position":2,"name":"Boutique","item":"https:\/\/www.philippi-online.de\/fr\/boutique\/"},{"@type":"ListItem","position":3,"name":"Tableau de commande STV 100 PSM"}]},{"@type":"WebSite","@id":"https:\/\/www.philippi-online.de\/fr\/#website","url":"https:\/\/www.philippi-online.de\/fr\/","name":"philippi elektrische systeme GmbH","description":"","potentialAction":[{"@type":"SearchAction","target":{"@type":"EntryPoint","urlTemplate":"https:\/\/www.philippi-online.de\/fr\/?s={search_term_string}"},"query-input":{"@type":"PropertyValueSpecification","valueRequired":true,"valueName":"search_term_string"}}],"inLanguage":"fr-FR"}]}},"df_price":389,"df_sale_price":"","df_regular_price":389,"df_image_link":"https:\/\/www.philippi-online.de\/wp-content\/uploads\/philippi\/Stromverteilung\/020000101-263x300.png","_links":{"self":[{"href":"https:\/\/www.philippi-online.de\/fr\/wp-json\/wp\/v2\/product\/38092","targetHints":{"allow":["GET"]}}],"collection":[{"href":"https:\/\/www.philippi-online.de\/fr\/wp-json\/wp\/v2\/product"}],"about":[{"href":"https:\/\/www.philippi-online.de\/fr\/wp-json\/wp\/v2\/types\/product"}],"replies":[{"embeddable":true,"href":"https:\/\/www.philippi-online.de\/fr\/wp-json\/wp\/v2\/comments?post=38092"}],"version-history":[{"count":3,"href":"https:\/\/www.philippi-online.de\/fr\/wp-json\/wp\/v2\/product\/38092\/revisions"}],"predecessor-version":[{"id":71519,"href":"https:\/\/www.philippi-online.de\/fr\/wp-json\/wp\/v2\/product\/38092\/revisions\/71519"}],"wp:featuredmedia":[{"embeddable":true,"href":"https:\/\/www.philippi-online.de\/fr\/wp-json\/wp\/v2\/media\/22608"}],"wp:attachment":[{"href":"https:\/\/www.philippi-online.de\/fr\/wp-json\/wp\/v2\/media?parent=38092"}],"wp:term":[{"taxonomy":"product_brand","embeddable":true,"href":"https:\/\/www.philippi-online.de\/fr\/wp-json\/wp\/v2\/product_brand?post=38092"},{"taxonomy":"product_cat","embeddable":true,"href":"https:\/\/www.philippi-online.de\/fr\/wp-json\/wp\/v2\/product_cat?post=38092"},{"taxonomy":"product_tag","embeddable":true,"href":"https:\/\/www.philippi-online.de\/fr\/wp-json\/wp\/v2\/product_tag?post=38092"}],"curies":[{"name":"wp","href":"https:\/\/api.w.org\/{rel}","templated":true}]}}