{"id":38057,"date":"2021-07-13T11:24:07","date_gmt":"2021-07-13T09:24:07","guid":{"rendered":"https:\/\/staging.philippi-online.de\/produkt\/nav-230\/"},"modified":"2023-01-25T11:12:09","modified_gmt":"2023-01-25T10:12:09","slug":"nav-230","status":"publish","type":"product","link":"https:\/\/www.philippi-online.de\/fr\/produkt\/nav-230\/","title":{"rendered":"NAV 230"},"content":{"rendered":"<p>. 30 pcs. Circuits \u00e9lectriques bipolaires avec disjoncteurs thermiques standard 20x10A , 8x16A , 2x20A<br \/>\n. \u00c9cran tactile PCM &#8211; PBUS<br \/>\n. Surveillance des d\u00e9fauts de terre<br \/>\n. Prise de charge USB<br \/>\n. Faisceau de c\u00e2bles de 1 m\u00e8tre vers le bornier du circuit imprim\u00e9<br \/>\n. Bornier pour circuit imprim\u00e9 avec bornes \u00e0 vis de 2,5 mm2<br \/>\n. Raccordement au r\u00e9seau avec possibilit\u00e9 de montage d&rsquo;un fusible et d&rsquo;un shunt<br \/>\n. L 315 x H 440 x P 110 mm<\/p>\n","protected":false},"excerpt":{"rendered":"<p>30x circuits \u00e9lectriques \u00e0 2 p\u00f4les<br \/>\nAffichage tactile PCM &#8211; PBUS<br \/>\nSurveillance des d\u00e9fauts de terre<br \/>\nPrise de charge USB<\/p>\n","protected":false},"featured_media":24862,"comment_status":"closed","ping_status":"closed","template":"","meta":{"_acf_changed":false,"_monsterinsights_skip_tracking":false,"_monsterinsights_sitenote_active":false,"_monsterinsights_sitenote_note":"","_monsterinsights_sitenote_category":0},"product_brand":[],"product_cat":[3107,3108],"product_tag":[],"class_list":{"0":"post-38057","1":"product","2":"type-product","3":"status-publish","4":"has-post-thumbnail","6":"product_cat-navigation-professionnelle","7":"product_cat-tableaux","8":"pa_marken-philippi-fr","10":"first","11":"instock","12":"taxable","13":"shipping-taxable","14":"purchasable","15":"product-type-simple"},"acf":[],"yoast_head":"<!-- This site is optimized with the Yoast SEO plugin v27.1.1 - https:\/\/yoast.com\/product\/yoast-seo-wordpress\/ -->\n<title>NAV 230 | philippi elektrische systeme GmbH %<\/title>\n<meta name=\"description\" content=\"NAV 230 |\" \/>\n<meta name=\"robots\" content=\"index, follow, max-snippet:-1, max-image-preview:large, max-video-preview:-1\" \/>\n<link rel=\"canonical\" href=\"https:\/\/www.philippi-online.de\/fr\/produkt\/nav-230\/\" \/>\n<meta property=\"og:locale\" content=\"fr_FR\" \/>\n<meta property=\"og:type\" content=\"article\" \/>\n<meta property=\"og:title\" content=\"NAV 230 | philippi elektrische systeme GmbH %\" \/>\n<meta property=\"og:description\" content=\"NAV 230 |\" \/>\n<meta property=\"og:url\" content=\"https:\/\/www.philippi-online.de\/fr\/produkt\/nav-230\/\" \/>\n<meta property=\"og:site_name\" content=\"philippi elektrische systeme GmbH\" \/>\n<meta property=\"article:modified_time\" content=\"2023-01-25T10:12:09+00:00\" \/>\n<meta property=\"og:image\" content=\"https:\/\/www.philippi-online.de\/wp-content\/uploads\/philippi\/Bordueberwachung\/030150010.png\" \/>\n\t<meta property=\"og:image:width\" content=\"700\" \/>\n\t<meta property=\"og:image:height\" content=\"800\" \/>\n\t<meta property=\"og:image:type\" content=\"image\/png\" \/>\n<meta name=\"twitter:card\" content=\"summary_large_image\" \/>\n<script type=\"application\/ld+json\" class=\"yoast-schema-graph\">{\"@context\":\"https:\/\/schema.org\",\"@graph\":[{\"@type\":\"WebPage\",\"@id\":\"https:\/\/www.philippi-online.de\/fr\/produkt\/nav-230\/\",\"url\":\"https:\/\/www.philippi-online.de\/fr\/produkt\/nav-230\/\",\"name\":\"NAV 230 | philippi elektrische systeme GmbH %\",\"isPartOf\":{\"@id\":\"https:\/\/www.philippi-online.de\/fr\/#website\"},\"primaryImageOfPage\":{\"@id\":\"https:\/\/www.philippi-online.de\/fr\/produkt\/nav-230\/#primaryimage\"},\"image\":{\"@id\":\"https:\/\/www.philippi-online.de\/fr\/produkt\/nav-230\/#primaryimage\"},\"thumbnailUrl\":\"https:\/\/www.philippi-online.de\/wp-content\/uploads\/philippi\/Bordueberwachung\/030150010.png\",\"datePublished\":\"2021-07-13T09:24:07+00:00\",\"dateModified\":\"2023-01-25T10:12:09+00:00\",\"description\":\"NAV 230 |\",\"breadcrumb\":{\"@id\":\"https:\/\/www.philippi-online.de\/fr\/produkt\/nav-230\/#breadcrumb\"},\"inLanguage\":\"fr-FR\",\"potentialAction\":[{\"@type\":\"ReadAction\",\"target\":[\"https:\/\/www.philippi-online.de\/fr\/produkt\/nav-230\/\"]}]},{\"@type\":\"ImageObject\",\"inLanguage\":\"fr-FR\",\"@id\":\"https:\/\/www.philippi-online.de\/fr\/produkt\/nav-230\/#primaryimage\",\"url\":\"https:\/\/www.philippi-online.de\/wp-content\/uploads\/philippi\/Bordueberwachung\/030150010.png\",\"contentUrl\":\"https:\/\/www.philippi-online.de\/wp-content\/uploads\/philippi\/Bordueberwachung\/030150010.png\",\"width\":700,\"height\":800},{\"@type\":\"BreadcrumbList\",\"@id\":\"https:\/\/www.philippi-online.de\/fr\/produkt\/nav-230\/#breadcrumb\",\"itemListElement\":[{\"@type\":\"ListItem\",\"position\":1,\"name\":\"Accueil\",\"item\":\"https:\/\/www.philippi-online.de\/fr\/\"},{\"@type\":\"ListItem\",\"position\":2,\"name\":\"Boutique\",\"item\":\"https:\/\/www.philippi-online.de\/fr\/boutique\/\"},{\"@type\":\"ListItem\",\"position\":3,\"name\":\"NAV 230\"}]},{\"@type\":\"WebSite\",\"@id\":\"https:\/\/www.philippi-online.de\/fr\/#website\",\"url\":\"https:\/\/www.philippi-online.de\/fr\/\",\"name\":\"philippi elektrische systeme GmbH\",\"description\":\"\",\"potentialAction\":[{\"@type\":\"SearchAction\",\"target\":{\"@type\":\"EntryPoint\",\"urlTemplate\":\"https:\/\/www.philippi-online.de\/fr\/?s={search_term_string}\"},\"query-input\":{\"@type\":\"PropertyValueSpecification\",\"valueRequired\":true,\"valueName\":\"search_term_string\"}}],\"inLanguage\":\"fr-FR\"}]}<\/script>\n<!-- \/ Yoast SEO plugin. -->","yoast_head_json":{"title":"NAV 230 | philippi elektrische systeme GmbH %","description":"NAV 230 |","robots":{"index":"index","follow":"follow","max-snippet":"max-snippet:-1","max-image-preview":"max-image-preview:large","max-video-preview":"max-video-preview:-1"},"canonical":"https:\/\/www.philippi-online.de\/fr\/produkt\/nav-230\/","og_locale":"fr_FR","og_type":"article","og_title":"NAV 230 | philippi elektrische systeme GmbH %","og_description":"NAV 230 |","og_url":"https:\/\/www.philippi-online.de\/fr\/produkt\/nav-230\/","og_site_name":"philippi elektrische systeme GmbH","article_modified_time":"2023-01-25T10:12:09+00:00","og_image":[{"width":700,"height":800,"url":"https:\/\/www.philippi-online.de\/wp-content\/uploads\/philippi\/Bordueberwachung\/030150010.png","type":"image\/png"}],"twitter_card":"summary_large_image","schema":{"@context":"https:\/\/schema.org","@graph":[{"@type":"WebPage","@id":"https:\/\/www.philippi-online.de\/fr\/produkt\/nav-230\/","url":"https:\/\/www.philippi-online.de\/fr\/produkt\/nav-230\/","name":"NAV 230 | philippi elektrische systeme GmbH %","isPartOf":{"@id":"https:\/\/www.philippi-online.de\/fr\/#website"},"primaryImageOfPage":{"@id":"https:\/\/www.philippi-online.de\/fr\/produkt\/nav-230\/#primaryimage"},"image":{"@id":"https:\/\/www.philippi-online.de\/fr\/produkt\/nav-230\/#primaryimage"},"thumbnailUrl":"https:\/\/www.philippi-online.de\/wp-content\/uploads\/philippi\/Bordueberwachung\/030150010.png","datePublished":"2021-07-13T09:24:07+00:00","dateModified":"2023-01-25T10:12:09+00:00","description":"NAV 230 |","breadcrumb":{"@id":"https:\/\/www.philippi-online.de\/fr\/produkt\/nav-230\/#breadcrumb"},"inLanguage":"fr-FR","potentialAction":[{"@type":"ReadAction","target":["https:\/\/www.philippi-online.de\/fr\/produkt\/nav-230\/"]}]},{"@type":"ImageObject","inLanguage":"fr-FR","@id":"https:\/\/www.philippi-online.de\/fr\/produkt\/nav-230\/#primaryimage","url":"https:\/\/www.philippi-online.de\/wp-content\/uploads\/philippi\/Bordueberwachung\/030150010.png","contentUrl":"https:\/\/www.philippi-online.de\/wp-content\/uploads\/philippi\/Bordueberwachung\/030150010.png","width":700,"height":800},{"@type":"BreadcrumbList","@id":"https:\/\/www.philippi-online.de\/fr\/produkt\/nav-230\/#breadcrumb","itemListElement":[{"@type":"ListItem","position":1,"name":"Accueil","item":"https:\/\/www.philippi-online.de\/fr\/"},{"@type":"ListItem","position":2,"name":"Boutique","item":"https:\/\/www.philippi-online.de\/fr\/boutique\/"},{"@type":"ListItem","position":3,"name":"NAV 230"}]},{"@type":"WebSite","@id":"https:\/\/www.philippi-online.de\/fr\/#website","url":"https:\/\/www.philippi-online.de\/fr\/","name":"philippi elektrische systeme GmbH","description":"","potentialAction":[{"@type":"SearchAction","target":{"@type":"EntryPoint","urlTemplate":"https:\/\/www.philippi-online.de\/fr\/?s={search_term_string}"},"query-input":{"@type":"PropertyValueSpecification","valueRequired":true,"valueName":"search_term_string"}}],"inLanguage":"fr-FR"}]}},"df_price":2249,"df_sale_price":"","df_regular_price":2249,"df_image_link":"https:\/\/www.philippi-online.de\/wp-content\/uploads\/philippi\/Bordueberwachung\/030150010-263x300.png","_links":{"self":[{"href":"https:\/\/www.philippi-online.de\/fr\/wp-json\/wp\/v2\/product\/38057","targetHints":{"allow":["GET"]}}],"collection":[{"href":"https:\/\/www.philippi-online.de\/fr\/wp-json\/wp\/v2\/product"}],"about":[{"href":"https:\/\/www.philippi-online.de\/fr\/wp-json\/wp\/v2\/types\/product"}],"replies":[{"embeddable":true,"href":"https:\/\/www.philippi-online.de\/fr\/wp-json\/wp\/v2\/comments?post=38057"}],"version-history":[{"count":0,"href":"https:\/\/www.philippi-online.de\/fr\/wp-json\/wp\/v2\/product\/38057\/revisions"}],"wp:featuredmedia":[{"embeddable":true,"href":"https:\/\/www.philippi-online.de\/fr\/wp-json\/wp\/v2\/media\/24862"}],"wp:attachment":[{"href":"https:\/\/www.philippi-online.de\/fr\/wp-json\/wp\/v2\/media?parent=38057"}],"wp:term":[{"taxonomy":"product_brand","embeddable":true,"href":"https:\/\/www.philippi-online.de\/fr\/wp-json\/wp\/v2\/product_brand?post=38057"},{"taxonomy":"product_cat","embeddable":true,"href":"https:\/\/www.philippi-online.de\/fr\/wp-json\/wp\/v2\/product_cat?post=38057"},{"taxonomy":"product_tag","embeddable":true,"href":"https:\/\/www.philippi-online.de\/fr\/wp-json\/wp\/v2\/product_tag?post=38057"}],"curies":[{"name":"wp","href":"https:\/\/api.w.org\/{rel}","templated":true}]}}