{"id":38056,"date":"2021-07-13T11:24:08","date_gmt":"2021-07-13T09:24:08","guid":{"rendered":"https:\/\/staging.philippi-online.de\/produkt\/tableau-de-commande-nav-212\/"},"modified":"2023-01-25T11:12:09","modified_gmt":"2023-01-25T10:12:09","slug":"tableau-de-commande-nav-212","status":"publish","type":"product","link":"https:\/\/www.philippi-online.de\/fr\/produkt\/tableau-de-commande-nav-212\/","title":{"rendered":"Tableau de commande NAV 212"},"content":{"rendered":"<p>Pour l&rsquo;installation d&rsquo;une r\u00e9gulation individuelle des feux de navigation, avec \u00e9lectronique s\u00e9par\u00e9e, y compris une alarme<\/p>\n<p>. 12 pcs. Circuits \u00e9lectriques bipolaires avec disjoncteurs thermiques<\/p>\n<p>. 12 commandes individuelles de feux de navigation<\/p>\n<p>. Interrupteurs pour 2 syst\u00e8mes de batteries<\/p>\n<p>. Variateur LED \/ Alarme de r\u00e9initialisation et commande LED<\/p>\n<p>. Faisceau de c\u00e2bles de 1 m\u00e8tre entre la carte et le bornier du circuit imprim\u00e9<\/p>\n<p>. Bornier pour circuit imprim\u00e9 avec borne \u00e0 vis de 2,5 mm2<\/p>\n<p>. Sortie pour alarme externe<\/p>\n<p>. L 315 X H 230 X P 110 mm<\/p>\n","protected":false},"excerpt":{"rendered":"<p>12x circuits \u00e9lectriques \u00e0 2 p\u00f4les<br \/>\n12 commandes de feux de navigation<br \/>\nInterrupteur pour 2 syst\u00e8mes de batteries<br \/>\nVariateur LED \/ Alarme de r\u00e9initialisation et commande LED<\/p>\n","protected":false},"featured_media":24864,"comment_status":"closed","ping_status":"closed","template":"","meta":{"_acf_changed":false,"_monsterinsights_skip_tracking":false,"_monsterinsights_sitenote_active":false,"_monsterinsights_sitenote_note":"","_monsterinsights_sitenote_category":0},"product_brand":[],"product_cat":[3107,3108],"product_tag":[],"class_list":{"0":"post-38056","1":"product","2":"type-product","3":"status-publish","4":"has-post-thumbnail","6":"product_cat-navigation-professionnelle","7":"product_cat-tableaux","8":"pa_marken-philippi-fr","10":"first","11":"instock","12":"taxable","13":"shipping-taxable","14":"purchasable","15":"product-type-simple"},"acf":[],"yoast_head":"<!-- This site is optimized with the Yoast SEO plugin v27.1.1 - https:\/\/yoast.com\/product\/yoast-seo-wordpress\/ -->\n<title>Tableau de commande NAV 212 | philippi elektrische systeme GmbH %<\/title>\n<meta name=\"description\" content=\"Tableau de commande NAV 212 |\" \/>\n<meta name=\"robots\" content=\"index, follow, max-snippet:-1, max-image-preview:large, max-video-preview:-1\" \/>\n<link rel=\"canonical\" href=\"https:\/\/www.philippi-online.de\/fr\/produkt\/tableau-de-commande-nav-212\/\" \/>\n<meta property=\"og:locale\" content=\"fr_FR\" \/>\n<meta property=\"og:type\" content=\"article\" \/>\n<meta property=\"og:title\" content=\"Tableau de commande NAV 212 | philippi elektrische systeme GmbH %\" \/>\n<meta property=\"og:description\" content=\"Tableau de commande NAV 212 |\" \/>\n<meta property=\"og:url\" content=\"https:\/\/www.philippi-online.de\/fr\/produkt\/tableau-de-commande-nav-212\/\" \/>\n<meta property=\"og:site_name\" content=\"philippi elektrische systeme GmbH\" \/>\n<meta property=\"article:modified_time\" content=\"2023-01-25T10:12:09+00:00\" \/>\n<meta property=\"og:image\" content=\"https:\/\/www.philippi-online.de\/wp-content\/uploads\/philippi\/Bordueberwachung\/030150011.png\" \/>\n\t<meta property=\"og:image:width\" content=\"700\" \/>\n\t<meta property=\"og:image:height\" content=\"800\" \/>\n\t<meta property=\"og:image:type\" content=\"image\/png\" \/>\n<meta name=\"twitter:card\" content=\"summary_large_image\" \/>\n<script type=\"application\/ld+json\" class=\"yoast-schema-graph\">{\"@context\":\"https:\/\/schema.org\",\"@graph\":[{\"@type\":\"WebPage\",\"@id\":\"https:\/\/www.philippi-online.de\/fr\/produkt\/tableau-de-commande-nav-212\/\",\"url\":\"https:\/\/www.philippi-online.de\/fr\/produkt\/tableau-de-commande-nav-212\/\",\"name\":\"Tableau de commande NAV 212 | philippi elektrische systeme GmbH %\",\"isPartOf\":{\"@id\":\"https:\/\/www.philippi-online.de\/fr\/#website\"},\"primaryImageOfPage\":{\"@id\":\"https:\/\/www.philippi-online.de\/fr\/produkt\/tableau-de-commande-nav-212\/#primaryimage\"},\"image\":{\"@id\":\"https:\/\/www.philippi-online.de\/fr\/produkt\/tableau-de-commande-nav-212\/#primaryimage\"},\"thumbnailUrl\":\"https:\/\/www.philippi-online.de\/wp-content\/uploads\/philippi\/Bordueberwachung\/030150011.png\",\"datePublished\":\"2021-07-13T09:24:08+00:00\",\"dateModified\":\"2023-01-25T10:12:09+00:00\",\"description\":\"Tableau de commande NAV 212 |\",\"breadcrumb\":{\"@id\":\"https:\/\/www.philippi-online.de\/fr\/produkt\/tableau-de-commande-nav-212\/#breadcrumb\"},\"inLanguage\":\"fr-FR\",\"potentialAction\":[{\"@type\":\"ReadAction\",\"target\":[\"https:\/\/www.philippi-online.de\/fr\/produkt\/tableau-de-commande-nav-212\/\"]}]},{\"@type\":\"ImageObject\",\"inLanguage\":\"fr-FR\",\"@id\":\"https:\/\/www.philippi-online.de\/fr\/produkt\/tableau-de-commande-nav-212\/#primaryimage\",\"url\":\"https:\/\/www.philippi-online.de\/wp-content\/uploads\/philippi\/Bordueberwachung\/030150011.png\",\"contentUrl\":\"https:\/\/www.philippi-online.de\/wp-content\/uploads\/philippi\/Bordueberwachung\/030150011.png\",\"width\":700,\"height\":800},{\"@type\":\"BreadcrumbList\",\"@id\":\"https:\/\/www.philippi-online.de\/fr\/produkt\/tableau-de-commande-nav-212\/#breadcrumb\",\"itemListElement\":[{\"@type\":\"ListItem\",\"position\":1,\"name\":\"Accueil\",\"item\":\"https:\/\/www.philippi-online.de\/fr\/\"},{\"@type\":\"ListItem\",\"position\":2,\"name\":\"Boutique\",\"item\":\"https:\/\/www.philippi-online.de\/fr\/boutique\/\"},{\"@type\":\"ListItem\",\"position\":3,\"name\":\"Tableau de commande NAV 212\"}]},{\"@type\":\"WebSite\",\"@id\":\"https:\/\/www.philippi-online.de\/fr\/#website\",\"url\":\"https:\/\/www.philippi-online.de\/fr\/\",\"name\":\"philippi elektrische systeme GmbH\",\"description\":\"\",\"potentialAction\":[{\"@type\":\"SearchAction\",\"target\":{\"@type\":\"EntryPoint\",\"urlTemplate\":\"https:\/\/www.philippi-online.de\/fr\/?s={search_term_string}\"},\"query-input\":{\"@type\":\"PropertyValueSpecification\",\"valueRequired\":true,\"valueName\":\"search_term_string\"}}],\"inLanguage\":\"fr-FR\"}]}<\/script>\n<!-- \/ Yoast SEO plugin. -->","yoast_head_json":{"title":"Tableau de commande NAV 212 | philippi elektrische systeme GmbH %","description":"Tableau de commande NAV 212 |","robots":{"index":"index","follow":"follow","max-snippet":"max-snippet:-1","max-image-preview":"max-image-preview:large","max-video-preview":"max-video-preview:-1"},"canonical":"https:\/\/www.philippi-online.de\/fr\/produkt\/tableau-de-commande-nav-212\/","og_locale":"fr_FR","og_type":"article","og_title":"Tableau de commande NAV 212 | philippi elektrische systeme GmbH %","og_description":"Tableau de commande NAV 212 |","og_url":"https:\/\/www.philippi-online.de\/fr\/produkt\/tableau-de-commande-nav-212\/","og_site_name":"philippi elektrische systeme GmbH","article_modified_time":"2023-01-25T10:12:09+00:00","og_image":[{"width":700,"height":800,"url":"https:\/\/www.philippi-online.de\/wp-content\/uploads\/philippi\/Bordueberwachung\/030150011.png","type":"image\/png"}],"twitter_card":"summary_large_image","schema":{"@context":"https:\/\/schema.org","@graph":[{"@type":"WebPage","@id":"https:\/\/www.philippi-online.de\/fr\/produkt\/tableau-de-commande-nav-212\/","url":"https:\/\/www.philippi-online.de\/fr\/produkt\/tableau-de-commande-nav-212\/","name":"Tableau de commande NAV 212 | philippi elektrische systeme GmbH %","isPartOf":{"@id":"https:\/\/www.philippi-online.de\/fr\/#website"},"primaryImageOfPage":{"@id":"https:\/\/www.philippi-online.de\/fr\/produkt\/tableau-de-commande-nav-212\/#primaryimage"},"image":{"@id":"https:\/\/www.philippi-online.de\/fr\/produkt\/tableau-de-commande-nav-212\/#primaryimage"},"thumbnailUrl":"https:\/\/www.philippi-online.de\/wp-content\/uploads\/philippi\/Bordueberwachung\/030150011.png","datePublished":"2021-07-13T09:24:08+00:00","dateModified":"2023-01-25T10:12:09+00:00","description":"Tableau de commande NAV 212 |","breadcrumb":{"@id":"https:\/\/www.philippi-online.de\/fr\/produkt\/tableau-de-commande-nav-212\/#breadcrumb"},"inLanguage":"fr-FR","potentialAction":[{"@type":"ReadAction","target":["https:\/\/www.philippi-online.de\/fr\/produkt\/tableau-de-commande-nav-212\/"]}]},{"@type":"ImageObject","inLanguage":"fr-FR","@id":"https:\/\/www.philippi-online.de\/fr\/produkt\/tableau-de-commande-nav-212\/#primaryimage","url":"https:\/\/www.philippi-online.de\/wp-content\/uploads\/philippi\/Bordueberwachung\/030150011.png","contentUrl":"https:\/\/www.philippi-online.de\/wp-content\/uploads\/philippi\/Bordueberwachung\/030150011.png","width":700,"height":800},{"@type":"BreadcrumbList","@id":"https:\/\/www.philippi-online.de\/fr\/produkt\/tableau-de-commande-nav-212\/#breadcrumb","itemListElement":[{"@type":"ListItem","position":1,"name":"Accueil","item":"https:\/\/www.philippi-online.de\/fr\/"},{"@type":"ListItem","position":2,"name":"Boutique","item":"https:\/\/www.philippi-online.de\/fr\/boutique\/"},{"@type":"ListItem","position":3,"name":"Tableau de commande NAV 212"}]},{"@type":"WebSite","@id":"https:\/\/www.philippi-online.de\/fr\/#website","url":"https:\/\/www.philippi-online.de\/fr\/","name":"philippi elektrische systeme GmbH","description":"","potentialAction":[{"@type":"SearchAction","target":{"@type":"EntryPoint","urlTemplate":"https:\/\/www.philippi-online.de\/fr\/?s={search_term_string}"},"query-input":{"@type":"PropertyValueSpecification","valueRequired":true,"valueName":"search_term_string"}}],"inLanguage":"fr-FR"}]}},"df_price":2149,"df_sale_price":"","df_regular_price":2149,"df_image_link":"https:\/\/www.philippi-online.de\/wp-content\/uploads\/philippi\/Bordueberwachung\/030150011-263x300.png","_links":{"self":[{"href":"https:\/\/www.philippi-online.de\/fr\/wp-json\/wp\/v2\/product\/38056","targetHints":{"allow":["GET"]}}],"collection":[{"href":"https:\/\/www.philippi-online.de\/fr\/wp-json\/wp\/v2\/product"}],"about":[{"href":"https:\/\/www.philippi-online.de\/fr\/wp-json\/wp\/v2\/types\/product"}],"replies":[{"embeddable":true,"href":"https:\/\/www.philippi-online.de\/fr\/wp-json\/wp\/v2\/comments?post=38056"}],"version-history":[{"count":0,"href":"https:\/\/www.philippi-online.de\/fr\/wp-json\/wp\/v2\/product\/38056\/revisions"}],"wp:featuredmedia":[{"embeddable":true,"href":"https:\/\/www.philippi-online.de\/fr\/wp-json\/wp\/v2\/media\/24864"}],"wp:attachment":[{"href":"https:\/\/www.philippi-online.de\/fr\/wp-json\/wp\/v2\/media?parent=38056"}],"wp:term":[{"taxonomy":"product_brand","embeddable":true,"href":"https:\/\/www.philippi-online.de\/fr\/wp-json\/wp\/v2\/product_brand?post=38056"},{"taxonomy":"product_cat","embeddable":true,"href":"https:\/\/www.philippi-online.de\/fr\/wp-json\/wp\/v2\/product_cat?post=38056"},{"taxonomy":"product_tag","embeddable":true,"href":"https:\/\/www.philippi-online.de\/fr\/wp-json\/wp\/v2\/product_tag?post=38056"}],"curies":[{"name":"wp","href":"https:\/\/api.w.org\/{rel}","templated":true}]}}