{"id":38035,"date":"2021-07-13T11:24:10","date_gmt":"2021-07-13T09:24:10","guid":{"rendered":"https:\/\/staging.philippi-online.de\/produkt\/tableau-de-commande-nav-206\/"},"modified":"2023-01-25T11:12:08","modified_gmt":"2023-01-25T10:12:08","slug":"tableau-de-commande-nav-206","status":"publish","type":"product","link":"https:\/\/www.philippi-online.de\/fr\/produkt\/tableau-de-commande-nav-206\/","title":{"rendered":"Tableau de commande NAV 206"},"content":{"rendered":"<p>. 6 pces Circuits \u00e9lectriques bipolaires avec disjoncteurs thermiques<\/p>\n<p>. 6 feux de navigation individuels contol<\/p>\n<p>. Interrupteur pour 2 syst\u00e8mes de batteries<br \/>\n. Variateur LED \/ Alarme de r\u00e9initialisation et contr\u00f4le LED<\/p>\n<p>. 1 m\u00e8tre de faisceau de c\u00e2bles vers les connexions de la platine<\/p>\n<p>. Sortie pour alarme externe<\/p>\n<p>. L 220 X H 230 X P 110 mm<\/p>\n","protected":false},"excerpt":{"rendered":"<p>6 x circuits \u00e9lectriques \u00e0 2 p\u00f4les<br \/>\n6 feux de navigation contol<br \/>\nInterrupteur pour 2 syst\u00e8mes de batteries<br \/>\nVariateur LED \/ Alarme de r\u00e9initialisation et contr\u00f4le LED<\/p>\n","protected":false},"featured_media":24878,"comment_status":"closed","ping_status":"closed","template":"","meta":{"_acf_changed":false,"_monsterinsights_skip_tracking":false,"_monsterinsights_sitenote_active":false,"_monsterinsights_sitenote_note":"","_monsterinsights_sitenote_category":0},"product_brand":[],"product_cat":[3107,3108],"product_tag":[],"class_list":{"0":"post-38035","1":"product","2":"type-product","3":"status-publish","4":"has-post-thumbnail","6":"product_cat-navigation-professionnelle","7":"product_cat-tableaux","8":"pa_marken-philippi-fr","10":"first","11":"instock","12":"taxable","13":"shipping-taxable","14":"purchasable","15":"product-type-simple"},"acf":[],"yoast_head":"<!-- This site is optimized with the Yoast SEO plugin v27.1.1 - https:\/\/yoast.com\/product\/yoast-seo-wordpress\/ -->\n<title>Tableau de commande NAV 206 | philippi elektrische systeme GmbH %<\/title>\n<meta name=\"description\" content=\"Tableau de commande NAV 206 |\" \/>\n<meta name=\"robots\" content=\"index, follow, max-snippet:-1, max-image-preview:large, max-video-preview:-1\" \/>\n<link rel=\"canonical\" href=\"https:\/\/www.philippi-online.de\/fr\/produkt\/tableau-de-commande-nav-206\/\" \/>\n<meta property=\"og:locale\" content=\"fr_FR\" \/>\n<meta property=\"og:type\" content=\"article\" \/>\n<meta property=\"og:title\" content=\"Tableau de commande NAV 206 | philippi elektrische systeme GmbH %\" \/>\n<meta property=\"og:description\" content=\"Tableau de commande NAV 206 |\" \/>\n<meta property=\"og:url\" content=\"https:\/\/www.philippi-online.de\/fr\/produkt\/tableau-de-commande-nav-206\/\" \/>\n<meta property=\"og:site_name\" content=\"philippi elektrische systeme GmbH\" \/>\n<meta property=\"article:modified_time\" content=\"2023-01-25T10:12:08+00:00\" \/>\n<meta property=\"og:image\" content=\"https:\/\/www.philippi-online.de\/wp-content\/uploads\/philippi\/Bordueberwachung\/030160004.png\" \/>\n\t<meta property=\"og:image:width\" content=\"700\" \/>\n\t<meta property=\"og:image:height\" content=\"800\" \/>\n\t<meta property=\"og:image:type\" content=\"image\/png\" \/>\n<meta name=\"twitter:card\" content=\"summary_large_image\" \/>\n<script type=\"application\/ld+json\" class=\"yoast-schema-graph\">{\"@context\":\"https:\/\/schema.org\",\"@graph\":[{\"@type\":\"WebPage\",\"@id\":\"https:\/\/www.philippi-online.de\/fr\/produkt\/tableau-de-commande-nav-206\/\",\"url\":\"https:\/\/www.philippi-online.de\/fr\/produkt\/tableau-de-commande-nav-206\/\",\"name\":\"Tableau de commande NAV 206 | philippi elektrische systeme GmbH %\",\"isPartOf\":{\"@id\":\"https:\/\/www.philippi-online.de\/fr\/#website\"},\"primaryImageOfPage\":{\"@id\":\"https:\/\/www.philippi-online.de\/fr\/produkt\/tableau-de-commande-nav-206\/#primaryimage\"},\"image\":{\"@id\":\"https:\/\/www.philippi-online.de\/fr\/produkt\/tableau-de-commande-nav-206\/#primaryimage\"},\"thumbnailUrl\":\"https:\/\/www.philippi-online.de\/wp-content\/uploads\/philippi\/Bordueberwachung\/030160004.png\",\"datePublished\":\"2021-07-13T09:24:10+00:00\",\"dateModified\":\"2023-01-25T10:12:08+00:00\",\"description\":\"Tableau de commande NAV 206 |\",\"breadcrumb\":{\"@id\":\"https:\/\/www.philippi-online.de\/fr\/produkt\/tableau-de-commande-nav-206\/#breadcrumb\"},\"inLanguage\":\"fr-FR\",\"potentialAction\":[{\"@type\":\"ReadAction\",\"target\":[\"https:\/\/www.philippi-online.de\/fr\/produkt\/tableau-de-commande-nav-206\/\"]}]},{\"@type\":\"ImageObject\",\"inLanguage\":\"fr-FR\",\"@id\":\"https:\/\/www.philippi-online.de\/fr\/produkt\/tableau-de-commande-nav-206\/#primaryimage\",\"url\":\"https:\/\/www.philippi-online.de\/wp-content\/uploads\/philippi\/Bordueberwachung\/030160004.png\",\"contentUrl\":\"https:\/\/www.philippi-online.de\/wp-content\/uploads\/philippi\/Bordueberwachung\/030160004.png\",\"width\":700,\"height\":800},{\"@type\":\"BreadcrumbList\",\"@id\":\"https:\/\/www.philippi-online.de\/fr\/produkt\/tableau-de-commande-nav-206\/#breadcrumb\",\"itemListElement\":[{\"@type\":\"ListItem\",\"position\":1,\"name\":\"Accueil\",\"item\":\"https:\/\/www.philippi-online.de\/fr\/\"},{\"@type\":\"ListItem\",\"position\":2,\"name\":\"Boutique\",\"item\":\"https:\/\/www.philippi-online.de\/fr\/boutique\/\"},{\"@type\":\"ListItem\",\"position\":3,\"name\":\"Tableau de commande NAV 206\"}]},{\"@type\":\"WebSite\",\"@id\":\"https:\/\/www.philippi-online.de\/fr\/#website\",\"url\":\"https:\/\/www.philippi-online.de\/fr\/\",\"name\":\"philippi elektrische systeme GmbH\",\"description\":\"\",\"potentialAction\":[{\"@type\":\"SearchAction\",\"target\":{\"@type\":\"EntryPoint\",\"urlTemplate\":\"https:\/\/www.philippi-online.de\/fr\/?s={search_term_string}\"},\"query-input\":{\"@type\":\"PropertyValueSpecification\",\"valueRequired\":true,\"valueName\":\"search_term_string\"}}],\"inLanguage\":\"fr-FR\"}]}<\/script>\n<!-- \/ Yoast SEO plugin. -->","yoast_head_json":{"title":"Tableau de commande NAV 206 | philippi elektrische systeme GmbH %","description":"Tableau de commande NAV 206 |","robots":{"index":"index","follow":"follow","max-snippet":"max-snippet:-1","max-image-preview":"max-image-preview:large","max-video-preview":"max-video-preview:-1"},"canonical":"https:\/\/www.philippi-online.de\/fr\/produkt\/tableau-de-commande-nav-206\/","og_locale":"fr_FR","og_type":"article","og_title":"Tableau de commande NAV 206 | philippi elektrische systeme GmbH %","og_description":"Tableau de commande NAV 206 |","og_url":"https:\/\/www.philippi-online.de\/fr\/produkt\/tableau-de-commande-nav-206\/","og_site_name":"philippi elektrische systeme GmbH","article_modified_time":"2023-01-25T10:12:08+00:00","og_image":[{"width":700,"height":800,"url":"https:\/\/www.philippi-online.de\/wp-content\/uploads\/philippi\/Bordueberwachung\/030160004.png","type":"image\/png"}],"twitter_card":"summary_large_image","schema":{"@context":"https:\/\/schema.org","@graph":[{"@type":"WebPage","@id":"https:\/\/www.philippi-online.de\/fr\/produkt\/tableau-de-commande-nav-206\/","url":"https:\/\/www.philippi-online.de\/fr\/produkt\/tableau-de-commande-nav-206\/","name":"Tableau de commande NAV 206 | philippi elektrische systeme GmbH %","isPartOf":{"@id":"https:\/\/www.philippi-online.de\/fr\/#website"},"primaryImageOfPage":{"@id":"https:\/\/www.philippi-online.de\/fr\/produkt\/tableau-de-commande-nav-206\/#primaryimage"},"image":{"@id":"https:\/\/www.philippi-online.de\/fr\/produkt\/tableau-de-commande-nav-206\/#primaryimage"},"thumbnailUrl":"https:\/\/www.philippi-online.de\/wp-content\/uploads\/philippi\/Bordueberwachung\/030160004.png","datePublished":"2021-07-13T09:24:10+00:00","dateModified":"2023-01-25T10:12:08+00:00","description":"Tableau de commande NAV 206 |","breadcrumb":{"@id":"https:\/\/www.philippi-online.de\/fr\/produkt\/tableau-de-commande-nav-206\/#breadcrumb"},"inLanguage":"fr-FR","potentialAction":[{"@type":"ReadAction","target":["https:\/\/www.philippi-online.de\/fr\/produkt\/tableau-de-commande-nav-206\/"]}]},{"@type":"ImageObject","inLanguage":"fr-FR","@id":"https:\/\/www.philippi-online.de\/fr\/produkt\/tableau-de-commande-nav-206\/#primaryimage","url":"https:\/\/www.philippi-online.de\/wp-content\/uploads\/philippi\/Bordueberwachung\/030160004.png","contentUrl":"https:\/\/www.philippi-online.de\/wp-content\/uploads\/philippi\/Bordueberwachung\/030160004.png","width":700,"height":800},{"@type":"BreadcrumbList","@id":"https:\/\/www.philippi-online.de\/fr\/produkt\/tableau-de-commande-nav-206\/#breadcrumb","itemListElement":[{"@type":"ListItem","position":1,"name":"Accueil","item":"https:\/\/www.philippi-online.de\/fr\/"},{"@type":"ListItem","position":2,"name":"Boutique","item":"https:\/\/www.philippi-online.de\/fr\/boutique\/"},{"@type":"ListItem","position":3,"name":"Tableau de commande NAV 206"}]},{"@type":"WebSite","@id":"https:\/\/www.philippi-online.de\/fr\/#website","url":"https:\/\/www.philippi-online.de\/fr\/","name":"philippi elektrische systeme GmbH","description":"","potentialAction":[{"@type":"SearchAction","target":{"@type":"EntryPoint","urlTemplate":"https:\/\/www.philippi-online.de\/fr\/?s={search_term_string}"},"query-input":{"@type":"PropertyValueSpecification","valueRequired":true,"valueName":"search_term_string"}}],"inLanguage":"fr-FR"}]}},"df_price":1649,"df_sale_price":"","df_regular_price":1649,"df_image_link":"https:\/\/www.philippi-online.de\/wp-content\/uploads\/philippi\/Bordueberwachung\/030160004-263x300.png","_links":{"self":[{"href":"https:\/\/www.philippi-online.de\/fr\/wp-json\/wp\/v2\/product\/38035","targetHints":{"allow":["GET"]}}],"collection":[{"href":"https:\/\/www.philippi-online.de\/fr\/wp-json\/wp\/v2\/product"}],"about":[{"href":"https:\/\/www.philippi-online.de\/fr\/wp-json\/wp\/v2\/types\/product"}],"replies":[{"embeddable":true,"href":"https:\/\/www.philippi-online.de\/fr\/wp-json\/wp\/v2\/comments?post=38035"}],"version-history":[{"count":0,"href":"https:\/\/www.philippi-online.de\/fr\/wp-json\/wp\/v2\/product\/38035\/revisions"}],"wp:featuredmedia":[{"embeddable":true,"href":"https:\/\/www.philippi-online.de\/fr\/wp-json\/wp\/v2\/media\/24878"}],"wp:attachment":[{"href":"https:\/\/www.philippi-online.de\/fr\/wp-json\/wp\/v2\/media?parent=38035"}],"wp:term":[{"taxonomy":"product_brand","embeddable":true,"href":"https:\/\/www.philippi-online.de\/fr\/wp-json\/wp\/v2\/product_brand?post=38035"},{"taxonomy":"product_cat","embeddable":true,"href":"https:\/\/www.philippi-online.de\/fr\/wp-json\/wp\/v2\/product_cat?post=38035"},{"taxonomy":"product_tag","embeddable":true,"href":"https:\/\/www.philippi-online.de\/fr\/wp-json\/wp\/v2\/product_tag?post=38035"}],"curies":[{"name":"wp","href":"https:\/\/api.w.org\/{rel}","templated":true}]}}