{"id":37983,"date":"2021-07-13T11:25:30","date_gmt":"2021-07-13T09:25:30","guid":{"rendered":"https:\/\/staging.philippi-online.de\/produkt\/cable-de-charge-usb-c-usb-c-3-a\/"},"modified":"2023-01-25T11:07:35","modified_gmt":"2023-01-25T10:07:35","slug":"cable-de-charge-usb-c-usb-c-3-a","status":"publish","type":"product","link":"https:\/\/www.philippi-online.de\/fr\/produkt\/cable-de-charge-usb-c-usb-c-3-a\/","title":{"rendered":"C\u00e2ble de charge USB-C \/ USB-C \/ 3 A"},"content":{"rendered":"<p>C\u00e2ble USB 2.0 avec connecteurs USB-C vers USB-C. Pour charger et alimenter les appareils \u00e9lectroniques qui disposent d&rsquo;une prise USB-C. C\u00e2ble flexible de haute qualit\u00e9, tress\u00e9 avec du coton. Capacit\u00e9 de charge jusqu&rsquo;\u00e0 3 A. Longueur du c\u00e2ble : 1,0 m.<\/p>\n<p>Compatible, entre autres, avec les prises doubles PRO CAR USB-C\/A, telles que la prise double Power USB-C\/A, la prise double Power USB-C\/A pour montage en surface, la prise triple pour montage en surface et la prise triple pour montage en surface, la prise de charge coud\u00e9e et la prise encastrable.<\/p>\n<p>La connexion USB-C vers USB-C est la connexion optimale entre la prise et le terminal. Le c\u00e2ble de charge PRO CAR de haute qualit\u00e9 vous permet d&rsquo;atteindre une puissance de charge maximale.<\/p>\n","protected":false},"excerpt":{"rendered":"<p>Capacit\u00e9 de charge jusqu&rsquo;\u00e0 3 A. Longueur du c\u00e2ble : 1,0 m.<\/p>\n","protected":false},"featured_media":21968,"comment_status":"closed","ping_status":"closed","template":"","meta":{"_acf_changed":false,"_monsterinsights_skip_tracking":false,"_monsterinsights_sitenote_active":false,"_monsterinsights_sitenote_note":"","_monsterinsights_sitenote_category":0},"product_brand":[],"product_cat":[1410,1422,1398,1399,1414],"product_tag":[],"class_list":{"0":"post-37983","1":"product","2":"type-product","3":"status-publish","4":"has-post-thumbnail","6":"product_cat-fiches-et-prises-universelles-12-24v-maritime","7":"product_cat-fiches-et-prises-universelles-12-24v-offroad","8":"product_cat-prise-fiche-connexion","9":"product_cat-prise-fiche-connexion-maritime","10":"product_cat-prise-fiche-connexion-offroad","11":"pa_marken-philippi-fr","13":"first","14":"instock","15":"taxable","16":"shipping-taxable","17":"purchasable","18":"product-type-simple"},"acf":[],"yoast_head":"<!-- This site is optimized with the Yoast SEO plugin v27.1.1 - https:\/\/yoast.com\/product\/yoast-seo-wordpress\/ -->\n<title>C\u00e2ble de charge USB-C \/ USB-C \/ 3 A | philippi elektrische systeme GmbH %<\/title>\n<meta name=\"description\" content=\"C\u00e2ble de charge USB-C \/ USB-C \/ 3 A |\" \/>\n<meta name=\"robots\" content=\"index, follow, max-snippet:-1, max-image-preview:large, max-video-preview:-1\" \/>\n<link rel=\"canonical\" href=\"https:\/\/www.philippi-online.de\/fr\/produkt\/cable-de-charge-usb-c-usb-c-3-a\/\" \/>\n<meta property=\"og:locale\" content=\"fr_FR\" \/>\n<meta property=\"og:type\" content=\"article\" \/>\n<meta property=\"og:title\" content=\"C\u00e2ble de charge USB-C \/ USB-C \/ 3 A | philippi elektrische systeme GmbH %\" \/>\n<meta property=\"og:description\" content=\"C\u00e2ble de charge USB-C \/ USB-C \/ 3 A |\" \/>\n<meta property=\"og:url\" content=\"https:\/\/www.philippi-online.de\/fr\/produkt\/cable-de-charge-usb-c-usb-c-3-a\/\" \/>\n<meta property=\"og:site_name\" content=\"philippi elektrische systeme GmbH\" \/>\n<meta property=\"article:modified_time\" content=\"2023-01-25T10:07:35+00:00\" \/>\n<meta property=\"og:image\" content=\"https:\/\/www.philippi-online.de\/wp-content\/uploads\/philippi\/Steckverbinder\/352009000.png\" \/>\n\t<meta property=\"og:image:width\" content=\"700\" \/>\n\t<meta property=\"og:image:height\" content=\"800\" \/>\n\t<meta property=\"og:image:type\" content=\"image\/png\" \/>\n<meta name=\"twitter:card\" content=\"summary_large_image\" \/>\n<meta name=\"twitter:label1\" content=\"Dur\u00e9e de lecture estim\u00e9e\" \/>\n\t<meta name=\"twitter:data1\" content=\"1 minute\" \/>\n<script type=\"application\/ld+json\" class=\"yoast-schema-graph\">{\"@context\":\"https:\/\/schema.org\",\"@graph\":[{\"@type\":\"WebPage\",\"@id\":\"https:\/\/www.philippi-online.de\/fr\/produkt\/cable-de-charge-usb-c-usb-c-3-a\/\",\"url\":\"https:\/\/www.philippi-online.de\/fr\/produkt\/cable-de-charge-usb-c-usb-c-3-a\/\",\"name\":\"C\u00e2ble de charge USB-C \/ USB-C \/ 3 A | philippi elektrische systeme GmbH %\",\"isPartOf\":{\"@id\":\"https:\/\/www.philippi-online.de\/fr\/#website\"},\"primaryImageOfPage\":{\"@id\":\"https:\/\/www.philippi-online.de\/fr\/produkt\/cable-de-charge-usb-c-usb-c-3-a\/#primaryimage\"},\"image\":{\"@id\":\"https:\/\/www.philippi-online.de\/fr\/produkt\/cable-de-charge-usb-c-usb-c-3-a\/#primaryimage\"},\"thumbnailUrl\":\"https:\/\/www.philippi-online.de\/wp-content\/uploads\/philippi\/Steckverbinder\/352009000.png\",\"datePublished\":\"2021-07-13T09:25:30+00:00\",\"dateModified\":\"2023-01-25T10:07:35+00:00\",\"description\":\"C\u00e2ble de charge USB-C \/ USB-C \/ 3 A |\",\"breadcrumb\":{\"@id\":\"https:\/\/www.philippi-online.de\/fr\/produkt\/cable-de-charge-usb-c-usb-c-3-a\/#breadcrumb\"},\"inLanguage\":\"fr-FR\",\"potentialAction\":[{\"@type\":\"ReadAction\",\"target\":[\"https:\/\/www.philippi-online.de\/fr\/produkt\/cable-de-charge-usb-c-usb-c-3-a\/\"]}]},{\"@type\":\"ImageObject\",\"inLanguage\":\"fr-FR\",\"@id\":\"https:\/\/www.philippi-online.de\/fr\/produkt\/cable-de-charge-usb-c-usb-c-3-a\/#primaryimage\",\"url\":\"https:\/\/www.philippi-online.de\/wp-content\/uploads\/philippi\/Steckverbinder\/352009000.png\",\"contentUrl\":\"https:\/\/www.philippi-online.de\/wp-content\/uploads\/philippi\/Steckverbinder\/352009000.png\",\"width\":700,\"height\":800},{\"@type\":\"BreadcrumbList\",\"@id\":\"https:\/\/www.philippi-online.de\/fr\/produkt\/cable-de-charge-usb-c-usb-c-3-a\/#breadcrumb\",\"itemListElement\":[{\"@type\":\"ListItem\",\"position\":1,\"name\":\"Accueil\",\"item\":\"https:\/\/www.philippi-online.de\/fr\/\"},{\"@type\":\"ListItem\",\"position\":2,\"name\":\"Boutique\",\"item\":\"https:\/\/www.philippi-online.de\/fr\/boutique\/\"},{\"@type\":\"ListItem\",\"position\":3,\"name\":\"C\u00e2ble de charge USB-C \/ USB-C \/ 3 A\"}]},{\"@type\":\"WebSite\",\"@id\":\"https:\/\/www.philippi-online.de\/fr\/#website\",\"url\":\"https:\/\/www.philippi-online.de\/fr\/\",\"name\":\"philippi elektrische systeme GmbH\",\"description\":\"\",\"potentialAction\":[{\"@type\":\"SearchAction\",\"target\":{\"@type\":\"EntryPoint\",\"urlTemplate\":\"https:\/\/www.philippi-online.de\/fr\/?s={search_term_string}\"},\"query-input\":{\"@type\":\"PropertyValueSpecification\",\"valueRequired\":true,\"valueName\":\"search_term_string\"}}],\"inLanguage\":\"fr-FR\"}]}<\/script>\n<!-- \/ Yoast SEO plugin. -->","yoast_head_json":{"title":"C\u00e2ble de charge USB-C \/ USB-C \/ 3 A | philippi elektrische systeme GmbH %","description":"C\u00e2ble de charge USB-C \/ USB-C \/ 3 A |","robots":{"index":"index","follow":"follow","max-snippet":"max-snippet:-1","max-image-preview":"max-image-preview:large","max-video-preview":"max-video-preview:-1"},"canonical":"https:\/\/www.philippi-online.de\/fr\/produkt\/cable-de-charge-usb-c-usb-c-3-a\/","og_locale":"fr_FR","og_type":"article","og_title":"C\u00e2ble de charge USB-C \/ USB-C \/ 3 A | philippi elektrische systeme GmbH %","og_description":"C\u00e2ble de charge USB-C \/ USB-C \/ 3 A |","og_url":"https:\/\/www.philippi-online.de\/fr\/produkt\/cable-de-charge-usb-c-usb-c-3-a\/","og_site_name":"philippi elektrische systeme GmbH","article_modified_time":"2023-01-25T10:07:35+00:00","og_image":[{"width":700,"height":800,"url":"https:\/\/www.philippi-online.de\/wp-content\/uploads\/philippi\/Steckverbinder\/352009000.png","type":"image\/png"}],"twitter_card":"summary_large_image","twitter_misc":{"Dur\u00e9e de lecture estim\u00e9e":"1 minute"},"schema":{"@context":"https:\/\/schema.org","@graph":[{"@type":"WebPage","@id":"https:\/\/www.philippi-online.de\/fr\/produkt\/cable-de-charge-usb-c-usb-c-3-a\/","url":"https:\/\/www.philippi-online.de\/fr\/produkt\/cable-de-charge-usb-c-usb-c-3-a\/","name":"C\u00e2ble de charge USB-C \/ USB-C \/ 3 A | philippi elektrische systeme GmbH %","isPartOf":{"@id":"https:\/\/www.philippi-online.de\/fr\/#website"},"primaryImageOfPage":{"@id":"https:\/\/www.philippi-online.de\/fr\/produkt\/cable-de-charge-usb-c-usb-c-3-a\/#primaryimage"},"image":{"@id":"https:\/\/www.philippi-online.de\/fr\/produkt\/cable-de-charge-usb-c-usb-c-3-a\/#primaryimage"},"thumbnailUrl":"https:\/\/www.philippi-online.de\/wp-content\/uploads\/philippi\/Steckverbinder\/352009000.png","datePublished":"2021-07-13T09:25:30+00:00","dateModified":"2023-01-25T10:07:35+00:00","description":"C\u00e2ble de charge USB-C \/ USB-C \/ 3 A |","breadcrumb":{"@id":"https:\/\/www.philippi-online.de\/fr\/produkt\/cable-de-charge-usb-c-usb-c-3-a\/#breadcrumb"},"inLanguage":"fr-FR","potentialAction":[{"@type":"ReadAction","target":["https:\/\/www.philippi-online.de\/fr\/produkt\/cable-de-charge-usb-c-usb-c-3-a\/"]}]},{"@type":"ImageObject","inLanguage":"fr-FR","@id":"https:\/\/www.philippi-online.de\/fr\/produkt\/cable-de-charge-usb-c-usb-c-3-a\/#primaryimage","url":"https:\/\/www.philippi-online.de\/wp-content\/uploads\/philippi\/Steckverbinder\/352009000.png","contentUrl":"https:\/\/www.philippi-online.de\/wp-content\/uploads\/philippi\/Steckverbinder\/352009000.png","width":700,"height":800},{"@type":"BreadcrumbList","@id":"https:\/\/www.philippi-online.de\/fr\/produkt\/cable-de-charge-usb-c-usb-c-3-a\/#breadcrumb","itemListElement":[{"@type":"ListItem","position":1,"name":"Accueil","item":"https:\/\/www.philippi-online.de\/fr\/"},{"@type":"ListItem","position":2,"name":"Boutique","item":"https:\/\/www.philippi-online.de\/fr\/boutique\/"},{"@type":"ListItem","position":3,"name":"C\u00e2ble de charge USB-C \/ USB-C \/ 3 A"}]},{"@type":"WebSite","@id":"https:\/\/www.philippi-online.de\/fr\/#website","url":"https:\/\/www.philippi-online.de\/fr\/","name":"philippi elektrische systeme GmbH","description":"","potentialAction":[{"@type":"SearchAction","target":{"@type":"EntryPoint","urlTemplate":"https:\/\/www.philippi-online.de\/fr\/?s={search_term_string}"},"query-input":{"@type":"PropertyValueSpecification","valueRequired":true,"valueName":"search_term_string"}}],"inLanguage":"fr-FR"}]}},"df_price":9.5,"df_sale_price":"","df_regular_price":9.5,"df_image_link":"https:\/\/www.philippi-online.de\/wp-content\/uploads\/philippi\/Steckverbinder\/352009000-263x300.png","_links":{"self":[{"href":"https:\/\/www.philippi-online.de\/fr\/wp-json\/wp\/v2\/product\/37983","targetHints":{"allow":["GET"]}}],"collection":[{"href":"https:\/\/www.philippi-online.de\/fr\/wp-json\/wp\/v2\/product"}],"about":[{"href":"https:\/\/www.philippi-online.de\/fr\/wp-json\/wp\/v2\/types\/product"}],"replies":[{"embeddable":true,"href":"https:\/\/www.philippi-online.de\/fr\/wp-json\/wp\/v2\/comments?post=37983"}],"version-history":[{"count":0,"href":"https:\/\/www.philippi-online.de\/fr\/wp-json\/wp\/v2\/product\/37983\/revisions"}],"wp:featuredmedia":[{"embeddable":true,"href":"https:\/\/www.philippi-online.de\/fr\/wp-json\/wp\/v2\/media\/21968"}],"wp:attachment":[{"href":"https:\/\/www.philippi-online.de\/fr\/wp-json\/wp\/v2\/media?parent=37983"}],"wp:term":[{"taxonomy":"product_brand","embeddable":true,"href":"https:\/\/www.philippi-online.de\/fr\/wp-json\/wp\/v2\/product_brand?post=37983"},{"taxonomy":"product_cat","embeddable":true,"href":"https:\/\/www.philippi-online.de\/fr\/wp-json\/wp\/v2\/product_cat?post=37983"},{"taxonomy":"product_tag","embeddable":true,"href":"https:\/\/www.philippi-online.de\/fr\/wp-json\/wp\/v2\/product_tag?post=37983"}],"curies":[{"name":"wp","href":"https:\/\/api.w.org\/{rel}","templated":true}]}}