{"id":37956,"date":"2021-07-13T11:25:48","date_gmt":"2021-07-13T09:25:48","guid":{"rendered":"https:\/\/staging.philippi-online.de\/produkt\/dsr-2psd-usb-a\/"},"modified":"2023-01-25T11:10:22","modified_gmt":"2023-01-25T10:10:22","slug":"dsr-2psd-usb-a","status":"publish","type":"product","link":"https:\/\/www.philippi-online.de\/fr\/produkt\/dsr-2psd-usb-a\/","title":{"rendered":"DSR \u2013 2PSD \/USB-A"},"content":{"rendered":"\t\t<div data-elementor-type=\"wp-post\" data-elementor-id=\"37956\" class=\"elementor elementor-37956 elementor-17182\" data-elementor-post-type=\"product\">\n\t\t\t\t\t\t<section class=\"wd-negative-gap elementor-section elementor-top-section elementor-element elementor-element-5d4c4956 elementor-section-boxed elementor-section-height-default elementor-section-height-default\" data-id=\"5d4c4956\" data-element_type=\"section\" data-e-type=\"section\">\n\t\t\t\t\t\t<div class=\"elementor-container elementor-column-gap-default\">\n\t\t\t\t\t<div class=\"elementor-column elementor-col-100 elementor-top-column elementor-element elementor-element-486716b1\" data-id=\"486716b1\" data-element_type=\"column\" data-e-type=\"column\">\n\t\t\t<div class=\"elementor-widget-wrap elementor-element-populated\">\n\t\t\t\t\t\t<div class=\"elementor-element elementor-element-1e66da35 color-scheme-inherit text-left elementor-widget elementor-widget-text-editor\" data-id=\"1e66da35\" data-element_type=\"widget\" data-e-type=\"widget\" data-widget_type=\"text-editor.default\">\n\t\t\t\t<div class=\"elementor-widget-container\">\n\t\t\t\t\t\t\t\t\t<p>Confectionn\u00e9 avec :<\/p>\n<p>1 double prise USB-A, 12-24 V DC, sortie 5 V DC avec convertisseur de tension int\u00e9gr\u00e9, max. 5 A.<br \/>\nEntr\u00e9e 8-34 V DC, homologation E1, y compris protection contre : surcharge, inversion de polarit\u00e9, temp\u00e9rature excessive. Consommation propre = 3 mA.<\/p>\n<p>2 prises de courant 12-24 V, \u00d8 int\u00e9rieur des prises 21 mm. Convient aux fiches universelles.<\/p>\n<p>Pour alimenter des appareils suppl\u00e9mentaires dans la voiture, le bateau et la caravane. Capacit\u00e9 de charge : 20 A pour une section de c\u00e2ble de 2,5 mm2, 16 A pour une section de c\u00e2ble de 1,5 mm2. Raccordement de c\u00e2ble pr\u00e9-confectionn\u00e9. Fixation au moyen des vis fournies.<\/p>\n<p>Dimensions L x l x H : 144 x 56 x 7 mm. Profondeur d&rsquo;encastrement : 55 mm.<\/p>\n\t\t\t\t\t\t\t\t<\/div>\n\t\t\t\t<\/div>\n\t\t\t\t\t<\/div>\n\t\t<\/div>\n\t\t\t\t\t<\/div>\n\t\t<\/section>\n\t\t\t\t<\/div>\n\t\t","protected":false},"excerpt":{"rendered":"<p>Confectionn\u00e9 avec:1 prise double USB-A, 12-24 V DC, sortie 5 V DC avec convertisseur de tension int\u00e9gr\u00e9, max. 5 A.<\/p>\n","protected":false},"featured_media":22022,"comment_status":"closed","ping_status":"closed","template":"","meta":{"_acf_changed":false,"_monsterinsights_skip_tracking":false,"_monsterinsights_sitenote_active":false,"_monsterinsights_sitenote_note":"","_monsterinsights_sitenote_category":0},"product_brand":[],"product_cat":[1410,1422,1398,1399,1414],"product_tag":[],"class_list":{"0":"post-37956","1":"product","2":"type-product","3":"status-publish","4":"has-post-thumbnail","6":"product_cat-fiches-et-prises-universelles-12-24v-maritime","7":"product_cat-fiches-et-prises-universelles-12-24v-offroad","8":"product_cat-prise-fiche-connexion","9":"product_cat-prise-fiche-connexion-maritime","10":"product_cat-prise-fiche-connexion-offroad","11":"pa_marken-philippi-fr","13":"first","14":"instock","15":"taxable","16":"shipping-taxable","17":"purchasable","18":"product-type-simple"},"acf":[],"yoast_head":"<!-- This site is optimized with the Yoast SEO plugin v27.1.1 - https:\/\/yoast.com\/product\/yoast-seo-wordpress\/ -->\n<title>DSR \u2013 2PSD \/USB-A | philippi elektrische systeme GmbH %<\/title>\n<meta name=\"description\" content=\"DSR \u2013 2PSD \/USB-A |\" \/>\n<meta name=\"robots\" content=\"index, follow, max-snippet:-1, max-image-preview:large, max-video-preview:-1\" \/>\n<link rel=\"canonical\" href=\"https:\/\/www.philippi-online.de\/fr\/produkt\/dsr-2psd-usb-a\/\" \/>\n<meta property=\"og:locale\" content=\"fr_FR\" \/>\n<meta property=\"og:type\" content=\"article\" \/>\n<meta property=\"og:title\" content=\"DSR \u2013 2PSD \/USB-A | philippi elektrische systeme GmbH %\" \/>\n<meta property=\"og:description\" content=\"DSR \u2013 2PSD \/USB-A |\" \/>\n<meta property=\"og:url\" content=\"https:\/\/www.philippi-online.de\/fr\/produkt\/dsr-2psd-usb-a\/\" \/>\n<meta property=\"og:site_name\" content=\"philippi elektrische systeme GmbH\" \/>\n<meta property=\"article:modified_time\" content=\"2023-01-25T10:10:22+00:00\" \/>\n<meta property=\"og:image\" content=\"https:\/\/www.philippi-online.de\/wp-content\/uploads\/philippi\/Steckverbinder\/367326000.png\" \/>\n\t<meta property=\"og:image:width\" content=\"700\" \/>\n\t<meta property=\"og:image:height\" content=\"800\" \/>\n\t<meta property=\"og:image:type\" content=\"image\/png\" \/>\n<meta name=\"twitter:card\" content=\"summary_large_image\" \/>\n<meta name=\"twitter:label1\" content=\"Dur\u00e9e de lecture estim\u00e9e\" \/>\n\t<meta name=\"twitter:data1\" content=\"1 minute\" \/>\n<script type=\"application\/ld+json\" class=\"yoast-schema-graph\">{\"@context\":\"https:\/\/schema.org\",\"@graph\":[{\"@type\":\"WebPage\",\"@id\":\"https:\/\/www.philippi-online.de\/fr\/produkt\/dsr-2psd-usb-a\/\",\"url\":\"https:\/\/www.philippi-online.de\/fr\/produkt\/dsr-2psd-usb-a\/\",\"name\":\"DSR \u2013 2PSD \/USB-A | philippi elektrische systeme GmbH %\",\"isPartOf\":{\"@id\":\"https:\/\/www.philippi-online.de\/fr\/#website\"},\"primaryImageOfPage\":{\"@id\":\"https:\/\/www.philippi-online.de\/fr\/produkt\/dsr-2psd-usb-a\/#primaryimage\"},\"image\":{\"@id\":\"https:\/\/www.philippi-online.de\/fr\/produkt\/dsr-2psd-usb-a\/#primaryimage\"},\"thumbnailUrl\":\"https:\/\/www.philippi-online.de\/wp-content\/uploads\/philippi\/Steckverbinder\/367326000.png\",\"datePublished\":\"2021-07-13T09:25:48+00:00\",\"dateModified\":\"2023-01-25T10:10:22+00:00\",\"description\":\"DSR \u2013 2PSD \/USB-A |\",\"breadcrumb\":{\"@id\":\"https:\/\/www.philippi-online.de\/fr\/produkt\/dsr-2psd-usb-a\/#breadcrumb\"},\"inLanguage\":\"fr-FR\",\"potentialAction\":[{\"@type\":\"ReadAction\",\"target\":[\"https:\/\/www.philippi-online.de\/fr\/produkt\/dsr-2psd-usb-a\/\"]}]},{\"@type\":\"ImageObject\",\"inLanguage\":\"fr-FR\",\"@id\":\"https:\/\/www.philippi-online.de\/fr\/produkt\/dsr-2psd-usb-a\/#primaryimage\",\"url\":\"https:\/\/www.philippi-online.de\/wp-content\/uploads\/philippi\/Steckverbinder\/367326000.png\",\"contentUrl\":\"https:\/\/www.philippi-online.de\/wp-content\/uploads\/philippi\/Steckverbinder\/367326000.png\",\"width\":700,\"height\":800},{\"@type\":\"BreadcrumbList\",\"@id\":\"https:\/\/www.philippi-online.de\/fr\/produkt\/dsr-2psd-usb-a\/#breadcrumb\",\"itemListElement\":[{\"@type\":\"ListItem\",\"position\":1,\"name\":\"Accueil\",\"item\":\"https:\/\/www.philippi-online.de\/fr\/\"},{\"@type\":\"ListItem\",\"position\":2,\"name\":\"Boutique\",\"item\":\"https:\/\/www.philippi-online.de\/fr\/boutique\/\"},{\"@type\":\"ListItem\",\"position\":3,\"name\":\"DSR \u2013 2PSD \/USB-A\"}]},{\"@type\":\"WebSite\",\"@id\":\"https:\/\/www.philippi-online.de\/fr\/#website\",\"url\":\"https:\/\/www.philippi-online.de\/fr\/\",\"name\":\"philippi elektrische systeme GmbH\",\"description\":\"\",\"potentialAction\":[{\"@type\":\"SearchAction\",\"target\":{\"@type\":\"EntryPoint\",\"urlTemplate\":\"https:\/\/www.philippi-online.de\/fr\/?s={search_term_string}\"},\"query-input\":{\"@type\":\"PropertyValueSpecification\",\"valueRequired\":true,\"valueName\":\"search_term_string\"}}],\"inLanguage\":\"fr-FR\"}]}<\/script>\n<!-- \/ Yoast SEO plugin. -->","yoast_head_json":{"title":"DSR \u2013 2PSD \/USB-A | philippi elektrische systeme GmbH %","description":"DSR \u2013 2PSD \/USB-A |","robots":{"index":"index","follow":"follow","max-snippet":"max-snippet:-1","max-image-preview":"max-image-preview:large","max-video-preview":"max-video-preview:-1"},"canonical":"https:\/\/www.philippi-online.de\/fr\/produkt\/dsr-2psd-usb-a\/","og_locale":"fr_FR","og_type":"article","og_title":"DSR \u2013 2PSD \/USB-A | philippi elektrische systeme GmbH %","og_description":"DSR \u2013 2PSD \/USB-A |","og_url":"https:\/\/www.philippi-online.de\/fr\/produkt\/dsr-2psd-usb-a\/","og_site_name":"philippi elektrische systeme GmbH","article_modified_time":"2023-01-25T10:10:22+00:00","og_image":[{"width":700,"height":800,"url":"https:\/\/www.philippi-online.de\/wp-content\/uploads\/philippi\/Steckverbinder\/367326000.png","type":"image\/png"}],"twitter_card":"summary_large_image","twitter_misc":{"Dur\u00e9e de lecture estim\u00e9e":"1 minute"},"schema":{"@context":"https:\/\/schema.org","@graph":[{"@type":"WebPage","@id":"https:\/\/www.philippi-online.de\/fr\/produkt\/dsr-2psd-usb-a\/","url":"https:\/\/www.philippi-online.de\/fr\/produkt\/dsr-2psd-usb-a\/","name":"DSR \u2013 2PSD \/USB-A | philippi elektrische systeme GmbH %","isPartOf":{"@id":"https:\/\/www.philippi-online.de\/fr\/#website"},"primaryImageOfPage":{"@id":"https:\/\/www.philippi-online.de\/fr\/produkt\/dsr-2psd-usb-a\/#primaryimage"},"image":{"@id":"https:\/\/www.philippi-online.de\/fr\/produkt\/dsr-2psd-usb-a\/#primaryimage"},"thumbnailUrl":"https:\/\/www.philippi-online.de\/wp-content\/uploads\/philippi\/Steckverbinder\/367326000.png","datePublished":"2021-07-13T09:25:48+00:00","dateModified":"2023-01-25T10:10:22+00:00","description":"DSR \u2013 2PSD \/USB-A |","breadcrumb":{"@id":"https:\/\/www.philippi-online.de\/fr\/produkt\/dsr-2psd-usb-a\/#breadcrumb"},"inLanguage":"fr-FR","potentialAction":[{"@type":"ReadAction","target":["https:\/\/www.philippi-online.de\/fr\/produkt\/dsr-2psd-usb-a\/"]}]},{"@type":"ImageObject","inLanguage":"fr-FR","@id":"https:\/\/www.philippi-online.de\/fr\/produkt\/dsr-2psd-usb-a\/#primaryimage","url":"https:\/\/www.philippi-online.de\/wp-content\/uploads\/philippi\/Steckverbinder\/367326000.png","contentUrl":"https:\/\/www.philippi-online.de\/wp-content\/uploads\/philippi\/Steckverbinder\/367326000.png","width":700,"height":800},{"@type":"BreadcrumbList","@id":"https:\/\/www.philippi-online.de\/fr\/produkt\/dsr-2psd-usb-a\/#breadcrumb","itemListElement":[{"@type":"ListItem","position":1,"name":"Accueil","item":"https:\/\/www.philippi-online.de\/fr\/"},{"@type":"ListItem","position":2,"name":"Boutique","item":"https:\/\/www.philippi-online.de\/fr\/boutique\/"},{"@type":"ListItem","position":3,"name":"DSR \u2013 2PSD \/USB-A"}]},{"@type":"WebSite","@id":"https:\/\/www.philippi-online.de\/fr\/#website","url":"https:\/\/www.philippi-online.de\/fr\/","name":"philippi elektrische systeme GmbH","description":"","potentialAction":[{"@type":"SearchAction","target":{"@type":"EntryPoint","urlTemplate":"https:\/\/www.philippi-online.de\/fr\/?s={search_term_string}"},"query-input":{"@type":"PropertyValueSpecification","valueRequired":true,"valueName":"search_term_string"}}],"inLanguage":"fr-FR"}]}},"df_price":50.7,"df_sale_price":"","df_regular_price":50.7,"df_image_link":"https:\/\/www.philippi-online.de\/wp-content\/uploads\/philippi\/Steckverbinder\/367326000-263x300.png","_links":{"self":[{"href":"https:\/\/www.philippi-online.de\/fr\/wp-json\/wp\/v2\/product\/37956","targetHints":{"allow":["GET"]}}],"collection":[{"href":"https:\/\/www.philippi-online.de\/fr\/wp-json\/wp\/v2\/product"}],"about":[{"href":"https:\/\/www.philippi-online.de\/fr\/wp-json\/wp\/v2\/types\/product"}],"replies":[{"embeddable":true,"href":"https:\/\/www.philippi-online.de\/fr\/wp-json\/wp\/v2\/comments?post=37956"}],"version-history":[{"count":0,"href":"https:\/\/www.philippi-online.de\/fr\/wp-json\/wp\/v2\/product\/37956\/revisions"}],"wp:featuredmedia":[{"embeddable":true,"href":"https:\/\/www.philippi-online.de\/fr\/wp-json\/wp\/v2\/media\/22022"}],"wp:attachment":[{"href":"https:\/\/www.philippi-online.de\/fr\/wp-json\/wp\/v2\/media?parent=37956"}],"wp:term":[{"taxonomy":"product_brand","embeddable":true,"href":"https:\/\/www.philippi-online.de\/fr\/wp-json\/wp\/v2\/product_brand?post=37956"},{"taxonomy":"product_cat","embeddable":true,"href":"https:\/\/www.philippi-online.de\/fr\/wp-json\/wp\/v2\/product_cat?post=37956"},{"taxonomy":"product_tag","embeddable":true,"href":"https:\/\/www.philippi-online.de\/fr\/wp-json\/wp\/v2\/product_tag?post=37956"}],"curies":[{"name":"wp","href":"https:\/\/api.w.org\/{rel}","templated":true}]}}