{"id":36822,"date":"2021-07-13T11:26:57","date_gmt":"2021-07-13T09:26:57","guid":{"rendered":"https:\/\/staging.philippi-online.de\/produkt\/batterie-au-lithium-48v\/"},"modified":"2023-01-25T11:12:14","modified_gmt":"2023-01-25T10:12:14","slug":"batterie-au-lithium-48v","status":"publish","type":"product","link":"https:\/\/www.philippi-online.de\/fr\/produkt\/batterie-au-lithium-48v\/","title":{"rendered":"Batterie au lithium 48V"},"content":{"rendered":"<p>Lithium Power Pack (Li-NMC) avec BMS int\u00e9gr\u00e9 (\u00e9quilibrage des cellules et coupure en cas de sous-tension et de surtension). Les batteries fabriqu\u00e9es avec la technologie LINMC ont un rapport de capacit\u00e9 unique par kg de poids et sont ignifuges). Aucun circuit de s\u00e9curit\u00e9 externe n&rsquo;est n\u00e9cessaire. Raccordement par connecteur de batterie.<br \/>\nInterface CAN-bus pour les moniteurs de batterie philippi LBS, LBM et syst\u00e8me P-Bus. Il est possible de connecter jusqu&rsquo;\u00e0 50 Power Packs en parall\u00e8le. Connexion en s\u00e9rie uniquement sur demande.<br \/>\n&#8211; Valeur nominale 51,2 VDC 52 Ah, capacit\u00e9 2,8 kWh.<br \/>\n&#8211; Charge max. Charge continue 25 A<br \/>\n&#8211; Charge max. D\u00e9charge 50 A, pointe 200 A 1.sec<br \/>\n&#8211; Dur\u00e9e de vie &gt; 3000<br \/>\n&#8211; Bo\u00eetier en acier inoxydable, 21 kg, IP 54,<br \/>\n&#8211; Dimensions sans connecteur L 300 x P 420 x H 115 mm, avec connecteur P 500 mm<br \/>\n&#8211; 3 ans de garantie, certifi\u00e9 CE, UN38.3<br \/>\n&#8211; CAN BUS 250Kb\/S plusieurs batteries sur le m\u00eame BUS, batterie peut \u00eatre utilis\u00e9e<br \/>\npeut \u00eatre utilis\u00e9e sans Can-Bus, c&rsquo;est une option disponible<\/p>\n","protected":false},"excerpt":{"rendered":"<p>Lithium Power Pack (Li-NMC) avec BMS int\u00e9gr\u00e9<\/p>\n","protected":false},"featured_media":52520,"comment_status":"closed","ping_status":"closed","template":"","meta":{"_acf_changed":false,"_monsterinsights_skip_tracking":false,"_monsterinsights_sitenote_active":false,"_monsterinsights_sitenote_note":"","_monsterinsights_sitenote_category":0},"product_brand":[],"product_cat":[1426,1428,1443,1436,1453],"product_tag":[],"class_list":{"0":"post-36822","1":"product","2":"type-product","3":"status-publish","4":"has-post-thumbnail","6":"product_cat-alimentation","7":"product_cat-alimentation-maritime","8":"product_cat-alimentation-offroad","9":"product_cat-batterie-lithium-maritime","10":"product_cat-batterie-lithium-offroad","12":"first","13":"onbackorder","14":"taxable","15":"shipping-taxable","16":"purchasable","17":"product-type-simple"},"acf":[],"yoast_head":"<!-- This site is optimized with the Yoast SEO plugin v27.1.1 - https:\/\/yoast.com\/product\/yoast-seo-wordpress\/ -->\n<title>Batterie au lithium 48V | philippi elektrische systeme GmbH %<\/title>\n<meta name=\"description\" content=\"Batterie au lithium 48V |\" \/>\n<meta name=\"robots\" content=\"index, follow, max-snippet:-1, max-image-preview:large, max-video-preview:-1\" \/>\n<link rel=\"canonical\" href=\"https:\/\/www.philippi-online.de\/fr\/produkt\/batterie-au-lithium-48v\/\" \/>\n<meta property=\"og:locale\" content=\"fr_FR\" \/>\n<meta property=\"og:type\" content=\"article\" \/>\n<meta property=\"og:title\" content=\"Batterie au lithium 48V | philippi elektrische systeme GmbH %\" \/>\n<meta property=\"og:description\" content=\"Batterie au lithium 48V |\" \/>\n<meta property=\"og:url\" content=\"https:\/\/www.philippi-online.de\/fr\/produkt\/batterie-au-lithium-48v\/\" \/>\n<meta property=\"og:site_name\" content=\"philippi elektrische systeme GmbH\" \/>\n<meta property=\"article:modified_time\" content=\"2023-01-25T10:12:14+00:00\" \/>\n<meta property=\"og:image\" content=\"https:\/\/www.philippi-online.de\/wp-content\/uploads\/philippi\/Stromversorgung\/LB48V.png\" \/>\n\t<meta property=\"og:image:width\" content=\"1\" \/>\n\t<meta property=\"og:image:height\" content=\"1\" \/>\n\t<meta property=\"og:image:type\" content=\"image\/png\" \/>\n<meta name=\"twitter:card\" content=\"summary_large_image\" \/>\n<meta name=\"twitter:label1\" content=\"Dur\u00e9e de lecture estim\u00e9e\" \/>\n\t<meta name=\"twitter:data1\" content=\"1 minute\" \/>\n<script type=\"application\/ld+json\" class=\"yoast-schema-graph\">{\"@context\":\"https:\/\/schema.org\",\"@graph\":[{\"@type\":\"WebPage\",\"@id\":\"https:\/\/www.philippi-online.de\/fr\/produkt\/batterie-au-lithium-48v\/\",\"url\":\"https:\/\/www.philippi-online.de\/fr\/produkt\/batterie-au-lithium-48v\/\",\"name\":\"Batterie au lithium 48V | philippi elektrische systeme GmbH %\",\"isPartOf\":{\"@id\":\"https:\/\/www.philippi-online.de\/fr\/#website\"},\"primaryImageOfPage\":{\"@id\":\"https:\/\/www.philippi-online.de\/fr\/produkt\/batterie-au-lithium-48v\/#primaryimage\"},\"image\":{\"@id\":\"https:\/\/www.philippi-online.de\/fr\/produkt\/batterie-au-lithium-48v\/#primaryimage\"},\"thumbnailUrl\":\"https:\/\/www.philippi-online.de\/wp-content\/uploads\/philippi\/Stromversorgung\/LB48V.png\",\"datePublished\":\"2021-07-13T09:26:57+00:00\",\"dateModified\":\"2023-01-25T10:12:14+00:00\",\"description\":\"Batterie au lithium 48V |\",\"breadcrumb\":{\"@id\":\"https:\/\/www.philippi-online.de\/fr\/produkt\/batterie-au-lithium-48v\/#breadcrumb\"},\"inLanguage\":\"fr-FR\",\"potentialAction\":[{\"@type\":\"ReadAction\",\"target\":[\"https:\/\/www.philippi-online.de\/fr\/produkt\/batterie-au-lithium-48v\/\"]}]},{\"@type\":\"ImageObject\",\"inLanguage\":\"fr-FR\",\"@id\":\"https:\/\/www.philippi-online.de\/fr\/produkt\/batterie-au-lithium-48v\/#primaryimage\",\"url\":\"https:\/\/www.philippi-online.de\/wp-content\/uploads\/philippi\/Stromversorgung\/LB48V.png\",\"contentUrl\":\"https:\/\/www.philippi-online.de\/wp-content\/uploads\/philippi\/Stromversorgung\/LB48V.png\",\"width\":700,\"height\":800},{\"@type\":\"BreadcrumbList\",\"@id\":\"https:\/\/www.philippi-online.de\/fr\/produkt\/batterie-au-lithium-48v\/#breadcrumb\",\"itemListElement\":[{\"@type\":\"ListItem\",\"position\":1,\"name\":\"Accueil\",\"item\":\"https:\/\/www.philippi-online.de\/fr\/\"},{\"@type\":\"ListItem\",\"position\":2,\"name\":\"Boutique\",\"item\":\"https:\/\/www.philippi-online.de\/fr\/boutique\/\"},{\"@type\":\"ListItem\",\"position\":3,\"name\":\"Batterie au lithium 48V\"}]},{\"@type\":\"WebSite\",\"@id\":\"https:\/\/www.philippi-online.de\/fr\/#website\",\"url\":\"https:\/\/www.philippi-online.de\/fr\/\",\"name\":\"philippi elektrische systeme GmbH\",\"description\":\"\",\"potentialAction\":[{\"@type\":\"SearchAction\",\"target\":{\"@type\":\"EntryPoint\",\"urlTemplate\":\"https:\/\/www.philippi-online.de\/fr\/?s={search_term_string}\"},\"query-input\":{\"@type\":\"PropertyValueSpecification\",\"valueRequired\":true,\"valueName\":\"search_term_string\"}}],\"inLanguage\":\"fr-FR\"}]}<\/script>\n<!-- \/ Yoast SEO plugin. -->","yoast_head_json":{"title":"Batterie au lithium 48V | philippi elektrische systeme GmbH %","description":"Batterie au lithium 48V |","robots":{"index":"index","follow":"follow","max-snippet":"max-snippet:-1","max-image-preview":"max-image-preview:large","max-video-preview":"max-video-preview:-1"},"canonical":"https:\/\/www.philippi-online.de\/fr\/produkt\/batterie-au-lithium-48v\/","og_locale":"fr_FR","og_type":"article","og_title":"Batterie au lithium 48V | philippi elektrische systeme GmbH %","og_description":"Batterie au lithium 48V |","og_url":"https:\/\/www.philippi-online.de\/fr\/produkt\/batterie-au-lithium-48v\/","og_site_name":"philippi elektrische systeme GmbH","article_modified_time":"2023-01-25T10:12:14+00:00","og_image":[{"url":"https:\/\/www.philippi-online.de\/wp-content\/uploads\/philippi\/Stromversorgung\/LB48V.png","width":1,"height":1,"type":"image\/png"}],"twitter_card":"summary_large_image","twitter_misc":{"Dur\u00e9e de lecture estim\u00e9e":"1 minute"},"schema":{"@context":"https:\/\/schema.org","@graph":[{"@type":"WebPage","@id":"https:\/\/www.philippi-online.de\/fr\/produkt\/batterie-au-lithium-48v\/","url":"https:\/\/www.philippi-online.de\/fr\/produkt\/batterie-au-lithium-48v\/","name":"Batterie au lithium 48V | philippi elektrische systeme GmbH %","isPartOf":{"@id":"https:\/\/www.philippi-online.de\/fr\/#website"},"primaryImageOfPage":{"@id":"https:\/\/www.philippi-online.de\/fr\/produkt\/batterie-au-lithium-48v\/#primaryimage"},"image":{"@id":"https:\/\/www.philippi-online.de\/fr\/produkt\/batterie-au-lithium-48v\/#primaryimage"},"thumbnailUrl":"https:\/\/www.philippi-online.de\/wp-content\/uploads\/philippi\/Stromversorgung\/LB48V.png","datePublished":"2021-07-13T09:26:57+00:00","dateModified":"2023-01-25T10:12:14+00:00","description":"Batterie au lithium 48V |","breadcrumb":{"@id":"https:\/\/www.philippi-online.de\/fr\/produkt\/batterie-au-lithium-48v\/#breadcrumb"},"inLanguage":"fr-FR","potentialAction":[{"@type":"ReadAction","target":["https:\/\/www.philippi-online.de\/fr\/produkt\/batterie-au-lithium-48v\/"]}]},{"@type":"ImageObject","inLanguage":"fr-FR","@id":"https:\/\/www.philippi-online.de\/fr\/produkt\/batterie-au-lithium-48v\/#primaryimage","url":"https:\/\/www.philippi-online.de\/wp-content\/uploads\/philippi\/Stromversorgung\/LB48V.png","contentUrl":"https:\/\/www.philippi-online.de\/wp-content\/uploads\/philippi\/Stromversorgung\/LB48V.png","width":700,"height":800},{"@type":"BreadcrumbList","@id":"https:\/\/www.philippi-online.de\/fr\/produkt\/batterie-au-lithium-48v\/#breadcrumb","itemListElement":[{"@type":"ListItem","position":1,"name":"Accueil","item":"https:\/\/www.philippi-online.de\/fr\/"},{"@type":"ListItem","position":2,"name":"Boutique","item":"https:\/\/www.philippi-online.de\/fr\/boutique\/"},{"@type":"ListItem","position":3,"name":"Batterie au lithium 48V"}]},{"@type":"WebSite","@id":"https:\/\/www.philippi-online.de\/fr\/#website","url":"https:\/\/www.philippi-online.de\/fr\/","name":"philippi elektrische systeme GmbH","description":"","potentialAction":[{"@type":"SearchAction","target":{"@type":"EntryPoint","urlTemplate":"https:\/\/www.philippi-online.de\/fr\/?s={search_term_string}"},"query-input":{"@type":"PropertyValueSpecification","valueRequired":true,"valueName":"search_term_string"}}],"inLanguage":"fr-FR"}]}},"df_price":4099,"df_sale_price":"","df_regular_price":4099,"df_image_link":"https:\/\/www.philippi-online.de\/wp-content\/uploads\/philippi\/Stromversorgung\/LB48V.png","_links":{"self":[{"href":"https:\/\/www.philippi-online.de\/fr\/wp-json\/wp\/v2\/product\/36822","targetHints":{"allow":["GET"]}}],"collection":[{"href":"https:\/\/www.philippi-online.de\/fr\/wp-json\/wp\/v2\/product"}],"about":[{"href":"https:\/\/www.philippi-online.de\/fr\/wp-json\/wp\/v2\/types\/product"}],"replies":[{"embeddable":true,"href":"https:\/\/www.philippi-online.de\/fr\/wp-json\/wp\/v2\/comments?post=36822"}],"version-history":[{"count":0,"href":"https:\/\/www.philippi-online.de\/fr\/wp-json\/wp\/v2\/product\/36822\/revisions"}],"wp:featuredmedia":[{"embeddable":true,"href":"https:\/\/www.philippi-online.de\/fr\/wp-json\/wp\/v2\/media\/52520"}],"wp:attachment":[{"href":"https:\/\/www.philippi-online.de\/fr\/wp-json\/wp\/v2\/media?parent=36822"}],"wp:term":[{"taxonomy":"product_brand","embeddable":true,"href":"https:\/\/www.philippi-online.de\/fr\/wp-json\/wp\/v2\/product_brand?post=36822"},{"taxonomy":"product_cat","embeddable":true,"href":"https:\/\/www.philippi-online.de\/fr\/wp-json\/wp\/v2\/product_cat?post=36822"},{"taxonomy":"product_tag","embeddable":true,"href":"https:\/\/www.philippi-online.de\/fr\/wp-json\/wp\/v2\/product_tag?post=36822"}],"curies":[{"name":"wp","href":"https:\/\/api.w.org\/{rel}","templated":true}]}}