{"id":36678,"date":"2021-07-13T11:28:20","date_gmt":"2021-07-13T09:28:20","guid":{"rendered":"https:\/\/staging.philippi-online.de\/produkt\/50-etiquettes-icon-blue-sea\/"},"modified":"2023-01-25T11:09:25","modified_gmt":"2023-01-25T10:09:25","slug":"50-etiquettes-icon-blue-sea","status":"publish","type":"product","link":"https:\/\/www.philippi-online.de\/fr\/produkt\/50-etiquettes-icon-blue-sea\/","title":{"rendered":"50 \u00e9tiquettes Icon (Blue Sea)"},"content":{"rendered":"<p>Etiquettes pour boutons-poussoirs<\/p>\n<ul>\n<li>50 \u00e9tiquettes ICON pour boutons-poussoirs r\u00e9tro\u00e9clair\u00e9s<\/li>\n<li>Mat\u00e9riau en polycarbonate r\u00e9sistant aux rayures<\/li>\n<li>Impression au verso et adh\u00e9sif \u00e9tanche pour une longue dur\u00e9e de vie en milieu humide<\/li>\n<\/ul>\n","protected":false},"excerpt":{"rendered":"<p>50 ICON-Etik pour boutons-poussoirs et interrupteurs 15A<\/p>\n","protected":false},"featured_media":22666,"comment_status":"closed","ping_status":"closed","template":"","meta":{"_acf_changed":false,"_monsterinsights_skip_tracking":false,"_monsterinsights_sitenote_active":false,"_monsterinsights_sitenote_note":"","_monsterinsights_sitenote_category":0},"product_brand":[],"product_cat":[1518,1519,1509,1510,1511],"product_tag":[],"class_list":{"0":"post-36678","1":"product","2":"type-product","3":"status-publish","4":"has-post-thumbnail","6":"product_cat-accessoires-stv-maritime","7":"product_cat-accessoires-stv-offroad-fr","8":"product_cat-distribution-electrique","9":"product_cat-distribution-electrique-maritime","10":"product_cat-distribution-electrique-offroad","11":"pa_marken-bluesea-fr","13":"first","14":"onbackorder","15":"taxable","16":"shipping-taxable","17":"purchasable","18":"product-type-simple"},"acf":[],"yoast_head":"<!-- This site is optimized with the Yoast SEO plugin v27.1.1 - https:\/\/yoast.com\/product\/yoast-seo-wordpress\/ -->\n<title>50 \u00e9tiquettes Icon (Blue Sea) | philippi elektrische systeme GmbH %<\/title>\n<meta name=\"description\" content=\"50 \u00e9tiquettes Icon (Blue Sea) |\" \/>\n<meta name=\"robots\" content=\"index, follow, max-snippet:-1, max-image-preview:large, max-video-preview:-1\" \/>\n<link rel=\"canonical\" href=\"https:\/\/www.philippi-online.de\/fr\/produkt\/50-etiquettes-icon-blue-sea\/\" \/>\n<meta property=\"og:locale\" content=\"fr_FR\" \/>\n<meta property=\"og:type\" content=\"article\" \/>\n<meta property=\"og:title\" content=\"50 \u00e9tiquettes Icon (Blue Sea) | philippi elektrische systeme GmbH %\" \/>\n<meta property=\"og:description\" content=\"50 \u00e9tiquettes Icon (Blue Sea) |\" \/>\n<meta property=\"og:url\" content=\"https:\/\/www.philippi-online.de\/fr\/produkt\/50-etiquettes-icon-blue-sea\/\" \/>\n<meta property=\"og:site_name\" content=\"philippi elektrische systeme GmbH\" \/>\n<meta property=\"article:modified_time\" content=\"2023-01-25T10:09:25+00:00\" \/>\n<meta property=\"og:image\" content=\"https:\/\/www.philippi-online.de\/wp-content\/uploads\/philippi\/Stromverteilung\/700104230.png\" \/>\n\t<meta property=\"og:image:width\" content=\"700\" \/>\n\t<meta property=\"og:image:height\" content=\"800\" \/>\n\t<meta property=\"og:image:type\" content=\"image\/png\" \/>\n<meta name=\"twitter:card\" content=\"summary_large_image\" \/>\n<script type=\"application\/ld+json\" class=\"yoast-schema-graph\">{\"@context\":\"https:\/\/schema.org\",\"@graph\":[{\"@type\":\"WebPage\",\"@id\":\"https:\/\/www.philippi-online.de\/fr\/produkt\/50-etiquettes-icon-blue-sea\/\",\"url\":\"https:\/\/www.philippi-online.de\/fr\/produkt\/50-etiquettes-icon-blue-sea\/\",\"name\":\"50 \u00e9tiquettes Icon (Blue Sea) | philippi elektrische systeme GmbH %\",\"isPartOf\":{\"@id\":\"https:\/\/www.philippi-online.de\/fr\/#website\"},\"primaryImageOfPage\":{\"@id\":\"https:\/\/www.philippi-online.de\/fr\/produkt\/50-etiquettes-icon-blue-sea\/#primaryimage\"},\"image\":{\"@id\":\"https:\/\/www.philippi-online.de\/fr\/produkt\/50-etiquettes-icon-blue-sea\/#primaryimage\"},\"thumbnailUrl\":\"https:\/\/www.philippi-online.de\/wp-content\/uploads\/philippi\/Stromverteilung\/700104230.png\",\"datePublished\":\"2021-07-13T09:28:20+00:00\",\"dateModified\":\"2023-01-25T10:09:25+00:00\",\"description\":\"50 \u00e9tiquettes Icon (Blue Sea) |\",\"breadcrumb\":{\"@id\":\"https:\/\/www.philippi-online.de\/fr\/produkt\/50-etiquettes-icon-blue-sea\/#breadcrumb\"},\"inLanguage\":\"fr-FR\",\"potentialAction\":[{\"@type\":\"ReadAction\",\"target\":[\"https:\/\/www.philippi-online.de\/fr\/produkt\/50-etiquettes-icon-blue-sea\/\"]}]},{\"@type\":\"ImageObject\",\"inLanguage\":\"fr-FR\",\"@id\":\"https:\/\/www.philippi-online.de\/fr\/produkt\/50-etiquettes-icon-blue-sea\/#primaryimage\",\"url\":\"https:\/\/www.philippi-online.de\/wp-content\/uploads\/philippi\/Stromverteilung\/700104230.png\",\"contentUrl\":\"https:\/\/www.philippi-online.de\/wp-content\/uploads\/philippi\/Stromverteilung\/700104230.png\",\"width\":700,\"height\":800,\"caption\":\"50 E\"},{\"@type\":\"BreadcrumbList\",\"@id\":\"https:\/\/www.philippi-online.de\/fr\/produkt\/50-etiquettes-icon-blue-sea\/#breadcrumb\",\"itemListElement\":[{\"@type\":\"ListItem\",\"position\":1,\"name\":\"Accueil\",\"item\":\"https:\/\/www.philippi-online.de\/fr\/\"},{\"@type\":\"ListItem\",\"position\":2,\"name\":\"Boutique\",\"item\":\"https:\/\/www.philippi-online.de\/fr\/boutique\/\"},{\"@type\":\"ListItem\",\"position\":3,\"name\":\"50 \u00e9tiquettes Icon (Blue Sea)\"}]},{\"@type\":\"WebSite\",\"@id\":\"https:\/\/www.philippi-online.de\/fr\/#website\",\"url\":\"https:\/\/www.philippi-online.de\/fr\/\",\"name\":\"philippi elektrische systeme GmbH\",\"description\":\"\",\"potentialAction\":[{\"@type\":\"SearchAction\",\"target\":{\"@type\":\"EntryPoint\",\"urlTemplate\":\"https:\/\/www.philippi-online.de\/fr\/?s={search_term_string}\"},\"query-input\":{\"@type\":\"PropertyValueSpecification\",\"valueRequired\":true,\"valueName\":\"search_term_string\"}}],\"inLanguage\":\"fr-FR\"}]}<\/script>\n<!-- \/ Yoast SEO plugin. -->","yoast_head_json":{"title":"50 \u00e9tiquettes Icon (Blue Sea) | philippi elektrische systeme GmbH %","description":"50 \u00e9tiquettes Icon (Blue Sea) |","robots":{"index":"index","follow":"follow","max-snippet":"max-snippet:-1","max-image-preview":"max-image-preview:large","max-video-preview":"max-video-preview:-1"},"canonical":"https:\/\/www.philippi-online.de\/fr\/produkt\/50-etiquettes-icon-blue-sea\/","og_locale":"fr_FR","og_type":"article","og_title":"50 \u00e9tiquettes Icon (Blue Sea) | philippi elektrische systeme GmbH %","og_description":"50 \u00e9tiquettes Icon (Blue Sea) |","og_url":"https:\/\/www.philippi-online.de\/fr\/produkt\/50-etiquettes-icon-blue-sea\/","og_site_name":"philippi elektrische systeme GmbH","article_modified_time":"2023-01-25T10:09:25+00:00","og_image":[{"width":700,"height":800,"url":"https:\/\/www.philippi-online.de\/wp-content\/uploads\/philippi\/Stromverteilung\/700104230.png","type":"image\/png"}],"twitter_card":"summary_large_image","schema":{"@context":"https:\/\/schema.org","@graph":[{"@type":"WebPage","@id":"https:\/\/www.philippi-online.de\/fr\/produkt\/50-etiquettes-icon-blue-sea\/","url":"https:\/\/www.philippi-online.de\/fr\/produkt\/50-etiquettes-icon-blue-sea\/","name":"50 \u00e9tiquettes Icon (Blue Sea) | philippi elektrische systeme GmbH %","isPartOf":{"@id":"https:\/\/www.philippi-online.de\/fr\/#website"},"primaryImageOfPage":{"@id":"https:\/\/www.philippi-online.de\/fr\/produkt\/50-etiquettes-icon-blue-sea\/#primaryimage"},"image":{"@id":"https:\/\/www.philippi-online.de\/fr\/produkt\/50-etiquettes-icon-blue-sea\/#primaryimage"},"thumbnailUrl":"https:\/\/www.philippi-online.de\/wp-content\/uploads\/philippi\/Stromverteilung\/700104230.png","datePublished":"2021-07-13T09:28:20+00:00","dateModified":"2023-01-25T10:09:25+00:00","description":"50 \u00e9tiquettes Icon (Blue Sea) |","breadcrumb":{"@id":"https:\/\/www.philippi-online.de\/fr\/produkt\/50-etiquettes-icon-blue-sea\/#breadcrumb"},"inLanguage":"fr-FR","potentialAction":[{"@type":"ReadAction","target":["https:\/\/www.philippi-online.de\/fr\/produkt\/50-etiquettes-icon-blue-sea\/"]}]},{"@type":"ImageObject","inLanguage":"fr-FR","@id":"https:\/\/www.philippi-online.de\/fr\/produkt\/50-etiquettes-icon-blue-sea\/#primaryimage","url":"https:\/\/www.philippi-online.de\/wp-content\/uploads\/philippi\/Stromverteilung\/700104230.png","contentUrl":"https:\/\/www.philippi-online.de\/wp-content\/uploads\/philippi\/Stromverteilung\/700104230.png","width":700,"height":800,"caption":"50 E"},{"@type":"BreadcrumbList","@id":"https:\/\/www.philippi-online.de\/fr\/produkt\/50-etiquettes-icon-blue-sea\/#breadcrumb","itemListElement":[{"@type":"ListItem","position":1,"name":"Accueil","item":"https:\/\/www.philippi-online.de\/fr\/"},{"@type":"ListItem","position":2,"name":"Boutique","item":"https:\/\/www.philippi-online.de\/fr\/boutique\/"},{"@type":"ListItem","position":3,"name":"50 \u00e9tiquettes Icon (Blue Sea)"}]},{"@type":"WebSite","@id":"https:\/\/www.philippi-online.de\/fr\/#website","url":"https:\/\/www.philippi-online.de\/fr\/","name":"philippi elektrische systeme GmbH","description":"","potentialAction":[{"@type":"SearchAction","target":{"@type":"EntryPoint","urlTemplate":"https:\/\/www.philippi-online.de\/fr\/?s={search_term_string}"},"query-input":{"@type":"PropertyValueSpecification","valueRequired":true,"valueName":"search_term_string"}}],"inLanguage":"fr-FR"}]}},"df_price":18.45,"df_sale_price":"","df_regular_price":18.45,"df_image_link":"https:\/\/www.philippi-online.de\/wp-content\/uploads\/philippi\/Stromverteilung\/700104230-263x300.png","_links":{"self":[{"href":"https:\/\/www.philippi-online.de\/fr\/wp-json\/wp\/v2\/product\/36678","targetHints":{"allow":["GET"]}}],"collection":[{"href":"https:\/\/www.philippi-online.de\/fr\/wp-json\/wp\/v2\/product"}],"about":[{"href":"https:\/\/www.philippi-online.de\/fr\/wp-json\/wp\/v2\/types\/product"}],"replies":[{"embeddable":true,"href":"https:\/\/www.philippi-online.de\/fr\/wp-json\/wp\/v2\/comments?post=36678"}],"version-history":[{"count":0,"href":"https:\/\/www.philippi-online.de\/fr\/wp-json\/wp\/v2\/product\/36678\/revisions"}],"wp:featuredmedia":[{"embeddable":true,"href":"https:\/\/www.philippi-online.de\/fr\/wp-json\/wp\/v2\/media\/22666"}],"wp:attachment":[{"href":"https:\/\/www.philippi-online.de\/fr\/wp-json\/wp\/v2\/media?parent=36678"}],"wp:term":[{"taxonomy":"product_brand","embeddable":true,"href":"https:\/\/www.philippi-online.de\/fr\/wp-json\/wp\/v2\/product_brand?post=36678"},{"taxonomy":"product_cat","embeddable":true,"href":"https:\/\/www.philippi-online.de\/fr\/wp-json\/wp\/v2\/product_cat?post=36678"},{"taxonomy":"product_tag","embeddable":true,"href":"https:\/\/www.philippi-online.de\/fr\/wp-json\/wp\/v2\/product_tag?post=36678"}],"curies":[{"name":"wp","href":"https:\/\/api.w.org\/{rel}","templated":true}]}}