{"id":36663,"date":"2021-07-13T11:28:42","date_gmt":"2021-07-13T09:28:42","guid":{"rendered":"https:\/\/staging.philippi-online.de\/produkt\/chargeur-batterielink-12vdc-10a-euro\/"},"modified":"2023-01-25T11:11:35","modified_gmt":"2023-01-25T10:11:35","slug":"chargeur-batterielink-12vdc-10a-euro","status":"publish","type":"product","link":"https:\/\/www.philippi-online.de\/fr\/produkt\/chargeur-batterielink-12vdc-10a-euro\/","title":{"rendered":"Chargeur BatterieLink 12VDC 10A-Euro"},"content":{"rendered":"\t\t<div data-elementor-type=\"wp-post\" data-elementor-id=\"36663\" class=\"elementor elementor-36663\" data-elementor-post-type=\"product\">\n\t\t\t\t\t\t<section class=\"wd-negative-gap elementor-section elementor-top-section elementor-element elementor-element-4889963a elementor-section-boxed elementor-section-height-default elementor-section-height-default\" data-id=\"4889963a\" data-element_type=\"section\" data-e-type=\"section\">\n\t\t\t\t\t\t<div class=\"elementor-container elementor-column-gap-default\">\n\t\t\t\t\t<div class=\"elementor-column elementor-col-50 elementor-top-column elementor-element elementor-element-7344d546\" data-id=\"7344d546\" data-element_type=\"column\" data-e-type=\"column\">\n\t\t\t<div class=\"elementor-widget-wrap elementor-element-populated\">\n\t\t\t\t\t\t<div class=\"elementor-element elementor-element-5b34618e color-scheme-inherit text-left elementor-widget elementor-widget-text-editor\" data-id=\"5b34618e\" data-element_type=\"widget\" data-e-type=\"widget\" data-widget_type=\"text-editor.default\">\n\t\t\t\t<div class=\"elementor-widget-container\">\n\t\t\t\t\t\t\t\t\t<p>Chargeur de batterie 12 V \/ 10 A prot\u00e9g\u00e9 contre l&rsquo;eau avec relais de coupure 65 A (ACR) int\u00e9gr\u00e9 command\u00e9 par la tension.<\/p>\n<p>En cas de raccordement au courant de quai, deux bancs de batteries sont charg\u00e9s par le chargeur AC 10 A int\u00e9gr\u00e9 avec une courbe caract\u00e9ristique \u00e0 3 niveaux.<br \/>\nLorsque le v\u00e9hicule est au moteur, la batterie de service est charg\u00e9e par l&rsquo;alternateur en m\u00eame temps que la batterie de d\u00e9marrage, gr\u00e2ce au relais de coupure de 65 A int\u00e9gr\u00e9.<br \/>\nCompensation de la temp\u00e9rature de la batterie pour une longue dur\u00e9e de vie de la batterie<br \/>\nIsolation de d\u00e9marrage prot\u00e8ge votre \u00e9lectronique sensible contre les chutes de tension et les pics de tension<br \/>\nIndicateur \u00e0 distance par LED, pour surveiller la fonction de charge depuis le tableau de bord ou le panneau de commande, inclus dans la livraison<br \/>\nContacts solides et inoxydables avec couvercles de contact snap-on comme protection contre les contacts accidentels<\/p>\n<p>&#8211; Courant de charge du chargeur max. 10 A<br \/>\n&#8211; Tension de sortie nominale 12 V DC<br \/>\n&#8211; Sorties de charge 2<br \/>\n&#8211; Relais de s\u00e9paration charge permanente 65 A<br \/>\n&#8211; Relais d&rsquo;isolation charge de pointe 115 A<br \/>\n&#8211; Tension d&rsquo;entr\u00e9e AC 90 &#8211; 265 V AC<br \/>\n&#8211; Fr\u00e9quence d&rsquo;entr\u00e9e AC 50 \/ 60 Hz<br \/>\n&#8211; Tension de charge Float 13,5 V DC<br \/>\n&#8211; Types de batterie AGM, humide, TPPL<br \/>\n&#8211; Relais d&rsquo;isolation \u00e0 consommation propre 10 mA (ouvert) \/ 60 mA (ferm\u00e9)<br \/>\n&#8211; Capacit\u00e9 de batterie recommand\u00e9e min. 60 Ah<br \/>\n&#8211; Seuil de commutation fermeture (30 sec.) 13,6 V DC ; (2 min.) 13,0 V DC<br \/>\n&#8211; D\u00e9connecter le seuil de commutation (10 sec.) 12,35 V DC ; (30 sec.) 12,75 V DC<br \/>\n&#8211; \u00c9tanche aux projections d&rsquo;eau IP67<br \/>\n&#8211; Dimensions (LxHxP) 169 x 111 x 54 mm<br \/>\n&#8211; C\u00e2ble de raccordement de 1,8 m 230 Volt avec fiche \u00e0 contact de protection<\/p>\n\t\t\t\t\t\t\t\t<\/div>\n\t\t\t\t<\/div>\n\t\t\t\t\t<\/div>\n\t\t<\/div>\n\t\t\t\t<div class=\"elementor-column elementor-col-50 elementor-top-column elementor-element elementor-element-3d60d01\" data-id=\"3d60d01\" data-element_type=\"column\" data-e-type=\"column\">\n\t\t\t<div class=\"elementor-widget-wrap elementor-element-populated\">\n\t\t\t\t\t\t<div class=\"elementor-element elementor-element-a388eaa elementor-position-inline-start elementor-view-default elementor-mobile-position-block-start elementor-widget elementor-widget-icon-box\" data-id=\"a388eaa\" data-element_type=\"widget\" data-e-type=\"widget\" data-widget_type=\"icon-box.default\">\n\t\t\t\t<div class=\"elementor-widget-container\">\n\t\t\t\t\t\t\t<div class=\"elementor-icon-box-wrapper\">\n\n\t\t\t\t\t\t<div class=\"elementor-icon-box-icon\">\n\t\t\t\t<a href=\"\/wp-content\/uploads\/philippi\/Info\/7604.pdf\" target=\"_blank\" class=\"elementor-icon\" tabindex=\"-1\" aria-label=\"&lt;p&gt;Plus d&#039;informations&lt;\/p&gt;\">\n\t\t\t\t<svg aria-hidden=\"true\" class=\"e-font-icon-svg e-far-file-pdf\" viewBox=\"0 0 384 512\" xmlns=\"http:\/\/www.w3.org\/2000\/svg\"><path d=\"M369.9 97.9L286 14C277 5 264.8-.1 252.1-.1H48C21.5 0 0 21.5 0 48v416c0 26.5 21.5 48 48 48h288c26.5 0 48-21.5 48-48V131.9c0-12.7-5.1-25-14.1-34zM332.1 128H256V51.9l76.1 76.1zM48 464V48h160v104c0 13.3 10.7 24 24 24h104v288H48zm250.2-143.7c-12.2-12-47-8.7-64.4-6.5-17.2-10.5-28.7-25-36.8-46.3 3.9-16.1 10.1-40.6 5.4-56-4.2-26.2-37.8-23.6-42.6-5.9-4.4 16.1-.4 38.5 7 67.1-10 23.9-24.9 56-35.4 74.4-20 10.3-47 26.2-51 46.2-3.3 15.8 26 55.2 76.1-31.2 22.4-7.4 46.8-16.5 68.4-20.1 18.9 10.2 41 17 55.8 17 25.5 0 28-28.2 17.5-38.7zm-198.1 77.8c5.1-13.7 24.5-29.5 30.4-35-19 30.3-30.4 35.7-30.4 35zm81.6-190.6c7.4 0 6.7 32.1 1.8 40.8-4.4-13.9-4.3-40.8-1.8-40.8zm-24.4 136.6c9.7-16.9 18-37 24.7-54.7 8.3 15.1 18.9 27.2 30.1 35.5-20.8 4.3-38.9 13.1-54.8 19.2zm131.6-5s-5 6-37.3-7.8c35.1-2.6 40.9 5.4 37.3 7.8z\"><\/path><\/svg>\t\t\t\t<\/a>\n\t\t\t<\/div>\n\t\t\t\n\t\t\t\t\t\t<div class=\"elementor-icon-box-content\">\n\n\t\t\t\t\t\t\t\t\t<p class=\"elementor-icon-box-title\">\n\t\t\t\t\t\t<a href=\"\/wp-content\/uploads\/philippi\/Info\/7604.pdf\" target=\"_blank\" >\n\t\t\t\t\t\t\t<p>Plus d'informations<\/p>\t\t\t\t\t\t<\/a>\n\t\t\t\t\t<\/p>\n\t\t\t\t\n\t\t\t\t\n\t\t\t<\/div>\n\t\t\t\n\t\t<\/div>\n\t\t\t\t\t\t<\/div>\n\t\t\t\t<\/div>\n\t\t\t\t\t<\/div>\n\t\t<\/div>\n\t\t\t\t\t<\/div>\n\t\t<\/section>\n\t\t\t\t<\/div>\n\t\t","protected":false},"excerpt":{"rendered":"<p>Chargeur de batterie 12 V \/ 10 A prot\u00e9g\u00e9 contre l&rsquo;eau, relais de coupure 65 A<\/p>\n","protected":false},"featured_media":22344,"comment_status":"closed","ping_status":"closed","template":"","meta":{"_acf_changed":false,"_monsterinsights_skip_tracking":false,"_monsterinsights_sitenote_active":false,"_monsterinsights_sitenote_note":"","_monsterinsights_sitenote_category":0},"product_brand":[],"product_cat":[1426,1428,1443,1445,1430],"product_tag":[],"class_list":{"0":"post-36663","1":"product","2":"type-product","3":"status-publish","4":"has-post-thumbnail","6":"product_cat-alimentation","7":"product_cat-alimentation-maritime","8":"product_cat-alimentation-offroad","9":"product_cat-chargeurs-de-batteries-offroad","10":"product_cat-chargeurs-de-batteries-ace-maritime","11":"pa_marken-philippi-fr","13":"first","14":"instock","15":"taxable","16":"shipping-taxable","17":"purchasable","18":"product-type-simple"},"acf":[],"yoast_head":"<!-- This site is optimized with the Yoast SEO plugin v27.1.1 - https:\/\/yoast.com\/product\/yoast-seo-wordpress\/ -->\n<title>Chargeur BatterieLink 12VDC 10A-Euro | philippi elektrische systeme GmbH %<\/title>\n<meta name=\"description\" content=\"Chargeur BatterieLink 12VDC 10A-Euro |\" \/>\n<meta name=\"robots\" content=\"index, follow, max-snippet:-1, max-image-preview:large, max-video-preview:-1\" \/>\n<link rel=\"canonical\" href=\"https:\/\/www.philippi-online.de\/fr\/produkt\/chargeur-batterielink-12vdc-10a-euro\/\" \/>\n<meta property=\"og:locale\" content=\"fr_FR\" \/>\n<meta property=\"og:type\" content=\"article\" \/>\n<meta property=\"og:title\" content=\"Chargeur BatterieLink 12VDC 10A-Euro | philippi elektrische systeme GmbH %\" \/>\n<meta property=\"og:description\" content=\"Chargeur BatterieLink 12VDC 10A-Euro |\" \/>\n<meta property=\"og:url\" content=\"https:\/\/www.philippi-online.de\/fr\/produkt\/chargeur-batterielink-12vdc-10a-euro\/\" \/>\n<meta property=\"og:site_name\" content=\"philippi elektrische systeme GmbH\" \/>\n<meta property=\"article:modified_time\" content=\"2023-01-25T10:11:35+00:00\" \/>\n<meta property=\"og:image\" content=\"https:\/\/www.philippi-online.de\/wp-content\/uploads\/philippi\/Stromversorgung\/700107604.png\" \/>\n\t<meta property=\"og:image:width\" content=\"700\" \/>\n\t<meta property=\"og:image:height\" content=\"800\" \/>\n\t<meta property=\"og:image:type\" content=\"image\/png\" \/>\n<meta name=\"twitter:card\" content=\"summary_large_image\" \/>\n<meta name=\"twitter:label1\" content=\"Dur\u00e9e de lecture estim\u00e9e\" \/>\n\t<meta name=\"twitter:data1\" content=\"1 minute\" \/>\n<script type=\"application\/ld+json\" class=\"yoast-schema-graph\">{\"@context\":\"https:\/\/schema.org\",\"@graph\":[{\"@type\":\"WebPage\",\"@id\":\"https:\/\/www.philippi-online.de\/fr\/produkt\/chargeur-batterielink-12vdc-10a-euro\/\",\"url\":\"https:\/\/www.philippi-online.de\/fr\/produkt\/chargeur-batterielink-12vdc-10a-euro\/\",\"name\":\"Chargeur BatterieLink 12VDC 10A-Euro | philippi elektrische systeme GmbH %\",\"isPartOf\":{\"@id\":\"https:\/\/www.philippi-online.de\/fr\/#website\"},\"primaryImageOfPage\":{\"@id\":\"https:\/\/www.philippi-online.de\/fr\/produkt\/chargeur-batterielink-12vdc-10a-euro\/#primaryimage\"},\"image\":{\"@id\":\"https:\/\/www.philippi-online.de\/fr\/produkt\/chargeur-batterielink-12vdc-10a-euro\/#primaryimage\"},\"thumbnailUrl\":\"https:\/\/www.philippi-online.de\/wp-content\/uploads\/philippi\/Stromversorgung\/700107604.png\",\"datePublished\":\"2021-07-13T09:28:42+00:00\",\"dateModified\":\"2023-01-25T10:11:35+00:00\",\"description\":\"Chargeur BatterieLink 12VDC 10A-Euro |\",\"breadcrumb\":{\"@id\":\"https:\/\/www.philippi-online.de\/fr\/produkt\/chargeur-batterielink-12vdc-10a-euro\/#breadcrumb\"},\"inLanguage\":\"fr-FR\",\"potentialAction\":[{\"@type\":\"ReadAction\",\"target\":[\"https:\/\/www.philippi-online.de\/fr\/produkt\/chargeur-batterielink-12vdc-10a-euro\/\"]}]},{\"@type\":\"ImageObject\",\"inLanguage\":\"fr-FR\",\"@id\":\"https:\/\/www.philippi-online.de\/fr\/produkt\/chargeur-batterielink-12vdc-10a-euro\/#primaryimage\",\"url\":\"https:\/\/www.philippi-online.de\/wp-content\/uploads\/philippi\/Stromversorgung\/700107604.png\",\"contentUrl\":\"https:\/\/www.philippi-online.de\/wp-content\/uploads\/philippi\/Stromversorgung\/700107604.png\",\"width\":700,\"height\":800},{\"@type\":\"BreadcrumbList\",\"@id\":\"https:\/\/www.philippi-online.de\/fr\/produkt\/chargeur-batterielink-12vdc-10a-euro\/#breadcrumb\",\"itemListElement\":[{\"@type\":\"ListItem\",\"position\":1,\"name\":\"Accueil\",\"item\":\"https:\/\/www.philippi-online.de\/fr\/\"},{\"@type\":\"ListItem\",\"position\":2,\"name\":\"Boutique\",\"item\":\"https:\/\/www.philippi-online.de\/fr\/boutique\/\"},{\"@type\":\"ListItem\",\"position\":3,\"name\":\"Chargeur BatterieLink 12VDC 10A-Euro\"}]},{\"@type\":\"WebSite\",\"@id\":\"https:\/\/www.philippi-online.de\/fr\/#website\",\"url\":\"https:\/\/www.philippi-online.de\/fr\/\",\"name\":\"philippi elektrische systeme GmbH\",\"description\":\"\",\"potentialAction\":[{\"@type\":\"SearchAction\",\"target\":{\"@type\":\"EntryPoint\",\"urlTemplate\":\"https:\/\/www.philippi-online.de\/fr\/?s={search_term_string}\"},\"query-input\":{\"@type\":\"PropertyValueSpecification\",\"valueRequired\":true,\"valueName\":\"search_term_string\"}}],\"inLanguage\":\"fr-FR\"}]}<\/script>\n<!-- \/ Yoast SEO plugin. -->","yoast_head_json":{"title":"Chargeur BatterieLink 12VDC 10A-Euro | philippi elektrische systeme GmbH %","description":"Chargeur BatterieLink 12VDC 10A-Euro |","robots":{"index":"index","follow":"follow","max-snippet":"max-snippet:-1","max-image-preview":"max-image-preview:large","max-video-preview":"max-video-preview:-1"},"canonical":"https:\/\/www.philippi-online.de\/fr\/produkt\/chargeur-batterielink-12vdc-10a-euro\/","og_locale":"fr_FR","og_type":"article","og_title":"Chargeur BatterieLink 12VDC 10A-Euro | philippi elektrische systeme GmbH %","og_description":"Chargeur BatterieLink 12VDC 10A-Euro |","og_url":"https:\/\/www.philippi-online.de\/fr\/produkt\/chargeur-batterielink-12vdc-10a-euro\/","og_site_name":"philippi elektrische systeme GmbH","article_modified_time":"2023-01-25T10:11:35+00:00","og_image":[{"width":700,"height":800,"url":"https:\/\/www.philippi-online.de\/wp-content\/uploads\/philippi\/Stromversorgung\/700107604.png","type":"image\/png"}],"twitter_card":"summary_large_image","twitter_misc":{"Dur\u00e9e de lecture estim\u00e9e":"1 minute"},"schema":{"@context":"https:\/\/schema.org","@graph":[{"@type":"WebPage","@id":"https:\/\/www.philippi-online.de\/fr\/produkt\/chargeur-batterielink-12vdc-10a-euro\/","url":"https:\/\/www.philippi-online.de\/fr\/produkt\/chargeur-batterielink-12vdc-10a-euro\/","name":"Chargeur BatterieLink 12VDC 10A-Euro | philippi elektrische systeme GmbH %","isPartOf":{"@id":"https:\/\/www.philippi-online.de\/fr\/#website"},"primaryImageOfPage":{"@id":"https:\/\/www.philippi-online.de\/fr\/produkt\/chargeur-batterielink-12vdc-10a-euro\/#primaryimage"},"image":{"@id":"https:\/\/www.philippi-online.de\/fr\/produkt\/chargeur-batterielink-12vdc-10a-euro\/#primaryimage"},"thumbnailUrl":"https:\/\/www.philippi-online.de\/wp-content\/uploads\/philippi\/Stromversorgung\/700107604.png","datePublished":"2021-07-13T09:28:42+00:00","dateModified":"2023-01-25T10:11:35+00:00","description":"Chargeur BatterieLink 12VDC 10A-Euro |","breadcrumb":{"@id":"https:\/\/www.philippi-online.de\/fr\/produkt\/chargeur-batterielink-12vdc-10a-euro\/#breadcrumb"},"inLanguage":"fr-FR","potentialAction":[{"@type":"ReadAction","target":["https:\/\/www.philippi-online.de\/fr\/produkt\/chargeur-batterielink-12vdc-10a-euro\/"]}]},{"@type":"ImageObject","inLanguage":"fr-FR","@id":"https:\/\/www.philippi-online.de\/fr\/produkt\/chargeur-batterielink-12vdc-10a-euro\/#primaryimage","url":"https:\/\/www.philippi-online.de\/wp-content\/uploads\/philippi\/Stromversorgung\/700107604.png","contentUrl":"https:\/\/www.philippi-online.de\/wp-content\/uploads\/philippi\/Stromversorgung\/700107604.png","width":700,"height":800},{"@type":"BreadcrumbList","@id":"https:\/\/www.philippi-online.de\/fr\/produkt\/chargeur-batterielink-12vdc-10a-euro\/#breadcrumb","itemListElement":[{"@type":"ListItem","position":1,"name":"Accueil","item":"https:\/\/www.philippi-online.de\/fr\/"},{"@type":"ListItem","position":2,"name":"Boutique","item":"https:\/\/www.philippi-online.de\/fr\/boutique\/"},{"@type":"ListItem","position":3,"name":"Chargeur BatterieLink 12VDC 10A-Euro"}]},{"@type":"WebSite","@id":"https:\/\/www.philippi-online.de\/fr\/#website","url":"https:\/\/www.philippi-online.de\/fr\/","name":"philippi elektrische systeme GmbH","description":"","potentialAction":[{"@type":"SearchAction","target":{"@type":"EntryPoint","urlTemplate":"https:\/\/www.philippi-online.de\/fr\/?s={search_term_string}"},"query-input":{"@type":"PropertyValueSpecification","valueRequired":true,"valueName":"search_term_string"}}],"inLanguage":"fr-FR"}]}},"df_price":303.81,"df_sale_price":"","df_regular_price":303.81,"df_image_link":"https:\/\/www.philippi-online.de\/wp-content\/uploads\/philippi\/Stromversorgung\/700107604-263x300.png","_links":{"self":[{"href":"https:\/\/www.philippi-online.de\/fr\/wp-json\/wp\/v2\/product\/36663","targetHints":{"allow":["GET"]}}],"collection":[{"href":"https:\/\/www.philippi-online.de\/fr\/wp-json\/wp\/v2\/product"}],"about":[{"href":"https:\/\/www.philippi-online.de\/fr\/wp-json\/wp\/v2\/types\/product"}],"replies":[{"embeddable":true,"href":"https:\/\/www.philippi-online.de\/fr\/wp-json\/wp\/v2\/comments?post=36663"}],"version-history":[{"count":0,"href":"https:\/\/www.philippi-online.de\/fr\/wp-json\/wp\/v2\/product\/36663\/revisions"}],"wp:featuredmedia":[{"embeddable":true,"href":"https:\/\/www.philippi-online.de\/fr\/wp-json\/wp\/v2\/media\/22344"}],"wp:attachment":[{"href":"https:\/\/www.philippi-online.de\/fr\/wp-json\/wp\/v2\/media?parent=36663"}],"wp:term":[{"taxonomy":"product_brand","embeddable":true,"href":"https:\/\/www.philippi-online.de\/fr\/wp-json\/wp\/v2\/product_brand?post=36663"},{"taxonomy":"product_cat","embeddable":true,"href":"https:\/\/www.philippi-online.de\/fr\/wp-json\/wp\/v2\/product_cat?post=36663"},{"taxonomy":"product_tag","embeddable":true,"href":"https:\/\/www.philippi-online.de\/fr\/wp-json\/wp\/v2\/product_tag?post=36663"}],"curies":[{"name":"wp","href":"https:\/\/api.w.org\/{rel}","templated":true}]}}