{"id":36662,"date":"2021-07-13T11:28:43","date_gmt":"2021-07-13T09:28:43","guid":{"rendered":"https:\/\/staging.philippi-online.de\/produkt\/chargeur-batterylink-bs-7607\/"},"modified":"2023-01-25T11:11:49","modified_gmt":"2023-01-25T10:11:49","slug":"chargeur-batterylink-bs-7607","status":"publish","type":"product","link":"https:\/\/www.philippi-online.de\/fr\/produkt\/chargeur-batterylink-bs-7607\/","title":{"rendered":"Chargeur BatteryLink BS 7607"},"content":{"rendered":"<p>Avec le chargeur BatteryLink\u00ae, vous pouvez facilement charger deux batteries. Que vous soyez au port ou en d\u00e9placement. Cela est possible gr\u00e2ce \u00e0 un relais de s\u00e9paration (ACR) int\u00e9gr\u00e9 dans le chargeur, qui commute en fonction de la tension et de mani\u00e8re temporis\u00e9e.<\/p>\n<p>En dehors du port, le courant de l&rsquo;alternateur est r\u00e9parti entre la batterie de d\u00e9marrage et la batterie secondaire via l&rsquo;ACR 170A int\u00e9gr\u00e9.<br \/>\nCompensation de la temp\u00e9rature de la batterie pour une charge optimale de la batterie. <br \/>\nIndicateur \u00e0 distance LED, c\u00e2ble d&rsquo;alimentation et sonde de temp\u00e9rature inclus. <\/p>\n<p>Caract\u00e9ristiques :<\/p>\n<table style=\"border-collapse: collapse; width: 60.2694%;\">\n<tbody>\n<tr>\n<td style=\"width: 45.6229%;\">Courant de charge<\/td>\n<td style=\"width: 14.6465%;\">20A<\/td>\n<\/tr>\n<tr>\n<td style=\"width: 45.6229%;\">Tension nominale<\/td>\n<td style=\"width: 14.6465%;\">12V DC<\/td>\n<\/tr>\n<tr>\n<td style=\"width: 45.6229%;\">recommand\u00e9. Capacit\u00e9 de la batterie<\/td>\n<td style=\"width: 14.6465%;\">100-200A<\/td>\n<\/tr>\n<\/tbody>\n<\/table>\n","protected":false},"excerpt":{"rendered":"<p>Chargeur pour charger deux batteries<\/p>\n","protected":false},"featured_media":22346,"comment_status":"closed","ping_status":"closed","template":"","meta":{"_acf_changed":false,"_monsterinsights_skip_tracking":false,"_monsterinsights_sitenote_active":false,"_monsterinsights_sitenote_note":"","_monsterinsights_sitenote_category":0},"product_brand":[],"product_cat":[1426,1428,1443,1434,1451],"product_tag":[],"class_list":{"0":"post-36662","1":"product","2":"type-product","3":"status-publish","4":"has-post-thumbnail","6":"product_cat-alimentation","7":"product_cat-alimentation-maritime","8":"product_cat-alimentation-offroad","9":"product_cat-repartiteurs-de-charges-maritime","10":"product_cat-repartiteurs-de-charges-offroad","11":"pa_marken-bluesea-fr","13":"first","14":"onbackorder","15":"taxable","16":"shipping-taxable","17":"purchasable","18":"product-type-simple"},"acf":[],"yoast_head":"<!-- This site is optimized with the Yoast SEO plugin v27.1.1 - https:\/\/yoast.com\/product\/yoast-seo-wordpress\/ -->\n<title>Chargeur BatteryLink BS 7607 | philippi elektrische systeme GmbH %<\/title>\n<meta name=\"description\" content=\"Chargeur BatteryLink BS 7607 |\" \/>\n<meta name=\"robots\" content=\"index, follow, max-snippet:-1, max-image-preview:large, max-video-preview:-1\" \/>\n<link rel=\"canonical\" href=\"https:\/\/www.philippi-online.de\/fr\/produkt\/chargeur-batterylink-bs-7607\/\" \/>\n<meta property=\"og:locale\" content=\"fr_FR\" \/>\n<meta property=\"og:type\" content=\"article\" \/>\n<meta property=\"og:title\" content=\"Chargeur BatteryLink BS 7607 | philippi elektrische systeme GmbH %\" \/>\n<meta property=\"og:description\" content=\"Chargeur BatteryLink BS 7607 |\" \/>\n<meta property=\"og:url\" content=\"https:\/\/www.philippi-online.de\/fr\/produkt\/chargeur-batterylink-bs-7607\/\" \/>\n<meta property=\"og:site_name\" content=\"philippi elektrische systeme GmbH\" \/>\n<meta property=\"article:modified_time\" content=\"2023-01-25T10:11:49+00:00\" \/>\n<meta property=\"og:image\" content=\"https:\/\/www.philippi-online.de\/wp-content\/uploads\/philippi\/Stromversorgung\/700107607.png\" \/>\n\t<meta property=\"og:image:width\" content=\"700\" \/>\n\t<meta property=\"og:image:height\" content=\"800\" \/>\n\t<meta property=\"og:image:type\" content=\"image\/png\" \/>\n<meta name=\"twitter:card\" content=\"summary_large_image\" \/>\n<meta name=\"twitter:label1\" content=\"Dur\u00e9e de lecture estim\u00e9e\" \/>\n\t<meta name=\"twitter:data1\" content=\"1 minute\" \/>\n<script type=\"application\/ld+json\" class=\"yoast-schema-graph\">{\"@context\":\"https:\/\/schema.org\",\"@graph\":[{\"@type\":\"WebPage\",\"@id\":\"https:\/\/www.philippi-online.de\/fr\/produkt\/chargeur-batterylink-bs-7607\/\",\"url\":\"https:\/\/www.philippi-online.de\/fr\/produkt\/chargeur-batterylink-bs-7607\/\",\"name\":\"Chargeur BatteryLink BS 7607 | philippi elektrische systeme GmbH %\",\"isPartOf\":{\"@id\":\"https:\/\/www.philippi-online.de\/fr\/#website\"},\"primaryImageOfPage\":{\"@id\":\"https:\/\/www.philippi-online.de\/fr\/produkt\/chargeur-batterylink-bs-7607\/#primaryimage\"},\"image\":{\"@id\":\"https:\/\/www.philippi-online.de\/fr\/produkt\/chargeur-batterylink-bs-7607\/#primaryimage\"},\"thumbnailUrl\":\"https:\/\/www.philippi-online.de\/wp-content\/uploads\/philippi\/Stromversorgung\/700107607.png\",\"datePublished\":\"2021-07-13T09:28:43+00:00\",\"dateModified\":\"2023-01-25T10:11:49+00:00\",\"description\":\"Chargeur BatteryLink BS 7607 |\",\"breadcrumb\":{\"@id\":\"https:\/\/www.philippi-online.de\/fr\/produkt\/chargeur-batterylink-bs-7607\/#breadcrumb\"},\"inLanguage\":\"fr-FR\",\"potentialAction\":[{\"@type\":\"ReadAction\",\"target\":[\"https:\/\/www.philippi-online.de\/fr\/produkt\/chargeur-batterylink-bs-7607\/\"]}]},{\"@type\":\"ImageObject\",\"inLanguage\":\"fr-FR\",\"@id\":\"https:\/\/www.philippi-online.de\/fr\/produkt\/chargeur-batterylink-bs-7607\/#primaryimage\",\"url\":\"https:\/\/www.philippi-online.de\/wp-content\/uploads\/philippi\/Stromversorgung\/700107607.png\",\"contentUrl\":\"https:\/\/www.philippi-online.de\/wp-content\/uploads\/philippi\/Stromversorgung\/700107607.png\",\"width\":700,\"height\":800},{\"@type\":\"BreadcrumbList\",\"@id\":\"https:\/\/www.philippi-online.de\/fr\/produkt\/chargeur-batterylink-bs-7607\/#breadcrumb\",\"itemListElement\":[{\"@type\":\"ListItem\",\"position\":1,\"name\":\"Accueil\",\"item\":\"https:\/\/www.philippi-online.de\/fr\/\"},{\"@type\":\"ListItem\",\"position\":2,\"name\":\"Boutique\",\"item\":\"https:\/\/www.philippi-online.de\/fr\/boutique\/\"},{\"@type\":\"ListItem\",\"position\":3,\"name\":\"Chargeur BatteryLink BS 7607\"}]},{\"@type\":\"WebSite\",\"@id\":\"https:\/\/www.philippi-online.de\/fr\/#website\",\"url\":\"https:\/\/www.philippi-online.de\/fr\/\",\"name\":\"philippi elektrische systeme GmbH\",\"description\":\"\",\"potentialAction\":[{\"@type\":\"SearchAction\",\"target\":{\"@type\":\"EntryPoint\",\"urlTemplate\":\"https:\/\/www.philippi-online.de\/fr\/?s={search_term_string}\"},\"query-input\":{\"@type\":\"PropertyValueSpecification\",\"valueRequired\":true,\"valueName\":\"search_term_string\"}}],\"inLanguage\":\"fr-FR\"}]}<\/script>\n<!-- \/ Yoast SEO plugin. -->","yoast_head_json":{"title":"Chargeur BatteryLink BS 7607 | philippi elektrische systeme GmbH %","description":"Chargeur BatteryLink BS 7607 |","robots":{"index":"index","follow":"follow","max-snippet":"max-snippet:-1","max-image-preview":"max-image-preview:large","max-video-preview":"max-video-preview:-1"},"canonical":"https:\/\/www.philippi-online.de\/fr\/produkt\/chargeur-batterylink-bs-7607\/","og_locale":"fr_FR","og_type":"article","og_title":"Chargeur BatteryLink BS 7607 | philippi elektrische systeme GmbH %","og_description":"Chargeur BatteryLink BS 7607 |","og_url":"https:\/\/www.philippi-online.de\/fr\/produkt\/chargeur-batterylink-bs-7607\/","og_site_name":"philippi elektrische systeme GmbH","article_modified_time":"2023-01-25T10:11:49+00:00","og_image":[{"width":700,"height":800,"url":"https:\/\/www.philippi-online.de\/wp-content\/uploads\/philippi\/Stromversorgung\/700107607.png","type":"image\/png"}],"twitter_card":"summary_large_image","twitter_misc":{"Dur\u00e9e de lecture estim\u00e9e":"1 minute"},"schema":{"@context":"https:\/\/schema.org","@graph":[{"@type":"WebPage","@id":"https:\/\/www.philippi-online.de\/fr\/produkt\/chargeur-batterylink-bs-7607\/","url":"https:\/\/www.philippi-online.de\/fr\/produkt\/chargeur-batterylink-bs-7607\/","name":"Chargeur BatteryLink BS 7607 | philippi elektrische systeme GmbH %","isPartOf":{"@id":"https:\/\/www.philippi-online.de\/fr\/#website"},"primaryImageOfPage":{"@id":"https:\/\/www.philippi-online.de\/fr\/produkt\/chargeur-batterylink-bs-7607\/#primaryimage"},"image":{"@id":"https:\/\/www.philippi-online.de\/fr\/produkt\/chargeur-batterylink-bs-7607\/#primaryimage"},"thumbnailUrl":"https:\/\/www.philippi-online.de\/wp-content\/uploads\/philippi\/Stromversorgung\/700107607.png","datePublished":"2021-07-13T09:28:43+00:00","dateModified":"2023-01-25T10:11:49+00:00","description":"Chargeur BatteryLink BS 7607 |","breadcrumb":{"@id":"https:\/\/www.philippi-online.de\/fr\/produkt\/chargeur-batterylink-bs-7607\/#breadcrumb"},"inLanguage":"fr-FR","potentialAction":[{"@type":"ReadAction","target":["https:\/\/www.philippi-online.de\/fr\/produkt\/chargeur-batterylink-bs-7607\/"]}]},{"@type":"ImageObject","inLanguage":"fr-FR","@id":"https:\/\/www.philippi-online.de\/fr\/produkt\/chargeur-batterylink-bs-7607\/#primaryimage","url":"https:\/\/www.philippi-online.de\/wp-content\/uploads\/philippi\/Stromversorgung\/700107607.png","contentUrl":"https:\/\/www.philippi-online.de\/wp-content\/uploads\/philippi\/Stromversorgung\/700107607.png","width":700,"height":800},{"@type":"BreadcrumbList","@id":"https:\/\/www.philippi-online.de\/fr\/produkt\/chargeur-batterylink-bs-7607\/#breadcrumb","itemListElement":[{"@type":"ListItem","position":1,"name":"Accueil","item":"https:\/\/www.philippi-online.de\/fr\/"},{"@type":"ListItem","position":2,"name":"Boutique","item":"https:\/\/www.philippi-online.de\/fr\/boutique\/"},{"@type":"ListItem","position":3,"name":"Chargeur BatteryLink BS 7607"}]},{"@type":"WebSite","@id":"https:\/\/www.philippi-online.de\/fr\/#website","url":"https:\/\/www.philippi-online.de\/fr\/","name":"philippi elektrische systeme GmbH","description":"","potentialAction":[{"@type":"SearchAction","target":{"@type":"EntryPoint","urlTemplate":"https:\/\/www.philippi-online.de\/fr\/?s={search_term_string}"},"query-input":{"@type":"PropertyValueSpecification","valueRequired":true,"valueName":"search_term_string"}}],"inLanguage":"fr-FR"}]}},"df_price":537.05,"df_sale_price":"","df_regular_price":537.05,"df_image_link":"https:\/\/www.philippi-online.de\/wp-content\/uploads\/philippi\/Stromversorgung\/700107607-263x300.png","_links":{"self":[{"href":"https:\/\/www.philippi-online.de\/fr\/wp-json\/wp\/v2\/product\/36662","targetHints":{"allow":["GET"]}}],"collection":[{"href":"https:\/\/www.philippi-online.de\/fr\/wp-json\/wp\/v2\/product"}],"about":[{"href":"https:\/\/www.philippi-online.de\/fr\/wp-json\/wp\/v2\/types\/product"}],"replies":[{"embeddable":true,"href":"https:\/\/www.philippi-online.de\/fr\/wp-json\/wp\/v2\/comments?post=36662"}],"version-history":[{"count":0,"href":"https:\/\/www.philippi-online.de\/fr\/wp-json\/wp\/v2\/product\/36662\/revisions"}],"wp:featuredmedia":[{"embeddable":true,"href":"https:\/\/www.philippi-online.de\/fr\/wp-json\/wp\/v2\/media\/22346"}],"wp:attachment":[{"href":"https:\/\/www.philippi-online.de\/fr\/wp-json\/wp\/v2\/media?parent=36662"}],"wp:term":[{"taxonomy":"product_brand","embeddable":true,"href":"https:\/\/www.philippi-online.de\/fr\/wp-json\/wp\/v2\/product_brand?post=36662"},{"taxonomy":"product_cat","embeddable":true,"href":"https:\/\/www.philippi-online.de\/fr\/wp-json\/wp\/v2\/product_cat?post=36662"},{"taxonomy":"product_tag","embeddable":true,"href":"https:\/\/www.philippi-online.de\/fr\/wp-json\/wp\/v2\/product_tag?post=36662"}],"curies":[{"name":"wp","href":"https:\/\/api.w.org\/{rel}","templated":true}]}}