{"id":36650,"date":"2021-07-13T11:28:50","date_gmt":"2021-07-13T09:28:50","guid":{"rendered":"https:\/\/staging.philippi-online.de\/produkt\/relais-de-separation-ml-500a-12v-acr-avec-commande-manuelle\/"},"modified":"2023-01-25T11:11:42","modified_gmt":"2023-01-25T10:11:42","slug":"relais-de-separation-ml-500a-12v-acr-avec-commande-manuelle","status":"publish","type":"product","link":"https:\/\/www.philippi-online.de\/fr\/produkt\/relais-de-separation-ml-500a-12v-acr-avec-commande-manuelle\/","title":{"rendered":"Relais de s\u00e9paration ML 500A 12V ACR avec commande manuelle"},"content":{"rendered":"\t\t<div data-elementor-type=\"wp-post\" data-elementor-id=\"36650\" class=\"elementor elementor-36650 elementor-17390\" data-elementor-post-type=\"product\">\n\t\t\t\t\t\t<section class=\"wd-negative-gap elementor-section elementor-top-section elementor-element elementor-element-5c740664 elementor-section-boxed elementor-section-height-default elementor-section-height-default\" data-id=\"5c740664\" data-element_type=\"section\" data-e-type=\"section\">\n\t\t\t\t\t\t<div class=\"elementor-container elementor-column-gap-default\">\n\t\t\t\t\t<div class=\"elementor-column elementor-col-50 elementor-top-column elementor-element elementor-element-2dc17348\" data-id=\"2dc17348\" data-element_type=\"column\" data-e-type=\"column\">\n\t\t\t<div class=\"elementor-widget-wrap elementor-element-populated\">\n\t\t\t\t\t\t<div class=\"elementor-element elementor-element-52865209 color-scheme-inherit text-left elementor-widget elementor-widget-text-editor\" data-id=\"52865209\" data-element_type=\"widget\" data-e-type=\"widget\" data-widget_type=\"text-editor.default\">\n\t\t\t\t<div class=\"elementor-widget-container\">\n\t\t\t\t\t\t\t\t\t<p>Relais automatique bistable pour la charge simultan\u00e9e de deux grands bancs de batteries. Le relais de coupure ML est install\u00e9 entre la premi\u00e8re et la deuxi\u00e8me batterie. Le relais reste ouvert jusqu&rsquo;\u00e0 ce que le niveau de l&rsquo;une des deux batteries atteigne une valeur de tension pr\u00e9d\u00e9finie. \u00c0 ce moment-l\u00e0, le relais se ferme et les deux batteries sont compl\u00e8tement charg\u00e9es. Lorsque la machine est arr\u00eat\u00e9e et que la tension descend en dessous d&rsquo;une certaine valeur, le relais s&rsquo;ouvre automatiquement et assure la s\u00e9paration \u00e9lectrique des batteries. Gr\u00e2ce au verrouillage magn\u00e9tique bistable, la consommation propre de courant du relais ML est extr\u00eamement faible.<br \/>\nMise en parall\u00e8le t\u00e9l\u00e9command\u00e9e et manuelle pour le d\u00e9marrage d&rsquo;urgence<br \/>\nPuissance continue de 500 amp\u00e8res, adapt\u00e9e \u00e0 l&rsquo;utilisation avec des alternateurs de forte puissance.<br \/>\nVerrouillage magn\u00e9tique &#8211; tr\u00e8s faible consommation de courant permanent (&lt;40 mA en position \u00ab\u00a0ON\u00a0\u00bb ou \u00ab\u00a0OFF\u00a0\u00bb).<br \/>\nFonctionne dans les deux sens &#8211; convient id\u00e9alement, m\u00eame pour le raccordement de l&rsquo;alternateur et du chargeur, lorsqu&rsquo;une seule sortie est disponible \u00e0 la fois.<br \/>\nConnexion pour LED de contr\u00f4le &#8211; pour indiquer l&rsquo;\u00e9tat de commutation sur le tableau de commande.<br \/>\nBoulons de connexion en cuivre \u00e9tam\u00e9, M10<br \/>\nContacts en alliage d&rsquo;argent, pour une longue dur\u00e9e de vie et une fiabilit\u00e9 maximale<br \/>\nCapacit\u00e9 de charge maximale : &lt;10 sec. = 2.500 A, &lt;1 min. = 1.100 A, &lt;5 min. = 700 A<br \/>\nFermeture du seuil de commutation (30 sec.) 13,5V DC ; (90 sec.) 13,0V DC<br \/>\nD\u00e9connecter le seuil de commutation (10 sec.) 12,35V DC ; (30 sec.) 12,75V DC<br \/>\nEn cas de d\u00e9passement de 16,2V DC, le relais s&rsquo;ouvre automatiquement.<br \/>\nDimensions 95 x 139 x 52 mm<br \/>\nUn interrupteur \u00e0 distance pour la commande d\u00e9j\u00e0 inclus<\/p>\n\t\t\t\t\t\t\t\t<\/div>\n\t\t\t\t<\/div>\n\t\t\t\t\t<\/div>\n\t\t<\/div>\n\t\t\t\t<div class=\"elementor-column elementor-col-50 elementor-top-column elementor-element elementor-element-59efb6e\" data-id=\"59efb6e\" data-element_type=\"column\" data-e-type=\"column\">\n\t\t\t<div class=\"elementor-widget-wrap elementor-element-populated\">\n\t\t\t\t\t\t<div class=\"elementor-element elementor-element-df634e2 elementor-position-inline-start elementor-view-default elementor-mobile-position-block-start elementor-widget elementor-widget-icon-box\" data-id=\"df634e2\" data-element_type=\"widget\" data-e-type=\"widget\" data-widget_type=\"icon-box.default\">\n\t\t\t\t<div class=\"elementor-widget-container\">\n\t\t\t\t\t\t\t<div class=\"elementor-icon-box-wrapper\">\n\n\t\t\t\t\t\t<div class=\"elementor-icon-box-icon\">\n\t\t\t\t<a href=\"\/wp-content\/uploads\/philippi\/Info\/7622.pdf\" target=\"_blank\" class=\"elementor-icon\" tabindex=\"-1\" aria-label=\"&lt;p&gt;Plus d&#039;informations&lt;\/p&gt;\">\n\t\t\t\t<svg aria-hidden=\"true\" class=\"e-font-icon-svg e-far-file-pdf\" viewBox=\"0 0 384 512\" xmlns=\"http:\/\/www.w3.org\/2000\/svg\"><path d=\"M369.9 97.9L286 14C277 5 264.8-.1 252.1-.1H48C21.5 0 0 21.5 0 48v416c0 26.5 21.5 48 48 48h288c26.5 0 48-21.5 48-48V131.9c0-12.7-5.1-25-14.1-34zM332.1 128H256V51.9l76.1 76.1zM48 464V48h160v104c0 13.3 10.7 24 24 24h104v288H48zm250.2-143.7c-12.2-12-47-8.7-64.4-6.5-17.2-10.5-28.7-25-36.8-46.3 3.9-16.1 10.1-40.6 5.4-56-4.2-26.2-37.8-23.6-42.6-5.9-4.4 16.1-.4 38.5 7 67.1-10 23.9-24.9 56-35.4 74.4-20 10.3-47 26.2-51 46.2-3.3 15.8 26 55.2 76.1-31.2 22.4-7.4 46.8-16.5 68.4-20.1 18.9 10.2 41 17 55.8 17 25.5 0 28-28.2 17.5-38.7zm-198.1 77.8c5.1-13.7 24.5-29.5 30.4-35-19 30.3-30.4 35.7-30.4 35zm81.6-190.6c7.4 0 6.7 32.1 1.8 40.8-4.4-13.9-4.3-40.8-1.8-40.8zm-24.4 136.6c9.7-16.9 18-37 24.7-54.7 8.3 15.1 18.9 27.2 30.1 35.5-20.8 4.3-38.9 13.1-54.8 19.2zm131.6-5s-5 6-37.3-7.8c35.1-2.6 40.9 5.4 37.3 7.8z\"><\/path><\/svg>\t\t\t\t<\/a>\n\t\t\t<\/div>\n\t\t\t\n\t\t\t\t\t\t<div class=\"elementor-icon-box-content\">\n\n\t\t\t\t\t\t\t\t\t<p class=\"elementor-icon-box-title\">\n\t\t\t\t\t\t<a href=\"\/wp-content\/uploads\/philippi\/Info\/7622.pdf\" target=\"_blank\" >\n\t\t\t\t\t\t\t<p>Plus d'informations<\/p>\t\t\t\t\t\t<\/a>\n\t\t\t\t\t<\/p>\n\t\t\t\t\n\t\t\t\t\n\t\t\t<\/div>\n\t\t\t\n\t\t<\/div>\n\t\t\t\t\t\t<\/div>\n\t\t\t\t<\/div>\n\t\t\t\t\t<\/div>\n\t\t<\/div>\n\t\t\t\t\t<\/div>\n\t\t<\/section>\n\t\t\t\t<\/div>\n\t\t","protected":false},"excerpt":{"rendered":"<p>Relais automatique bistable pour la charge simultan\u00e9e de deux grands bancs de batteries.<\/p>\n","protected":false},"featured_media":24822,"comment_status":"closed","ping_status":"closed","template":"","meta":{"_acf_changed":false,"_monsterinsights_skip_tracking":false,"_monsterinsights_sitenote_active":false,"_monsterinsights_sitenote_note":"","_monsterinsights_sitenote_category":0},"product_brand":[],"product_cat":[1426,1428,1443,1451,1434],"product_tag":[],"class_list":{"0":"post-36650","1":"product","2":"type-product","3":"status-publish","4":"has-post-thumbnail","6":"product_cat-alimentation","7":"product_cat-alimentation-maritime","8":"product_cat-alimentation-offroad","9":"product_cat-repartiteurs-de-charges-offroad","10":"product_cat-repartiteurs-de-charges-maritime","11":"pa_marken-bluesea-fr","13":"first","14":"instock","15":"taxable","16":"shipping-taxable","17":"purchasable","18":"product-type-simple"},"acf":[],"yoast_head":"<!-- This site is optimized with the Yoast SEO plugin v27.1.1 - https:\/\/yoast.com\/product\/yoast-seo-wordpress\/ -->\n<title>Relais de s\u00e9paration ML 500A 12V ACR avec commande manuelle | philippi elektrische systeme GmbH %<\/title>\n<meta name=\"description\" content=\"Relais de s\u00e9paration ML 500A 12V ACR avec commande manuelle |\" \/>\n<meta name=\"robots\" content=\"index, follow, max-snippet:-1, max-image-preview:large, max-video-preview:-1\" \/>\n<link rel=\"canonical\" href=\"https:\/\/www.philippi-online.de\/fr\/produkt\/relais-de-separation-ml-500a-12v-acr-avec-commande-manuelle\/\" \/>\n<meta property=\"og:locale\" content=\"fr_FR\" \/>\n<meta property=\"og:type\" content=\"article\" \/>\n<meta property=\"og:title\" content=\"Relais de s\u00e9paration ML 500A 12V ACR avec commande manuelle | philippi elektrische systeme GmbH %\" \/>\n<meta property=\"og:description\" content=\"Relais de s\u00e9paration ML 500A 12V ACR avec commande manuelle |\" \/>\n<meta property=\"og:url\" content=\"https:\/\/www.philippi-online.de\/fr\/produkt\/relais-de-separation-ml-500a-12v-acr-avec-commande-manuelle\/\" \/>\n<meta property=\"og:site_name\" content=\"philippi elektrische systeme GmbH\" \/>\n<meta property=\"article:modified_time\" content=\"2023-01-25T10:11:42+00:00\" \/>\n<meta property=\"og:image\" content=\"https:\/\/www.philippi-online.de\/wp-content\/uploads\/philippi\/Stromversorgung\/700107622.png\" \/>\n\t<meta property=\"og:image:width\" content=\"700\" \/>\n\t<meta property=\"og:image:height\" content=\"800\" \/>\n\t<meta property=\"og:image:type\" content=\"image\/png\" \/>\n<meta name=\"twitter:card\" content=\"summary_large_image\" \/>\n<meta name=\"twitter:label1\" content=\"Dur\u00e9e de lecture estim\u00e9e\" \/>\n\t<meta name=\"twitter:data1\" content=\"1 minute\" \/>\n<script type=\"application\/ld+json\" class=\"yoast-schema-graph\">{\"@context\":\"https:\/\/schema.org\",\"@graph\":[{\"@type\":\"WebPage\",\"@id\":\"https:\/\/www.philippi-online.de\/fr\/produkt\/relais-de-separation-ml-500a-12v-acr-avec-commande-manuelle\/\",\"url\":\"https:\/\/www.philippi-online.de\/fr\/produkt\/relais-de-separation-ml-500a-12v-acr-avec-commande-manuelle\/\",\"name\":\"Relais de s\u00e9paration ML 500A 12V ACR avec commande manuelle | philippi elektrische systeme GmbH %\",\"isPartOf\":{\"@id\":\"https:\/\/www.philippi-online.de\/fr\/#website\"},\"primaryImageOfPage\":{\"@id\":\"https:\/\/www.philippi-online.de\/fr\/produkt\/relais-de-separation-ml-500a-12v-acr-avec-commande-manuelle\/#primaryimage\"},\"image\":{\"@id\":\"https:\/\/www.philippi-online.de\/fr\/produkt\/relais-de-separation-ml-500a-12v-acr-avec-commande-manuelle\/#primaryimage\"},\"thumbnailUrl\":\"https:\/\/www.philippi-online.de\/wp-content\/uploads\/philippi\/Stromversorgung\/700107622.png\",\"datePublished\":\"2021-07-13T09:28:50+00:00\",\"dateModified\":\"2023-01-25T10:11:42+00:00\",\"description\":\"Relais de s\u00e9paration ML 500A 12V ACR avec commande manuelle |\",\"breadcrumb\":{\"@id\":\"https:\/\/www.philippi-online.de\/fr\/produkt\/relais-de-separation-ml-500a-12v-acr-avec-commande-manuelle\/#breadcrumb\"},\"inLanguage\":\"fr-FR\",\"potentialAction\":[{\"@type\":\"ReadAction\",\"target\":[\"https:\/\/www.philippi-online.de\/fr\/produkt\/relais-de-separation-ml-500a-12v-acr-avec-commande-manuelle\/\"]}]},{\"@type\":\"ImageObject\",\"inLanguage\":\"fr-FR\",\"@id\":\"https:\/\/www.philippi-online.de\/fr\/produkt\/relais-de-separation-ml-500a-12v-acr-avec-commande-manuelle\/#primaryimage\",\"url\":\"https:\/\/www.philippi-online.de\/wp-content\/uploads\/philippi\/Stromversorgung\/700107622.png\",\"contentUrl\":\"https:\/\/www.philippi-online.de\/wp-content\/uploads\/philippi\/Stromversorgung\/700107622.png\",\"width\":700,\"height\":800},{\"@type\":\"BreadcrumbList\",\"@id\":\"https:\/\/www.philippi-online.de\/fr\/produkt\/relais-de-separation-ml-500a-12v-acr-avec-commande-manuelle\/#breadcrumb\",\"itemListElement\":[{\"@type\":\"ListItem\",\"position\":1,\"name\":\"Accueil\",\"item\":\"https:\/\/www.philippi-online.de\/fr\/\"},{\"@type\":\"ListItem\",\"position\":2,\"name\":\"Boutique\",\"item\":\"https:\/\/www.philippi-online.de\/fr\/boutique\/\"},{\"@type\":\"ListItem\",\"position\":3,\"name\":\"Relais de s\u00e9paration ML 500A 12V ACR avec commande manuelle\"}]},{\"@type\":\"WebSite\",\"@id\":\"https:\/\/www.philippi-online.de\/fr\/#website\",\"url\":\"https:\/\/www.philippi-online.de\/fr\/\",\"name\":\"philippi elektrische systeme GmbH\",\"description\":\"\",\"potentialAction\":[{\"@type\":\"SearchAction\",\"target\":{\"@type\":\"EntryPoint\",\"urlTemplate\":\"https:\/\/www.philippi-online.de\/fr\/?s={search_term_string}\"},\"query-input\":{\"@type\":\"PropertyValueSpecification\",\"valueRequired\":true,\"valueName\":\"search_term_string\"}}],\"inLanguage\":\"fr-FR\"}]}<\/script>\n<!-- \/ Yoast SEO plugin. -->","yoast_head_json":{"title":"Relais de s\u00e9paration ML 500A 12V ACR avec commande manuelle | philippi elektrische systeme GmbH %","description":"Relais de s\u00e9paration ML 500A 12V ACR avec commande manuelle |","robots":{"index":"index","follow":"follow","max-snippet":"max-snippet:-1","max-image-preview":"max-image-preview:large","max-video-preview":"max-video-preview:-1"},"canonical":"https:\/\/www.philippi-online.de\/fr\/produkt\/relais-de-separation-ml-500a-12v-acr-avec-commande-manuelle\/","og_locale":"fr_FR","og_type":"article","og_title":"Relais de s\u00e9paration ML 500A 12V ACR avec commande manuelle | philippi elektrische systeme GmbH %","og_description":"Relais de s\u00e9paration ML 500A 12V ACR avec commande manuelle |","og_url":"https:\/\/www.philippi-online.de\/fr\/produkt\/relais-de-separation-ml-500a-12v-acr-avec-commande-manuelle\/","og_site_name":"philippi elektrische systeme GmbH","article_modified_time":"2023-01-25T10:11:42+00:00","og_image":[{"width":700,"height":800,"url":"https:\/\/www.philippi-online.de\/wp-content\/uploads\/philippi\/Stromversorgung\/700107622.png","type":"image\/png"}],"twitter_card":"summary_large_image","twitter_misc":{"Dur\u00e9e de lecture estim\u00e9e":"1 minute"},"schema":{"@context":"https:\/\/schema.org","@graph":[{"@type":"WebPage","@id":"https:\/\/www.philippi-online.de\/fr\/produkt\/relais-de-separation-ml-500a-12v-acr-avec-commande-manuelle\/","url":"https:\/\/www.philippi-online.de\/fr\/produkt\/relais-de-separation-ml-500a-12v-acr-avec-commande-manuelle\/","name":"Relais de s\u00e9paration ML 500A 12V ACR avec commande manuelle | philippi elektrische systeme GmbH %","isPartOf":{"@id":"https:\/\/www.philippi-online.de\/fr\/#website"},"primaryImageOfPage":{"@id":"https:\/\/www.philippi-online.de\/fr\/produkt\/relais-de-separation-ml-500a-12v-acr-avec-commande-manuelle\/#primaryimage"},"image":{"@id":"https:\/\/www.philippi-online.de\/fr\/produkt\/relais-de-separation-ml-500a-12v-acr-avec-commande-manuelle\/#primaryimage"},"thumbnailUrl":"https:\/\/www.philippi-online.de\/wp-content\/uploads\/philippi\/Stromversorgung\/700107622.png","datePublished":"2021-07-13T09:28:50+00:00","dateModified":"2023-01-25T10:11:42+00:00","description":"Relais de s\u00e9paration ML 500A 12V ACR avec commande manuelle |","breadcrumb":{"@id":"https:\/\/www.philippi-online.de\/fr\/produkt\/relais-de-separation-ml-500a-12v-acr-avec-commande-manuelle\/#breadcrumb"},"inLanguage":"fr-FR","potentialAction":[{"@type":"ReadAction","target":["https:\/\/www.philippi-online.de\/fr\/produkt\/relais-de-separation-ml-500a-12v-acr-avec-commande-manuelle\/"]}]},{"@type":"ImageObject","inLanguage":"fr-FR","@id":"https:\/\/www.philippi-online.de\/fr\/produkt\/relais-de-separation-ml-500a-12v-acr-avec-commande-manuelle\/#primaryimage","url":"https:\/\/www.philippi-online.de\/wp-content\/uploads\/philippi\/Stromversorgung\/700107622.png","contentUrl":"https:\/\/www.philippi-online.de\/wp-content\/uploads\/philippi\/Stromversorgung\/700107622.png","width":700,"height":800},{"@type":"BreadcrumbList","@id":"https:\/\/www.philippi-online.de\/fr\/produkt\/relais-de-separation-ml-500a-12v-acr-avec-commande-manuelle\/#breadcrumb","itemListElement":[{"@type":"ListItem","position":1,"name":"Accueil","item":"https:\/\/www.philippi-online.de\/fr\/"},{"@type":"ListItem","position":2,"name":"Boutique","item":"https:\/\/www.philippi-online.de\/fr\/boutique\/"},{"@type":"ListItem","position":3,"name":"Relais de s\u00e9paration ML 500A 12V ACR avec commande manuelle"}]},{"@type":"WebSite","@id":"https:\/\/www.philippi-online.de\/fr\/#website","url":"https:\/\/www.philippi-online.de\/fr\/","name":"philippi elektrische systeme GmbH","description":"","potentialAction":[{"@type":"SearchAction","target":{"@type":"EntryPoint","urlTemplate":"https:\/\/www.philippi-online.de\/fr\/?s={search_term_string}"},"query-input":{"@type":"PropertyValueSpecification","valueRequired":true,"valueName":"search_term_string"}}],"inLanguage":"fr-FR"}]}},"df_price":359.26,"df_sale_price":"","df_regular_price":359.26,"df_image_link":"https:\/\/www.philippi-online.de\/wp-content\/uploads\/philippi\/Stromversorgung\/700107622-263x300.png","_links":{"self":[{"href":"https:\/\/www.philippi-online.de\/fr\/wp-json\/wp\/v2\/product\/36650","targetHints":{"allow":["GET"]}}],"collection":[{"href":"https:\/\/www.philippi-online.de\/fr\/wp-json\/wp\/v2\/product"}],"about":[{"href":"https:\/\/www.philippi-online.de\/fr\/wp-json\/wp\/v2\/types\/product"}],"replies":[{"embeddable":true,"href":"https:\/\/www.philippi-online.de\/fr\/wp-json\/wp\/v2\/comments?post=36650"}],"version-history":[{"count":0,"href":"https:\/\/www.philippi-online.de\/fr\/wp-json\/wp\/v2\/product\/36650\/revisions"}],"wp:featuredmedia":[{"embeddable":true,"href":"https:\/\/www.philippi-online.de\/fr\/wp-json\/wp\/v2\/media\/24822"}],"wp:attachment":[{"href":"https:\/\/www.philippi-online.de\/fr\/wp-json\/wp\/v2\/media?parent=36650"}],"wp:term":[{"taxonomy":"product_brand","embeddable":true,"href":"https:\/\/www.philippi-online.de\/fr\/wp-json\/wp\/v2\/product_brand?post=36650"},{"taxonomy":"product_cat","embeddable":true,"href":"https:\/\/www.philippi-online.de\/fr\/wp-json\/wp\/v2\/product_cat?post=36650"},{"taxonomy":"product_tag","embeddable":true,"href":"https:\/\/www.philippi-online.de\/fr\/wp-json\/wp\/v2\/product_tag?post=36650"}],"curies":[{"name":"wp","href":"https:\/\/api.w.org\/{rel}","templated":true}]}}