{"id":36560,"date":"2021-07-13T11:29:15","date_gmt":"2021-07-13T09:29:15","guid":{"rendered":"https:\/\/staging.philippi-online.de\/produkt\/batterie-au-lithium-sb-12v105e-nomada\/"},"modified":"2023-01-25T11:12:09","modified_gmt":"2023-01-25T10:12:09","slug":"batterie-au-lithium-sb-12v105e-nomada","status":"publish","type":"product","link":"https:\/\/www.philippi-online.de\/fr\/produkt\/batterie-au-lithium-sb-12v105e-nomada\/","title":{"rendered":"Batterie au lithium SB 12V105E (NOMADA)"},"content":{"rendered":"\t\t<div data-elementor-type=\"wp-post\" data-elementor-id=\"36560\" class=\"elementor elementor-36560 elementor-17419\" data-elementor-post-type=\"product\">\n\t\t\t\t\t\t<section class=\"wd-negative-gap elementor-section elementor-top-section elementor-element elementor-element-56e5a528 elementor-section-boxed elementor-section-height-default elementor-section-height-default\" data-id=\"56e5a528\" data-element_type=\"section\" data-e-type=\"section\">\n\t\t\t\t\t\t<div class=\"elementor-container elementor-column-gap-default\">\n\t\t\t\t\t<div class=\"elementor-column elementor-col-50 elementor-top-column elementor-element elementor-element-29c54577\" data-id=\"29c54577\" data-element_type=\"column\" data-e-type=\"column\">\n\t\t\t<div class=\"elementor-widget-wrap elementor-element-populated\">\n\t\t\t\t\t\t<div class=\"elementor-element elementor-element-4cba11fb color-scheme-inherit text-left elementor-widget elementor-widget-text-editor\" data-id=\"4cba11fb\" data-element_type=\"widget\" data-e-type=\"widget\" data-widget_type=\"text-editor.default\">\n\t\t\t\t<div class=\"elementor-widget-container\">\n\t\t\t\t\t\t\t\t\t<p>La batterie au lithium Nomada convient \u00e0 la construction de circuits en s\u00e9rie (24 V, 48 V) et en parall\u00e8le (capacit\u00e9 plus \u00e9lev\u00e9e). Les composants externes suivants sont n\u00e9cessaires &#8211; veuillez nous contacter s\u00e9par\u00e9ment :<\/p>\n<ul>\n<li>Relais de s\u00e9curit\u00e9 BDSA pour prot\u00e9ger la batterie Super-B contre les surcharges et les d\u00e9charges profondes.<\/li>\n<li>Relais de s\u00e9curit\u00e9 SBR<\/li>\n<li>C\u00e2ble M12 pour la communication interne sur les syst\u00e8mes 24 V<\/li>\n<\/ul>\n<table style=\"border-collapse: collapse; width: 100%; height: 216px;\">\n<tbody>\n<tr style=\"height: 24px;\">\n<td style=\"width: 50%; height: 24px;\"><strong>Tension nominale<\/strong><\/td>\n<td style=\"width: 50%; height: 24px;\">13,2 V<\/td>\n<\/tr>\n<tr style=\"height: 24px;\">\n<td style=\"width: 50%; height: 24px;\"><strong>Capacit\u00e9<\/strong><\/td>\n<td style=\"width: 50%; height: 24px;\">105 Ah, enti\u00e8rement utilisable<\/td>\n<\/tr>\n<tr style=\"height: 24px;\">\n<td style=\"width: 50%; height: 24px;\"><strong>Courant de charge max.<\/strong><\/td>\n<td style=\"width: 50%; height: 24px;\">105 A (1C)<\/td>\n<\/tr>\n<tr style=\"height: 24px;\">\n<td style=\"width: 50%; height: 24px;\"><strong>Tension finale de d\u00e9charge<\/strong><\/td>\n<td style=\"width: 50%; height: 24px;\">10 V<\/td>\n<\/tr>\n<tr style=\"height: 24px;\">\n<td style=\"width: 50%; height: 24px;\"><strong>Courant de d\u00e9charge continu max.\u00a0<\/strong><\/td>\n<td style=\"width: 50%; height: 24px;\">315 A<\/td>\n<\/tr>\n<tr style=\"height: 24px;\">\n<td style=\"width: 50%; height: 24px;\"><strong>Courant de d\u00e9charge par <\/strong><br \/>\n<strong>impulsions 10 \/ 60 sec.<\/strong><\/td>\n<td style=\"width: 50%; height: 24px;\">525 A (10 sec, SOC &gt; 60%)<\/td>\n<\/tr>\n<tr style=\"height: 24px;\">\n<td style=\"width: 50%; height: 24px;\"><strong>Temp\u00e9rature de fonctionnement (charge \/ d\u00e9charge)\u00a0<\/strong><\/td>\n<td style=\"width: 50%; height: 24px;\">0 \u00e0 55 \u00b0C \/ &#8211; 20 \u00e0 + 55 \u00b0C<\/td>\n<\/tr>\n<tr style=\"height: 24px;\">\n<td style=\"width: 50%; height: 24px;\"><strong>Interfaces<\/strong><\/td>\n<td style=\"width: 50%; height: 24px;\">CAN-open<\/td>\n<\/tr>\n<tr style=\"height: 24px;\">\n<td style=\"width: 50%; height: 24px;\"><strong>Dimensions<\/strong><\/td>\n<td style=\"width: 50%; height: 24px;\">L 437 x l 90 x H 175 mm<\/td>\n<\/tr>\n<tr>\n<td style=\"width: 50%;\"><strong>Poids<\/strong><\/td>\n<td style=\"width: 50%;\">10 kg<\/td>\n<\/tr>\n<\/tbody>\n<\/table>\n\t\t\t\t\t\t\t\t<\/div>\n\t\t\t\t<\/div>\n\t\t\t\t\t<\/div>\n\t\t<\/div>\n\t\t\t\t<div class=\"elementor-column elementor-col-50 elementor-top-column elementor-element elementor-element-8e055e2\" data-id=\"8e055e2\" data-element_type=\"column\" data-e-type=\"column\">\n\t\t\t<div class=\"elementor-widget-wrap elementor-element-populated\">\n\t\t\t\t\t\t<div class=\"elementor-element elementor-element-d882ea4 elementor-position-inline-start elementor-view-default elementor-mobile-position-block-start elementor-widget elementor-widget-icon-box\" data-id=\"d882ea4\" data-element_type=\"widget\" data-e-type=\"widget\" data-widget_type=\"icon-box.default\">\n\t\t\t\t<div class=\"elementor-widget-container\">\n\t\t\t\t\t\t\t<div class=\"elementor-icon-box-wrapper\">\n\n\t\t\t\t\t\t<div class=\"elementor-icon-box-icon\">\n\t\t\t\t<span  class=\"elementor-icon\">\n\t\t\t\t<svg aria-hidden=\"true\" class=\"e-font-icon-svg e-far-file-pdf\" viewBox=\"0 0 384 512\" xmlns=\"http:\/\/www.w3.org\/2000\/svg\"><path d=\"M369.9 97.9L286 14C277 5 264.8-.1 252.1-.1H48C21.5 0 0 21.5 0 48v416c0 26.5 21.5 48 48 48h288c26.5 0 48-21.5 48-48V131.9c0-12.7-5.1-25-14.1-34zM332.1 128H256V51.9l76.1 76.1zM48 464V48h160v104c0 13.3 10.7 24 24 24h104v288H48zm250.2-143.7c-12.2-12-47-8.7-64.4-6.5-17.2-10.5-28.7-25-36.8-46.3 3.9-16.1 10.1-40.6 5.4-56-4.2-26.2-37.8-23.6-42.6-5.9-4.4 16.1-.4 38.5 7 67.1-10 23.9-24.9 56-35.4 74.4-20 10.3-47 26.2-51 46.2-3.3 15.8 26 55.2 76.1-31.2 22.4-7.4 46.8-16.5 68.4-20.1 18.9 10.2 41 17 55.8 17 25.5 0 28-28.2 17.5-38.7zm-198.1 77.8c5.1-13.7 24.5-29.5 30.4-35-19 30.3-30.4 35.7-30.4 35zm81.6-190.6c7.4 0 6.7 32.1 1.8 40.8-4.4-13.9-4.3-40.8-1.8-40.8zm-24.4 136.6c9.7-16.9 18-37 24.7-54.7 8.3 15.1 18.9 27.2 30.1 35.5-20.8 4.3-38.9 13.1-54.8 19.2zm131.6-5s-5 6-37.3-7.8c35.1-2.6 40.9 5.4 37.3 7.8z\"><\/path><\/svg>\t\t\t\t<\/span>\n\t\t\t<\/div>\n\t\t\t\n\t\t\t\t\t\t<div class=\"elementor-icon-box-content\">\n\n\t\t\t\t\t\t\t\t\t<p class=\"elementor-icon-box-title\">\n\t\t\t\t\t\t<span  >\n\t\t\t\t\t\t\t<p>Plus d'informations<\/p>\t\t\t\t\t\t<\/span>\n\t\t\t\t\t<\/p>\n\t\t\t\t\n\t\t\t\t\n\t\t\t<\/div>\n\t\t\t\n\t\t<\/div>\n\t\t\t\t\t\t<\/div>\n\t\t\t\t<\/div>\n\t\t\t\t\t<\/div>\n\t\t<\/div>\n\t\t\t\t\t<\/div>\n\t\t<\/section>\n\t\t\t\t<\/div>\n\t\t","protected":false},"excerpt":{"rendered":"<p>Batterie au lithium Nomada 12 V \/ max. 105 A<\/p>\n","protected":false},"featured_media":22254,"comment_status":"closed","ping_status":"closed","template":"","meta":{"_acf_changed":false,"_monsterinsights_skip_tracking":false,"_monsterinsights_sitenote_active":false,"_monsterinsights_sitenote_note":"","_monsterinsights_sitenote_category":0},"product_brand":[],"product_cat":[1426,1428,1443,1436,1453],"product_tag":[3087],"class_list":{"0":"post-36560","1":"product","2":"type-product","3":"status-publish","4":"has-post-thumbnail","6":"product_cat-alimentation","7":"product_cat-alimentation-maritime","8":"product_cat-alimentation-offroad","9":"product_cat-batterie-lithium-maritime","10":"product_cat-batterie-lithium-offroad","11":"product_tag-sb12v105e-sb-superb-fr","13":"first","14":"instock","15":"taxable","16":"shipping-taxable","17":"purchasable","18":"product-type-simple"},"acf":[],"yoast_head":"<!-- This site is optimized with the Yoast SEO plugin v27.1.1 - https:\/\/yoast.com\/product\/yoast-seo-wordpress\/ -->\n<title>Batterie au lithium SB 12V105E (NOMADA) | philippi elektrische systeme GmbH %<\/title>\n<meta name=\"description\" content=\"Batterie au lithium SB 12V105E (NOMADA) |\" \/>\n<meta name=\"robots\" content=\"index, follow, max-snippet:-1, max-image-preview:large, max-video-preview:-1\" \/>\n<link rel=\"canonical\" href=\"https:\/\/www.philippi-online.de\/fr\/produkt\/batterie-au-lithium-sb-12v105e-nomada\/\" \/>\n<meta property=\"og:locale\" content=\"fr_FR\" \/>\n<meta property=\"og:type\" content=\"article\" \/>\n<meta property=\"og:title\" content=\"Batterie au lithium SB 12V105E (NOMADA) | philippi elektrische systeme GmbH %\" \/>\n<meta property=\"og:description\" content=\"Batterie au lithium SB 12V105E (NOMADA) |\" \/>\n<meta property=\"og:url\" content=\"https:\/\/www.philippi-online.de\/fr\/produkt\/batterie-au-lithium-sb-12v105e-nomada\/\" \/>\n<meta property=\"og:site_name\" content=\"philippi elektrische systeme GmbH\" \/>\n<meta property=\"article:modified_time\" content=\"2023-01-25T10:12:09+00:00\" \/>\n<meta property=\"og:image\" content=\"https:\/\/www.philippi-online.de\/wp-content\/uploads\/philippi\/Stromversorgung\/701012105.png\" \/>\n\t<meta property=\"og:image:width\" content=\"700\" \/>\n\t<meta property=\"og:image:height\" content=\"800\" \/>\n\t<meta property=\"og:image:type\" content=\"image\/png\" \/>\n<meta name=\"twitter:card\" content=\"summary_large_image\" \/>\n<meta name=\"twitter:label1\" content=\"Dur\u00e9e de lecture estim\u00e9e\" \/>\n\t<meta name=\"twitter:data1\" content=\"1 minute\" \/>\n<script type=\"application\/ld+json\" class=\"yoast-schema-graph\">{\"@context\":\"https:\/\/schema.org\",\"@graph\":[{\"@type\":\"WebPage\",\"@id\":\"https:\/\/www.philippi-online.de\/fr\/produkt\/batterie-au-lithium-sb-12v105e-nomada\/\",\"url\":\"https:\/\/www.philippi-online.de\/fr\/produkt\/batterie-au-lithium-sb-12v105e-nomada\/\",\"name\":\"Batterie au lithium SB 12V105E (NOMADA) | philippi elektrische systeme GmbH %\",\"isPartOf\":{\"@id\":\"https:\/\/www.philippi-online.de\/fr\/#website\"},\"primaryImageOfPage\":{\"@id\":\"https:\/\/www.philippi-online.de\/fr\/produkt\/batterie-au-lithium-sb-12v105e-nomada\/#primaryimage\"},\"image\":{\"@id\":\"https:\/\/www.philippi-online.de\/fr\/produkt\/batterie-au-lithium-sb-12v105e-nomada\/#primaryimage\"},\"thumbnailUrl\":\"https:\/\/www.philippi-online.de\/wp-content\/uploads\/philippi\/Stromversorgung\/701012105.png\",\"datePublished\":\"2021-07-13T09:29:15+00:00\",\"dateModified\":\"2023-01-25T10:12:09+00:00\",\"description\":\"Batterie au lithium SB 12V105E (NOMADA) |\",\"breadcrumb\":{\"@id\":\"https:\/\/www.philippi-online.de\/fr\/produkt\/batterie-au-lithium-sb-12v105e-nomada\/#breadcrumb\"},\"inLanguage\":\"fr-FR\",\"potentialAction\":[{\"@type\":\"ReadAction\",\"target\":[\"https:\/\/www.philippi-online.de\/fr\/produkt\/batterie-au-lithium-sb-12v105e-nomada\/\"]}]},{\"@type\":\"ImageObject\",\"inLanguage\":\"fr-FR\",\"@id\":\"https:\/\/www.philippi-online.de\/fr\/produkt\/batterie-au-lithium-sb-12v105e-nomada\/#primaryimage\",\"url\":\"https:\/\/www.philippi-online.de\/wp-content\/uploads\/philippi\/Stromversorgung\/701012105.png\",\"contentUrl\":\"https:\/\/www.philippi-online.de\/wp-content\/uploads\/philippi\/Stromversorgung\/701012105.png\",\"width\":700,\"height\":800},{\"@type\":\"BreadcrumbList\",\"@id\":\"https:\/\/www.philippi-online.de\/fr\/produkt\/batterie-au-lithium-sb-12v105e-nomada\/#breadcrumb\",\"itemListElement\":[{\"@type\":\"ListItem\",\"position\":1,\"name\":\"Accueil\",\"item\":\"https:\/\/www.philippi-online.de\/fr\/\"},{\"@type\":\"ListItem\",\"position\":2,\"name\":\"Boutique\",\"item\":\"https:\/\/www.philippi-online.de\/fr\/boutique\/\"},{\"@type\":\"ListItem\",\"position\":3,\"name\":\"Batterie au lithium SB 12V105E (NOMADA)\"}]},{\"@type\":\"WebSite\",\"@id\":\"https:\/\/www.philippi-online.de\/fr\/#website\",\"url\":\"https:\/\/www.philippi-online.de\/fr\/\",\"name\":\"philippi elektrische systeme GmbH\",\"description\":\"\",\"potentialAction\":[{\"@type\":\"SearchAction\",\"target\":{\"@type\":\"EntryPoint\",\"urlTemplate\":\"https:\/\/www.philippi-online.de\/fr\/?s={search_term_string}\"},\"query-input\":{\"@type\":\"PropertyValueSpecification\",\"valueRequired\":true,\"valueName\":\"search_term_string\"}}],\"inLanguage\":\"fr-FR\"}]}<\/script>\n<!-- \/ Yoast SEO plugin. -->","yoast_head_json":{"title":"Batterie au lithium SB 12V105E (NOMADA) | philippi elektrische systeme GmbH %","description":"Batterie au lithium SB 12V105E (NOMADA) |","robots":{"index":"index","follow":"follow","max-snippet":"max-snippet:-1","max-image-preview":"max-image-preview:large","max-video-preview":"max-video-preview:-1"},"canonical":"https:\/\/www.philippi-online.de\/fr\/produkt\/batterie-au-lithium-sb-12v105e-nomada\/","og_locale":"fr_FR","og_type":"article","og_title":"Batterie au lithium SB 12V105E (NOMADA) | philippi elektrische systeme GmbH %","og_description":"Batterie au lithium SB 12V105E (NOMADA) |","og_url":"https:\/\/www.philippi-online.de\/fr\/produkt\/batterie-au-lithium-sb-12v105e-nomada\/","og_site_name":"philippi elektrische systeme GmbH","article_modified_time":"2023-01-25T10:12:09+00:00","og_image":[{"width":700,"height":800,"url":"https:\/\/www.philippi-online.de\/wp-content\/uploads\/philippi\/Stromversorgung\/701012105.png","type":"image\/png"}],"twitter_card":"summary_large_image","twitter_misc":{"Dur\u00e9e de lecture estim\u00e9e":"1 minute"},"schema":{"@context":"https:\/\/schema.org","@graph":[{"@type":"WebPage","@id":"https:\/\/www.philippi-online.de\/fr\/produkt\/batterie-au-lithium-sb-12v105e-nomada\/","url":"https:\/\/www.philippi-online.de\/fr\/produkt\/batterie-au-lithium-sb-12v105e-nomada\/","name":"Batterie au lithium SB 12V105E (NOMADA) | philippi elektrische systeme GmbH %","isPartOf":{"@id":"https:\/\/www.philippi-online.de\/fr\/#website"},"primaryImageOfPage":{"@id":"https:\/\/www.philippi-online.de\/fr\/produkt\/batterie-au-lithium-sb-12v105e-nomada\/#primaryimage"},"image":{"@id":"https:\/\/www.philippi-online.de\/fr\/produkt\/batterie-au-lithium-sb-12v105e-nomada\/#primaryimage"},"thumbnailUrl":"https:\/\/www.philippi-online.de\/wp-content\/uploads\/philippi\/Stromversorgung\/701012105.png","datePublished":"2021-07-13T09:29:15+00:00","dateModified":"2023-01-25T10:12:09+00:00","description":"Batterie au lithium SB 12V105E (NOMADA) |","breadcrumb":{"@id":"https:\/\/www.philippi-online.de\/fr\/produkt\/batterie-au-lithium-sb-12v105e-nomada\/#breadcrumb"},"inLanguage":"fr-FR","potentialAction":[{"@type":"ReadAction","target":["https:\/\/www.philippi-online.de\/fr\/produkt\/batterie-au-lithium-sb-12v105e-nomada\/"]}]},{"@type":"ImageObject","inLanguage":"fr-FR","@id":"https:\/\/www.philippi-online.de\/fr\/produkt\/batterie-au-lithium-sb-12v105e-nomada\/#primaryimage","url":"https:\/\/www.philippi-online.de\/wp-content\/uploads\/philippi\/Stromversorgung\/701012105.png","contentUrl":"https:\/\/www.philippi-online.de\/wp-content\/uploads\/philippi\/Stromversorgung\/701012105.png","width":700,"height":800},{"@type":"BreadcrumbList","@id":"https:\/\/www.philippi-online.de\/fr\/produkt\/batterie-au-lithium-sb-12v105e-nomada\/#breadcrumb","itemListElement":[{"@type":"ListItem","position":1,"name":"Accueil","item":"https:\/\/www.philippi-online.de\/fr\/"},{"@type":"ListItem","position":2,"name":"Boutique","item":"https:\/\/www.philippi-online.de\/fr\/boutique\/"},{"@type":"ListItem","position":3,"name":"Batterie au lithium SB 12V105E (NOMADA)"}]},{"@type":"WebSite","@id":"https:\/\/www.philippi-online.de\/fr\/#website","url":"https:\/\/www.philippi-online.de\/fr\/","name":"philippi elektrische systeme GmbH","description":"","potentialAction":[{"@type":"SearchAction","target":{"@type":"EntryPoint","urlTemplate":"https:\/\/www.philippi-online.de\/fr\/?s={search_term_string}"},"query-input":{"@type":"PropertyValueSpecification","valueRequired":true,"valueName":"search_term_string"}}],"inLanguage":"fr-FR"}]}},"df_price":1759,"df_sale_price":"","df_regular_price":1759,"df_image_link":"https:\/\/www.philippi-online.de\/wp-content\/uploads\/philippi\/Stromversorgung\/701012105-263x300.png","_links":{"self":[{"href":"https:\/\/www.philippi-online.de\/fr\/wp-json\/wp\/v2\/product\/36560","targetHints":{"allow":["GET"]}}],"collection":[{"href":"https:\/\/www.philippi-online.de\/fr\/wp-json\/wp\/v2\/product"}],"about":[{"href":"https:\/\/www.philippi-online.de\/fr\/wp-json\/wp\/v2\/types\/product"}],"replies":[{"embeddable":true,"href":"https:\/\/www.philippi-online.de\/fr\/wp-json\/wp\/v2\/comments?post=36560"}],"version-history":[{"count":0,"href":"https:\/\/www.philippi-online.de\/fr\/wp-json\/wp\/v2\/product\/36560\/revisions"}],"wp:featuredmedia":[{"embeddable":true,"href":"https:\/\/www.philippi-online.de\/fr\/wp-json\/wp\/v2\/media\/22254"}],"wp:attachment":[{"href":"https:\/\/www.philippi-online.de\/fr\/wp-json\/wp\/v2\/media?parent=36560"}],"wp:term":[{"taxonomy":"product_brand","embeddable":true,"href":"https:\/\/www.philippi-online.de\/fr\/wp-json\/wp\/v2\/product_brand?post=36560"},{"taxonomy":"product_cat","embeddable":true,"href":"https:\/\/www.philippi-online.de\/fr\/wp-json\/wp\/v2\/product_cat?post=36560"},{"taxonomy":"product_tag","embeddable":true,"href":"https:\/\/www.philippi-online.de\/fr\/wp-json\/wp\/v2\/product_tag?post=36560"}],"curies":[{"name":"wp","href":"https:\/\/api.w.org\/{rel}","templated":true}]}}