{"id":36466,"date":"2021-07-13T11:28:30","date_gmt":"2021-07-13T09:28:30","guid":{"rendered":"https:\/\/staging.philippi-online.de\/produkt\/porte-fusibles-pour-2x-6-circuits-electriques\/"},"modified":"2023-01-25T11:11:04","modified_gmt":"2023-01-25T10:11:04","slug":"porte-fusibles-pour-2x-6-circuits-electriques","status":"publish","type":"product","link":"https:\/\/www.philippi-online.de\/fr\/produkt\/porte-fusibles-pour-2x-6-circuits-electriques\/","title":{"rendered":"Porte-fusibles pour 2x 6 circuits \u00e9lectriques"},"content":{"rendered":"\t\t<div data-elementor-type=\"wp-post\" data-elementor-id=\"36466\" class=\"elementor elementor-36466 elementor-17369\" data-elementor-post-type=\"product\">\n\t\t\t\t\t\t<section class=\"wd-negative-gap elementor-section elementor-top-section elementor-element elementor-element-7b9e685b elementor-section-boxed elementor-section-height-default elementor-section-height-default\" data-id=\"7b9e685b\" data-element_type=\"section\" data-e-type=\"section\">\n\t\t\t\t\t\t<div class=\"elementor-container elementor-column-gap-default\">\n\t\t\t\t\t<div class=\"elementor-column elementor-col-50 elementor-top-column elementor-element elementor-element-3f52c2f6\" data-id=\"3f52c2f6\" data-element_type=\"column\" data-e-type=\"column\">\n\t\t\t<div class=\"elementor-widget-wrap elementor-element-populated\">\n\t\t\t\t\t\t<div class=\"elementor-element elementor-element-4cbc75d4 color-scheme-inherit text-left elementor-widget elementor-widget-text-editor\" data-id=\"4cbc75d4\" data-element_type=\"widget\" data-e-type=\"widget\" data-widget_type=\"text-editor.default\">\n\t\t\t\t<div class=\"elementor-widget-container\">\n\t\t\t\t\t\t\t\t\t<p>Porte-fusible pour fusibles plats pour v\u00e9hicules automobiles, avec deux entr\u00e9es s\u00e9par\u00e9es.<br \/>\nCe porte-fusible est utilis\u00e9 lorsqu&rsquo;un m\u00e9lange de circuits commut\u00e9s par l&rsquo;interrupteur principal et de circuits permanents ou de circuits commut\u00e9s en deux groupes doit \u00eatre prot\u00e9g\u00e9 par fusible.<br \/>\n&#8211; Deux groupes isol\u00e9s de six circuits prot\u00e9g\u00e9s individuellement.<br \/>\n&#8211; Pour l&rsquo;utilisation de fusibles plats pour v\u00e9hicules automobiles de type ATO \/ ATC<br \/>\n&#8211; Barres omnibus en cuivre \u00e9tam\u00e9 avec bornes \u00e0 visser<br \/>\n&#8211; Avec jeu de barres n\u00e9gatif int\u00e9gr\u00e9 pour raccordement des deux c\u00f4t\u00e9s<br \/>\n&#8211; Raccordements : Entr\u00e9es Plus\/Moins Boulons filet\u00e9s \u00d8 4,8 mm, sorties Bornes \u00e0 vis \u00d8 4 mm<br \/>\n&#8211; Intensit\u00e9 maximale par circuit 30 A, total max. 100 A<br \/>\n&#8211; Tension maximale de 32 V DC<br \/>\n&#8211; Bo\u00eetier en polycarbonate r\u00e9sistant<br \/>\n&#8211; Couvercle transparent avec support pour 2 fusibles de rechange<br \/>\n&#8211; Livraison sans identification du circuit \u00e9lectrique et sans fusibles<br \/>\n<strong>Dimensions :\u00a0 \u00a0\u00a0<\/strong> L 85 x H 190 x P 39 mm<\/p>\n\t\t\t\t\t\t\t\t<\/div>\n\t\t\t\t<\/div>\n\t\t\t\t\t<\/div>\n\t\t<\/div>\n\t\t\t\t<div class=\"elementor-column elementor-col-50 elementor-top-column elementor-element elementor-element-5ef7982\" data-id=\"5ef7982\" data-element_type=\"column\" data-e-type=\"column\">\n\t\t\t<div class=\"elementor-widget-wrap elementor-element-populated\">\n\t\t\t\t\t\t<div class=\"elementor-element elementor-element-04bcb99 elementor-position-inline-start elementor-view-default elementor-mobile-position-block-start elementor-widget elementor-widget-icon-box\" data-id=\"04bcb99\" data-element_type=\"widget\" data-e-type=\"widget\" data-widget_type=\"icon-box.default\">\n\t\t\t\t<div class=\"elementor-widget-container\">\n\t\t\t\t\t\t\t<div class=\"elementor-icon-box-wrapper\">\n\n\t\t\t\t\t\t<div class=\"elementor-icon-box-icon\">\n\t\t\t\t<a href=\"\/wp-content\/uploads\/philippi\/Info\/5032.pdf\" target=\"_blank\" class=\"elementor-icon\" tabindex=\"-1\" aria-label=\"&lt;p&gt;Plus d&#039;informations&lt;\/p&gt;\">\n\t\t\t\t<svg aria-hidden=\"true\" class=\"e-font-icon-svg e-far-file-pdf\" viewBox=\"0 0 384 512\" xmlns=\"http:\/\/www.w3.org\/2000\/svg\"><path d=\"M369.9 97.9L286 14C277 5 264.8-.1 252.1-.1H48C21.5 0 0 21.5 0 48v416c0 26.5 21.5 48 48 48h288c26.5 0 48-21.5 48-48V131.9c0-12.7-5.1-25-14.1-34zM332.1 128H256V51.9l76.1 76.1zM48 464V48h160v104c0 13.3 10.7 24 24 24h104v288H48zm250.2-143.7c-12.2-12-47-8.7-64.4-6.5-17.2-10.5-28.7-25-36.8-46.3 3.9-16.1 10.1-40.6 5.4-56-4.2-26.2-37.8-23.6-42.6-5.9-4.4 16.1-.4 38.5 7 67.1-10 23.9-24.9 56-35.4 74.4-20 10.3-47 26.2-51 46.2-3.3 15.8 26 55.2 76.1-31.2 22.4-7.4 46.8-16.5 68.4-20.1 18.9 10.2 41 17 55.8 17 25.5 0 28-28.2 17.5-38.7zm-198.1 77.8c5.1-13.7 24.5-29.5 30.4-35-19 30.3-30.4 35.7-30.4 35zm81.6-190.6c7.4 0 6.7 32.1 1.8 40.8-4.4-13.9-4.3-40.8-1.8-40.8zm-24.4 136.6c9.7-16.9 18-37 24.7-54.7 8.3 15.1 18.9 27.2 30.1 35.5-20.8 4.3-38.9 13.1-54.8 19.2zm131.6-5s-5 6-37.3-7.8c35.1-2.6 40.9 5.4 37.3 7.8z\"><\/path><\/svg>\t\t\t\t<\/a>\n\t\t\t<\/div>\n\t\t\t\n\t\t\t\t\t\t<div class=\"elementor-icon-box-content\">\n\n\t\t\t\t\t\t\t\t\t<p class=\"elementor-icon-box-title\">\n\t\t\t\t\t\t<a href=\"\/wp-content\/uploads\/philippi\/Info\/5032.pdf\" target=\"_blank\" >\n\t\t\t\t\t\t\t<p>Plus d'informations<\/p>\t\t\t\t\t\t<\/a>\n\t\t\t\t\t<\/p>\n\t\t\t\t\n\t\t\t\t\n\t\t\t<\/div>\n\t\t\t\n\t\t<\/div>\n\t\t\t\t\t\t<\/div>\n\t\t\t\t<\/div>\n\t\t\t\t\t<\/div>\n\t\t<\/div>\n\t\t\t\t\t<\/div>\n\t\t<\/section>\n\t\t\t\t<\/div>\n\t\t","protected":false},"excerpt":{"rendered":"<p>Porte-fusibles pour jusqu&rsquo;\u00e0 12 fusibles plats pour automobiles. max. 30A chacun<\/p>\n","protected":false},"featured_media":21490,"comment_status":"closed","ping_status":"closed","template":"","meta":{"_acf_changed":false,"_monsterinsights_skip_tracking":false,"_monsterinsights_sitenote_active":false,"_monsterinsights_sitenote_note":"","_monsterinsights_sitenote_category":0},"product_brand":[],"product_cat":[1311,1305,1331,1355,1329],"product_tag":[3040],"class_list":{"0":"post-36466","1":"product","2":"type-product","3":"status-publish","4":"has-post-thumbnail","6":"product_cat-accessoires-de-branchement-offroad","7":"product_cat-installation-a-bord","8":"product_cat-installation-a-bord-marine","9":"product_cat-protection-de-petit-consommateur-maritime","10":"product_cat-protection-de-petit-consommateur-offroad","11":"product_tag-bs-5032-bs5032-fr","12":"pa_marken-bluesea-fr","14":"first","15":"onbackorder","16":"taxable","17":"shipping-taxable","18":"purchasable","19":"product-type-simple"},"acf":[],"yoast_head":"<!-- This site is optimized with the Yoast SEO plugin v27.1.1 - https:\/\/yoast.com\/product\/yoast-seo-wordpress\/ -->\n<title>Porte-fusibles pour 2x 6 circuits \u00e9lectriques | philippi elektrische systeme GmbH %<\/title>\n<meta name=\"description\" content=\"Porte-fusibles pour 2x 6 circuits \u00e9lectriques |\" \/>\n<meta name=\"robots\" content=\"index, follow, max-snippet:-1, max-image-preview:large, max-video-preview:-1\" \/>\n<link rel=\"canonical\" href=\"https:\/\/www.philippi-online.de\/fr\/produkt\/porte-fusibles-pour-2x-6-circuits-electriques\/\" \/>\n<meta property=\"og:locale\" content=\"fr_FR\" \/>\n<meta property=\"og:type\" content=\"article\" \/>\n<meta property=\"og:title\" content=\"Porte-fusibles pour 2x 6 circuits \u00e9lectriques | philippi elektrische systeme GmbH %\" \/>\n<meta property=\"og:description\" content=\"Porte-fusibles pour 2x 6 circuits \u00e9lectriques |\" \/>\n<meta property=\"og:url\" content=\"https:\/\/www.philippi-online.de\/fr\/produkt\/porte-fusibles-pour-2x-6-circuits-electriques\/\" \/>\n<meta property=\"og:site_name\" content=\"philippi elektrische systeme GmbH\" \/>\n<meta property=\"article:modified_time\" content=\"2023-01-25T10:11:04+00:00\" \/>\n<meta property=\"og:image\" content=\"https:\/\/www.philippi-online.de\/wp-content\/uploads\/philippi\/Bordinstallation\/700105032.png\" \/>\n\t<meta property=\"og:image:width\" content=\"700\" \/>\n\t<meta property=\"og:image:height\" content=\"800\" \/>\n\t<meta property=\"og:image:type\" content=\"image\/png\" \/>\n<meta name=\"twitter:card\" content=\"summary_large_image\" \/>\n<meta name=\"twitter:label1\" content=\"Dur\u00e9e de lecture estim\u00e9e\" \/>\n\t<meta name=\"twitter:data1\" content=\"1 minute\" \/>\n<script type=\"application\/ld+json\" class=\"yoast-schema-graph\">{\"@context\":\"https:\/\/schema.org\",\"@graph\":[{\"@type\":\"WebPage\",\"@id\":\"https:\/\/www.philippi-online.de\/fr\/produkt\/porte-fusibles-pour-2x-6-circuits-electriques\/\",\"url\":\"https:\/\/www.philippi-online.de\/fr\/produkt\/porte-fusibles-pour-2x-6-circuits-electriques\/\",\"name\":\"Porte-fusibles pour 2x 6 circuits \u00e9lectriques | philippi elektrische systeme GmbH %\",\"isPartOf\":{\"@id\":\"https:\/\/www.philippi-online.de\/fr\/#website\"},\"primaryImageOfPage\":{\"@id\":\"https:\/\/www.philippi-online.de\/fr\/produkt\/porte-fusibles-pour-2x-6-circuits-electriques\/#primaryimage\"},\"image\":{\"@id\":\"https:\/\/www.philippi-online.de\/fr\/produkt\/porte-fusibles-pour-2x-6-circuits-electriques\/#primaryimage\"},\"thumbnailUrl\":\"https:\/\/www.philippi-online.de\/wp-content\/uploads\/philippi\/Bordinstallation\/700105032.png\",\"datePublished\":\"2021-07-13T09:28:30+00:00\",\"dateModified\":\"2023-01-25T10:11:04+00:00\",\"description\":\"Porte-fusibles pour 2x 6 circuits \u00e9lectriques |\",\"breadcrumb\":{\"@id\":\"https:\/\/www.philippi-online.de\/fr\/produkt\/porte-fusibles-pour-2x-6-circuits-electriques\/#breadcrumb\"},\"inLanguage\":\"fr-FR\",\"potentialAction\":[{\"@type\":\"ReadAction\",\"target\":[\"https:\/\/www.philippi-online.de\/fr\/produkt\/porte-fusibles-pour-2x-6-circuits-electriques\/\"]}]},{\"@type\":\"ImageObject\",\"inLanguage\":\"fr-FR\",\"@id\":\"https:\/\/www.philippi-online.de\/fr\/produkt\/porte-fusibles-pour-2x-6-circuits-electriques\/#primaryimage\",\"url\":\"https:\/\/www.philippi-online.de\/wp-content\/uploads\/philippi\/Bordinstallation\/700105032.png\",\"contentUrl\":\"https:\/\/www.philippi-online.de\/wp-content\/uploads\/philippi\/Bordinstallation\/700105032.png\",\"width\":700,\"height\":800},{\"@type\":\"BreadcrumbList\",\"@id\":\"https:\/\/www.philippi-online.de\/fr\/produkt\/porte-fusibles-pour-2x-6-circuits-electriques\/#breadcrumb\",\"itemListElement\":[{\"@type\":\"ListItem\",\"position\":1,\"name\":\"Accueil\",\"item\":\"https:\/\/www.philippi-online.de\/fr\/\"},{\"@type\":\"ListItem\",\"position\":2,\"name\":\"Boutique\",\"item\":\"https:\/\/www.philippi-online.de\/fr\/boutique\/\"},{\"@type\":\"ListItem\",\"position\":3,\"name\":\"Porte-fusibles pour 2x 6 circuits \u00e9lectriques\"}]},{\"@type\":\"WebSite\",\"@id\":\"https:\/\/www.philippi-online.de\/fr\/#website\",\"url\":\"https:\/\/www.philippi-online.de\/fr\/\",\"name\":\"philippi elektrische systeme GmbH\",\"description\":\"\",\"potentialAction\":[{\"@type\":\"SearchAction\",\"target\":{\"@type\":\"EntryPoint\",\"urlTemplate\":\"https:\/\/www.philippi-online.de\/fr\/?s={search_term_string}\"},\"query-input\":{\"@type\":\"PropertyValueSpecification\",\"valueRequired\":true,\"valueName\":\"search_term_string\"}}],\"inLanguage\":\"fr-FR\"}]}<\/script>\n<!-- \/ Yoast SEO plugin. -->","yoast_head_json":{"title":"Porte-fusibles pour 2x 6 circuits \u00e9lectriques | philippi elektrische systeme GmbH %","description":"Porte-fusibles pour 2x 6 circuits \u00e9lectriques |","robots":{"index":"index","follow":"follow","max-snippet":"max-snippet:-1","max-image-preview":"max-image-preview:large","max-video-preview":"max-video-preview:-1"},"canonical":"https:\/\/www.philippi-online.de\/fr\/produkt\/porte-fusibles-pour-2x-6-circuits-electriques\/","og_locale":"fr_FR","og_type":"article","og_title":"Porte-fusibles pour 2x 6 circuits \u00e9lectriques | philippi elektrische systeme GmbH %","og_description":"Porte-fusibles pour 2x 6 circuits \u00e9lectriques |","og_url":"https:\/\/www.philippi-online.de\/fr\/produkt\/porte-fusibles-pour-2x-6-circuits-electriques\/","og_site_name":"philippi elektrische systeme GmbH","article_modified_time":"2023-01-25T10:11:04+00:00","og_image":[{"width":700,"height":800,"url":"https:\/\/www.philippi-online.de\/wp-content\/uploads\/philippi\/Bordinstallation\/700105032.png","type":"image\/png"}],"twitter_card":"summary_large_image","twitter_misc":{"Dur\u00e9e de lecture estim\u00e9e":"1 minute"},"schema":{"@context":"https:\/\/schema.org","@graph":[{"@type":"WebPage","@id":"https:\/\/www.philippi-online.de\/fr\/produkt\/porte-fusibles-pour-2x-6-circuits-electriques\/","url":"https:\/\/www.philippi-online.de\/fr\/produkt\/porte-fusibles-pour-2x-6-circuits-electriques\/","name":"Porte-fusibles pour 2x 6 circuits \u00e9lectriques | philippi elektrische systeme GmbH %","isPartOf":{"@id":"https:\/\/www.philippi-online.de\/fr\/#website"},"primaryImageOfPage":{"@id":"https:\/\/www.philippi-online.de\/fr\/produkt\/porte-fusibles-pour-2x-6-circuits-electriques\/#primaryimage"},"image":{"@id":"https:\/\/www.philippi-online.de\/fr\/produkt\/porte-fusibles-pour-2x-6-circuits-electriques\/#primaryimage"},"thumbnailUrl":"https:\/\/www.philippi-online.de\/wp-content\/uploads\/philippi\/Bordinstallation\/700105032.png","datePublished":"2021-07-13T09:28:30+00:00","dateModified":"2023-01-25T10:11:04+00:00","description":"Porte-fusibles pour 2x 6 circuits \u00e9lectriques |","breadcrumb":{"@id":"https:\/\/www.philippi-online.de\/fr\/produkt\/porte-fusibles-pour-2x-6-circuits-electriques\/#breadcrumb"},"inLanguage":"fr-FR","potentialAction":[{"@type":"ReadAction","target":["https:\/\/www.philippi-online.de\/fr\/produkt\/porte-fusibles-pour-2x-6-circuits-electriques\/"]}]},{"@type":"ImageObject","inLanguage":"fr-FR","@id":"https:\/\/www.philippi-online.de\/fr\/produkt\/porte-fusibles-pour-2x-6-circuits-electriques\/#primaryimage","url":"https:\/\/www.philippi-online.de\/wp-content\/uploads\/philippi\/Bordinstallation\/700105032.png","contentUrl":"https:\/\/www.philippi-online.de\/wp-content\/uploads\/philippi\/Bordinstallation\/700105032.png","width":700,"height":800},{"@type":"BreadcrumbList","@id":"https:\/\/www.philippi-online.de\/fr\/produkt\/porte-fusibles-pour-2x-6-circuits-electriques\/#breadcrumb","itemListElement":[{"@type":"ListItem","position":1,"name":"Accueil","item":"https:\/\/www.philippi-online.de\/fr\/"},{"@type":"ListItem","position":2,"name":"Boutique","item":"https:\/\/www.philippi-online.de\/fr\/boutique\/"},{"@type":"ListItem","position":3,"name":"Porte-fusibles pour 2x 6 circuits \u00e9lectriques"}]},{"@type":"WebSite","@id":"https:\/\/www.philippi-online.de\/fr\/#website","url":"https:\/\/www.philippi-online.de\/fr\/","name":"philippi elektrische systeme GmbH","description":"","potentialAction":[{"@type":"SearchAction","target":{"@type":"EntryPoint","urlTemplate":"https:\/\/www.philippi-online.de\/fr\/?s={search_term_string}"},"query-input":{"@type":"PropertyValueSpecification","valueRequired":true,"valueName":"search_term_string"}}],"inLanguage":"fr-FR"}]}},"df_price":114.72,"df_sale_price":"","df_regular_price":114.72,"df_image_link":"https:\/\/www.philippi-online.de\/wp-content\/uploads\/philippi\/Bordinstallation\/700105032-263x300.png","_links":{"self":[{"href":"https:\/\/www.philippi-online.de\/fr\/wp-json\/wp\/v2\/product\/36466","targetHints":{"allow":["GET"]}}],"collection":[{"href":"https:\/\/www.philippi-online.de\/fr\/wp-json\/wp\/v2\/product"}],"about":[{"href":"https:\/\/www.philippi-online.de\/fr\/wp-json\/wp\/v2\/types\/product"}],"replies":[{"embeddable":true,"href":"https:\/\/www.philippi-online.de\/fr\/wp-json\/wp\/v2\/comments?post=36466"}],"version-history":[{"count":0,"href":"https:\/\/www.philippi-online.de\/fr\/wp-json\/wp\/v2\/product\/36466\/revisions"}],"wp:featuredmedia":[{"embeddable":true,"href":"https:\/\/www.philippi-online.de\/fr\/wp-json\/wp\/v2\/media\/21490"}],"wp:attachment":[{"href":"https:\/\/www.philippi-online.de\/fr\/wp-json\/wp\/v2\/media?parent=36466"}],"wp:term":[{"taxonomy":"product_brand","embeddable":true,"href":"https:\/\/www.philippi-online.de\/fr\/wp-json\/wp\/v2\/product_brand?post=36466"},{"taxonomy":"product_cat","embeddable":true,"href":"https:\/\/www.philippi-online.de\/fr\/wp-json\/wp\/v2\/product_cat?post=36466"},{"taxonomy":"product_tag","embeddable":true,"href":"https:\/\/www.philippi-online.de\/fr\/wp-json\/wp\/v2\/product_tag?post=36466"}],"curies":[{"name":"wp","href":"https:\/\/api.w.org\/{rel}","templated":true}]}}