{"id":36266,"date":"2021-07-13T11:33:11","date_gmt":"2021-07-13T09:33:11","guid":{"rendered":"https:\/\/staging.philippi-online.de\/produkt\/prise-daccouplement-2\/"},"modified":"2023-01-25T11:09:35","modified_gmt":"2023-01-25T10:09:35","slug":"prise-daccouplement-2","status":"publish","type":"product","link":"https:\/\/www.philippi-online.de\/fr\/produkt\/prise-daccouplement-2\/","title":{"rendered":"Prise d&rsquo;accouplement"},"content":{"rendered":"\t\t<div data-elementor-type=\"wp-post\" data-elementor-id=\"36266\" class=\"elementor elementor-36266 elementor-17870\" data-elementor-post-type=\"product\">\n\t\t\t\t\t\t<section class=\"wd-negative-gap elementor-section elementor-top-section elementor-element elementor-element-777857a3 elementor-section-boxed elementor-section-height-default elementor-section-height-default\" data-id=\"777857a3\" data-element_type=\"section\" data-e-type=\"section\">\n\t\t\t\t\t\t<div class=\"elementor-container elementor-column-gap-default\">\n\t\t\t\t\t<div class=\"elementor-column elementor-col-50 elementor-top-column elementor-element elementor-element-694a9c65\" data-id=\"694a9c65\" data-element_type=\"column\" data-e-type=\"column\">\n\t\t\t<div class=\"elementor-widget-wrap elementor-element-populated\">\n\t\t\t\t\t\t<div class=\"elementor-element elementor-element-2ec15c3d color-scheme-inherit text-left elementor-widget elementor-widget-text-editor\" data-id=\"2ec15c3d\" data-element_type=\"widget\" data-e-type=\"widget\" data-widget_type=\"text-editor.default\">\n\t\t\t\t<div class=\"elementor-widget-container\">\n\t\t\t\t\t\t\t\t\t<p>Pour la s\u00e9paration des c\u00e2bles \u00e9lectriques \u00e0 bord des yachts, on utilise de pr\u00e9f\u00e9rence des connecteurs ronds \u00e9tanches. La version en plastique renforc\u00e9 de fibres de verre assure une grande durabilit\u00e9 dans les applications maritimes. Les versions \u00e0 2 et 4 p\u00f4les conviennent pour les lignes d&rsquo;alimentation des feux de position. La version \u00e0 7 p\u00f4les est destin\u00e9e aux an\u00e9mom\u00e8tres et aux applications similaires. La version 2+PE est utilis\u00e9e uniquement pour la s\u00e9paration du raccordement \u00e0 terre (230V).<\/p>\n<p>&nbsp;<\/p>\n<p>Caract\u00e9ristiques techniques<\/p>\n<table style=\"border-collapse: collapse; width: 100%;\">\n<tbody>\n<tr>\n<td style=\"width: 20%;\">Nombre de p\u00f4les<\/td>\n<td style=\"width: 19.7952%;\">2+PE<\/td>\n<td style=\"width: 19.9659%;\">2<\/td>\n<td style=\"width: 19.9659%;\">4<\/td>\n<td style=\"width: 20.1365%;\">7<\/td>\n<\/tr>\n<tr>\n<td style=\"width: 20%;\">Section de raccordement max.<\/td>\n<td style=\"width: 19.7952%;\">2,5mm\u00b2<\/td>\n<td style=\"width: 19.9659%;\">2,5mm\u00b2<\/td>\n<td style=\"width: 19.9659%;\">2,5mm\u00b2<\/td>\n<td style=\"width: 20.1365%;\">1,50mm<\/td>\n<\/tr>\n<tr>\n<td style=\"width: 20%;\">Type de connexion<\/td>\n<td style=\"width: 19.7952%;\">vis<\/td>\n<td style=\"width: 19.9659%;\">vis<\/td>\n<td style=\"width: 19.9659%;\">vis<\/td>\n<td style=\"width: 20.1365%;\">vis<\/td>\n<\/tr>\n<tr>\n<td style=\"width: 20%;\">passage de c\u00e2bles<\/td>\n<td style=\"width: 19.7952%;\">10-12mm<\/td>\n<td style=\"width: 19.9659%;\">6-8mm<\/td>\n<td style=\"width: 19.9659%;\">6-8mm<\/td>\n<td style=\"width: 20.1365%;\">6-8mm<\/td>\n<\/tr>\n<tr>\n<td style=\"width: 20%;\">surface de contact<\/td>\n<td style=\"width: 19.7952%;\">Ag<\/td>\n<td style=\"width: 19.9659%;\">Ag<\/td>\n<td style=\"width: 19.9659%;\">Ag<\/td>\n<td style=\"width: 20.1365%;\">Ag<\/td>\n<\/tr>\n<tr>\n<td style=\"width: 20%;\">Indice de protection<\/td>\n<td style=\"width: 19.7952%;\">IP67<\/td>\n<td style=\"width: 19.9659%;\">IP67<\/td>\n<td style=\"width: 19.9659%;\">IP67<\/td>\n<td style=\"width: 20.1365%;\">IP67<\/td>\n<\/tr>\n<tr>\n<td style=\"width: 20%;\">Mat\u00e9riau du bo\u00eetier<\/td>\n<td style=\"width: 19.7952%;\">PBT-gv<\/td>\n<td style=\"width: 19.9659%;\">PBT-gv<\/td>\n<td style=\"width: 19.9659%;\">PBT-gv<\/td>\n<td style=\"width: 20.1365%;\">PBT-gv<\/td>\n<\/tr>\n<tr>\n<td style=\"width: 20%;\">Courant nominal par contact<\/td>\n<td style=\"width: 19.7952%;\">16A<\/td>\n<td style=\"width: 19.9659%;\">16A<\/td>\n<td style=\"width: 19.9659%;\">16A<\/td>\n<td style=\"width: 20.1365%;\">10A<\/td>\n<\/tr>\n<tr>\n<td style=\"width: 20%;\">Tension nominale selon VDE 0110\/77<\/td>\n<td style=\"width: 19.7952%;\">230V<\/td>\n<td style=\"width: 19.9659%;\">50V<\/td>\n<td style=\"width: 19.9659%;\">50V<\/td>\n<td style=\"width: 20.1365%;\">50V<\/td>\n<\/tr>\n<tr>\n<td style=\"width: 20%;\">Inflammabilit\u00e9 selon UL-94<\/td>\n<td style=\"width: 19.7952%;\">auto-extinguible<\/td>\n<td style=\"width: 19.9659%;\">non inflammable<\/td>\n<td style=\"width: 19.9659%;\">non inflammable<\/td>\n<td style=\"width: 20.1365%;\">non inflammable<\/td>\n<\/tr>\n<\/tbody>\n<\/table>\n\t\t\t\t\t\t\t\t<\/div>\n\t\t\t\t<\/div>\n\t\t\t\t\t<\/div>\n\t\t<\/div>\n\t\t\t\t<div class=\"elementor-column elementor-col-50 elementor-top-column elementor-element elementor-element-4314abb\" data-id=\"4314abb\" data-element_type=\"column\" data-e-type=\"column\">\n\t\t\t<div class=\"elementor-widget-wrap elementor-element-populated\">\n\t\t\t\t\t\t<div class=\"elementor-element elementor-element-2b5ad98 elementor-position-inline-start elementor-view-default elementor-mobile-position-block-start elementor-widget elementor-widget-icon-box\" data-id=\"2b5ad98\" data-element_type=\"widget\" data-e-type=\"widget\" data-widget_type=\"icon-box.default\">\n\t\t\t\t<div class=\"elementor-widget-container\">\n\t\t\t\t\t\t\t<div class=\"elementor-icon-box-wrapper\">\n\n\t\t\t\t\t\t<div class=\"elementor-icon-box-icon\">\n\t\t\t\t<a href=\"\/wp-content\/uploads\/philippi\/Info\/Steckverbinder.pdf\" target=\"_blank\" class=\"elementor-icon\" tabindex=\"-1\" aria-label=\"&lt;p&gt;Plus d&#039;informations&lt;\/p&gt;\">\n\t\t\t\t<svg aria-hidden=\"true\" class=\"e-font-icon-svg e-far-file-pdf\" viewBox=\"0 0 384 512\" xmlns=\"http:\/\/www.w3.org\/2000\/svg\"><path d=\"M369.9 97.9L286 14C277 5 264.8-.1 252.1-.1H48C21.5 0 0 21.5 0 48v416c0 26.5 21.5 48 48 48h288c26.5 0 48-21.5 48-48V131.9c0-12.7-5.1-25-14.1-34zM332.1 128H256V51.9l76.1 76.1zM48 464V48h160v104c0 13.3 10.7 24 24 24h104v288H48zm250.2-143.7c-12.2-12-47-8.7-64.4-6.5-17.2-10.5-28.7-25-36.8-46.3 3.9-16.1 10.1-40.6 5.4-56-4.2-26.2-37.8-23.6-42.6-5.9-4.4 16.1-.4 38.5 7 67.1-10 23.9-24.9 56-35.4 74.4-20 10.3-47 26.2-51 46.2-3.3 15.8 26 55.2 76.1-31.2 22.4-7.4 46.8-16.5 68.4-20.1 18.9 10.2 41 17 55.8 17 25.5 0 28-28.2 17.5-38.7zm-198.1 77.8c5.1-13.7 24.5-29.5 30.4-35-19 30.3-30.4 35.7-30.4 35zm81.6-190.6c7.4 0 6.7 32.1 1.8 40.8-4.4-13.9-4.3-40.8-1.8-40.8zm-24.4 136.6c9.7-16.9 18-37 24.7-54.7 8.3 15.1 18.9 27.2 30.1 35.5-20.8 4.3-38.9 13.1-54.8 19.2zm131.6-5s-5 6-37.3-7.8c35.1-2.6 40.9 5.4 37.3 7.8z\"><\/path><\/svg>\t\t\t\t<\/a>\n\t\t\t<\/div>\n\t\t\t\n\t\t\t\t\t\t<div class=\"elementor-icon-box-content\">\n\n\t\t\t\t\t\t\t\t\t<p class=\"elementor-icon-box-title\">\n\t\t\t\t\t\t<a href=\"\/wp-content\/uploads\/philippi\/Info\/Steckverbinder.pdf\" target=\"_blank\" >\n\t\t\t\t\t\t\t<p>Plus d'informations<\/p>\t\t\t\t\t\t<\/a>\n\t\t\t\t\t<\/p>\n\t\t\t\t\n\t\t\t\t\n\t\t\t<\/div>\n\t\t\t\n\t\t<\/div>\n\t\t\t\t\t\t<\/div>\n\t\t\t\t<\/div>\n\t\t\t\t\t<\/div>\n\t\t<\/div>\n\t\t\t\t\t<\/div>\n\t\t<\/section>\n\t\t\t\t<\/div>\n\t\t","protected":false},"excerpt":{"rendered":"<p>Pour s\u00e9parer les c\u00e2bles \u00e9lectriques \u00e0 bord des yachts, on utilise de pr\u00e9f\u00e9rence des connecteurs ronds \u00e9tanches.<\/p>\n","protected":false},"featured_media":24904,"comment_status":"closed","ping_status":"closed","template":"","meta":{"_acf_changed":false,"_monsterinsights_skip_tracking":false,"_monsterinsights_sitenote_active":false,"_monsterinsights_sitenote_note":"","_monsterinsights_sitenote_category":0},"product_brand":[],"product_cat":[1491,1492,1398,1399,1414],"product_tag":[],"class_list":{"0":"post-36266","1":"product","2":"type-product","3":"status-publish","4":"has-post-thumbnail","6":"product_cat-connectiques-etanches-maritime","7":"product_cat-connectiques-etanches-offroad","8":"product_cat-prise-fiche-connexion","9":"product_cat-prise-fiche-connexion-maritime","10":"product_cat-prise-fiche-connexion-offroad","11":"pa_marken-philippi-fr","13":"first","14":"instock","15":"taxable","16":"shipping-taxable","17":"purchasable","18":"product-type-variable"},"acf":[],"yoast_head":"<!-- This site is optimized with the Yoast SEO plugin v27.1.1 - https:\/\/yoast.com\/product\/yoast-seo-wordpress\/ -->\n<title>Prise d&#039;accouplement | philippi elektrische systeme GmbH %<\/title>\n<meta name=\"description\" content=\"Prise d&#039;accouplement |\" \/>\n<meta name=\"robots\" content=\"index, follow, max-snippet:-1, max-image-preview:large, max-video-preview:-1\" \/>\n<link rel=\"canonical\" href=\"https:\/\/www.philippi-online.de\/fr\/produkt\/prise-daccouplement-2\/\" \/>\n<meta property=\"og:locale\" content=\"fr_FR\" \/>\n<meta property=\"og:type\" content=\"article\" \/>\n<meta property=\"og:title\" content=\"Prise d&#039;accouplement | philippi elektrische systeme GmbH %\" \/>\n<meta property=\"og:description\" content=\"Prise d&#039;accouplement |\" \/>\n<meta property=\"og:url\" content=\"https:\/\/www.philippi-online.de\/fr\/produkt\/prise-daccouplement-2\/\" \/>\n<meta property=\"og:site_name\" content=\"philippi elektrische systeme GmbH\" \/>\n<meta property=\"article:modified_time\" content=\"2023-01-25T10:09:35+00:00\" \/>\n<meta property=\"og:image\" content=\"https:\/\/www.philippi-online.de\/wp-content\/uploads\/philippi\/Steckverbinder\/402102905.png\" \/>\n\t<meta property=\"og:image:width\" content=\"700\" \/>\n\t<meta property=\"og:image:height\" content=\"800\" \/>\n\t<meta property=\"og:image:type\" content=\"image\/png\" \/>\n<meta name=\"twitter:card\" content=\"summary_large_image\" \/>\n<meta name=\"twitter:label1\" content=\"Dur\u00e9e de lecture estim\u00e9e\" \/>\n\t<meta name=\"twitter:data1\" content=\"1 minute\" \/>\n<script type=\"application\/ld+json\" class=\"yoast-schema-graph\">{\"@context\":\"https:\/\/schema.org\",\"@graph\":[{\"@type\":\"WebPage\",\"@id\":\"https:\/\/www.philippi-online.de\/fr\/produkt\/prise-daccouplement-2\/\",\"url\":\"https:\/\/www.philippi-online.de\/fr\/produkt\/prise-daccouplement-2\/\",\"name\":\"Prise d'accouplement | philippi elektrische systeme GmbH %\",\"isPartOf\":{\"@id\":\"https:\/\/www.philippi-online.de\/fr\/#website\"},\"primaryImageOfPage\":{\"@id\":\"https:\/\/www.philippi-online.de\/fr\/produkt\/prise-daccouplement-2\/#primaryimage\"},\"image\":{\"@id\":\"https:\/\/www.philippi-online.de\/fr\/produkt\/prise-daccouplement-2\/#primaryimage\"},\"thumbnailUrl\":\"https:\/\/www.philippi-online.de\/wp-content\/uploads\/philippi\/Steckverbinder\/402102905.png\",\"datePublished\":\"2021-07-13T09:33:11+00:00\",\"dateModified\":\"2023-01-25T10:09:35+00:00\",\"description\":\"Prise d'accouplement |\",\"breadcrumb\":{\"@id\":\"https:\/\/www.philippi-online.de\/fr\/produkt\/prise-daccouplement-2\/#breadcrumb\"},\"inLanguage\":\"fr-FR\",\"potentialAction\":[{\"@type\":\"ReadAction\",\"target\":[\"https:\/\/www.philippi-online.de\/fr\/produkt\/prise-daccouplement-2\/\"]}]},{\"@type\":\"ImageObject\",\"inLanguage\":\"fr-FR\",\"@id\":\"https:\/\/www.philippi-online.de\/fr\/produkt\/prise-daccouplement-2\/#primaryimage\",\"url\":\"https:\/\/www.philippi-online.de\/wp-content\/uploads\/philippi\/Steckverbinder\/402102905.png\",\"contentUrl\":\"https:\/\/www.philippi-online.de\/wp-content\/uploads\/philippi\/Steckverbinder\/402102905.png\",\"width\":700,\"height\":800},{\"@type\":\"BreadcrumbList\",\"@id\":\"https:\/\/www.philippi-online.de\/fr\/produkt\/prise-daccouplement-2\/#breadcrumb\",\"itemListElement\":[{\"@type\":\"ListItem\",\"position\":1,\"name\":\"Accueil\",\"item\":\"https:\/\/www.philippi-online.de\/fr\/\"},{\"@type\":\"ListItem\",\"position\":2,\"name\":\"Boutique\",\"item\":\"https:\/\/www.philippi-online.de\/fr\/boutique\/\"},{\"@type\":\"ListItem\",\"position\":3,\"name\":\"Prise d&#8217;accouplement\"}]},{\"@type\":\"WebSite\",\"@id\":\"https:\/\/www.philippi-online.de\/fr\/#website\",\"url\":\"https:\/\/www.philippi-online.de\/fr\/\",\"name\":\"philippi elektrische systeme GmbH\",\"description\":\"\",\"potentialAction\":[{\"@type\":\"SearchAction\",\"target\":{\"@type\":\"EntryPoint\",\"urlTemplate\":\"https:\/\/www.philippi-online.de\/fr\/?s={search_term_string}\"},\"query-input\":{\"@type\":\"PropertyValueSpecification\",\"valueRequired\":true,\"valueName\":\"search_term_string\"}}],\"inLanguage\":\"fr-FR\"}]}<\/script>\n<!-- \/ Yoast SEO plugin. -->","yoast_head_json":{"title":"Prise d'accouplement | philippi elektrische systeme GmbH %","description":"Prise d'accouplement |","robots":{"index":"index","follow":"follow","max-snippet":"max-snippet:-1","max-image-preview":"max-image-preview:large","max-video-preview":"max-video-preview:-1"},"canonical":"https:\/\/www.philippi-online.de\/fr\/produkt\/prise-daccouplement-2\/","og_locale":"fr_FR","og_type":"article","og_title":"Prise d'accouplement | philippi elektrische systeme GmbH %","og_description":"Prise d'accouplement |","og_url":"https:\/\/www.philippi-online.de\/fr\/produkt\/prise-daccouplement-2\/","og_site_name":"philippi elektrische systeme GmbH","article_modified_time":"2023-01-25T10:09:35+00:00","og_image":[{"width":700,"height":800,"url":"https:\/\/www.philippi-online.de\/wp-content\/uploads\/philippi\/Steckverbinder\/402102905.png","type":"image\/png"}],"twitter_card":"summary_large_image","twitter_misc":{"Dur\u00e9e de lecture estim\u00e9e":"1 minute"},"schema":{"@context":"https:\/\/schema.org","@graph":[{"@type":"WebPage","@id":"https:\/\/www.philippi-online.de\/fr\/produkt\/prise-daccouplement-2\/","url":"https:\/\/www.philippi-online.de\/fr\/produkt\/prise-daccouplement-2\/","name":"Prise d'accouplement | philippi elektrische systeme GmbH %","isPartOf":{"@id":"https:\/\/www.philippi-online.de\/fr\/#website"},"primaryImageOfPage":{"@id":"https:\/\/www.philippi-online.de\/fr\/produkt\/prise-daccouplement-2\/#primaryimage"},"image":{"@id":"https:\/\/www.philippi-online.de\/fr\/produkt\/prise-daccouplement-2\/#primaryimage"},"thumbnailUrl":"https:\/\/www.philippi-online.de\/wp-content\/uploads\/philippi\/Steckverbinder\/402102905.png","datePublished":"2021-07-13T09:33:11+00:00","dateModified":"2023-01-25T10:09:35+00:00","description":"Prise d'accouplement |","breadcrumb":{"@id":"https:\/\/www.philippi-online.de\/fr\/produkt\/prise-daccouplement-2\/#breadcrumb"},"inLanguage":"fr-FR","potentialAction":[{"@type":"ReadAction","target":["https:\/\/www.philippi-online.de\/fr\/produkt\/prise-daccouplement-2\/"]}]},{"@type":"ImageObject","inLanguage":"fr-FR","@id":"https:\/\/www.philippi-online.de\/fr\/produkt\/prise-daccouplement-2\/#primaryimage","url":"https:\/\/www.philippi-online.de\/wp-content\/uploads\/philippi\/Steckverbinder\/402102905.png","contentUrl":"https:\/\/www.philippi-online.de\/wp-content\/uploads\/philippi\/Steckverbinder\/402102905.png","width":700,"height":800},{"@type":"BreadcrumbList","@id":"https:\/\/www.philippi-online.de\/fr\/produkt\/prise-daccouplement-2\/#breadcrumb","itemListElement":[{"@type":"ListItem","position":1,"name":"Accueil","item":"https:\/\/www.philippi-online.de\/fr\/"},{"@type":"ListItem","position":2,"name":"Boutique","item":"https:\/\/www.philippi-online.de\/fr\/boutique\/"},{"@type":"ListItem","position":3,"name":"Prise d&#8217;accouplement"}]},{"@type":"WebSite","@id":"https:\/\/www.philippi-online.de\/fr\/#website","url":"https:\/\/www.philippi-online.de\/fr\/","name":"philippi elektrische systeme GmbH","description":"","potentialAction":[{"@type":"SearchAction","target":{"@type":"EntryPoint","urlTemplate":"https:\/\/www.philippi-online.de\/fr\/?s={search_term_string}"},"query-input":{"@type":"PropertyValueSpecification","valueRequired":true,"valueName":"search_term_string"}}],"inLanguage":"fr-FR"}]}},"df_price":13.3,"df_sale_price":"","df_regular_price":"","df_image_link":"https:\/\/www.philippi-online.de\/wp-content\/uploads\/philippi\/Steckverbinder\/402102905-263x300.png","_links":{"self":[{"href":"https:\/\/www.philippi-online.de\/fr\/wp-json\/wp\/v2\/product\/36266","targetHints":{"allow":["GET"]}}],"collection":[{"href":"https:\/\/www.philippi-online.de\/fr\/wp-json\/wp\/v2\/product"}],"about":[{"href":"https:\/\/www.philippi-online.de\/fr\/wp-json\/wp\/v2\/types\/product"}],"replies":[{"embeddable":true,"href":"https:\/\/www.philippi-online.de\/fr\/wp-json\/wp\/v2\/comments?post=36266"}],"version-history":[{"count":0,"href":"https:\/\/www.philippi-online.de\/fr\/wp-json\/wp\/v2\/product\/36266\/revisions"}],"wp:featuredmedia":[{"embeddable":true,"href":"https:\/\/www.philippi-online.de\/fr\/wp-json\/wp\/v2\/media\/24904"}],"wp:attachment":[{"href":"https:\/\/www.philippi-online.de\/fr\/wp-json\/wp\/v2\/media?parent=36266"}],"wp:term":[{"taxonomy":"product_brand","embeddable":true,"href":"https:\/\/www.philippi-online.de\/fr\/wp-json\/wp\/v2\/product_brand?post=36266"},{"taxonomy":"product_cat","embeddable":true,"href":"https:\/\/www.philippi-online.de\/fr\/wp-json\/wp\/v2\/product_cat?post=36266"},{"taxonomy":"product_tag","embeddable":true,"href":"https:\/\/www.philippi-online.de\/fr\/wp-json\/wp\/v2\/product_tag?post=36266"}],"curies":[{"name":"wp","href":"https:\/\/api.w.org\/{rel}","templated":true}]}}