{"id":36031,"date":"2021-07-13T11:27:22","date_gmt":"2021-07-13T09:27:22","guid":{"rendered":"https:\/\/staging.philippi-online.de\/produkt\/sonde-de-reservoir-a-visser-tdt-10-250\/"},"modified":"2023-01-25T11:11:34","modified_gmt":"2023-01-25T10:11:34","slug":"sonde-de-reservoir-a-visser-tdt-10-250","status":"publish","type":"product","link":"https:\/\/www.philippi-online.de\/fr\/produkt\/sonde-de-reservoir-a-visser-tdt-10-250\/","title":{"rendered":"Sonde de r\u00e9servoir \u00e0 visser (TDT-10-250)"},"content":{"rendered":"\t\t<div data-elementor-type=\"wp-post\" data-elementor-id=\"36031\" class=\"elementor elementor-36031 elementor-17294\" data-elementor-post-type=\"product\">\n\t\t\t\t\t\t<section class=\"wd-negative-gap elementor-section elementor-top-section elementor-element elementor-element-56a57f4d elementor-section-boxed elementor-section-height-default elementor-section-height-default\" data-id=\"56a57f4d\" data-element_type=\"section\" data-e-type=\"section\">\n\t\t\t\t\t\t<div class=\"elementor-container elementor-column-gap-default\">\n\t\t\t\t\t<div class=\"elementor-column elementor-col-50 elementor-top-column elementor-element elementor-element-3f6e62b\" data-id=\"3f6e62b\" data-element_type=\"column\" data-e-type=\"column\">\n\t\t\t<div class=\"elementor-widget-wrap elementor-element-populated\">\n\t\t\t\t\t\t<div class=\"elementor-element elementor-element-7251fac0 color-scheme-inherit text-left elementor-widget elementor-widget-text-editor\" data-id=\"7251fac0\" data-element_type=\"widget\" data-e-type=\"widget\" data-widget_type=\"text-editor.default\">\n\t\t\t\t<div class=\"elementor-widget-container\">\n\t\t\t\t\t\t\t\t\t<p>La sonde pour r\u00e9servoir TDT est viss\u00e9e dans un support filet\u00e9 G1\/2&Prime; comme sonde \u00e0 visser pr\u00e8s du fond du r\u00e9servoir. La sonde mesure le niveau de courant dans le r\u00e9servoir par la pression hydrostatique du liquide. La sonde \u00e0 r\u00e9servoir TDT convient pour les r\u00e9servoirs de diesel, d&rsquo;eau, d&rsquo;eaux us\u00e9es et de r\u00e9tention.<\/p>\n<p>&nbsp;<\/p>\n<p>Les sondes de pression sont utilis\u00e9es en combinaison avec un:<\/p>\n<p>. Contr\u00f4leur de r\u00e9servoir TCS \/ BTM \/ VTM<\/p>\n<p>. Interface r\u00e9servoir CMT 2<\/p>\n<p>. Interface UTI (appareils de mesure analogiques (ronds))<\/p>\n<p>&nbsp;<\/p>\n<p><strong>Montage:<\/strong> Sonde \u00e0 visser<\/p>\n<p><strong>Type:<\/strong> Pas de vis G1\/2\u201c<\/p>\n<p><strong>Mat\u00e9riel de la sonde:<\/strong> Acier inoxydable 1.4404 (316 L, V4A)<\/p>\n<p><strong>Pour fluide:<\/strong> Gazole, eau, eaux grises et noires<\/p>\n<p><strong>Plage de mesure:<\/strong> 0 &#8211; 250 mbar<\/p>\n<p><strong>R\u00e9solutions de mesure:<\/strong> 1 cm<\/p>\n<p><strong>Hauteur maximum de cuve:<\/strong> 250 cm<\/p>\n<p><strong>Temp\u00e9rature de fonctment:<\/strong> 0 \u2013 85 \u00b0C<\/p>\n<p><strong>Dimensions:<\/strong> L 87, \u00d8 35 mm<\/p>\n<p><strong>Signal de sortie:<\/strong> DC 4 \u2013 20 mA, Principe de 2 fils<\/p>\n<p><strong>Tension de fonctionement:<\/strong> 10 \u2013 30 V DC via le c\u00e2ble de mesure<\/p>\n<p><strong>Poids:<\/strong> ca. 0,2 kg, sans c\u00e2ble<\/p>\n\t\t\t\t\t\t\t\t<\/div>\n\t\t\t\t<\/div>\n\t\t\t\t\t<\/div>\n\t\t<\/div>\n\t\t\t\t<div class=\"elementor-column elementor-col-50 elementor-top-column elementor-element elementor-element-e428a28\" data-id=\"e428a28\" data-element_type=\"column\" data-e-type=\"column\">\n\t\t\t<div class=\"elementor-widget-wrap elementor-element-populated\">\n\t\t\t\t\t\t<div class=\"elementor-element elementor-element-4c147f9 elementor-position-inline-start elementor-view-default elementor-mobile-position-block-start elementor-widget elementor-widget-icon-box\" data-id=\"4c147f9\" data-element_type=\"widget\" data-e-type=\"widget\" data-widget_type=\"icon-box.default\">\n\t\t\t\t<div class=\"elementor-widget-container\">\n\t\t\t\t\t\t\t<div class=\"elementor-icon-box-wrapper\">\n\n\t\t\t\t\t\t<div class=\"elementor-icon-box-icon\">\n\t\t\t\t<a href=\"http:\/\/p\/wp-content\/uploads\/philippi\/Info\/philippi20FR-DRUCKSONDE.pdf\/p\" target=\"_blank\" class=\"elementor-icon\" tabindex=\"-1\" aria-label=\"&lt;p&gt;Plus d&#039;informations&lt;\/p&gt;\">\n\t\t\t\t<svg aria-hidden=\"true\" class=\"e-font-icon-svg e-far-file-pdf\" viewBox=\"0 0 384 512\" xmlns=\"http:\/\/www.w3.org\/2000\/svg\"><path d=\"M369.9 97.9L286 14C277 5 264.8-.1 252.1-.1H48C21.5 0 0 21.5 0 48v416c0 26.5 21.5 48 48 48h288c26.5 0 48-21.5 48-48V131.9c0-12.7-5.1-25-14.1-34zM332.1 128H256V51.9l76.1 76.1zM48 464V48h160v104c0 13.3 10.7 24 24 24h104v288H48zm250.2-143.7c-12.2-12-47-8.7-64.4-6.5-17.2-10.5-28.7-25-36.8-46.3 3.9-16.1 10.1-40.6 5.4-56-4.2-26.2-37.8-23.6-42.6-5.9-4.4 16.1-.4 38.5 7 67.1-10 23.9-24.9 56-35.4 74.4-20 10.3-47 26.2-51 46.2-3.3 15.8 26 55.2 76.1-31.2 22.4-7.4 46.8-16.5 68.4-20.1 18.9 10.2 41 17 55.8 17 25.5 0 28-28.2 17.5-38.7zm-198.1 77.8c5.1-13.7 24.5-29.5 30.4-35-19 30.3-30.4 35.7-30.4 35zm81.6-190.6c7.4 0 6.7 32.1 1.8 40.8-4.4-13.9-4.3-40.8-1.8-40.8zm-24.4 136.6c9.7-16.9 18-37 24.7-54.7 8.3 15.1 18.9 27.2 30.1 35.5-20.8 4.3-38.9 13.1-54.8 19.2zm131.6-5s-5 6-37.3-7.8c35.1-2.6 40.9 5.4 37.3 7.8z\"><\/path><\/svg>\t\t\t\t<\/a>\n\t\t\t<\/div>\n\t\t\t\n\t\t\t\t\t\t<div class=\"elementor-icon-box-content\">\n\n\t\t\t\t\t\t\t\t\t<p class=\"elementor-icon-box-title\">\n\t\t\t\t\t\t<a href=\"http:\/\/p\/wp-content\/uploads\/philippi\/Info\/philippi20FR-DRUCKSONDE.pdf\/p\" target=\"_blank\" >\n\t\t\t\t\t\t\t<p>Plus d'informations<\/p>\t\t\t\t\t\t<\/a>\n\t\t\t\t\t<\/p>\n\t\t\t\t\n\t\t\t\t\n\t\t\t<\/div>\n\t\t\t\n\t\t<\/div>\n\t\t\t\t\t\t<\/div>\n\t\t\t\t<\/div>\n\t\t\t\t<div class=\"elementor-element elementor-element-aef7548 elementor-position-inline-start elementor-view-default elementor-mobile-position-block-start elementor-widget elementor-widget-icon-box\" data-id=\"aef7548\" data-element_type=\"widget\" data-e-type=\"widget\" data-widget_type=\"icon-box.default\">\n\t\t\t\t<div class=\"elementor-widget-container\">\n\t\t\t\t\t\t\t<div class=\"elementor-icon-box-wrapper\">\n\n\t\t\t\t\t\t<div class=\"elementor-icon-box-icon\">\n\t\t\t\t<a href=\"\/wp-content\/uploads\/philippi\/Manual\/TDT_V1C-D.pdf\" target=\"_blank\" class=\"elementor-icon\" tabindex=\"-1\" aria-label=\"&lt;p&gt;Mode d&#039;emploi&lt;\/p&gt;\">\n\t\t\t\t<svg aria-hidden=\"true\" class=\"e-font-icon-svg e-far-file-pdf\" viewBox=\"0 0 384 512\" xmlns=\"http:\/\/www.w3.org\/2000\/svg\"><path d=\"M369.9 97.9L286 14C277 5 264.8-.1 252.1-.1H48C21.5 0 0 21.5 0 48v416c0 26.5 21.5 48 48 48h288c26.5 0 48-21.5 48-48V131.9c0-12.7-5.1-25-14.1-34zM332.1 128H256V51.9l76.1 76.1zM48 464V48h160v104c0 13.3 10.7 24 24 24h104v288H48zm250.2-143.7c-12.2-12-47-8.7-64.4-6.5-17.2-10.5-28.7-25-36.8-46.3 3.9-16.1 10.1-40.6 5.4-56-4.2-26.2-37.8-23.6-42.6-5.9-4.4 16.1-.4 38.5 7 67.1-10 23.9-24.9 56-35.4 74.4-20 10.3-47 26.2-51 46.2-3.3 15.8 26 55.2 76.1-31.2 22.4-7.4 46.8-16.5 68.4-20.1 18.9 10.2 41 17 55.8 17 25.5 0 28-28.2 17.5-38.7zm-198.1 77.8c5.1-13.7 24.5-29.5 30.4-35-19 30.3-30.4 35.7-30.4 35zm81.6-190.6c7.4 0 6.7 32.1 1.8 40.8-4.4-13.9-4.3-40.8-1.8-40.8zm-24.4 136.6c9.7-16.9 18-37 24.7-54.7 8.3 15.1 18.9 27.2 30.1 35.5-20.8 4.3-38.9 13.1-54.8 19.2zm131.6-5s-5 6-37.3-7.8c35.1-2.6 40.9 5.4 37.3 7.8z\"><\/path><\/svg>\t\t\t\t<\/a>\n\t\t\t<\/div>\n\t\t\t\n\t\t\t\t\t\t<div class=\"elementor-icon-box-content\">\n\n\t\t\t\t\t\t\t\t\t<p class=\"elementor-icon-box-title\">\n\t\t\t\t\t\t<a href=\"\/wp-content\/uploads\/philippi\/Manual\/TDT_V1C-D.pdf\" target=\"_blank\" >\n\t\t\t\t\t\t\t<p>Mode d'emploi<\/p>\t\t\t\t\t\t<\/a>\n\t\t\t\t\t<\/p>\n\t\t\t\t\n\t\t\t\t\n\t\t\t<\/div>\n\t\t\t\n\t\t<\/div>\n\t\t\t\t\t\t<\/div>\n\t\t\t\t<\/div>\n\t\t\t\t\t<\/div>\n\t\t<\/div>\n\t\t\t\t\t<\/div>\n\t\t<\/section>\n\t\t\t\t<\/div>\n\t\t","protected":false},"excerpt":{"rendered":"<p>La sonde de r\u00e9servoir TDT est viss\u00e9e dans un logement filet\u00e9 G1\/2&Prime; \u00e0 proximit\u00e9 du fond du r\u00e9servoir.<\/p>\n","protected":false},"featured_media":21660,"comment_status":"closed","ping_status":"closed","template":"","meta":{"_acf_changed":false,"_monsterinsights_skip_tracking":false,"_monsterinsights_sitenote_active":false,"_monsterinsights_sitenote_note":"","_monsterinsights_sitenote_category":0},"product_brand":[],"product_cat":[1368,1380,1358,1360,1372],"product_tag":[2985],"class_list":{"0":"post-36031","1":"product","2":"type-product","3":"status-publish","4":"has-post-thumbnail","6":"product_cat-emetteurs-maritime","7":"product_cat-emetteurs-offroad","8":"product_cat-surveillance-de-votre-installation","9":"product_cat-surveillance-de-votre-installation-maritime","10":"product_cat-surveillance-de-votre-installation-offroad","11":"product_tag-trv-fr","12":"pa_marken-philippi-fr","14":"first","15":"instock","16":"taxable","17":"shipping-taxable","18":"purchasable","19":"product-type-simple"},"acf":[],"yoast_head":"<!-- This site is optimized with the Yoast SEO plugin v27.1.1 - https:\/\/yoast.com\/product\/yoast-seo-wordpress\/ -->\n<title>Sonde de r\u00e9servoir \u00e0 visser (TDT-10-250) | philippi elektrische systeme GmbH %<\/title>\n<meta name=\"description\" content=\"Sonde de r\u00e9servoir \u00e0 visser (TDT-10-250) |\" \/>\n<meta name=\"robots\" content=\"index, follow, max-snippet:-1, max-image-preview:large, max-video-preview:-1\" \/>\n<link rel=\"canonical\" href=\"https:\/\/www.philippi-online.de\/fr\/produkt\/sonde-de-reservoir-a-visser-tdt-10-250\/\" \/>\n<meta property=\"og:locale\" content=\"fr_FR\" \/>\n<meta property=\"og:type\" content=\"article\" \/>\n<meta property=\"og:title\" content=\"Sonde de r\u00e9servoir \u00e0 visser (TDT-10-250) | philippi elektrische systeme GmbH %\" \/>\n<meta property=\"og:description\" content=\"Sonde de r\u00e9servoir \u00e0 visser (TDT-10-250) |\" \/>\n<meta property=\"og:url\" content=\"https:\/\/www.philippi-online.de\/fr\/produkt\/sonde-de-reservoir-a-visser-tdt-10-250\/\" \/>\n<meta property=\"og:site_name\" content=\"philippi elektrische systeme GmbH\" \/>\n<meta property=\"article:modified_time\" content=\"2023-01-25T10:11:34+00:00\" \/>\n<meta property=\"og:image\" content=\"https:\/\/www.philippi-online.de\/wp-content\/uploads\/philippi\/Bordueberwachung\/660200250.png\" \/>\n\t<meta property=\"og:image:width\" content=\"700\" \/>\n\t<meta property=\"og:image:height\" content=\"800\" \/>\n\t<meta property=\"og:image:type\" content=\"image\/png\" \/>\n<meta name=\"twitter:card\" content=\"summary_large_image\" \/>\n<meta name=\"twitter:label1\" content=\"Dur\u00e9e de lecture estim\u00e9e\" \/>\n\t<meta name=\"twitter:data1\" content=\"1 minute\" \/>\n<script type=\"application\/ld+json\" class=\"yoast-schema-graph\">{\"@context\":\"https:\/\/schema.org\",\"@graph\":[{\"@type\":\"WebPage\",\"@id\":\"https:\/\/www.philippi-online.de\/fr\/produkt\/sonde-de-reservoir-a-visser-tdt-10-250\/\",\"url\":\"https:\/\/www.philippi-online.de\/fr\/produkt\/sonde-de-reservoir-a-visser-tdt-10-250\/\",\"name\":\"Sonde de r\u00e9servoir \u00e0 visser (TDT-10-250) | philippi elektrische systeme GmbH %\",\"isPartOf\":{\"@id\":\"https:\/\/www.philippi-online.de\/fr\/#website\"},\"primaryImageOfPage\":{\"@id\":\"https:\/\/www.philippi-online.de\/fr\/produkt\/sonde-de-reservoir-a-visser-tdt-10-250\/#primaryimage\"},\"image\":{\"@id\":\"https:\/\/www.philippi-online.de\/fr\/produkt\/sonde-de-reservoir-a-visser-tdt-10-250\/#primaryimage\"},\"thumbnailUrl\":\"https:\/\/www.philippi-online.de\/wp-content\/uploads\/philippi\/Bordueberwachung\/660200250.png\",\"datePublished\":\"2021-07-13T09:27:22+00:00\",\"dateModified\":\"2023-01-25T10:11:34+00:00\",\"description\":\"Sonde de r\u00e9servoir \u00e0 visser (TDT-10-250) |\",\"breadcrumb\":{\"@id\":\"https:\/\/www.philippi-online.de\/fr\/produkt\/sonde-de-reservoir-a-visser-tdt-10-250\/#breadcrumb\"},\"inLanguage\":\"fr-FR\",\"potentialAction\":[{\"@type\":\"ReadAction\",\"target\":[\"https:\/\/www.philippi-online.de\/fr\/produkt\/sonde-de-reservoir-a-visser-tdt-10-250\/\"]}]},{\"@type\":\"ImageObject\",\"inLanguage\":\"fr-FR\",\"@id\":\"https:\/\/www.philippi-online.de\/fr\/produkt\/sonde-de-reservoir-a-visser-tdt-10-250\/#primaryimage\",\"url\":\"https:\/\/www.philippi-online.de\/wp-content\/uploads\/philippi\/Bordueberwachung\/660200250.png\",\"contentUrl\":\"https:\/\/www.philippi-online.de\/wp-content\/uploads\/philippi\/Bordueberwachung\/660200250.png\",\"width\":700,\"height\":800},{\"@type\":\"BreadcrumbList\",\"@id\":\"https:\/\/www.philippi-online.de\/fr\/produkt\/sonde-de-reservoir-a-visser-tdt-10-250\/#breadcrumb\",\"itemListElement\":[{\"@type\":\"ListItem\",\"position\":1,\"name\":\"Accueil\",\"item\":\"https:\/\/www.philippi-online.de\/fr\/\"},{\"@type\":\"ListItem\",\"position\":2,\"name\":\"Boutique\",\"item\":\"https:\/\/www.philippi-online.de\/fr\/boutique\/\"},{\"@type\":\"ListItem\",\"position\":3,\"name\":\"Sonde de r\u00e9servoir \u00e0 visser (TDT-10-250)\"}]},{\"@type\":\"WebSite\",\"@id\":\"https:\/\/www.philippi-online.de\/fr\/#website\",\"url\":\"https:\/\/www.philippi-online.de\/fr\/\",\"name\":\"philippi elektrische systeme GmbH\",\"description\":\"\",\"potentialAction\":[{\"@type\":\"SearchAction\",\"target\":{\"@type\":\"EntryPoint\",\"urlTemplate\":\"https:\/\/www.philippi-online.de\/fr\/?s={search_term_string}\"},\"query-input\":{\"@type\":\"PropertyValueSpecification\",\"valueRequired\":true,\"valueName\":\"search_term_string\"}}],\"inLanguage\":\"fr-FR\"}]}<\/script>\n<!-- \/ Yoast SEO plugin. -->","yoast_head_json":{"title":"Sonde de r\u00e9servoir \u00e0 visser (TDT-10-250) | philippi elektrische systeme GmbH %","description":"Sonde de r\u00e9servoir \u00e0 visser (TDT-10-250) |","robots":{"index":"index","follow":"follow","max-snippet":"max-snippet:-1","max-image-preview":"max-image-preview:large","max-video-preview":"max-video-preview:-1"},"canonical":"https:\/\/www.philippi-online.de\/fr\/produkt\/sonde-de-reservoir-a-visser-tdt-10-250\/","og_locale":"fr_FR","og_type":"article","og_title":"Sonde de r\u00e9servoir \u00e0 visser (TDT-10-250) | philippi elektrische systeme GmbH %","og_description":"Sonde de r\u00e9servoir \u00e0 visser (TDT-10-250) |","og_url":"https:\/\/www.philippi-online.de\/fr\/produkt\/sonde-de-reservoir-a-visser-tdt-10-250\/","og_site_name":"philippi elektrische systeme GmbH","article_modified_time":"2023-01-25T10:11:34+00:00","og_image":[{"width":700,"height":800,"url":"https:\/\/www.philippi-online.de\/wp-content\/uploads\/philippi\/Bordueberwachung\/660200250.png","type":"image\/png"}],"twitter_card":"summary_large_image","twitter_misc":{"Dur\u00e9e de lecture estim\u00e9e":"1 minute"},"schema":{"@context":"https:\/\/schema.org","@graph":[{"@type":"WebPage","@id":"https:\/\/www.philippi-online.de\/fr\/produkt\/sonde-de-reservoir-a-visser-tdt-10-250\/","url":"https:\/\/www.philippi-online.de\/fr\/produkt\/sonde-de-reservoir-a-visser-tdt-10-250\/","name":"Sonde de r\u00e9servoir \u00e0 visser (TDT-10-250) | philippi elektrische systeme GmbH %","isPartOf":{"@id":"https:\/\/www.philippi-online.de\/fr\/#website"},"primaryImageOfPage":{"@id":"https:\/\/www.philippi-online.de\/fr\/produkt\/sonde-de-reservoir-a-visser-tdt-10-250\/#primaryimage"},"image":{"@id":"https:\/\/www.philippi-online.de\/fr\/produkt\/sonde-de-reservoir-a-visser-tdt-10-250\/#primaryimage"},"thumbnailUrl":"https:\/\/www.philippi-online.de\/wp-content\/uploads\/philippi\/Bordueberwachung\/660200250.png","datePublished":"2021-07-13T09:27:22+00:00","dateModified":"2023-01-25T10:11:34+00:00","description":"Sonde de r\u00e9servoir \u00e0 visser (TDT-10-250) |","breadcrumb":{"@id":"https:\/\/www.philippi-online.de\/fr\/produkt\/sonde-de-reservoir-a-visser-tdt-10-250\/#breadcrumb"},"inLanguage":"fr-FR","potentialAction":[{"@type":"ReadAction","target":["https:\/\/www.philippi-online.de\/fr\/produkt\/sonde-de-reservoir-a-visser-tdt-10-250\/"]}]},{"@type":"ImageObject","inLanguage":"fr-FR","@id":"https:\/\/www.philippi-online.de\/fr\/produkt\/sonde-de-reservoir-a-visser-tdt-10-250\/#primaryimage","url":"https:\/\/www.philippi-online.de\/wp-content\/uploads\/philippi\/Bordueberwachung\/660200250.png","contentUrl":"https:\/\/www.philippi-online.de\/wp-content\/uploads\/philippi\/Bordueberwachung\/660200250.png","width":700,"height":800},{"@type":"BreadcrumbList","@id":"https:\/\/www.philippi-online.de\/fr\/produkt\/sonde-de-reservoir-a-visser-tdt-10-250\/#breadcrumb","itemListElement":[{"@type":"ListItem","position":1,"name":"Accueil","item":"https:\/\/www.philippi-online.de\/fr\/"},{"@type":"ListItem","position":2,"name":"Boutique","item":"https:\/\/www.philippi-online.de\/fr\/boutique\/"},{"@type":"ListItem","position":3,"name":"Sonde de r\u00e9servoir \u00e0 visser (TDT-10-250)"}]},{"@type":"WebSite","@id":"https:\/\/www.philippi-online.de\/fr\/#website","url":"https:\/\/www.philippi-online.de\/fr\/","name":"philippi elektrische systeme GmbH","description":"","potentialAction":[{"@type":"SearchAction","target":{"@type":"EntryPoint","urlTemplate":"https:\/\/www.philippi-online.de\/fr\/?s={search_term_string}"},"query-input":{"@type":"PropertyValueSpecification","valueRequired":true,"valueName":"search_term_string"}}],"inLanguage":"fr-FR"}]}},"df_price":299,"df_sale_price":"","df_regular_price":299,"df_image_link":"https:\/\/www.philippi-online.de\/wp-content\/uploads\/philippi\/Bordueberwachung\/660200250-263x300.png","_links":{"self":[{"href":"https:\/\/www.philippi-online.de\/fr\/wp-json\/wp\/v2\/product\/36031","targetHints":{"allow":["GET"]}}],"collection":[{"href":"https:\/\/www.philippi-online.de\/fr\/wp-json\/wp\/v2\/product"}],"about":[{"href":"https:\/\/www.philippi-online.de\/fr\/wp-json\/wp\/v2\/types\/product"}],"replies":[{"embeddable":true,"href":"https:\/\/www.philippi-online.de\/fr\/wp-json\/wp\/v2\/comments?post=36031"}],"version-history":[{"count":0,"href":"https:\/\/www.philippi-online.de\/fr\/wp-json\/wp\/v2\/product\/36031\/revisions"}],"wp:featuredmedia":[{"embeddable":true,"href":"https:\/\/www.philippi-online.de\/fr\/wp-json\/wp\/v2\/media\/21660"}],"wp:attachment":[{"href":"https:\/\/www.philippi-online.de\/fr\/wp-json\/wp\/v2\/media?parent=36031"}],"wp:term":[{"taxonomy":"product_brand","embeddable":true,"href":"https:\/\/www.philippi-online.de\/fr\/wp-json\/wp\/v2\/product_brand?post=36031"},{"taxonomy":"product_cat","embeddable":true,"href":"https:\/\/www.philippi-online.de\/fr\/wp-json\/wp\/v2\/product_cat?post=36031"},{"taxonomy":"product_tag","embeddable":true,"href":"https:\/\/www.philippi-online.de\/fr\/wp-json\/wp\/v2\/product_tag?post=36031"}],"curies":[{"name":"wp","href":"https:\/\/api.w.org\/{rel}","templated":true}]}}