{"id":35373,"date":"2021-07-13T11:38:13","date_gmt":"2021-07-13T09:38:13","guid":{"rendered":"https:\/\/staging.philippi-online.de\/produkt\/regulateur-de-charge-solaire-vt\/"},"modified":"2023-01-25T11:12:11","modified_gmt":"2023-01-25T10:12:11","slug":"regulateur-de-charge-solaire-vt","status":"publish","type":"product","link":"https:\/\/www.philippi-online.de\/fr\/produkt\/regulateur-de-charge-solaire-vt\/","title":{"rendered":"R\u00e9gulateur de charge solaire (VT)"},"content":{"rendered":"\t\t<div data-elementor-type=\"wp-post\" data-elementor-id=\"35373\" class=\"elementor elementor-35373 elementor-18527\" data-elementor-post-type=\"product\">\n\t\t\t\t\t\t<section class=\"wd-negative-gap elementor-section elementor-top-section elementor-element elementor-element-59a20242 elementor-section-boxed elementor-section-height-default elementor-section-height-default\" data-id=\"59a20242\" data-element_type=\"section\" data-e-type=\"section\">\n\t\t\t\t\t\t<div class=\"elementor-container elementor-column-gap-default\">\n\t\t\t\t\t<div class=\"elementor-column elementor-col-50 elementor-top-column elementor-element elementor-element-397d595b\" data-id=\"397d595b\" data-element_type=\"column\" data-e-type=\"column\">\n\t\t\t<div class=\"elementor-widget-wrap elementor-element-populated\">\n\t\t\t\t\t\t<div class=\"elementor-element elementor-element-642c1721 color-scheme-inherit text-left elementor-widget elementor-widget-text-editor\" data-id=\"642c1721\" data-element_type=\"widget\" data-e-type=\"widget\" data-widget_type=\"text-editor.default\">\n\t\t\t\t<div class=\"elementor-widget-container\">\n\t\t\t\t\t\t\t\t\t<p>Les r\u00e9gulateurs de charge solaire avec Maximum Power Point Tracking, en abr\u00e9g\u00e9 MPPT, augmentent le rendement des panneaux solaires. Le point de fonctionnement varie en permanence en fonction des conditions ext\u00e9rieures (rayonnement solaire et temp\u00e9rature) auxquelles il doit s&rsquo;adapter (tracking). Ils assurent une exploitation optimale gr\u00e2ce \u00e0 : . Tracking Efficacit\u00e9 et rendement jusqu&rsquo;\u00e0 99% Courbe de charge \u00e0 4 niveaux pour une plus longue dur\u00e9e de vie de la batterie. 8 courbes de charge de batterie pr\u00e9d\u00e9finies, adapt\u00e9es \u00e0 tous les syst\u00e8mes de batterie courants. Syst\u00e8me enti\u00e8rement configurable<\/p>\n<table style=\"border-collapse: collapse; width: 93.2501%;\">\n<tbody>\n<tr>\n<td style=\"width: 33.3333%;\">\u00a0<\/td>\n<th style=\"width: 29.7808%;\">VT 65<\/th>\n<th style=\"width: 30.1362%;\">VT 80<\/th>\n<\/tr>\n<tr>\n<td style=\"width: 33.3333%;\">Charge max. Courant de charge<\/td>\n<td style=\"width: 29.7808%;\">65 A<\/td>\n<td style=\"width: 30.1362%;\">80 A<\/td>\n<\/tr>\n<tr>\n<td style=\"width: 33.3333%;\">Tension nominale de la batterie<\/td>\n<td style=\"width: 29.7808%;\">12 \/ 24 \/ 48 V<\/td>\n<td style=\"width: 30.1362%;\">12 \/ 24 \/ 48 V<\/td>\n<\/tr>\n<tr>\n<td style=\"width: 33.3333%;\">Panneau solaire Tension max.<\/td>\n<td style=\"width: 29.7808%;\">150 V (75V @ 12V)<\/td>\n<td style=\"width: 30.1362%;\">150 V (75V @ 12V)<\/td>\n<\/tr>\n<tr>\n<td style=\"width: 33.3333%;\">Puissance des modules PV max.<\/td>\n<td style=\"width: 29.7808%;\">1000 \/ 2000 \/ 4000 W<\/td>\n<td style=\"width: 30.1362%;\">1250 \/ 2500 \/ 5000 W<\/td>\n<\/tr>\n<tr>\n<td style=\"width: 33.3333%;\">Poids<\/td>\n<td style=\"width: 29.7808%;\">5,2 kg<\/td>\n<td style=\"width: 30.1362%;\">5,5 kg<\/td>\n<\/tr>\n<tr>\n<td style=\"width: 33.3333%;\">Dimensions L x l x H<\/td>\n<td style=\"width: 29.7808%;\">120 x 220 x 310 mm<\/td>\n<td style=\"width: 30.1362%;\">120 x 220 x 350 mm<\/td>\n<\/tr>\n<tr>\n<td style=\"width: 33.3333%;\">Courant de retour \u00e0 la sortie<\/td>\n<td style=\"width: 29.7808%;\">&lt; 1 W in Nachtmodus<\/td>\n<td style=\"width: 30.1362%;\">\u00a0<\/td>\n<\/tr>\n<tr>\n<td style=\"width: 33.3333%;\">Indice de protection<\/td>\n<td style=\"width: 59.917%;\" colspan=\"2\">IP 54<\/td>\n<\/tr>\n<tr>\n<td style=\"width: 33.3333%;\">Interface<\/td>\n<td style=\"width: 59.917%;\" colspan=\"2\">Studer CAN-Bus Interface for Fernbedienung RCC-02\/-03<\/td>\n<\/tr>\n<\/tbody>\n<\/table>\n\t\t\t\t\t\t\t\t<\/div>\n\t\t\t\t<\/div>\n\t\t\t\t\t<\/div>\n\t\t<\/div>\n\t\t\t\t<div class=\"elementor-column elementor-col-50 elementor-top-column elementor-element elementor-element-1bc45a8\" data-id=\"1bc45a8\" data-element_type=\"column\" data-e-type=\"column\">\n\t\t\t<div class=\"elementor-widget-wrap elementor-element-populated\">\n\t\t\t\t\t\t<div class=\"elementor-element elementor-element-d941ae3 elementor-position-inline-start elementor-view-default elementor-mobile-position-block-start elementor-widget elementor-widget-icon-box\" data-id=\"d941ae3\" data-element_type=\"widget\" data-e-type=\"widget\" data-widget_type=\"icon-box.default\">\n\t\t\t\t<div class=\"elementor-widget-container\">\n\t\t\t\t\t\t\t<div class=\"elementor-icon-box-wrapper\">\n\n\t\t\t\t\t\t<div class=\"elementor-icon-box-icon\">\n\t\t\t\t<a href=\"http:\/\/p\/wp-content\/uploads\/philippi\/Info\/philippi20FR-VT.pdf\/p\" target=\"_blank\" class=\"elementor-icon\" tabindex=\"-1\" aria-label=\"&lt;p&gt;Plus d&#039;informations&lt;\/p&gt;\">\n\t\t\t\t<svg aria-hidden=\"true\" class=\"e-font-icon-svg e-far-file-pdf\" viewBox=\"0 0 384 512\" xmlns=\"http:\/\/www.w3.org\/2000\/svg\"><path d=\"M369.9 97.9L286 14C277 5 264.8-.1 252.1-.1H48C21.5 0 0 21.5 0 48v416c0 26.5 21.5 48 48 48h288c26.5 0 48-21.5 48-48V131.9c0-12.7-5.1-25-14.1-34zM332.1 128H256V51.9l76.1 76.1zM48 464V48h160v104c0 13.3 10.7 24 24 24h104v288H48zm250.2-143.7c-12.2-12-47-8.7-64.4-6.5-17.2-10.5-28.7-25-36.8-46.3 3.9-16.1 10.1-40.6 5.4-56-4.2-26.2-37.8-23.6-42.6-5.9-4.4 16.1-.4 38.5 7 67.1-10 23.9-24.9 56-35.4 74.4-20 10.3-47 26.2-51 46.2-3.3 15.8 26 55.2 76.1-31.2 22.4-7.4 46.8-16.5 68.4-20.1 18.9 10.2 41 17 55.8 17 25.5 0 28-28.2 17.5-38.7zm-198.1 77.8c5.1-13.7 24.5-29.5 30.4-35-19 30.3-30.4 35.7-30.4 35zm81.6-190.6c7.4 0 6.7 32.1 1.8 40.8-4.4-13.9-4.3-40.8-1.8-40.8zm-24.4 136.6c9.7-16.9 18-37 24.7-54.7 8.3 15.1 18.9 27.2 30.1 35.5-20.8 4.3-38.9 13.1-54.8 19.2zm131.6-5s-5 6-37.3-7.8c35.1-2.6 40.9 5.4 37.3 7.8z\"><\/path><\/svg>\t\t\t\t<\/a>\n\t\t\t<\/div>\n\t\t\t\n\t\t\t\t\t\t<div class=\"elementor-icon-box-content\">\n\n\t\t\t\t\t\t\t\t\t<p class=\"elementor-icon-box-title\">\n\t\t\t\t\t\t<a href=\"http:\/\/p\/wp-content\/uploads\/philippi\/Info\/philippi20FR-VT.pdf\/p\" target=\"_blank\" >\n\t\t\t\t\t\t\t<p>Plus d'informations<\/p>\t\t\t\t\t\t<\/a>\n\t\t\t\t\t<\/p>\n\t\t\t\t\n\t\t\t\t\n\t\t\t<\/div>\n\t\t\t\n\t\t<\/div>\n\t\t\t\t\t\t<\/div>\n\t\t\t\t<\/div>\n\t\t\t\t\t<\/div>\n\t\t<\/div>\n\t\t\t\t\t<\/div>\n\t\t<\/section>\n\t\t\t\t<\/div>\n\t\t","protected":false},"excerpt":{"rendered":"<p>Augmente l&rsquo;efficacit\u00e9 des panneaux solaires.<\/p>\n","protected":false},"featured_media":22328,"comment_status":"closed","ping_status":"closed","template":"","meta":{"_acf_changed":false,"_monsterinsights_skip_tracking":false,"_monsterinsights_sitenote_active":false,"_monsterinsights_sitenote_note":"","_monsterinsights_sitenote_category":0},"product_brand":[],"product_cat":[1426,1428,1443,1505,1506],"product_tag":[],"class_list":{"0":"post-35373","1":"product","2":"type-product","3":"status-publish","4":"has-post-thumbnail","6":"product_cat-alimentation","7":"product_cat-alimentation-maritime","8":"product_cat-alimentation-offroad","9":"product_cat-regulateur-solaire-maritime","10":"product_cat-regulateur-solaire-offroad","11":"pa_marken-studer-fr","13":"first","14":"instock","15":"taxable","16":"shipping-taxable","17":"purchasable","18":"product-type-variable"},"acf":[],"yoast_head":"<!-- This site is optimized with the Yoast SEO plugin v27.1.1 - https:\/\/yoast.com\/product\/yoast-seo-wordpress\/ -->\n<title>R\u00e9gulateur de charge solaire (VT) | philippi elektrische systeme GmbH %<\/title>\n<meta name=\"description\" content=\"R\u00e9gulateur de charge solaire (VT) |\" \/>\n<meta name=\"robots\" content=\"index, follow, max-snippet:-1, max-image-preview:large, max-video-preview:-1\" \/>\n<link rel=\"canonical\" href=\"https:\/\/www.philippi-online.de\/fr\/produkt\/regulateur-de-charge-solaire-vt\/\" \/>\n<meta property=\"og:locale\" content=\"fr_FR\" \/>\n<meta property=\"og:type\" content=\"article\" \/>\n<meta property=\"og:title\" content=\"R\u00e9gulateur de charge solaire (VT) | philippi elektrische systeme GmbH %\" \/>\n<meta property=\"og:description\" content=\"R\u00e9gulateur de charge solaire (VT) |\" \/>\n<meta property=\"og:url\" content=\"https:\/\/www.philippi-online.de\/fr\/produkt\/regulateur-de-charge-solaire-vt\/\" \/>\n<meta property=\"og:site_name\" content=\"philippi elektrische systeme GmbH\" \/>\n<meta property=\"article:modified_time\" content=\"2023-01-25T10:12:11+00:00\" \/>\n<meta property=\"og:image\" content=\"https:\/\/www.philippi-online.de\/wp-content\/uploads\/philippi\/Stromversorgung\/700068065.png\" \/>\n\t<meta property=\"og:image:width\" content=\"700\" \/>\n\t<meta property=\"og:image:height\" content=\"800\" \/>\n\t<meta property=\"og:image:type\" content=\"image\/png\" \/>\n<meta name=\"twitter:card\" content=\"summary_large_image\" \/>\n<meta name=\"twitter:label1\" content=\"Dur\u00e9e de lecture estim\u00e9e\" \/>\n\t<meta name=\"twitter:data1\" content=\"1 minute\" \/>\n<script type=\"application\/ld+json\" class=\"yoast-schema-graph\">{\"@context\":\"https:\/\/schema.org\",\"@graph\":[{\"@type\":\"WebPage\",\"@id\":\"https:\/\/www.philippi-online.de\/fr\/produkt\/regulateur-de-charge-solaire-vt\/\",\"url\":\"https:\/\/www.philippi-online.de\/fr\/produkt\/regulateur-de-charge-solaire-vt\/\",\"name\":\"R\u00e9gulateur de charge solaire (VT) | philippi elektrische systeme GmbH %\",\"isPartOf\":{\"@id\":\"https:\/\/www.philippi-online.de\/fr\/#website\"},\"primaryImageOfPage\":{\"@id\":\"https:\/\/www.philippi-online.de\/fr\/produkt\/regulateur-de-charge-solaire-vt\/#primaryimage\"},\"image\":{\"@id\":\"https:\/\/www.philippi-online.de\/fr\/produkt\/regulateur-de-charge-solaire-vt\/#primaryimage\"},\"thumbnailUrl\":\"https:\/\/www.philippi-online.de\/wp-content\/uploads\/philippi\/Stromversorgung\/700068065.png\",\"datePublished\":\"2021-07-13T09:38:13+00:00\",\"dateModified\":\"2023-01-25T10:12:11+00:00\",\"description\":\"R\u00e9gulateur de charge solaire (VT) |\",\"breadcrumb\":{\"@id\":\"https:\/\/www.philippi-online.de\/fr\/produkt\/regulateur-de-charge-solaire-vt\/#breadcrumb\"},\"inLanguage\":\"fr-FR\",\"potentialAction\":[{\"@type\":\"ReadAction\",\"target\":[\"https:\/\/www.philippi-online.de\/fr\/produkt\/regulateur-de-charge-solaire-vt\/\"]}]},{\"@type\":\"ImageObject\",\"inLanguage\":\"fr-FR\",\"@id\":\"https:\/\/www.philippi-online.de\/fr\/produkt\/regulateur-de-charge-solaire-vt\/#primaryimage\",\"url\":\"https:\/\/www.philippi-online.de\/wp-content\/uploads\/philippi\/Stromversorgung\/700068065.png\",\"contentUrl\":\"https:\/\/www.philippi-online.de\/wp-content\/uploads\/philippi\/Stromversorgung\/700068065.png\",\"width\":700,\"height\":800},{\"@type\":\"BreadcrumbList\",\"@id\":\"https:\/\/www.philippi-online.de\/fr\/produkt\/regulateur-de-charge-solaire-vt\/#breadcrumb\",\"itemListElement\":[{\"@type\":\"ListItem\",\"position\":1,\"name\":\"Accueil\",\"item\":\"https:\/\/www.philippi-online.de\/fr\/\"},{\"@type\":\"ListItem\",\"position\":2,\"name\":\"Boutique\",\"item\":\"https:\/\/www.philippi-online.de\/fr\/boutique\/\"},{\"@type\":\"ListItem\",\"position\":3,\"name\":\"R\u00e9gulateur de charge solaire (VT)\"}]},{\"@type\":\"WebSite\",\"@id\":\"https:\/\/www.philippi-online.de\/fr\/#website\",\"url\":\"https:\/\/www.philippi-online.de\/fr\/\",\"name\":\"philippi elektrische systeme GmbH\",\"description\":\"\",\"potentialAction\":[{\"@type\":\"SearchAction\",\"target\":{\"@type\":\"EntryPoint\",\"urlTemplate\":\"https:\/\/www.philippi-online.de\/fr\/?s={search_term_string}\"},\"query-input\":{\"@type\":\"PropertyValueSpecification\",\"valueRequired\":true,\"valueName\":\"search_term_string\"}}],\"inLanguage\":\"fr-FR\"}]}<\/script>\n<!-- \/ Yoast SEO plugin. -->","yoast_head_json":{"title":"R\u00e9gulateur de charge solaire (VT) | philippi elektrische systeme GmbH %","description":"R\u00e9gulateur de charge solaire (VT) |","robots":{"index":"index","follow":"follow","max-snippet":"max-snippet:-1","max-image-preview":"max-image-preview:large","max-video-preview":"max-video-preview:-1"},"canonical":"https:\/\/www.philippi-online.de\/fr\/produkt\/regulateur-de-charge-solaire-vt\/","og_locale":"fr_FR","og_type":"article","og_title":"R\u00e9gulateur de charge solaire (VT) | philippi elektrische systeme GmbH %","og_description":"R\u00e9gulateur de charge solaire (VT) |","og_url":"https:\/\/www.philippi-online.de\/fr\/produkt\/regulateur-de-charge-solaire-vt\/","og_site_name":"philippi elektrische systeme GmbH","article_modified_time":"2023-01-25T10:12:11+00:00","og_image":[{"width":700,"height":800,"url":"https:\/\/www.philippi-online.de\/wp-content\/uploads\/philippi\/Stromversorgung\/700068065.png","type":"image\/png"}],"twitter_card":"summary_large_image","twitter_misc":{"Dur\u00e9e de lecture estim\u00e9e":"1 minute"},"schema":{"@context":"https:\/\/schema.org","@graph":[{"@type":"WebPage","@id":"https:\/\/www.philippi-online.de\/fr\/produkt\/regulateur-de-charge-solaire-vt\/","url":"https:\/\/www.philippi-online.de\/fr\/produkt\/regulateur-de-charge-solaire-vt\/","name":"R\u00e9gulateur de charge solaire (VT) | philippi elektrische systeme GmbH %","isPartOf":{"@id":"https:\/\/www.philippi-online.de\/fr\/#website"},"primaryImageOfPage":{"@id":"https:\/\/www.philippi-online.de\/fr\/produkt\/regulateur-de-charge-solaire-vt\/#primaryimage"},"image":{"@id":"https:\/\/www.philippi-online.de\/fr\/produkt\/regulateur-de-charge-solaire-vt\/#primaryimage"},"thumbnailUrl":"https:\/\/www.philippi-online.de\/wp-content\/uploads\/philippi\/Stromversorgung\/700068065.png","datePublished":"2021-07-13T09:38:13+00:00","dateModified":"2023-01-25T10:12:11+00:00","description":"R\u00e9gulateur de charge solaire (VT) |","breadcrumb":{"@id":"https:\/\/www.philippi-online.de\/fr\/produkt\/regulateur-de-charge-solaire-vt\/#breadcrumb"},"inLanguage":"fr-FR","potentialAction":[{"@type":"ReadAction","target":["https:\/\/www.philippi-online.de\/fr\/produkt\/regulateur-de-charge-solaire-vt\/"]}]},{"@type":"ImageObject","inLanguage":"fr-FR","@id":"https:\/\/www.philippi-online.de\/fr\/produkt\/regulateur-de-charge-solaire-vt\/#primaryimage","url":"https:\/\/www.philippi-online.de\/wp-content\/uploads\/philippi\/Stromversorgung\/700068065.png","contentUrl":"https:\/\/www.philippi-online.de\/wp-content\/uploads\/philippi\/Stromversorgung\/700068065.png","width":700,"height":800},{"@type":"BreadcrumbList","@id":"https:\/\/www.philippi-online.de\/fr\/produkt\/regulateur-de-charge-solaire-vt\/#breadcrumb","itemListElement":[{"@type":"ListItem","position":1,"name":"Accueil","item":"https:\/\/www.philippi-online.de\/fr\/"},{"@type":"ListItem","position":2,"name":"Boutique","item":"https:\/\/www.philippi-online.de\/fr\/boutique\/"},{"@type":"ListItem","position":3,"name":"R\u00e9gulateur de charge solaire (VT)"}]},{"@type":"WebSite","@id":"https:\/\/www.philippi-online.de\/fr\/#website","url":"https:\/\/www.philippi-online.de\/fr\/","name":"philippi elektrische systeme GmbH","description":"","potentialAction":[{"@type":"SearchAction","target":{"@type":"EntryPoint","urlTemplate":"https:\/\/www.philippi-online.de\/fr\/?s={search_term_string}"},"query-input":{"@type":"PropertyValueSpecification","valueRequired":true,"valueName":"search_term_string"}}],"inLanguage":"fr-FR"}]}},"df_price":1499,"df_sale_price":"","df_regular_price":"","df_image_link":"https:\/\/www.philippi-online.de\/wp-content\/uploads\/philippi\/Stromversorgung\/700068065-263x300.png","_links":{"self":[{"href":"https:\/\/www.philippi-online.de\/fr\/wp-json\/wp\/v2\/product\/35373","targetHints":{"allow":["GET"]}}],"collection":[{"href":"https:\/\/www.philippi-online.de\/fr\/wp-json\/wp\/v2\/product"}],"about":[{"href":"https:\/\/www.philippi-online.de\/fr\/wp-json\/wp\/v2\/types\/product"}],"replies":[{"embeddable":true,"href":"https:\/\/www.philippi-online.de\/fr\/wp-json\/wp\/v2\/comments?post=35373"}],"version-history":[{"count":0,"href":"https:\/\/www.philippi-online.de\/fr\/wp-json\/wp\/v2\/product\/35373\/revisions"}],"wp:featuredmedia":[{"embeddable":true,"href":"https:\/\/www.philippi-online.de\/fr\/wp-json\/wp\/v2\/media\/22328"}],"wp:attachment":[{"href":"https:\/\/www.philippi-online.de\/fr\/wp-json\/wp\/v2\/media?parent=35373"}],"wp:term":[{"taxonomy":"product_brand","embeddable":true,"href":"https:\/\/www.philippi-online.de\/fr\/wp-json\/wp\/v2\/product_brand?post=35373"},{"taxonomy":"product_cat","embeddable":true,"href":"https:\/\/www.philippi-online.de\/fr\/wp-json\/wp\/v2\/product_cat?post=35373"},{"taxonomy":"product_tag","embeddable":true,"href":"https:\/\/www.philippi-online.de\/fr\/wp-json\/wp\/v2\/product_tag?post=35373"}],"curies":[{"name":"wp","href":"https:\/\/api.w.org\/{rel}","templated":true}]}}