{"id":35231,"date":"2021-09-09T09:15:43","date_gmt":"2021-09-09T07:15:43","guid":{"rendered":"https:\/\/staging.philippi-online.de\/produkt\/moniteur-btm-2\/"},"modified":"2023-08-16T15:32:08","modified_gmt":"2023-08-16T13:32:08","slug":"moniteur-btm-2","status":"publish","type":"product","link":"https:\/\/www.philippi-online.de\/fr\/produkt\/moniteur-btm-2\/","title":{"rendered":"Moniteur BTM 2"},"content":{"rendered":"\t\t<div data-elementor-type=\"wp-post\" data-elementor-id=\"35231\" class=\"elementor elementor-35231 elementor-17112\" data-elementor-post-type=\"product\">\n\t\t\t\t\t\t<section class=\"wd-negative-gap elementor-section elementor-top-section elementor-element elementor-element-37824e95 elementor-section-boxed elementor-section-height-default elementor-section-height-default\" data-id=\"37824e95\" data-element_type=\"section\" data-e-type=\"section\">\n\t\t\t\t\t\t<div class=\"elementor-container elementor-column-gap-default\">\n\t\t\t\t\t<div class=\"elementor-column elementor-col-50 elementor-top-column elementor-element elementor-element-6e533271\" data-id=\"6e533271\" data-element_type=\"column\" data-e-type=\"column\">\n\t\t\t<div class=\"elementor-widget-wrap elementor-element-populated\">\n\t\t\t\t\t\t<div class=\"elementor-element elementor-element-68076340 color-scheme-inherit text-left elementor-widget elementor-widget-text-editor\" data-id=\"68076340\" data-element_type=\"widget\" data-e-type=\"widget\" data-widget_type=\"text-editor.default\">\n\t\t\t\t<div class=\"elementor-widget-container\">\n\t\t\t\t\t\t\t\t\t<h3>Moniteur de batterie, de r\u00e9servoir et de charge BTM 2.<\/h3>\n<p>\u00c9cran graphique tactile TFT couleur intuitif de 3,5&Prime; avec capteur de luminosit\u00e9 pour l&rsquo;adaptation automatique de la luminosit\u00e9 de l&rsquo;\u00e9cran. Incl. interface NMEA 2000.<\/p>\n<p>Le BTM 2 est une \u00e9volution du moniteur de batterie BTM \u00e9prouv\u00e9.<\/p>\n<p>comprend une interface NMEA2000 int\u00e9gr\u00e9e qui transmet les donn\u00e9es de la batterie et de la<\/p>\n<p>met les donn\u00e9es du r\u00e9servoir \u00e0 disposition du r\u00e9seau NMEA2000.<\/p>\n<p>Les donn\u00e9es de la batterie et du r\u00e9servoir peuvent ainsi \u00eatre affich\u00e9es sur des traceurs compatibles.<\/p>\n<p>peuvent \u00eatre affich\u00e9es en plus.<\/p>\n<p>Une autre nouveaut\u00e9 est le fonctionnement sur une tension de 12 &#8211; 48 V DC.<\/p>\n<p>en combinaison avec le shunt SHE 348, il est \u00e9galement possible de surveiller des batteries de 48 V.<\/p>\n<p>peuvent \u00eatre surveill\u00e9es. Tous les composants ont \u00e9t\u00e9 am\u00e9lior\u00e9s en ce qui concerne la consommation en mode veille, de sorte que le BTM2 peut rester connect\u00e9 en permanence \u00e0 la batterie sans probl\u00e8me.<\/p>\n<p style=\"font-style: normal; font-variant-ligatures: normal; font-variant-caps: normal; font-weight: 400; font-family: Verdana, Geneva, sans-serif; font-size: 14px;\">\u00a0<\/p>\n<h4><span style=\"font-size: 14pt;\"><strong>NMEA 2000<\/strong><\/span><\/h4>\n<p>Pour la connexion au r\u00e9seau NMEA2000, le c\u00e2ble N2K est \u00e9galement n\u00e9cessaire. Ce c\u00e2ble enfichable \u00e9tablit la connexion via une pi\u00e8ce en T (5 0411 1149) \u00e0 un r\u00e9seau de bord NMEA 2000 ou \u00e0 un r\u00e9seau Raymarine (c\u00e2ble adaptateur Seatalk\/NMEA 2000 A06045).<\/p>\n<p>\u00a0<\/p>\n<h4><b>Batterie Monitoring<\/b><\/h4>\n<p>Informations pr\u00e9cises sur la tension actuelle, la charge et la dur\u00e9e de vie de la batterie.<\/p>\n<p>le courant de d\u00e9charge, le temps restant, la temp\u00e9rature et l&rsquo;\u00e9tat de charge de la batterie du consommateur. Des valeurs historiques sur le nombre de cycles de charge, les d\u00e9charges profondes et la profondeur moyenne de d\u00e9charge vous donnent un aper\u00e7u de l&rsquo;utilisation de la batterie. Il est possible de surveiller les tensions de jusqu&rsquo;\u00e0 deux batteries de d\u00e9marrage ou de proue.\u00a0<\/p>\n<p>Traduit avec www.DeepL.com\/Translator (version gratuite)<\/p>\n<p><span style=\"font-size: 14px; color: var(--wd-text-color);\">\u00a0<\/span><\/p>\n<h4>Mesure du rendement solaire<\/h4>\n<p>Si vous avez \u00e9galement un panneau solaire \u00e0 bord, vous pouvez afficher la production d&rsquo;\u00e9lectricit\u00e9 de votre panneau solaire \u00e0 l&rsquo;aide d&rsquo;un shunt de mesure de puissance suppl\u00e9mentaire.<\/p>\n<p><span style=\"font-size: 14px; color: var(--wd-text-color);\">\u00a0<\/span><\/p>\n<h4>Mesure de r\u00e9servoir<\/h4>\n<p>Il est possible de raccorder tous les capteurs de r\u00e9servoir philippi connus tels que TGT\/ TGW, UTV, TDS\/TDN et DFS, ainsi que les capteurs de r\u00e9servoir d\u00e9j\u00e0 existants d&rsquo;autres fabricants avec les signaux 10-180\u03a9 \/ 240-33\u03a9 \/ 0-5 V \/ 0-10 V\/ 4-20 mA. Chaque r\u00e9servoir peut \u00eatre configur\u00e9 individuellement pour une attribution claire, l&rsquo;adaptation \u00e0 des g\u00e9om\u00e9tries de r\u00e9servoir non lin\u00e9aires est \u00e9galement possible. Des alarmes de r\u00e9servoir individuelles peuvent \u00eatre d\u00e9finies pour la surveillance.<\/p>\n<p><span style=\"font-size: 14px; color: var(--wd-text-color);\">\u00a0<\/span><\/p>\n<h4>Monitoring pour les chargeurs ACE<\/h4>\n<p>Une interface int\u00e9gr\u00e9e dans le chargeur automatique ACE<\/p>\n<p>interface ACE-LIN permet<\/p>\n<p>la surveillance du processus de chargement,<\/p>\n<p>l&rsquo;affichage de la tension du r\u00e9seau,<\/p>\n<p>de la phase de charge, du courant de la batterie<\/p>\n<p>temp\u00e9rature et du courant de charge.<\/p>\n<p>R\u00e9glage de la puissance de charge en cas de faible connexion \u00e0 la terre et du<\/p>\n<p>Silent-Mode (arr\u00eat du ventilateur) sur les mod\u00e8les avec une puissance de charge \u00e9lev\u00e9e &gt; 60A.<\/p>\n<h4>Contact d&rsquo;alarme\/de relais<\/h4>\n<p>Le contact de commutation sans potentiel est \u00e9galement nouveau.<\/p>\n<p>en combinaison avec un interrupteur de batterie t\u00e9l\u00e9commandable.<\/p>\n<p>La gestion de la batterie en fonction de la tension et de la capacit\u00e9 peut \u00eatre assur\u00e9e par le commutateur principal FBR 265.<\/p>\n<p>gestion de l&rsquo;\u00e9nergie et une protection contre les d\u00e9charges profondes.<\/p>\n<p>Les consommateurs peuvent ainsi \u00eatre prot\u00e9g\u00e9s \u00e0 temps contre la d\u00e9charge imminente.<\/p>\n<p>de la batterie et pas seulement lorsque la batterie est d\u00e9charg\u00e9e.<\/p>\n<p>que lorsque la batterie est profond\u00e9ment d\u00e9charg\u00e9e. Ceci est particuli\u00e8rement important pour les installations de batteries au lithium,<\/p>\n<p>dont la courbe de d\u00e9charge plate ne permet pas de couper la tension \u00e0 temps.<\/p>\n<p>rend impossible la recharge.<\/p>\n<p>Les sondes de r\u00e9servoir, le shunt \u00ab\u00a0SHE348\u00a0\u00bb, l&rsquo;interface de chargeur \u00ab\u00a0ACE-LIN\u00a0\u00bb et le c\u00e2ble de connexion NMEA 2000 \u00ab\u00a0<a href=\"https:\/\/www.philippi-online.de\/fr\/produkt\/n2k-cable\/\">c\u00e2ble N2K<\/a>\u00a0\u00bb ou le relais FBR265 doivent \u00eatre command\u00e9s s\u00e9par\u00e9ment.<\/p>\n<p><span style=\"color: var(--wd-text-color); font-size: 14px;\">\u00a0<\/span><\/p>\n<p><b>tension de fonctionnement : <\/b>8-64 V<b><br \/>Consommation de courant : <\/b>max. 70 mA @ 12V,<b>\u00a0 \u00a0 \u00a0 \u00a0 <\/b><b>stand-by : <\/b>6 mA<b><br \/>Dimensions :<\/b>\u00a0L 105 x l 105 x H 35 mm<b><br \/>D\u00e9coupe d&rsquo;encastrement : <\/b>88 x 88 mm<\/p>\t\t\t\t\t\t\t\t<\/div>\n\t\t\t\t<\/div>\n\t\t\t\t\t<\/div>\n\t\t<\/div>\n\t\t\t\t<div class=\"elementor-column elementor-col-50 elementor-top-column elementor-element elementor-element-4b11d4b\" data-id=\"4b11d4b\" data-element_type=\"column\" data-e-type=\"column\">\n\t\t\t<div class=\"elementor-widget-wrap elementor-element-populated\">\n\t\t\t\t\t\t<div class=\"elementor-element elementor-element-6debaf3 elementor-position-inline-start elementor-view-default elementor-mobile-position-block-start elementor-widget elementor-widget-icon-box\" data-id=\"6debaf3\" data-element_type=\"widget\" data-e-type=\"widget\" data-widget_type=\"icon-box.default\">\n\t\t\t\t<div class=\"elementor-widget-container\">\n\t\t\t\t\t\t\t<div class=\"elementor-icon-box-wrapper\">\n\n\t\t\t\t\t\t<div class=\"elementor-icon-box-icon\">\n\t\t\t\t<a href=\"\/wp-content\/uploads\/philippi\/Info\/philippi20DE-BTM2.pdf\" target=\"_blank\" class=\"elementor-icon\" tabindex=\"-1\" aria-label=\"&lt;p&gt;Plus d&#039;informations&lt;\/p&gt;\">\n\t\t\t\t<svg aria-hidden=\"true\" class=\"e-font-icon-svg e-far-file-pdf\" viewBox=\"0 0 384 512\" xmlns=\"http:\/\/www.w3.org\/2000\/svg\"><path d=\"M369.9 97.9L286 14C277 5 264.8-.1 252.1-.1H48C21.5 0 0 21.5 0 48v416c0 26.5 21.5 48 48 48h288c26.5 0 48-21.5 48-48V131.9c0-12.7-5.1-25-14.1-34zM332.1 128H256V51.9l76.1 76.1zM48 464V48h160v104c0 13.3 10.7 24 24 24h104v288H48zm250.2-143.7c-12.2-12-47-8.7-64.4-6.5-17.2-10.5-28.7-25-36.8-46.3 3.9-16.1 10.1-40.6 5.4-56-4.2-26.2-37.8-23.6-42.6-5.9-4.4 16.1-.4 38.5 7 67.1-10 23.9-24.9 56-35.4 74.4-20 10.3-47 26.2-51 46.2-3.3 15.8 26 55.2 76.1-31.2 22.4-7.4 46.8-16.5 68.4-20.1 18.9 10.2 41 17 55.8 17 25.5 0 28-28.2 17.5-38.7zm-198.1 77.8c5.1-13.7 24.5-29.5 30.4-35-19 30.3-30.4 35.7-30.4 35zm81.6-190.6c7.4 0 6.7 32.1 1.8 40.8-4.4-13.9-4.3-40.8-1.8-40.8zm-24.4 136.6c9.7-16.9 18-37 24.7-54.7 8.3 15.1 18.9 27.2 30.1 35.5-20.8 4.3-38.9 13.1-54.8 19.2zm131.6-5s-5 6-37.3-7.8c35.1-2.6 40.9 5.4 37.3 7.8z\"><\/path><\/svg>\t\t\t\t<\/a>\n\t\t\t<\/div>\n\t\t\t\n\t\t\t\t\t\t<div class=\"elementor-icon-box-content\">\n\n\t\t\t\t\t\t\t\t\t<p class=\"elementor-icon-box-title\">\n\t\t\t\t\t\t<a href=\"\/wp-content\/uploads\/philippi\/Info\/philippi20DE-BTM2.pdf\" target=\"_blank\" >\n\t\t\t\t\t\t\t<p>Plus d'informations<\/p>\t\t\t\t\t\t<\/a>\n\t\t\t\t\t<\/p>\n\t\t\t\t\n\t\t\t\t\n\t\t\t<\/div>\n\t\t\t\n\t\t<\/div>\n\t\t\t\t\t\t<\/div>\n\t\t\t\t<\/div>\n\t\t\t\t<div class=\"elementor-element elementor-element-b925718 elementor-position-inline-start elementor-view-default elementor-mobile-position-block-start elementor-widget elementor-widget-icon-box\" data-id=\"b925718\" data-element_type=\"widget\" data-e-type=\"widget\" data-widget_type=\"icon-box.default\">\n\t\t\t\t<div class=\"elementor-widget-container\">\n\t\t\t\t\t\t\t<div class=\"elementor-icon-box-wrapper\">\n\n\t\t\t\t\t\t<div class=\"elementor-icon-box-icon\">\n\t\t\t\t<a href=\"\/wp-content\/uploads\/philippi\/Manual\/BTM-D-1I.pdf\" target=\"_blank\" class=\"elementor-icon\" tabindex=\"-1\" aria-label=\"&lt;p&gt;Mode d&#039;emploi&lt;\/p&gt;\">\n\t\t\t\t<svg aria-hidden=\"true\" class=\"e-font-icon-svg e-far-file-pdf\" viewBox=\"0 0 384 512\" xmlns=\"http:\/\/www.w3.org\/2000\/svg\"><path d=\"M369.9 97.9L286 14C277 5 264.8-.1 252.1-.1H48C21.5 0 0 21.5 0 48v416c0 26.5 21.5 48 48 48h288c26.5 0 48-21.5 48-48V131.9c0-12.7-5.1-25-14.1-34zM332.1 128H256V51.9l76.1 76.1zM48 464V48h160v104c0 13.3 10.7 24 24 24h104v288H48zm250.2-143.7c-12.2-12-47-8.7-64.4-6.5-17.2-10.5-28.7-25-36.8-46.3 3.9-16.1 10.1-40.6 5.4-56-4.2-26.2-37.8-23.6-42.6-5.9-4.4 16.1-.4 38.5 7 67.1-10 23.9-24.9 56-35.4 74.4-20 10.3-47 26.2-51 46.2-3.3 15.8 26 55.2 76.1-31.2 22.4-7.4 46.8-16.5 68.4-20.1 18.9 10.2 41 17 55.8 17 25.5 0 28-28.2 17.5-38.7zm-198.1 77.8c5.1-13.7 24.5-29.5 30.4-35-19 30.3-30.4 35.7-30.4 35zm81.6-190.6c7.4 0 6.7 32.1 1.8 40.8-4.4-13.9-4.3-40.8-1.8-40.8zm-24.4 136.6c9.7-16.9 18-37 24.7-54.7 8.3 15.1 18.9 27.2 30.1 35.5-20.8 4.3-38.9 13.1-54.8 19.2zm131.6-5s-5 6-37.3-7.8c35.1-2.6 40.9 5.4 37.3 7.8z\"><\/path><\/svg>\t\t\t\t<\/a>\n\t\t\t<\/div>\n\t\t\t\n\t\t\t\t\t\t<div class=\"elementor-icon-box-content\">\n\n\t\t\t\t\t\t\t\t\t<p class=\"elementor-icon-box-title\">\n\t\t\t\t\t\t<a href=\"\/wp-content\/uploads\/philippi\/Manual\/BTM-D-1I.pdf\" target=\"_blank\" >\n\t\t\t\t\t\t\t<p>Mode d'emploi<\/p>\t\t\t\t\t\t<\/a>\n\t\t\t\t\t<\/p>\n\t\t\t\t\n\t\t\t\t\n\t\t\t<\/div>\n\t\t\t\n\t\t<\/div>\n\t\t\t\t\t\t<\/div>\n\t\t\t\t<\/div>\n\t\t\t\t\t<\/div>\n\t\t<\/div>\n\t\t\t\t\t<\/div>\n\t\t<\/section>\n\t\t\t\t<\/div>\n\t\t","protected":false},"excerpt":{"rendered":"<p>Moniteur de batterie, de r\u00e9servoir et de charge BTM 2 avec capteur de luminosit\u00e9.<\/p>\n","protected":false},"featured_media":63190,"comment_status":"closed","ping_status":"closed","template":"","meta":{"_acf_changed":false,"_monsterinsights_skip_tracking":false,"_monsterinsights_sitenote_active":false,"_monsterinsights_sitenote_note":"","_monsterinsights_sitenote_category":0},"product_brand":[],"product_cat":[1374,1362,1378,1358,1360,1372],"product_tag":[2827],"class_list":{"0":"post-35231","1":"product","2":"type-product","3":"status-publish","4":"has-post-thumbnail","6":"product_cat-moniteur-jauge-de-batteries-offroad","7":"product_cat-moniteur-jauge-de-batteries-maritime","8":"product_cat-moniteur-jauge-de-reservoirs-offroad","9":"product_cat-surveillance-de-votre-installation","10":"product_cat-surveillance-de-votre-installation-maritime","11":"product_cat-surveillance-de-votre-installation-offroad","12":"product_tag-btm-btm2-fr","13":"pa_marken-philippi-fr","15":"first","16":"instock","17":"taxable","18":"shipping-taxable","19":"purchasable","20":"product-type-simple"},"acf":[],"yoast_head":"<!-- This site is optimized with the Yoast SEO plugin v27.1.1 - https:\/\/yoast.com\/product\/yoast-seo-wordpress\/ -->\n<title>Moniteur BTM 2 | philippi elektrische systeme GmbH %<\/title>\n<meta name=\"description\" content=\"Moniteur de batterie, moniteur de r\u00e9servoir, NMEA 2000 avec connexion solaire, chargeur surveillance Messshunt 12V,24V,48V VDO Tankgeber pour traceur de cartes\" \/>\n<meta name=\"robots\" content=\"index, follow, max-snippet:-1, max-image-preview:large, max-video-preview:-1\" \/>\n<link rel=\"canonical\" href=\"https:\/\/www.philippi-online.de\/fr\/produkt\/moniteur-btm-2\/\" \/>\n<meta property=\"og:locale\" content=\"fr_FR\" \/>\n<meta property=\"og:type\" content=\"article\" \/>\n<meta property=\"og:title\" content=\"Moniteur BTM 2 | philippi elektrische systeme GmbH %\" \/>\n<meta property=\"og:description\" content=\"Moniteur de batterie, moniteur de r\u00e9servoir, NMEA 2000 avec connexion solaire, chargeur surveillance Messshunt 12V,24V,48V VDO Tankgeber pour traceur de cartes\" \/>\n<meta property=\"og:url\" content=\"https:\/\/www.philippi-online.de\/fr\/produkt\/moniteur-btm-2\/\" \/>\n<meta property=\"og:site_name\" content=\"philippi elektrische systeme GmbH\" \/>\n<meta property=\"article:modified_time\" content=\"2023-08-16T13:32:08+00:00\" \/>\n<meta property=\"og:image\" content=\"https:\/\/www.philippi-online.de\/wp-content\/uploads\/2021\/09\/BTM2-BatterieSeite.png\" \/>\n\t<meta property=\"og:image:width\" content=\"700\" \/>\n\t<meta property=\"og:image:height\" content=\"800\" \/>\n\t<meta property=\"og:image:type\" content=\"image\/png\" \/>\n<meta name=\"twitter:card\" content=\"summary_large_image\" \/>\n<meta name=\"twitter:label1\" content=\"Dur\u00e9e de lecture estim\u00e9e\" \/>\n\t<meta name=\"twitter:data1\" content=\"4 minutes\" \/>\n<script type=\"application\/ld+json\" class=\"yoast-schema-graph\">{\"@context\":\"https:\/\/schema.org\",\"@graph\":[{\"@type\":\"WebPage\",\"@id\":\"https:\/\/www.philippi-online.de\/fr\/produkt\/moniteur-btm-2\/\",\"url\":\"https:\/\/www.philippi-online.de\/fr\/produkt\/moniteur-btm-2\/\",\"name\":\"Moniteur BTM 2 | philippi elektrische systeme GmbH %\",\"isPartOf\":{\"@id\":\"https:\/\/www.philippi-online.de\/fr\/#website\"},\"primaryImageOfPage\":{\"@id\":\"https:\/\/www.philippi-online.de\/fr\/produkt\/moniteur-btm-2\/#primaryimage\"},\"image\":{\"@id\":\"https:\/\/www.philippi-online.de\/fr\/produkt\/moniteur-btm-2\/#primaryimage\"},\"thumbnailUrl\":\"https:\/\/www.philippi-online.de\/wp-content\/uploads\/philippi\/Bordueberwachung\/071004050-BTMschatten.png\",\"datePublished\":\"2021-09-09T07:15:43+00:00\",\"dateModified\":\"2023-08-16T13:32:08+00:00\",\"description\":\"Moniteur de batterie, moniteur de r\u00e9servoir, NMEA 2000 avec connexion solaire, chargeur surveillance Messshunt 12V,24V,48V VDO Tankgeber pour traceur de cartes\",\"breadcrumb\":{\"@id\":\"https:\/\/www.philippi-online.de\/fr\/produkt\/moniteur-btm-2\/#breadcrumb\"},\"inLanguage\":\"fr-FR\",\"potentialAction\":[{\"@type\":\"ReadAction\",\"target\":[\"https:\/\/www.philippi-online.de\/fr\/produkt\/moniteur-btm-2\/\"]}]},{\"@type\":\"ImageObject\",\"inLanguage\":\"fr-FR\",\"@id\":\"https:\/\/www.philippi-online.de\/fr\/produkt\/moniteur-btm-2\/#primaryimage\",\"url\":\"https:\/\/www.philippi-online.de\/wp-content\/uploads\/philippi\/Bordueberwachung\/071004050-BTMschatten.png\",\"contentUrl\":\"https:\/\/www.philippi-online.de\/wp-content\/uploads\/philippi\/Bordueberwachung\/071004050-BTMschatten.png\",\"width\":700,\"height\":800},{\"@type\":\"BreadcrumbList\",\"@id\":\"https:\/\/www.philippi-online.de\/fr\/produkt\/moniteur-btm-2\/#breadcrumb\",\"itemListElement\":[{\"@type\":\"ListItem\",\"position\":1,\"name\":\"Accueil\",\"item\":\"https:\/\/www.philippi-online.de\/fr\/\"},{\"@type\":\"ListItem\",\"position\":2,\"name\":\"Boutique\",\"item\":\"https:\/\/www.philippi-online.de\/fr\/boutique\/\"},{\"@type\":\"ListItem\",\"position\":3,\"name\":\"Moniteur BTM 2\"}]},{\"@type\":\"WebSite\",\"@id\":\"https:\/\/www.philippi-online.de\/fr\/#website\",\"url\":\"https:\/\/www.philippi-online.de\/fr\/\",\"name\":\"philippi elektrische systeme GmbH\",\"description\":\"\",\"potentialAction\":[{\"@type\":\"SearchAction\",\"target\":{\"@type\":\"EntryPoint\",\"urlTemplate\":\"https:\/\/www.philippi-online.de\/fr\/?s={search_term_string}\"},\"query-input\":{\"@type\":\"PropertyValueSpecification\",\"valueRequired\":true,\"valueName\":\"search_term_string\"}}],\"inLanguage\":\"fr-FR\"}]}<\/script>\n<!-- \/ Yoast SEO plugin. -->","yoast_head_json":{"title":"Moniteur BTM 2 | philippi elektrische systeme GmbH %","description":"Moniteur de batterie, moniteur de r\u00e9servoir, NMEA 2000 avec connexion solaire, chargeur surveillance Messshunt 12V,24V,48V VDO Tankgeber pour traceur de cartes","robots":{"index":"index","follow":"follow","max-snippet":"max-snippet:-1","max-image-preview":"max-image-preview:large","max-video-preview":"max-video-preview:-1"},"canonical":"https:\/\/www.philippi-online.de\/fr\/produkt\/moniteur-btm-2\/","og_locale":"fr_FR","og_type":"article","og_title":"Moniteur BTM 2 | philippi elektrische systeme GmbH %","og_description":"Moniteur de batterie, moniteur de r\u00e9servoir, NMEA 2000 avec connexion solaire, chargeur surveillance Messshunt 12V,24V,48V VDO Tankgeber pour traceur de cartes","og_url":"https:\/\/www.philippi-online.de\/fr\/produkt\/moniteur-btm-2\/","og_site_name":"philippi elektrische systeme GmbH","article_modified_time":"2023-08-16T13:32:08+00:00","og_image":[{"width":700,"height":800,"url":"https:\/\/www.philippi-online.de\/wp-content\/uploads\/2021\/09\/BTM2-BatterieSeite.png","type":"image\/png"}],"twitter_card":"summary_large_image","twitter_misc":{"Dur\u00e9e de lecture estim\u00e9e":"4 minutes"},"schema":{"@context":"https:\/\/schema.org","@graph":[{"@type":"WebPage","@id":"https:\/\/www.philippi-online.de\/fr\/produkt\/moniteur-btm-2\/","url":"https:\/\/www.philippi-online.de\/fr\/produkt\/moniteur-btm-2\/","name":"Moniteur BTM 2 | philippi elektrische systeme GmbH %","isPartOf":{"@id":"https:\/\/www.philippi-online.de\/fr\/#website"},"primaryImageOfPage":{"@id":"https:\/\/www.philippi-online.de\/fr\/produkt\/moniteur-btm-2\/#primaryimage"},"image":{"@id":"https:\/\/www.philippi-online.de\/fr\/produkt\/moniteur-btm-2\/#primaryimage"},"thumbnailUrl":"https:\/\/www.philippi-online.de\/wp-content\/uploads\/philippi\/Bordueberwachung\/071004050-BTMschatten.png","datePublished":"2021-09-09T07:15:43+00:00","dateModified":"2023-08-16T13:32:08+00:00","description":"Moniteur de batterie, moniteur de r\u00e9servoir, NMEA 2000 avec connexion solaire, chargeur surveillance Messshunt 12V,24V,48V VDO Tankgeber pour traceur de cartes","breadcrumb":{"@id":"https:\/\/www.philippi-online.de\/fr\/produkt\/moniteur-btm-2\/#breadcrumb"},"inLanguage":"fr-FR","potentialAction":[{"@type":"ReadAction","target":["https:\/\/www.philippi-online.de\/fr\/produkt\/moniteur-btm-2\/"]}]},{"@type":"ImageObject","inLanguage":"fr-FR","@id":"https:\/\/www.philippi-online.de\/fr\/produkt\/moniteur-btm-2\/#primaryimage","url":"https:\/\/www.philippi-online.de\/wp-content\/uploads\/philippi\/Bordueberwachung\/071004050-BTMschatten.png","contentUrl":"https:\/\/www.philippi-online.de\/wp-content\/uploads\/philippi\/Bordueberwachung\/071004050-BTMschatten.png","width":700,"height":800},{"@type":"BreadcrumbList","@id":"https:\/\/www.philippi-online.de\/fr\/produkt\/moniteur-btm-2\/#breadcrumb","itemListElement":[{"@type":"ListItem","position":1,"name":"Accueil","item":"https:\/\/www.philippi-online.de\/fr\/"},{"@type":"ListItem","position":2,"name":"Boutique","item":"https:\/\/www.philippi-online.de\/fr\/boutique\/"},{"@type":"ListItem","position":3,"name":"Moniteur BTM 2"}]},{"@type":"WebSite","@id":"https:\/\/www.philippi-online.de\/fr\/#website","url":"https:\/\/www.philippi-online.de\/fr\/","name":"philippi elektrische systeme GmbH","description":"","potentialAction":[{"@type":"SearchAction","target":{"@type":"EntryPoint","urlTemplate":"https:\/\/www.philippi-online.de\/fr\/?s={search_term_string}"},"query-input":{"@type":"PropertyValueSpecification","valueRequired":true,"valueName":"search_term_string"}}],"inLanguage":"fr-FR"}]}},"df_price":285,"df_sale_price":"","df_regular_price":285,"df_image_link":"https:\/\/www.philippi-online.de\/wp-content\/uploads\/philippi\/Bordueberwachung\/071004050-BTMschatten-263x300.png","_links":{"self":[{"href":"https:\/\/www.philippi-online.de\/fr\/wp-json\/wp\/v2\/product\/35231","targetHints":{"allow":["GET"]}}],"collection":[{"href":"https:\/\/www.philippi-online.de\/fr\/wp-json\/wp\/v2\/product"}],"about":[{"href":"https:\/\/www.philippi-online.de\/fr\/wp-json\/wp\/v2\/types\/product"}],"replies":[{"embeddable":true,"href":"https:\/\/www.philippi-online.de\/fr\/wp-json\/wp\/v2\/comments?post=35231"}],"version-history":[{"count":0,"href":"https:\/\/www.philippi-online.de\/fr\/wp-json\/wp\/v2\/product\/35231\/revisions"}],"wp:featuredmedia":[{"embeddable":true,"href":"https:\/\/www.philippi-online.de\/fr\/wp-json\/wp\/v2\/media\/63190"}],"wp:attachment":[{"href":"https:\/\/www.philippi-online.de\/fr\/wp-json\/wp\/v2\/media?parent=35231"}],"wp:term":[{"taxonomy":"product_brand","embeddable":true,"href":"https:\/\/www.philippi-online.de\/fr\/wp-json\/wp\/v2\/product_brand?post=35231"},{"taxonomy":"product_cat","embeddable":true,"href":"https:\/\/www.philippi-online.de\/fr\/wp-json\/wp\/v2\/product_cat?post=35231"},{"taxonomy":"product_tag","embeddable":true,"href":"https:\/\/www.philippi-online.de\/fr\/wp-json\/wp\/v2\/product_tag?post=35231"}],"curies":[{"name":"wp","href":"https:\/\/api.w.org\/{rel}","templated":true}]}}