{"id":35197,"date":"2021-09-09T09:13:44","date_gmt":"2021-09-09T07:13:44","guid":{"rendered":"https:\/\/staging.philippi-online.de\/produkt\/kit-de-surveillance-de-la-batterie-blm-set\/"},"modified":"2023-01-25T11:11:36","modified_gmt":"2023-01-25T10:11:36","slug":"kit-de-surveillance-de-la-batterie-blm-set","status":"publish","type":"product","link":"https:\/\/www.philippi-online.de\/fr\/produkt\/kit-de-surveillance-de-la-batterie-blm-set\/","title":{"rendered":"Kit de surveillance de la batterie (BLM Set)"},"content":{"rendered":"\t\t<div data-elementor-type=\"wp-post\" data-elementor-id=\"35197\" class=\"elementor elementor-35197 elementor-17113\" data-elementor-post-type=\"product\">\n\t\t\t\t\t\t<section class=\"wd-negative-gap elementor-section elementor-top-section elementor-element elementor-element-33099d3 elementor-section-boxed elementor-section-height-default elementor-section-height-default\" data-id=\"33099d3\" data-element_type=\"section\" data-e-type=\"section\">\n\t\t\t\t\t\t<div class=\"elementor-container elementor-column-gap-default\">\n\t\t\t\t\t<div class=\"elementor-column elementor-col-50 elementor-top-column elementor-element elementor-element-310a4ffa\" data-id=\"310a4ffa\" data-element_type=\"column\" data-e-type=\"column\">\n\t\t\t<div class=\"elementor-widget-wrap elementor-element-populated\">\n\t\t\t\t\t\t<div class=\"elementor-element elementor-element-487641c5 color-scheme-inherit text-left elementor-widget elementor-widget-text-editor\" data-id=\"487641c5\" data-element_type=\"widget\" data-e-type=\"widget\" data-widget_type=\"text-editor.default\">\n\t\t\t\t<div class=\"elementor-widget-container\">\n\t\t\t\t\t\t\t\t\t<p>Toutes les informations concernant le syst\u00e8me de batterie en un coup d&rsquo;\u0153il et, si n\u00e9cessaire, sur votre traceur via l&rsquo;interface NMEA 2000\/Seatalk NG.<br \/>\nSurveillance de la batterie du consommateur et de la batterie de d\u00e9marrage via le shunt SHE 300 (inclus dans la livraison). Surveillance de la tension d&rsquo;un troisi\u00e8me groupe de batteries en option.<\/p>\n<ul>\n<li>Un shunt suppl\u00e9mentaire SHP 300 permet de lire la puissance et le rendement \u00e9nerg\u00e9tique d&rsquo;une installation solaire.<\/li>\n<\/ul>\n<ul>\n<li>Affichage du courant de charge et de la tension du secteur en cas d&rsquo;utilisation d&rsquo;un de nos chargeurs de batterie ACE.<\/li>\n<\/ul>\n<ul>\n<li>Protection efficace contre la d\u00e9charge profonde et gestion de l&rsquo;\u00e9nergie en fonction de la capacit\u00e9 via l&rsquo;interrupteur principal de batterie FBR 265 t\u00e9l\u00e9commandable.<\/li>\n<\/ul>\n<p><strong>Disponible \u00e0 partir de juin 2021<\/strong><\/p>\n<p><strong>Tension de fonctionnement :<\/strong> 8-32 V<br \/>\n<strong>Consommation de courant :<\/strong> max. 70 mA @ 12V, stand-by : 6 mA<br \/>\n<strong>Dimensions : \u00a0\u00a0\u00a0<\/strong>\u00a0\u00a0\u00a0\u00a0\u00a0\u00a0\u00a0\u00a0\u00a0\u00a0\u00a0\u00a0\u00a0\u00a0\u00a0\u00a0\u00a0\u00a0\u00a0\u00a0\u00a0\u00a0\u00a0\u00a0\u00a0\u00a0\u00a0\u00a0\u00a0\u00a0\u00a0\u00a0\u00a0\u00a0\u00a0\u00a0 L 105 x l 105 x H 35 mm<br \/>\n<strong>D\u00e9coupe d&rsquo;encastrement :<\/strong> 88 x 88 mm<\/p>\n\t\t\t\t\t\t\t\t<\/div>\n\t\t\t\t<\/div>\n\t\t\t\t\t<\/div>\n\t\t<\/div>\n\t\t\t\t<div class=\"elementor-column elementor-col-50 elementor-top-column elementor-element elementor-element-039a084\" data-id=\"039a084\" data-element_type=\"column\" data-e-type=\"column\">\n\t\t\t<div class=\"elementor-widget-wrap elementor-element-populated\">\n\t\t\t\t\t\t<div class=\"elementor-element elementor-element-d923ef1 elementor-position-inline-start elementor-view-default elementor-mobile-position-block-start elementor-widget elementor-widget-icon-box\" data-id=\"d923ef1\" data-element_type=\"widget\" data-e-type=\"widget\" data-widget_type=\"icon-box.default\">\n\t\t\t\t<div class=\"elementor-widget-container\">\n\t\t\t\t\t\t\t<div class=\"elementor-icon-box-wrapper\">\n\n\t\t\t\t\t\t<div class=\"elementor-icon-box-icon\">\n\t\t\t\t<a href=\"\/wp-content\/uploads\/philippi\/Info\/INFO-BLM.pdf\" target=\"_blank\" class=\"elementor-icon\" tabindex=\"-1\" aria-label=\"&lt;p&gt;Plus d&#039;informations&lt;\/p&gt;\">\n\t\t\t\t<svg aria-hidden=\"true\" class=\"e-font-icon-svg e-far-file-pdf\" viewBox=\"0 0 384 512\" xmlns=\"http:\/\/www.w3.org\/2000\/svg\"><path d=\"M369.9 97.9L286 14C277 5 264.8-.1 252.1-.1H48C21.5 0 0 21.5 0 48v416c0 26.5 21.5 48 48 48h288c26.5 0 48-21.5 48-48V131.9c0-12.7-5.1-25-14.1-34zM332.1 128H256V51.9l76.1 76.1zM48 464V48h160v104c0 13.3 10.7 24 24 24h104v288H48zm250.2-143.7c-12.2-12-47-8.7-64.4-6.5-17.2-10.5-28.7-25-36.8-46.3 3.9-16.1 10.1-40.6 5.4-56-4.2-26.2-37.8-23.6-42.6-5.9-4.4 16.1-.4 38.5 7 67.1-10 23.9-24.9 56-35.4 74.4-20 10.3-47 26.2-51 46.2-3.3 15.8 26 55.2 76.1-31.2 22.4-7.4 46.8-16.5 68.4-20.1 18.9 10.2 41 17 55.8 17 25.5 0 28-28.2 17.5-38.7zm-198.1 77.8c5.1-13.7 24.5-29.5 30.4-35-19 30.3-30.4 35.7-30.4 35zm81.6-190.6c7.4 0 6.7 32.1 1.8 40.8-4.4-13.9-4.3-40.8-1.8-40.8zm-24.4 136.6c9.7-16.9 18-37 24.7-54.7 8.3 15.1 18.9 27.2 30.1 35.5-20.8 4.3-38.9 13.1-54.8 19.2zm131.6-5s-5 6-37.3-7.8c35.1-2.6 40.9 5.4 37.3 7.8z\"><\/path><\/svg>\t\t\t\t<\/a>\n\t\t\t<\/div>\n\t\t\t\n\t\t\t\t\t\t<div class=\"elementor-icon-box-content\">\n\n\t\t\t\t\t\t\t\t\t<p class=\"elementor-icon-box-title\">\n\t\t\t\t\t\t<a href=\"\/wp-content\/uploads\/philippi\/Info\/INFO-BLM.pdf\" target=\"_blank\" >\n\t\t\t\t\t\t\t<p>Plus d'informations<\/p>\t\t\t\t\t\t<\/a>\n\t\t\t\t\t<\/p>\n\t\t\t\t\n\t\t\t\t\n\t\t\t<\/div>\n\t\t\t\n\t\t<\/div>\n\t\t\t\t\t\t<\/div>\n\t\t\t\t<\/div>\n\t\t\t\t\t<\/div>\n\t\t<\/div>\n\t\t\t\t\t<\/div>\n\t\t<\/section>\n\t\t\t\t<\/div>\n\t\t","protected":false},"excerpt":{"rendered":"<p>Toutes les informations relatives \u00e0 l&rsquo;installation de batteries en un coup d&rsquo;\u0153il<br \/>\n(n\u00e9cessite une interface NMEA 2000\/Seatalk NG)<\/p>\n","protected":false},"featured_media":63286,"comment_status":"closed","ping_status":"closed","template":"","meta":{"_acf_changed":false,"_monsterinsights_skip_tracking":false,"_monsterinsights_sitenote_active":false,"_monsterinsights_sitenote_note":"","_monsterinsights_sitenote_category":0},"product_brand":[],"product_cat":[1362,1374,1358,1360,1372],"product_tag":[2820,2821],"class_list":{"0":"post-35197","1":"product","2":"type-product","3":"status-publish","4":"has-post-thumbnail","6":"product_cat-moniteur-jauge-de-batteries-maritime","7":"product_cat-moniteur-jauge-de-batteries-offroad","8":"product_cat-surveillance-de-votre-installation","9":"product_cat-surveillance-de-votre-installation-maritime","10":"product_cat-surveillance-de-votre-installation-offroad","11":"product_tag-blm-fr","12":"product_tag-blmset-fr","13":"pa_marken-philippi-fr","15":"first","16":"instock","17":"taxable","18":"shipping-taxable","19":"purchasable","20":"product-type-simple"},"acf":[],"yoast_head":"<!-- This site is optimized with the Yoast SEO plugin v27.1.1 - https:\/\/yoast.com\/product\/yoast-seo-wordpress\/ -->\n<title>Kit de surveillance de la batterie (BLM Set) | philippi elektrische systeme GmbH %<\/title>\n<meta name=\"description\" content=\"Kit de surveillance de la batterie (BLM Set) |\" \/>\n<meta name=\"robots\" content=\"index, follow, max-snippet:-1, max-image-preview:large, max-video-preview:-1\" \/>\n<link rel=\"canonical\" href=\"https:\/\/www.philippi-online.de\/fr\/produkt\/kit-de-surveillance-de-la-batterie-blm-set\/\" \/>\n<meta property=\"og:locale\" content=\"fr_FR\" \/>\n<meta property=\"og:type\" content=\"article\" \/>\n<meta property=\"og:title\" content=\"Kit de surveillance de la batterie (BLM Set) | philippi elektrische systeme GmbH %\" \/>\n<meta property=\"og:description\" content=\"Kit de surveillance de la batterie (BLM Set) |\" \/>\n<meta property=\"og:url\" content=\"https:\/\/www.philippi-online.de\/fr\/produkt\/kit-de-surveillance-de-la-batterie-blm-set\/\" \/>\n<meta property=\"og:site_name\" content=\"philippi elektrische systeme GmbH\" \/>\n<meta property=\"article:modified_time\" content=\"2023-01-25T10:11:36+00:00\" \/>\n<meta property=\"og:image\" content=\"https:\/\/www.philippi-online.de\/wp-content\/uploads\/philippi\/Bordueberwachung\/071004210.png\" \/>\n\t<meta property=\"og:image:width\" content=\"700\" \/>\n\t<meta property=\"og:image:height\" content=\"800\" \/>\n\t<meta property=\"og:image:type\" content=\"image\/png\" \/>\n<meta name=\"twitter:card\" content=\"summary_large_image\" \/>\n<meta name=\"twitter:label1\" content=\"Dur\u00e9e de lecture estim\u00e9e\" \/>\n\t<meta name=\"twitter:data1\" content=\"1 minute\" \/>\n<script type=\"application\/ld+json\" class=\"yoast-schema-graph\">{\"@context\":\"https:\/\/schema.org\",\"@graph\":[{\"@type\":\"WebPage\",\"@id\":\"https:\/\/www.philippi-online.de\/fr\/produkt\/kit-de-surveillance-de-la-batterie-blm-set\/\",\"url\":\"https:\/\/www.philippi-online.de\/fr\/produkt\/kit-de-surveillance-de-la-batterie-blm-set\/\",\"name\":\"Kit de surveillance de la batterie (BLM Set) | philippi elektrische systeme GmbH %\",\"isPartOf\":{\"@id\":\"https:\/\/www.philippi-online.de\/fr\/#website\"},\"primaryImageOfPage\":{\"@id\":\"https:\/\/www.philippi-online.de\/fr\/produkt\/kit-de-surveillance-de-la-batterie-blm-set\/#primaryimage\"},\"image\":{\"@id\":\"https:\/\/www.philippi-online.de\/fr\/produkt\/kit-de-surveillance-de-la-batterie-blm-set\/#primaryimage\"},\"thumbnailUrl\":\"https:\/\/www.philippi-online.de\/wp-content\/uploads\/2021\/09\/071004210-BLM-set-1.png\",\"datePublished\":\"2021-09-09T07:13:44+00:00\",\"dateModified\":\"2023-01-25T10:11:36+00:00\",\"description\":\"Kit de surveillance de la batterie (BLM Set) |\",\"breadcrumb\":{\"@id\":\"https:\/\/www.philippi-online.de\/fr\/produkt\/kit-de-surveillance-de-la-batterie-blm-set\/#breadcrumb\"},\"inLanguage\":\"fr-FR\",\"potentialAction\":[{\"@type\":\"ReadAction\",\"target\":[\"https:\/\/www.philippi-online.de\/fr\/produkt\/kit-de-surveillance-de-la-batterie-blm-set\/\"]}]},{\"@type\":\"ImageObject\",\"inLanguage\":\"fr-FR\",\"@id\":\"https:\/\/www.philippi-online.de\/fr\/produkt\/kit-de-surveillance-de-la-batterie-blm-set\/#primaryimage\",\"url\":\"https:\/\/www.philippi-online.de\/wp-content\/uploads\/2021\/09\/071004210-BLM-set-1.png\",\"contentUrl\":\"https:\/\/www.philippi-online.de\/wp-content\/uploads\/2021\/09\/071004210-BLM-set-1.png\",\"width\":700,\"height\":800},{\"@type\":\"BreadcrumbList\",\"@id\":\"https:\/\/www.philippi-online.de\/fr\/produkt\/kit-de-surveillance-de-la-batterie-blm-set\/#breadcrumb\",\"itemListElement\":[{\"@type\":\"ListItem\",\"position\":1,\"name\":\"Accueil\",\"item\":\"https:\/\/www.philippi-online.de\/fr\/\"},{\"@type\":\"ListItem\",\"position\":2,\"name\":\"Boutique\",\"item\":\"https:\/\/www.philippi-online.de\/fr\/boutique\/\"},{\"@type\":\"ListItem\",\"position\":3,\"name\":\"Kit de surveillance de la batterie (BLM Set)\"}]},{\"@type\":\"WebSite\",\"@id\":\"https:\/\/www.philippi-online.de\/fr\/#website\",\"url\":\"https:\/\/www.philippi-online.de\/fr\/\",\"name\":\"philippi elektrische systeme GmbH\",\"description\":\"\",\"potentialAction\":[{\"@type\":\"SearchAction\",\"target\":{\"@type\":\"EntryPoint\",\"urlTemplate\":\"https:\/\/www.philippi-online.de\/fr\/?s={search_term_string}\"},\"query-input\":{\"@type\":\"PropertyValueSpecification\",\"valueRequired\":true,\"valueName\":\"search_term_string\"}}],\"inLanguage\":\"fr-FR\"}]}<\/script>\n<!-- \/ Yoast SEO plugin. -->","yoast_head_json":{"title":"Kit de surveillance de la batterie (BLM Set) | philippi elektrische systeme GmbH %","description":"Kit de surveillance de la batterie (BLM Set) |","robots":{"index":"index","follow":"follow","max-snippet":"max-snippet:-1","max-image-preview":"max-image-preview:large","max-video-preview":"max-video-preview:-1"},"canonical":"https:\/\/www.philippi-online.de\/fr\/produkt\/kit-de-surveillance-de-la-batterie-blm-set\/","og_locale":"fr_FR","og_type":"article","og_title":"Kit de surveillance de la batterie (BLM Set) | philippi elektrische systeme GmbH %","og_description":"Kit de surveillance de la batterie (BLM Set) |","og_url":"https:\/\/www.philippi-online.de\/fr\/produkt\/kit-de-surveillance-de-la-batterie-blm-set\/","og_site_name":"philippi elektrische systeme GmbH","article_modified_time":"2023-01-25T10:11:36+00:00","og_image":[{"width":700,"height":800,"url":"https:\/\/www.philippi-online.de\/wp-content\/uploads\/philippi\/Bordueberwachung\/071004210.png","type":"image\/png"}],"twitter_card":"summary_large_image","twitter_misc":{"Dur\u00e9e de lecture estim\u00e9e":"1 minute"},"schema":{"@context":"https:\/\/schema.org","@graph":[{"@type":"WebPage","@id":"https:\/\/www.philippi-online.de\/fr\/produkt\/kit-de-surveillance-de-la-batterie-blm-set\/","url":"https:\/\/www.philippi-online.de\/fr\/produkt\/kit-de-surveillance-de-la-batterie-blm-set\/","name":"Kit de surveillance de la batterie (BLM Set) | philippi elektrische systeme GmbH %","isPartOf":{"@id":"https:\/\/www.philippi-online.de\/fr\/#website"},"primaryImageOfPage":{"@id":"https:\/\/www.philippi-online.de\/fr\/produkt\/kit-de-surveillance-de-la-batterie-blm-set\/#primaryimage"},"image":{"@id":"https:\/\/www.philippi-online.de\/fr\/produkt\/kit-de-surveillance-de-la-batterie-blm-set\/#primaryimage"},"thumbnailUrl":"https:\/\/www.philippi-online.de\/wp-content\/uploads\/2021\/09\/071004210-BLM-set-1.png","datePublished":"2021-09-09T07:13:44+00:00","dateModified":"2023-01-25T10:11:36+00:00","description":"Kit de surveillance de la batterie (BLM Set) |","breadcrumb":{"@id":"https:\/\/www.philippi-online.de\/fr\/produkt\/kit-de-surveillance-de-la-batterie-blm-set\/#breadcrumb"},"inLanguage":"fr-FR","potentialAction":[{"@type":"ReadAction","target":["https:\/\/www.philippi-online.de\/fr\/produkt\/kit-de-surveillance-de-la-batterie-blm-set\/"]}]},{"@type":"ImageObject","inLanguage":"fr-FR","@id":"https:\/\/www.philippi-online.de\/fr\/produkt\/kit-de-surveillance-de-la-batterie-blm-set\/#primaryimage","url":"https:\/\/www.philippi-online.de\/wp-content\/uploads\/2021\/09\/071004210-BLM-set-1.png","contentUrl":"https:\/\/www.philippi-online.de\/wp-content\/uploads\/2021\/09\/071004210-BLM-set-1.png","width":700,"height":800},{"@type":"BreadcrumbList","@id":"https:\/\/www.philippi-online.de\/fr\/produkt\/kit-de-surveillance-de-la-batterie-blm-set\/#breadcrumb","itemListElement":[{"@type":"ListItem","position":1,"name":"Accueil","item":"https:\/\/www.philippi-online.de\/fr\/"},{"@type":"ListItem","position":2,"name":"Boutique","item":"https:\/\/www.philippi-online.de\/fr\/boutique\/"},{"@type":"ListItem","position":3,"name":"Kit de surveillance de la batterie (BLM Set)"}]},{"@type":"WebSite","@id":"https:\/\/www.philippi-online.de\/fr\/#website","url":"https:\/\/www.philippi-online.de\/fr\/","name":"philippi elektrische systeme GmbH","description":"","potentialAction":[{"@type":"SearchAction","target":{"@type":"EntryPoint","urlTemplate":"https:\/\/www.philippi-online.de\/fr\/?s={search_term_string}"},"query-input":{"@type":"PropertyValueSpecification","valueRequired":true,"valueName":"search_term_string"}}],"inLanguage":"fr-FR"}]}},"df_price":319,"df_sale_price":"","df_regular_price":319,"df_image_link":"https:\/\/www.philippi-online.de\/wp-content\/uploads\/2021\/09\/071004210-BLM-set-1-263x300.png","_links":{"self":[{"href":"https:\/\/www.philippi-online.de\/fr\/wp-json\/wp\/v2\/product\/35197","targetHints":{"allow":["GET"]}}],"collection":[{"href":"https:\/\/www.philippi-online.de\/fr\/wp-json\/wp\/v2\/product"}],"about":[{"href":"https:\/\/www.philippi-online.de\/fr\/wp-json\/wp\/v2\/types\/product"}],"replies":[{"embeddable":true,"href":"https:\/\/www.philippi-online.de\/fr\/wp-json\/wp\/v2\/comments?post=35197"}],"version-history":[{"count":0,"href":"https:\/\/www.philippi-online.de\/fr\/wp-json\/wp\/v2\/product\/35197\/revisions"}],"wp:featuredmedia":[{"embeddable":true,"href":"https:\/\/www.philippi-online.de\/fr\/wp-json\/wp\/v2\/media\/63286"}],"wp:attachment":[{"href":"https:\/\/www.philippi-online.de\/fr\/wp-json\/wp\/v2\/media?parent=35197"}],"wp:term":[{"taxonomy":"product_brand","embeddable":true,"href":"https:\/\/www.philippi-online.de\/fr\/wp-json\/wp\/v2\/product_brand?post=35197"},{"taxonomy":"product_cat","embeddable":true,"href":"https:\/\/www.philippi-online.de\/fr\/wp-json\/wp\/v2\/product_cat?post=35197"},{"taxonomy":"product_tag","embeddable":true,"href":"https:\/\/www.philippi-online.de\/fr\/wp-json\/wp\/v2\/product_tag?post=35197"}],"curies":[{"name":"wp","href":"https:\/\/api.w.org\/{rel}","templated":true}]}}