{"id":34923,"date":"2021-07-13T11:40:51","date_gmt":"2021-07-13T09:40:51","guid":{"rendered":"https:\/\/staging.philippi-online.de\/produkt\/onduleur-mass-combi-ultra\/"},"modified":"2023-01-25T11:12:16","modified_gmt":"2023-01-25T10:12:16","slug":"mass-combi-ultra","status":"publish","type":"product","link":"https:\/\/www.philippi-online.de\/fr\/produkt\/mass-combi-ultra\/","title":{"rendered":"Onduleur Mass Combi Ultra"},"content":{"rendered":"\t\t<div data-elementor-type=\"wp-post\" data-elementor-id=\"34923\" class=\"elementor elementor-34923 elementor-18871\" data-elementor-post-type=\"product\">\n\t\t\t\t\t\t<section class=\"wd-negative-gap elementor-section elementor-top-section elementor-element elementor-element-2c21057 elementor-section-boxed elementor-section-height-default elementor-section-height-default\" data-id=\"2c21057\" data-element_type=\"section\" data-e-type=\"section\">\n\t\t\t\t\t\t<div class=\"elementor-container elementor-column-gap-default\">\n\t\t\t\t\t<div class=\"elementor-column elementor-col-50 elementor-top-column elementor-element elementor-element-61f5afa1\" data-id=\"61f5afa1\" data-element_type=\"column\" data-e-type=\"column\">\n\t\t\t<div class=\"elementor-widget-wrap elementor-element-populated\">\n\t\t\t\t\t\t<div class=\"elementor-element elementor-element-29c0ae89 color-scheme-inherit text-left elementor-widget elementor-widget-text-editor\" data-id=\"29c0ae89\" data-element_type=\"widget\" data-e-type=\"widget\" data-widget_type=\"text-editor.default\">\n\t\t\t\t<div class=\"elementor-widget-container\">\n\t\t\t\t\t\t\t\t\t<p>Le Mass Combi Ultra est \u00e9quip\u00e9 d&rsquo;une technologie de pointe. La nouvelle technologie d&rsquo;onduleur &lsquo;V6&rsquo; garantit une consommation exceptionnellement basse en mode veille, tandis qu&rsquo;un processeur de signal num\u00e9rique ultra-rapide garantit une commutation transparente entre toutes les sources d&rsquo;\u00e9nergie disponibles.<\/p>\n<ul>\n<li>Pour une utilisation professionnelle et semi-professionnelle.<\/li>\n<li>Onduleur silencieux et puissant avec un courant de pointe de 200%.<\/li>\n<li>Compact, l\u00e9ger et sans ronflement gr\u00e2ce \u00e0 la technologie haute fr\u00e9quence.<\/li>\n<li>La tension sinuso\u00efdale pure \u00e9vite les dysfonctionnements et l&rsquo;endommagement des appareils sensibles, comme les adaptateurs.<\/li>\n<li>Rendement \u00e9lev\u00e9 et meilleure performance de vos batteries.<\/li>\n<li>Chargeur de batterie + intelligent \u00e0 3 niveaux et \u00e0 faible ondulation garantissant des temps de charge courts et une longue dur\u00e9e de vie de la batterie.<\/li>\n<li>Power Assist : \u00e9vite les fusibles grill\u00e9s.<\/li>\n<li>Gr\u00e2ce \u00e0 une fen\u00eatre de tension de batterie dynamique, vous disposez plus longtemps de courant alternatif sans que vos batteries ne soient endommag\u00e9es.<\/li>\n<li>Le concept Active Optima Cooling \u00e9limine le bruit inutile des ventilateurs.<\/li>\n<li>Charge simultan\u00e9ment deux bancs de batteries individuels (Mass Combi Ultra).<\/li>\n<li>Gr\u00e2ce \u00e0 un r\u00e9gulateur de charge solaire MPPT int\u00e9gr\u00e9, vous obtenez un rendement 30% plus \u00e9lev\u00e9 en \u00e9nergie solaire pour charger les batteries (Mass Combi Ultra).<\/li>\n<li>Une installation rapide et des connexions professionnelles fiables.<\/li>\n<li>Certificats CE et ABYC.<\/li>\n<\/ul>\n<table style=\"border-collapse: collapse; width: 100%; height: 120px;\">\n<tbody>\n<tr style=\"height: 48px;\">\n<td style=\"width: 33.3333%; height: 48px;\">\u00a0<\/td>\n<td style=\"width: 33.3333%; text-align: center; height: 48px;\"><strong>Mass Combi Ultra\u00a0<\/strong><br \/>\n<strong>12\/3000-150<\/strong><\/td>\n<td style=\"width: 33.3333%; text-align: center; height: 48px;\"><strong>Mass Combi Ultra<\/strong><br \/>\n<strong>21\/3500-100<\/strong><\/td>\n<\/tr>\n<tr style=\"height: 48px;\">\n<td style=\"width: 33.3333%; height: 48px;\">T<strong>ension nominale de la batterie<\/strong><\/td>\n<td style=\"width: 33.3333%; height: 48px;\">12 V<\/td>\n<td style=\"width: 33.3333%; height: 48px;\">24 V<\/td>\n<\/tr>\n<tr style=\"height: 24px;\">\n<td style=\"width: 33.3333%; height: 24px;\"><strong>Dimensions, HxLxP<\/strong><\/td>\n<td style=\"width: 33.3333%; height: 24px;\" colspan=\"2\">472 x 318 x 178 mm<\/td>\n<\/tr>\n<\/tbody>\n<\/table>\n\t\t\t\t\t\t\t\t<\/div>\n\t\t\t\t<\/div>\n\t\t\t\t\t<\/div>\n\t\t<\/div>\n\t\t\t\t<div class=\"elementor-column elementor-col-50 elementor-top-column elementor-element elementor-element-9b8c2c1\" data-id=\"9b8c2c1\" data-element_type=\"column\" data-e-type=\"column\">\n\t\t\t<div class=\"elementor-widget-wrap elementor-element-populated\">\n\t\t\t\t\t\t<div class=\"elementor-element elementor-element-41fbf7d elementor-position-inline-start elementor-view-default elementor-mobile-position-block-start elementor-widget elementor-widget-icon-box\" data-id=\"41fbf7d\" data-element_type=\"widget\" data-e-type=\"widget\" data-widget_type=\"icon-box.default\">\n\t\t\t\t<div class=\"elementor-widget-container\">\n\t\t\t\t\t\t\t<div class=\"elementor-icon-box-wrapper\">\n\n\t\t\t\t\t\t<div class=\"elementor-icon-box-icon\">\n\t\t\t\t<a href=\"http:\/\/p\/wp-content\/uploads\/philippi\/Info\/Mastervolt_Powerbook_2018_FR.pdf\/p\" target=\"_blank\" class=\"elementor-icon\" tabindex=\"-1\" aria-label=\"&lt;p&gt;Plus d&#039;informations&lt;\/p&gt;\">\n\t\t\t\t<svg aria-hidden=\"true\" class=\"e-font-icon-svg e-far-file-pdf\" viewBox=\"0 0 384 512\" xmlns=\"http:\/\/www.w3.org\/2000\/svg\"><path d=\"M369.9 97.9L286 14C277 5 264.8-.1 252.1-.1H48C21.5 0 0 21.5 0 48v416c0 26.5 21.5 48 48 48h288c26.5 0 48-21.5 48-48V131.9c0-12.7-5.1-25-14.1-34zM332.1 128H256V51.9l76.1 76.1zM48 464V48h160v104c0 13.3 10.7 24 24 24h104v288H48zm250.2-143.7c-12.2-12-47-8.7-64.4-6.5-17.2-10.5-28.7-25-36.8-46.3 3.9-16.1 10.1-40.6 5.4-56-4.2-26.2-37.8-23.6-42.6-5.9-4.4 16.1-.4 38.5 7 67.1-10 23.9-24.9 56-35.4 74.4-20 10.3-47 26.2-51 46.2-3.3 15.8 26 55.2 76.1-31.2 22.4-7.4 46.8-16.5 68.4-20.1 18.9 10.2 41 17 55.8 17 25.5 0 28-28.2 17.5-38.7zm-198.1 77.8c5.1-13.7 24.5-29.5 30.4-35-19 30.3-30.4 35.7-30.4 35zm81.6-190.6c7.4 0 6.7 32.1 1.8 40.8-4.4-13.9-4.3-40.8-1.8-40.8zm-24.4 136.6c9.7-16.9 18-37 24.7-54.7 8.3 15.1 18.9 27.2 30.1 35.5-20.8 4.3-38.9 13.1-54.8 19.2zm131.6-5s-5 6-37.3-7.8c35.1-2.6 40.9 5.4 37.3 7.8z\"><\/path><\/svg>\t\t\t\t<\/a>\n\t\t\t<\/div>\n\t\t\t\n\t\t\t\t\t\t<div class=\"elementor-icon-box-content\">\n\n\t\t\t\t\t\t\t\t\t<p class=\"elementor-icon-box-title\">\n\t\t\t\t\t\t<a href=\"http:\/\/p\/wp-content\/uploads\/philippi\/Info\/Mastervolt_Powerbook_2018_FR.pdf\/p\" target=\"_blank\" >\n\t\t\t\t\t\t\t<p>Plus d'informations<\/p>\t\t\t\t\t\t<\/a>\n\t\t\t\t\t<\/p>\n\t\t\t\t\n\t\t\t\t\n\t\t\t<\/div>\n\t\t\t\n\t\t<\/div>\n\t\t\t\t\t\t<\/div>\n\t\t\t\t<\/div>\n\t\t\t\t\t<\/div>\n\t\t<\/div>\n\t\t\t\t\t<\/div>\n\t\t<\/section>\n\t\t\t\t<\/div>\n\t\t","protected":false},"excerpt":{"rendered":"<p>Assure une commutation transparente entre toutes les sources d&rsquo;\u00e9nergie disponibles.<\/p>\n","protected":false},"featured_media":22306,"comment_status":"closed","ping_status":"closed","template":"","meta":{"_acf_changed":false,"_monsterinsights_skip_tracking":false,"_monsterinsights_sitenote_active":false,"_monsterinsights_sitenote_note":"","_monsterinsights_sitenote_category":0},"product_brand":[],"product_cat":[1426,1428,1443],"product_tag":[2776],"class_list":{"0":"post-34923","1":"product","2":"type-product","3":"status-publish","4":"has-post-thumbnail","6":"product_cat-alimentation","7":"product_cat-alimentation-maritime","8":"product_cat-alimentation-offroad","9":"product_tag-mass-combi-ultra-fr","10":"pa_marken-mastervolt-fr","12":"first","13":"instock","14":"taxable","15":"shipping-taxable","16":"purchasable","17":"product-type-variable"},"acf":[],"yoast_head":"<!-- This site is optimized with the Yoast SEO plugin v27.1.1 - https:\/\/yoast.com\/product\/yoast-seo-wordpress\/ -->\n<title>Onduleur Mass Combi Ultra | philippi elektrische systeme GmbH %<\/title>\n<meta name=\"description\" content=\"Onduleur Mass Combi Ultra |\" \/>\n<meta name=\"robots\" content=\"index, follow, max-snippet:-1, max-image-preview:large, max-video-preview:-1\" \/>\n<link rel=\"canonical\" href=\"https:\/\/www.philippi-online.de\/fr\/produkt\/mass-combi-ultra\/\" \/>\n<meta property=\"og:locale\" content=\"fr_FR\" \/>\n<meta property=\"og:type\" content=\"article\" \/>\n<meta property=\"og:title\" content=\"Onduleur Mass Combi Ultra | philippi elektrische systeme GmbH %\" \/>\n<meta property=\"og:description\" content=\"Onduleur Mass Combi Ultra |\" \/>\n<meta property=\"og:url\" content=\"https:\/\/www.philippi-online.de\/fr\/produkt\/mass-combi-ultra\/\" \/>\n<meta property=\"og:site_name\" content=\"philippi elektrische systeme GmbH\" \/>\n<meta property=\"article:modified_time\" content=\"2023-01-25T10:12:16+00:00\" \/>\n<meta property=\"og:image\" content=\"https:\/\/www.philippi-online.de\/wp-content\/uploads\/philippi\/Stromversorgung\/M38013000.png\" \/>\n\t<meta property=\"og:image:width\" content=\"700\" \/>\n\t<meta property=\"og:image:height\" content=\"800\" \/>\n\t<meta property=\"og:image:type\" content=\"image\/png\" \/>\n<meta name=\"twitter:card\" content=\"summary_large_image\" \/>\n<meta name=\"twitter:label1\" content=\"Dur\u00e9e de lecture estim\u00e9e\" \/>\n\t<meta name=\"twitter:data1\" content=\"1 minute\" \/>\n<script type=\"application\/ld+json\" class=\"yoast-schema-graph\">{\"@context\":\"https:\/\/schema.org\",\"@graph\":[{\"@type\":\"WebPage\",\"@id\":\"https:\/\/www.philippi-online.de\/fr\/produkt\/mass-combi-ultra\/\",\"url\":\"https:\/\/www.philippi-online.de\/fr\/produkt\/mass-combi-ultra\/\",\"name\":\"Onduleur Mass Combi Ultra | philippi elektrische systeme GmbH %\",\"isPartOf\":{\"@id\":\"https:\/\/www.philippi-online.de\/fr\/#website\"},\"primaryImageOfPage\":{\"@id\":\"https:\/\/www.philippi-online.de\/fr\/produkt\/mass-combi-ultra\/#primaryimage\"},\"image\":{\"@id\":\"https:\/\/www.philippi-online.de\/fr\/produkt\/mass-combi-ultra\/#primaryimage\"},\"thumbnailUrl\":\"https:\/\/www.philippi-online.de\/wp-content\/uploads\/philippi\/Stromversorgung\/M38013000.png\",\"datePublished\":\"2021-07-13T09:40:51+00:00\",\"dateModified\":\"2023-01-25T10:12:16+00:00\",\"description\":\"Onduleur Mass Combi Ultra |\",\"breadcrumb\":{\"@id\":\"https:\/\/www.philippi-online.de\/fr\/produkt\/mass-combi-ultra\/#breadcrumb\"},\"inLanguage\":\"fr-FR\",\"potentialAction\":[{\"@type\":\"ReadAction\",\"target\":[\"https:\/\/www.philippi-online.de\/fr\/produkt\/mass-combi-ultra\/\"]}]},{\"@type\":\"ImageObject\",\"inLanguage\":\"fr-FR\",\"@id\":\"https:\/\/www.philippi-online.de\/fr\/produkt\/mass-combi-ultra\/#primaryimage\",\"url\":\"https:\/\/www.philippi-online.de\/wp-content\/uploads\/philippi\/Stromversorgung\/M38013000.png\",\"contentUrl\":\"https:\/\/www.philippi-online.de\/wp-content\/uploads\/philippi\/Stromversorgung\/M38013000.png\",\"width\":700,\"height\":800},{\"@type\":\"BreadcrumbList\",\"@id\":\"https:\/\/www.philippi-online.de\/fr\/produkt\/mass-combi-ultra\/#breadcrumb\",\"itemListElement\":[{\"@type\":\"ListItem\",\"position\":1,\"name\":\"Accueil\",\"item\":\"https:\/\/www.philippi-online.de\/fr\/\"},{\"@type\":\"ListItem\",\"position\":2,\"name\":\"Boutique\",\"item\":\"https:\/\/www.philippi-online.de\/fr\/boutique\/\"},{\"@type\":\"ListItem\",\"position\":3,\"name\":\"Onduleur Mass Combi Ultra\"}]},{\"@type\":\"WebSite\",\"@id\":\"https:\/\/www.philippi-online.de\/fr\/#website\",\"url\":\"https:\/\/www.philippi-online.de\/fr\/\",\"name\":\"philippi elektrische systeme GmbH\",\"description\":\"\",\"potentialAction\":[{\"@type\":\"SearchAction\",\"target\":{\"@type\":\"EntryPoint\",\"urlTemplate\":\"https:\/\/www.philippi-online.de\/fr\/?s={search_term_string}\"},\"query-input\":{\"@type\":\"PropertyValueSpecification\",\"valueRequired\":true,\"valueName\":\"search_term_string\"}}],\"inLanguage\":\"fr-FR\"}]}<\/script>\n<!-- \/ Yoast SEO plugin. -->","yoast_head_json":{"title":"Onduleur Mass Combi Ultra | philippi elektrische systeme GmbH %","description":"Onduleur Mass Combi Ultra |","robots":{"index":"index","follow":"follow","max-snippet":"max-snippet:-1","max-image-preview":"max-image-preview:large","max-video-preview":"max-video-preview:-1"},"canonical":"https:\/\/www.philippi-online.de\/fr\/produkt\/mass-combi-ultra\/","og_locale":"fr_FR","og_type":"article","og_title":"Onduleur Mass Combi Ultra | philippi elektrische systeme GmbH %","og_description":"Onduleur Mass Combi Ultra |","og_url":"https:\/\/www.philippi-online.de\/fr\/produkt\/mass-combi-ultra\/","og_site_name":"philippi elektrische systeme GmbH","article_modified_time":"2023-01-25T10:12:16+00:00","og_image":[{"width":700,"height":800,"url":"https:\/\/www.philippi-online.de\/wp-content\/uploads\/philippi\/Stromversorgung\/M38013000.png","type":"image\/png"}],"twitter_card":"summary_large_image","twitter_misc":{"Dur\u00e9e de lecture estim\u00e9e":"1 minute"},"schema":{"@context":"https:\/\/schema.org","@graph":[{"@type":"WebPage","@id":"https:\/\/www.philippi-online.de\/fr\/produkt\/mass-combi-ultra\/","url":"https:\/\/www.philippi-online.de\/fr\/produkt\/mass-combi-ultra\/","name":"Onduleur Mass Combi Ultra | philippi elektrische systeme GmbH %","isPartOf":{"@id":"https:\/\/www.philippi-online.de\/fr\/#website"},"primaryImageOfPage":{"@id":"https:\/\/www.philippi-online.de\/fr\/produkt\/mass-combi-ultra\/#primaryimage"},"image":{"@id":"https:\/\/www.philippi-online.de\/fr\/produkt\/mass-combi-ultra\/#primaryimage"},"thumbnailUrl":"https:\/\/www.philippi-online.de\/wp-content\/uploads\/philippi\/Stromversorgung\/M38013000.png","datePublished":"2021-07-13T09:40:51+00:00","dateModified":"2023-01-25T10:12:16+00:00","description":"Onduleur Mass Combi Ultra |","breadcrumb":{"@id":"https:\/\/www.philippi-online.de\/fr\/produkt\/mass-combi-ultra\/#breadcrumb"},"inLanguage":"fr-FR","potentialAction":[{"@type":"ReadAction","target":["https:\/\/www.philippi-online.de\/fr\/produkt\/mass-combi-ultra\/"]}]},{"@type":"ImageObject","inLanguage":"fr-FR","@id":"https:\/\/www.philippi-online.de\/fr\/produkt\/mass-combi-ultra\/#primaryimage","url":"https:\/\/www.philippi-online.de\/wp-content\/uploads\/philippi\/Stromversorgung\/M38013000.png","contentUrl":"https:\/\/www.philippi-online.de\/wp-content\/uploads\/philippi\/Stromversorgung\/M38013000.png","width":700,"height":800},{"@type":"BreadcrumbList","@id":"https:\/\/www.philippi-online.de\/fr\/produkt\/mass-combi-ultra\/#breadcrumb","itemListElement":[{"@type":"ListItem","position":1,"name":"Accueil","item":"https:\/\/www.philippi-online.de\/fr\/"},{"@type":"ListItem","position":2,"name":"Boutique","item":"https:\/\/www.philippi-online.de\/fr\/boutique\/"},{"@type":"ListItem","position":3,"name":"Onduleur Mass Combi Ultra"}]},{"@type":"WebSite","@id":"https:\/\/www.philippi-online.de\/fr\/#website","url":"https:\/\/www.philippi-online.de\/fr\/","name":"philippi elektrische systeme GmbH","description":"","potentialAction":[{"@type":"SearchAction","target":{"@type":"EntryPoint","urlTemplate":"https:\/\/www.philippi-online.de\/fr\/?s={search_term_string}"},"query-input":{"@type":"PropertyValueSpecification","valueRequired":true,"valueName":"search_term_string"}}],"inLanguage":"fr-FR"}]}},"df_price":3644.97,"df_sale_price":"","df_regular_price":"","df_image_link":"https:\/\/www.philippi-online.de\/wp-content\/uploads\/philippi\/Stromversorgung\/M38013000-263x300.png","_links":{"self":[{"href":"https:\/\/www.philippi-online.de\/fr\/wp-json\/wp\/v2\/product\/34923","targetHints":{"allow":["GET"]}}],"collection":[{"href":"https:\/\/www.philippi-online.de\/fr\/wp-json\/wp\/v2\/product"}],"about":[{"href":"https:\/\/www.philippi-online.de\/fr\/wp-json\/wp\/v2\/types\/product"}],"replies":[{"embeddable":true,"href":"https:\/\/www.philippi-online.de\/fr\/wp-json\/wp\/v2\/comments?post=34923"}],"version-history":[{"count":0,"href":"https:\/\/www.philippi-online.de\/fr\/wp-json\/wp\/v2\/product\/34923\/revisions"}],"wp:featuredmedia":[{"embeddable":true,"href":"https:\/\/www.philippi-online.de\/fr\/wp-json\/wp\/v2\/media\/22306"}],"wp:attachment":[{"href":"https:\/\/www.philippi-online.de\/fr\/wp-json\/wp\/v2\/media?parent=34923"}],"wp:term":[{"taxonomy":"product_brand","embeddable":true,"href":"https:\/\/www.philippi-online.de\/fr\/wp-json\/wp\/v2\/product_brand?post=34923"},{"taxonomy":"product_cat","embeddable":true,"href":"https:\/\/www.philippi-online.de\/fr\/wp-json\/wp\/v2\/product_cat?post=34923"},{"taxonomy":"product_tag","embeddable":true,"href":"https:\/\/www.philippi-online.de\/fr\/wp-json\/wp\/v2\/product_tag?post=34923"}],"curies":[{"name":"wp","href":"https:\/\/api.w.org\/{rel}","templated":true}]}}