{"id":34913,"date":"2021-07-13T11:40:57","date_gmt":"2021-07-13T09:40:57","guid":{"rendered":"https:\/\/staging.philippi-online.de\/produkt\/batterie-au-lithium-ion-mli-ultra\/"},"modified":"2023-01-27T09:06:16","modified_gmt":"2023-01-27T08:06:16","slug":"mli-ultra","status":"publish","type":"product","link":"https:\/\/www.philippi-online.de\/fr\/produkt\/mli-ultra\/","title":{"rendered":"Batterie lithium-ion MLI Ultra"},"content":{"rendered":"\t\t<div data-elementor-type=\"wp-post\" data-elementor-id=\"34913\" class=\"elementor elementor-34913 elementor-18875\" data-elementor-post-type=\"product\">\n\t\t\t\t\t\t<section class=\"wd-negative-gap elementor-section elementor-top-section elementor-element elementor-element-86f421b elementor-section-boxed elementor-section-height-default elementor-section-height-default\" data-id=\"86f421b\" data-element_type=\"section\" data-e-type=\"section\">\n\t\t\t\t\t\t<div class=\"elementor-container elementor-column-gap-default\">\n\t\t\t\t\t<div class=\"elementor-column elementor-col-50 elementor-top-column elementor-element elementor-element-21aec039\" data-id=\"21aec039\" data-element_type=\"column\" data-e-type=\"column\">\n\t\t\t<div class=\"elementor-widget-wrap elementor-element-populated\">\n\t\t\t\t\t\t<div class=\"elementor-element elementor-element-1b2d30ca color-scheme-inherit text-left elementor-widget elementor-widget-text-editor\" data-id=\"1b2d30ca\" data-element_type=\"widget\" data-e-type=\"widget\" data-widget_type=\"text-editor.default\">\n\t\t\t\t<div class=\"elementor-widget-container\">\n\t\t\t\t\t\t\t\t\t<p>Les batteries lithium ion de la s\u00e9rie MLI ont \u00e9t\u00e9 con\u00e7ues pour pouvoir b\u00e9n\u00e9ficier des meilleures propri\u00e9t\u00e9s de la technologie lithium ion, m\u00eame dans les conditions les plus difficiles (courants de charge\/d\u00e9charge \u00e9lev\u00e9s, environnement humide, chocs m\u00e9caniques ou vibrations). Pour que cela soit possible, les batteries MLI se distinguent, outre les cellules au lithium phosphate de fer, par les caract\u00e9ristiques suivantes :<\/p>\n<ul>\n<li>Des performances de premier ordre, des batteries lithium ion haute performance.<\/li>\n<li>Id\u00e9alement adapt\u00e9es \u00e0 une utilisation \u00e9lev\u00e9e sur de longues p\u00e9riodes et \u00e0 des temps de charge courts.<\/li>\n<li>\u00c9conomie d&rsquo;espace et de poids pouvant atteindre 70 %.<\/li>\n<li>Dur\u00e9e de vie trois fois sup\u00e9rieure \u00e0 celle des batteries traditionnelles.<\/li>\n<li>Haute efficacit\u00e9 du cycle.<\/li>\n<li>Recharge rapide jusqu&rsquo;\u00e0 une demi-heure.<\/li>\n<li>Taux de d\u00e9charge \u00e9lev\u00e9 jusqu&rsquo;\u00e0 3C.<\/li>\n<li>Communication MasterBus\/CAN avec tout chargeur de batterie Mastervolt.<\/li>\n<li>Syst\u00e8me de gestion de la batterie (BMS) int\u00e9gr\u00e9.<\/li>\n<li>Surveillance int\u00e9gr\u00e9e des batteries (consommation d&rsquo;amp\u00e8res-heures, \u00e9tat de charge).<\/li>\n<li>Possibilit\u00e9 de connecter en s\u00e9rie jusqu&rsquo;\u00e0 10 batteries.<\/li>\n<li>Bo\u00eetier \u00e9lectronique \u00e9tanche.<\/li>\n<li>Test\u00e9 et certifi\u00e9 selon UN38.3.<\/li>\n<\/ul>\n<table style=\"border-collapse: collapse; width: 100%; height: 139px;\">\n<tbody>\n<tr style=\"height: 24px;\">\n<td style=\"width: 37.9027%; height: 24px;\">\u00a0<\/td>\n<td style=\"width: 32.8061%; height: 24px;\"><strong>MLI Ultra 12\/6000<\/strong><\/td>\n<td style=\"width: 29.2911%; height: 24px;\"><strong>MLI Ultra 24\/6000<\/strong><\/td>\n<\/tr>\n<tr style=\"height: 24px;\">\n<td style=\"width: 37.9027%; height: 24px;\"><strong><span style=\"font-size: 10pt;\">Tension nominale batterie<\/span><\/strong><\/td>\n<td style=\"width: 32.8061%; height: 24px;\">13,2 V<\/td>\n<td style=\"width: 29.2911%; height: 24px;\">26,4 V<\/td>\n<\/tr>\n<tr style=\"height: 24px;\">\n<td style=\"width: 37.9027%; height: 24px;\"><span style=\"font-size: 10pt;\"><strong>Capacit\u00e9 nominale batterie<\/strong><\/span><\/td>\n<td style=\"width: 32.8061%;\">460 Ah<\/td>\n<td style=\"width: 29.2911%;\">230 Ah<\/td>\n<\/tr>\n<tr style=\"height: 43px;\">\n<td style=\"width: 37.9027%; height: 43px;\"><span style=\"font-size: 10pt;\"><strong>Capacit\u00e9 nominale \u00c9nergie batterie<\/strong><\/span><\/td>\n<td style=\"width: 32.8061%; text-align: left; height: 43px;\">6000 Wh<\/td>\n<td style=\"width: 29.2911%; text-align: left; height: 43px;\">6000 Wh<\/td>\n<\/tr>\n<tr style=\"height: 24px;\">\n<td style=\"width: 37.9027%; height: 24px;\"><span style=\"font-size: 10pt;\"><strong>Max. Courant de charge<\/strong><\/span><\/td>\n<td style=\"width: 62.0972%; text-align: left; height: 24px;\" colspan=\"2\">500 A (2.8 C)<\/td>\n<\/tr>\n<\/tbody>\n<\/table>\t\t\t\t\t\t\t\t<\/div>\n\t\t\t\t<\/div>\n\t\t\t\t\t<\/div>\n\t\t<\/div>\n\t\t\t\t<div class=\"elementor-column elementor-col-50 elementor-top-column elementor-element elementor-element-663c70d\" data-id=\"663c70d\" data-element_type=\"column\" data-e-type=\"column\">\n\t\t\t<div class=\"elementor-widget-wrap elementor-element-populated\">\n\t\t\t\t\t\t<div class=\"elementor-element elementor-element-fe35d16 elementor-position-inline-start elementor-view-default elementor-mobile-position-block-start elementor-widget elementor-widget-icon-box\" data-id=\"fe35d16\" data-element_type=\"widget\" data-e-type=\"widget\" data-widget_type=\"icon-box.default\">\n\t\t\t\t<div class=\"elementor-widget-container\">\n\t\t\t\t\t\t\t<div class=\"elementor-icon-box-wrapper\">\n\n\t\t\t\t\t\t<div class=\"elementor-icon-box-icon\">\n\t\t\t\t<span  class=\"elementor-icon\">\n\t\t\t\t<svg aria-hidden=\"true\" class=\"e-font-icon-svg e-far-file-pdf\" viewBox=\"0 0 384 512\" xmlns=\"http:\/\/www.w3.org\/2000\/svg\"><path d=\"M369.9 97.9L286 14C277 5 264.8-.1 252.1-.1H48C21.5 0 0 21.5 0 48v416c0 26.5 21.5 48 48 48h288c26.5 0 48-21.5 48-48V131.9c0-12.7-5.1-25-14.1-34zM332.1 128H256V51.9l76.1 76.1zM48 464V48h160v104c0 13.3 10.7 24 24 24h104v288H48zm250.2-143.7c-12.2-12-47-8.7-64.4-6.5-17.2-10.5-28.7-25-36.8-46.3 3.9-16.1 10.1-40.6 5.4-56-4.2-26.2-37.8-23.6-42.6-5.9-4.4 16.1-.4 38.5 7 67.1-10 23.9-24.9 56-35.4 74.4-20 10.3-47 26.2-51 46.2-3.3 15.8 26 55.2 76.1-31.2 22.4-7.4 46.8-16.5 68.4-20.1 18.9 10.2 41 17 55.8 17 25.5 0 28-28.2 17.5-38.7zm-198.1 77.8c5.1-13.7 24.5-29.5 30.4-35-19 30.3-30.4 35.7-30.4 35zm81.6-190.6c7.4 0 6.7 32.1 1.8 40.8-4.4-13.9-4.3-40.8-1.8-40.8zm-24.4 136.6c9.7-16.9 18-37 24.7-54.7 8.3 15.1 18.9 27.2 30.1 35.5-20.8 4.3-38.9 13.1-54.8 19.2zm131.6-5s-5 6-37.3-7.8c35.1-2.6 40.9 5.4 37.3 7.8z\"><\/path><\/svg>\t\t\t\t<\/span>\n\t\t\t<\/div>\n\t\t\t\n\t\t\t\t\t\t<div class=\"elementor-icon-box-content\">\n\n\t\t\t\t\t\t\t\t\t<p class=\"elementor-icon-box-title\">\n\t\t\t\t\t\t<span  >\n\t\t\t\t\t\t\t<p>Plus d'informations<\/p>\t\t\t\t\t\t<\/span>\n\t\t\t\t\t<\/p>\n\t\t\t\t\n\t\t\t\t\n\t\t\t<\/div>\n\t\t\t\n\t\t<\/div>\n\t\t\t\t\t\t<\/div>\n\t\t\t\t<\/div>\n\t\t\t\t\t<\/div>\n\t\t<\/div>\n\t\t\t\t\t<\/div>\n\t\t<\/section>\n\t\t\t\t<\/div>\n\t\t","protected":false},"excerpt":{"rendered":"<p>Batteries au lithium ion de la s\u00e9rie MLI avec courant de charge max. de 500 A.<\/p>\n","protected":false},"featured_media":22308,"comment_status":"closed","ping_status":"closed","template":"","meta":{"_acf_changed":false,"_monsterinsights_skip_tracking":false,"_monsterinsights_sitenote_active":false,"_monsterinsights_sitenote_note":"","_monsterinsights_sitenote_category":0},"product_brand":[],"product_cat":[1426,1428,1443,1453,1436],"product_tag":[2774],"class_list":{"0":"post-34913","1":"product","2":"type-product","3":"status-publish","4":"has-post-thumbnail","6":"product_cat-alimentation","7":"product_cat-alimentation-maritime","8":"product_cat-alimentation-offroad","9":"product_cat-batterie-lithium-offroad","10":"product_cat-batterie-lithium-maritime","11":"product_tag-mliultra-mli-ultra-fr","12":"pa_marken-mastervolt-fr","14":"first","15":"instock","16":"taxable","17":"shipping-taxable","18":"purchasable","19":"product-type-variable"},"acf":[],"yoast_head":"<!-- This site is optimized with the Yoast SEO plugin v27.1.1 - https:\/\/yoast.com\/product\/yoast-seo-wordpress\/ -->\n<title>Batterie lithium-ion MLI Ultra | philippi elektrische systeme GmbH %<\/title>\n<meta name=\"description\" content=\"Batterie lithium-ion MLI Ultra |\" \/>\n<meta name=\"robots\" content=\"index, follow, max-snippet:-1, max-image-preview:large, max-video-preview:-1\" \/>\n<link rel=\"canonical\" href=\"https:\/\/www.philippi-online.de\/fr\/produkt\/mli-ultra\/\" \/>\n<meta property=\"og:locale\" content=\"fr_FR\" \/>\n<meta property=\"og:type\" content=\"article\" \/>\n<meta property=\"og:title\" content=\"Batterie lithium-ion MLI Ultra | philippi elektrische systeme GmbH %\" \/>\n<meta property=\"og:description\" content=\"Batterie lithium-ion MLI Ultra |\" \/>\n<meta property=\"og:url\" content=\"https:\/\/www.philippi-online.de\/fr\/produkt\/mli-ultra\/\" \/>\n<meta property=\"og:site_name\" content=\"philippi elektrische systeme GmbH\" \/>\n<meta property=\"article:modified_time\" content=\"2023-01-27T08:06:16+00:00\" \/>\n<meta property=\"og:image\" content=\"https:\/\/www.philippi-online.de\/wp-content\/uploads\/philippi\/Stromversorgung\/M66012500.png\" \/>\n\t<meta property=\"og:image:width\" content=\"700\" \/>\n\t<meta property=\"og:image:height\" content=\"800\" \/>\n\t<meta property=\"og:image:type\" content=\"image\/png\" \/>\n<meta name=\"twitter:card\" content=\"summary_large_image\" \/>\n<meta name=\"twitter:label1\" content=\"Dur\u00e9e de lecture estim\u00e9e\" \/>\n\t<meta name=\"twitter:data1\" content=\"2 minutes\" \/>\n<script type=\"application\/ld+json\" class=\"yoast-schema-graph\">{\"@context\":\"https:\/\/schema.org\",\"@graph\":[{\"@type\":\"WebPage\",\"@id\":\"https:\/\/www.philippi-online.de\/fr\/produkt\/mli-ultra\/\",\"url\":\"https:\/\/www.philippi-online.de\/fr\/produkt\/mli-ultra\/\",\"name\":\"Batterie lithium-ion MLI Ultra | philippi elektrische systeme GmbH %\",\"isPartOf\":{\"@id\":\"https:\/\/www.philippi-online.de\/fr\/#website\"},\"primaryImageOfPage\":{\"@id\":\"https:\/\/www.philippi-online.de\/fr\/produkt\/mli-ultra\/#primaryimage\"},\"image\":{\"@id\":\"https:\/\/www.philippi-online.de\/fr\/produkt\/mli-ultra\/#primaryimage\"},\"thumbnailUrl\":\"https:\/\/www.philippi-online.de\/wp-content\/uploads\/philippi\/Stromversorgung\/M66012500.png\",\"datePublished\":\"2021-07-13T09:40:57+00:00\",\"dateModified\":\"2023-01-27T08:06:16+00:00\",\"description\":\"Batterie lithium-ion MLI Ultra |\",\"breadcrumb\":{\"@id\":\"https:\/\/www.philippi-online.de\/fr\/produkt\/mli-ultra\/#breadcrumb\"},\"inLanguage\":\"fr-FR\",\"potentialAction\":[{\"@type\":\"ReadAction\",\"target\":[\"https:\/\/www.philippi-online.de\/fr\/produkt\/mli-ultra\/\"]}]},{\"@type\":\"ImageObject\",\"inLanguage\":\"fr-FR\",\"@id\":\"https:\/\/www.philippi-online.de\/fr\/produkt\/mli-ultra\/#primaryimage\",\"url\":\"https:\/\/www.philippi-online.de\/wp-content\/uploads\/philippi\/Stromversorgung\/M66012500.png\",\"contentUrl\":\"https:\/\/www.philippi-online.de\/wp-content\/uploads\/philippi\/Stromversorgung\/M66012500.png\",\"width\":700,\"height\":800},{\"@type\":\"BreadcrumbList\",\"@id\":\"https:\/\/www.philippi-online.de\/fr\/produkt\/mli-ultra\/#breadcrumb\",\"itemListElement\":[{\"@type\":\"ListItem\",\"position\":1,\"name\":\"Accueil\",\"item\":\"https:\/\/www.philippi-online.de\/fr\/\"},{\"@type\":\"ListItem\",\"position\":2,\"name\":\"Boutique\",\"item\":\"https:\/\/www.philippi-online.de\/fr\/boutique\/\"},{\"@type\":\"ListItem\",\"position\":3,\"name\":\"Batterie lithium-ion MLI Ultra\"}]},{\"@type\":\"WebSite\",\"@id\":\"https:\/\/www.philippi-online.de\/fr\/#website\",\"url\":\"https:\/\/www.philippi-online.de\/fr\/\",\"name\":\"philippi elektrische systeme GmbH\",\"description\":\"\",\"potentialAction\":[{\"@type\":\"SearchAction\",\"target\":{\"@type\":\"EntryPoint\",\"urlTemplate\":\"https:\/\/www.philippi-online.de\/fr\/?s={search_term_string}\"},\"query-input\":{\"@type\":\"PropertyValueSpecification\",\"valueRequired\":true,\"valueName\":\"search_term_string\"}}],\"inLanguage\":\"fr-FR\"}]}<\/script>\n<!-- \/ Yoast SEO plugin. -->","yoast_head_json":{"title":"Batterie lithium-ion MLI Ultra | philippi elektrische systeme GmbH %","description":"Batterie lithium-ion MLI Ultra |","robots":{"index":"index","follow":"follow","max-snippet":"max-snippet:-1","max-image-preview":"max-image-preview:large","max-video-preview":"max-video-preview:-1"},"canonical":"https:\/\/www.philippi-online.de\/fr\/produkt\/mli-ultra\/","og_locale":"fr_FR","og_type":"article","og_title":"Batterie lithium-ion MLI Ultra | philippi elektrische systeme GmbH %","og_description":"Batterie lithium-ion MLI Ultra |","og_url":"https:\/\/www.philippi-online.de\/fr\/produkt\/mli-ultra\/","og_site_name":"philippi elektrische systeme GmbH","article_modified_time":"2023-01-27T08:06:16+00:00","og_image":[{"width":700,"height":800,"url":"https:\/\/www.philippi-online.de\/wp-content\/uploads\/philippi\/Stromversorgung\/M66012500.png","type":"image\/png"}],"twitter_card":"summary_large_image","twitter_misc":{"Dur\u00e9e de lecture estim\u00e9e":"2 minutes"},"schema":{"@context":"https:\/\/schema.org","@graph":[{"@type":"WebPage","@id":"https:\/\/www.philippi-online.de\/fr\/produkt\/mli-ultra\/","url":"https:\/\/www.philippi-online.de\/fr\/produkt\/mli-ultra\/","name":"Batterie lithium-ion MLI Ultra | philippi elektrische systeme GmbH %","isPartOf":{"@id":"https:\/\/www.philippi-online.de\/fr\/#website"},"primaryImageOfPage":{"@id":"https:\/\/www.philippi-online.de\/fr\/produkt\/mli-ultra\/#primaryimage"},"image":{"@id":"https:\/\/www.philippi-online.de\/fr\/produkt\/mli-ultra\/#primaryimage"},"thumbnailUrl":"https:\/\/www.philippi-online.de\/wp-content\/uploads\/philippi\/Stromversorgung\/M66012500.png","datePublished":"2021-07-13T09:40:57+00:00","dateModified":"2023-01-27T08:06:16+00:00","description":"Batterie lithium-ion MLI Ultra |","breadcrumb":{"@id":"https:\/\/www.philippi-online.de\/fr\/produkt\/mli-ultra\/#breadcrumb"},"inLanguage":"fr-FR","potentialAction":[{"@type":"ReadAction","target":["https:\/\/www.philippi-online.de\/fr\/produkt\/mli-ultra\/"]}]},{"@type":"ImageObject","inLanguage":"fr-FR","@id":"https:\/\/www.philippi-online.de\/fr\/produkt\/mli-ultra\/#primaryimage","url":"https:\/\/www.philippi-online.de\/wp-content\/uploads\/philippi\/Stromversorgung\/M66012500.png","contentUrl":"https:\/\/www.philippi-online.de\/wp-content\/uploads\/philippi\/Stromversorgung\/M66012500.png","width":700,"height":800},{"@type":"BreadcrumbList","@id":"https:\/\/www.philippi-online.de\/fr\/produkt\/mli-ultra\/#breadcrumb","itemListElement":[{"@type":"ListItem","position":1,"name":"Accueil","item":"https:\/\/www.philippi-online.de\/fr\/"},{"@type":"ListItem","position":2,"name":"Boutique","item":"https:\/\/www.philippi-online.de\/fr\/boutique\/"},{"@type":"ListItem","position":3,"name":"Batterie lithium-ion MLI Ultra"}]},{"@type":"WebSite","@id":"https:\/\/www.philippi-online.de\/fr\/#website","url":"https:\/\/www.philippi-online.de\/fr\/","name":"philippi elektrische systeme GmbH","description":"","potentialAction":[{"@type":"SearchAction","target":{"@type":"EntryPoint","urlTemplate":"https:\/\/www.philippi-online.de\/fr\/?s={search_term_string}"},"query-input":{"@type":"PropertyValueSpecification","valueRequired":true,"valueName":"search_term_string"}}],"inLanguage":"fr-FR"}]}},"df_price":6063.05,"df_sale_price":"","df_regular_price":"","df_image_link":"https:\/\/www.philippi-online.de\/wp-content\/uploads\/philippi\/Stromversorgung\/M66012500-263x300.png","_links":{"self":[{"href":"https:\/\/www.philippi-online.de\/fr\/wp-json\/wp\/v2\/product\/34913","targetHints":{"allow":["GET"]}}],"collection":[{"href":"https:\/\/www.philippi-online.de\/fr\/wp-json\/wp\/v2\/product"}],"about":[{"href":"https:\/\/www.philippi-online.de\/fr\/wp-json\/wp\/v2\/types\/product"}],"replies":[{"embeddable":true,"href":"https:\/\/www.philippi-online.de\/fr\/wp-json\/wp\/v2\/comments?post=34913"}],"version-history":[{"count":0,"href":"https:\/\/www.philippi-online.de\/fr\/wp-json\/wp\/v2\/product\/34913\/revisions"}],"wp:featuredmedia":[{"embeddable":true,"href":"https:\/\/www.philippi-online.de\/fr\/wp-json\/wp\/v2\/media\/22308"}],"wp:attachment":[{"href":"https:\/\/www.philippi-online.de\/fr\/wp-json\/wp\/v2\/media?parent=34913"}],"wp:term":[{"taxonomy":"product_brand","embeddable":true,"href":"https:\/\/www.philippi-online.de\/fr\/wp-json\/wp\/v2\/product_brand?post=34913"},{"taxonomy":"product_cat","embeddable":true,"href":"https:\/\/www.philippi-online.de\/fr\/wp-json\/wp\/v2\/product_cat?post=34913"},{"taxonomy":"product_tag","embeddable":true,"href":"https:\/\/www.philippi-online.de\/fr\/wp-json\/wp\/v2\/product_tag?post=34913"}],"curies":[{"name":"wp","href":"https:\/\/api.w.org\/{rel}","templated":true}]}}