{"id":41148,"date":"2022-03-16T11:54:25","date_gmt":"2022-03-16T10:54:25","guid":{"rendered":"https:\/\/staging.philippi-online.de\/mentions-legales\/"},"modified":"2022-04-26T15:12:32","modified_gmt":"2022-04-26T13:12:32","slug":"mentions-legales","status":"publish","type":"page","link":"https:\/\/www.philippi-online.de\/fr\/mentions-legales\/","title":{"rendered":"Mentions l\u00e9gales"},"content":{"rendered":"\t\t<div data-elementor-type=\"wp-page\" data-elementor-id=\"41148\" class=\"elementor elementor-41148 elementor-30945\" data-elementor-post-type=\"page\">\n\t\t\t\t\t\t<section class=\"wd-negative-gap elementor-section elementor-top-section elementor-element elementor-element-640604 elementor-section-boxed elementor-section-height-default elementor-section-height-default\" data-id=\"640604\" data-element_type=\"section\" data-e-type=\"section\">\n\t\t\t\t\t\t<div class=\"elementor-container elementor-column-gap-default\">\n\t\t\t\t\t<div class=\"elementor-column elementor-col-100 elementor-top-column elementor-element elementor-element-6952217\" data-id=\"6952217\" data-element_type=\"column\" data-e-type=\"column\">\n\t\t\t<div class=\"elementor-widget-wrap elementor-element-populated\">\n\t\t\t\t\t\t<div class=\"elementor-element elementor-element-fb6d70c color-scheme-inherit text-left elementor-widget elementor-widget-text-editor\" data-id=\"fb6d70c\" data-element_type=\"widget\" data-e-type=\"widget\" data-widget_type=\"text-editor.default\">\n\t\t\t\t<div class=\"elementor-widget-container\">\n\t\t\t\t\t\t\t\t\t<h1 style=\"text-align: center;\">Mentions l\u00e9gales<\/h1>\t\t\t\t\t\t\t\t<\/div>\n\t\t\t\t<\/div>\n\t\t\t\t<section class=\"wd-negative-gap elementor-section elementor-inner-section elementor-element elementor-element-e7aea3b elementor-section-boxed elementor-section-height-default elementor-section-height-default\" data-id=\"e7aea3b\" data-element_type=\"section\" data-e-type=\"section\">\n\t\t\t\t\t\t<div class=\"elementor-container elementor-column-gap-wider\">\n\t\t\t\t\t<div class=\"elementor-column elementor-col-100 elementor-inner-column elementor-element elementor-element-4c263d9\" data-id=\"4c263d9\" data-element_type=\"column\" data-e-type=\"column\">\n\t\t\t<div class=\"elementor-widget-wrap elementor-element-populated\">\n\t\t\t\t\t\t<div class=\"elementor-element elementor-element-cfe8309 color-scheme-inherit text-left elementor-widget elementor-widget-text-editor\" data-id=\"cfe8309\" data-element_type=\"widget\" data-e-type=\"widget\" data-widget_type=\"text-editor.default\">\n\t\t\t\t<div class=\"elementor-widget-container\">\n\t\t\t\t\t\t\t\t\t<p>Indicateur l\u00e9gal d&rsquo;\u00e9diteur<br \/><br \/>philippi elektrische systeme gmbh<br \/>repr\u00e9sent\u00e9 par le directeur : Michael K\u00f6gel<br \/>Neckaraue 19<br \/>D-71686 Remseck<br \/>Allemagne<br \/>T\u00e9l\u00e9phone: +49 7146 8744-0<br \/>Fax: +49 7146 874422<br \/>E-Mail: <a href=\"mailto:info@philippi-online.de\">info@philippi-online.de<\/a><br \/>N\u00b0 d&rsquo;identification TVA: DE813177869\u00a0<br \/><strong>No. enr. DEEE:\u00a0<\/strong><strong>91983744<\/strong><br \/><strong>Inscrit au le registre de commerce du tribunal de commerce Stuttgart<br \/>Num\u00e9ro de registre de commerce HRB 206160<\/strong><br \/><br \/><br \/><strong>Mode alternatif de r\u00e8glement des conflits:<\/strong><br \/>La Commission europ\u00e9enne fournit une plateforme pour la r\u00e9solution extrajudiciaire des litiges qui est accessible sur le site <a href=\"https:\/\/ec.europa.eu\/consumers\/odr\" target=\"_blank\" rel=\"noopener\">https:\/\/ec.europa.eu\/odr<\/a>.<br \/>Nous ne sommes pas dispos\u00e9s \u00e0 prendre part \u00e0 des proc\u00e9dures de r\u00e8glement de litiges devant des organismes de m\u00e9diation pour le consommateur.<br \/><br \/><strong>Nous sommes membres de l\u2019initiative \u00ab\u00a0FairCommerce\u00a0\u00bb depuis\u00a009.12.2021.<\/strong><br \/>Pour plus d\u2019informations, consultez:\u00a0<a href=\"https:\/\/www.haendlerbund.de\/de\/haendlerbund\/interessenvertretung\/faircommerce\" target=\"_blank\" rel=\"noopener\">www.haendlerbund.de\/faircommerce<\/a>.<br \/><br \/><\/p>\n<p><strong>Verantwortlich f\u00fcr den Inhalt nach \u00a7 55 Abs. 2 RStV:<\/strong><\/p>\n<p>Michael K\u00f6gel<br \/>Eckhard Philippi<br \/>Neckaraue 19<br \/>D-71686 Remseck am Neckar<\/p>\n<p><strong><br \/>Quellenangaben f\u00fcr die verwendeten Bilder und Grafiken:<\/strong><\/p>\n<p>Michael K\u00f6gel<br \/>Eckhard Philippi<br \/>Neckaraue 19<br \/>D-71686 Remseck am Neckar<br \/><br \/><\/p>\n<p><a class=\"external-link-new-window\" title=\"Opens external link in new window\" href=\"http:\/\/www.fotolia.com\" target=\"_blank\" rel=\"nofollow noopener\" data-htmlarea-external=\"1\">www.fotolia.com<\/a><\/p>\n<p>\u00a9 dell &#8211; fotolia.com<br \/>\u00a9 tostphoto &#8211; fotolia.com<br \/>\u00a9 Dmitrijs Mihejevs &#8211; fotolia.com<br \/>\u00a9 DEMIX &#8211; fotolia.com<br \/>\u00a9 sm00th &#8211; fotolia.com<\/p>\n<div>\n<p><a class=\"external-link-new-window\" title=\"Opens external link in new window\" href=\"http:\/\/www.shutterstock.com\" target=\"_blank\" rel=\"nofollow noopener\" data-htmlarea-external=\"1\"><br \/>www.shutterstock.com<\/a><\/p>\n<p>\u00a9 I&rsquo;M PHOTOGRAPHER &#8211; shutterstock.com<br \/>\u00a9 Subbotina Anna &#8211; shutterstock.com<br \/>\u00a9 holbox &#8211; shutterstock.com<br \/>\u00a9 hxdbzxy &#8211; shutterstock.com<br \/>\u00a9 _LeS_ &#8211; shutterstock.com<br \/>\u00a9 Anna Omelchenko &#8211; shutterstock.com<br \/>\u00a9 pavelkopp &#8211; shutterstock.com<br \/>\u00a9 Fnik &#8211; shutterstock.com<br \/>\u00a9 r.classen &#8211; shutterstock.com<\/p>\n<p>\u00a0<\/p>\n<\/div>\n<p>sowie\u00a0<a href=\"https:\/\/www.pexels.com\/\" data-htmlarea-external=\"1\">https:\/\/www.pexels.com\/<\/a>\u00a0\u00a0<\/p>\t\t\t\t\t\t\t\t<\/div>\n\t\t\t\t<\/div>\n\t\t\t\t<div class=\"elementor-element elementor-element-df6001e color-scheme-inherit text-left elementor-widget elementor-widget-text-editor\" data-id=\"df6001e\" data-element_type=\"widget\" data-e-type=\"widget\" data-widget_type=\"text-editor.default\">\n\t\t\t\t<div class=\"elementor-widget-container\">\n\t\t\t\t\t\t\t\t\t<h3>Clause de non-responsabilit\u00e9<br><\/h3>\n<p><br><b>Responsabilit\u00e9 du contenu<\/b><br><\/p>\n<p>En tant que prestataire de services, nous sommes responsables, conform\u00e9ment au \u00a7 7 alin\u00e9a 1 de la loi allemande sur les t\u00e9l\u00e9m\u00e9dias (TMG), de nos propres contenus sur ces pages selon les lois g\u00e9n\u00e9rales. Selon les \u00a7\u00a7 8 \u00e0 10 de la TMG, nous ne sommes toutefois pas tenus, en tant que prestataire de services, de surveiller les informations externes transmises ou enregistr\u00e9es ou de rechercher les circonstances qui indiquent une activit\u00e9 ill\u00e9gale. Les obligations de supprimer ou de bloquer l&rsquo;utilisation d&rsquo;informations conform\u00e9ment aux lois g\u00e9n\u00e9rales ne sont pas affect\u00e9es par cette disposition. Une responsabilit\u00e9 \u00e0 cet \u00e9gard n&rsquo;est toutefois possible qu&rsquo;\u00e0 partir du moment o\u00f9 une violation concr\u00e8te de la loi est connue. D\u00e8s la prise de connaissance d&rsquo;une telle violation, nous supprimerons imm\u00e9diatement les contenus concern\u00e9s.<br><\/p>\n<p><br><b>Responsabilit\u00e9 pour les liens<\/b><br><\/p>\n<p>Notre offre contient des liens vers des sites web externes de tiers, sur le contenu desquels nous n&rsquo;avons aucune influence. C&rsquo;est pourquoi nous ne pouvons pas non plus nous porter garants de ces contenus externes. Le fournisseur ou l&rsquo;exploitant des pages li\u00e9es est toujours responsable de leur contenu. Les pages li\u00e9es ont \u00e9t\u00e9 contr\u00f4l\u00e9es au moment de la cr\u00e9ation du lien afin de v\u00e9rifier qu&rsquo;elles ne pr\u00e9sentaient pas d&rsquo;infraction \u00e0 la loi. Aucun contenu ill\u00e9gal n&rsquo;a \u00e9t\u00e9 identifi\u00e9 au moment de la cr\u00e9ation du lien. Un contr\u00f4le permanent du contenu des pages li\u00e9es n&rsquo;est cependant pas exigible sans indices concrets d&rsquo;une violation de la loi. D\u00e8s que nous aurons connaissance d&rsquo;une violation de la loi, nous supprimerons imm\u00e9diatement les liens concern\u00e9s.<br><\/p>\n<p><strong><br><\/strong><\/p>\n<p><b>Droit d&rsquo;auteur<\/b><\/p>\n<p>Les contenus et les \u0153uvres cr\u00e9\u00e9s par les exploitants de ces pages sont soumis au droit d&rsquo;auteur allemand. La reproduction, le traitement, la diffusion et toute forme d&rsquo;exploitation en dehors des limites du droit d&rsquo;auteur requi\u00e8rent l&rsquo;accord \u00e9crit de l&rsquo;auteur ou du cr\u00e9ateur concern\u00e9. Les t\u00e9l\u00e9chargements et les copies de ce site ne sont autoris\u00e9s que pour un usage priv\u00e9 et non commercial. Dans la mesure o\u00f9 les contenus de ce site n&rsquo;ont pas \u00e9t\u00e9 cr\u00e9\u00e9s par l&rsquo;exploitant, les droits d&rsquo;auteur de tiers sont respect\u00e9s. Les contenus de tiers sont notamment identifi\u00e9s comme tels. Si vous deviez n\u00e9anmoins constater une violation des droits d&rsquo;auteur, nous vous prions de nous en informer. D\u00e8s la prise de connaissance d&rsquo;une violation de la loi, nous supprimerons imm\u00e9diatement les contenus concern\u00e9s.<\/p>\n<p>Source: <a title=\"Opens external link in new window\" href=\"http:\/\/www.e-recht24.de\" rel=\"nofollow\" data-htmlarea-external=\"1\">http:\/\/www.e-recht24.deClause de non-responsabilit\u00e9<\/a><\/p>\t\t\t\t\t\t\t\t<\/div>\n\t\t\t\t<\/div>\n\t\t\t\t\t<\/div>\n\t\t<\/div>\n\t\t\t\t\t<\/div>\n\t\t<\/section>\n\t\t\t\t\t<\/div>\n\t\t<\/div>\n\t\t\t\t\t<\/div>\n\t\t<\/section>\n\t\t\t\t<\/div>\n\t\t","protected":false},"excerpt":{"rendered":"<p>Mentions l\u00e9gales Indicateur l\u00e9gal d&rsquo;\u00e9diteur philippi elektrische systeme gmbhrepr\u00e9sent\u00e9 par le directeur : Michael K\u00f6gelNeckaraue 19D-71686 RemseckAllemagneT\u00e9l\u00e9phone: +49 7146 8744-0Fax:<\/p>\n","protected":false},"author":2,"featured_media":0,"parent":0,"menu_order":0,"comment_status":"closed","ping_status":"closed","template":"","meta":{"_acf_changed":false,"_monsterinsights_skip_tracking":false,"_monsterinsights_sitenote_active":false,"_monsterinsights_sitenote_note":"","_monsterinsights_sitenote_category":0,"footnotes":""},"class_list":["post-41148","page","type-page","status-publish","hentry"],"acf":[],"yoast_head":"<!-- This site is optimized with the Yoast SEO plugin v27.1.1 - https:\/\/yoast.com\/product\/yoast-seo-wordpress\/ -->\n<title>Mentions l\u00e9gales | philippi elektrische systeme GmbH<\/title>\n<meta name=\"robots\" content=\"index, follow, max-snippet:-1, max-image-preview:large, max-video-preview:-1\" \/>\n<link rel=\"canonical\" href=\"https:\/\/www.philippi-online.de\/fr\/mentions-legales\/\" \/>\n<meta property=\"og:locale\" content=\"fr_FR\" \/>\n<meta property=\"og:type\" content=\"article\" \/>\n<meta property=\"og:title\" content=\"Mentions l\u00e9gales | philippi elektrische systeme GmbH\" \/>\n<meta property=\"og:description\" content=\"Mentions l\u00e9gales Indicateur l\u00e9gal d&rsquo;\u00e9diteur philippi elektrische systeme gmbhrepr\u00e9sent\u00e9 par le directeur : Michael K\u00f6gelNeckaraue 19D-71686 RemseckAllemagneT\u00e9l\u00e9phone: +49 7146 8744-0Fax:\" \/>\n<meta property=\"og:url\" content=\"https:\/\/www.philippi-online.de\/fr\/mentions-legales\/\" \/>\n<meta property=\"og:site_name\" content=\"philippi elektrische systeme GmbH\" \/>\n<meta property=\"article:modified_time\" content=\"2022-04-26T13:12:32+00:00\" \/>\n<meta name=\"twitter:card\" content=\"summary_large_image\" \/>\n<meta name=\"twitter:label1\" content=\"Dur\u00e9e de lecture estim\u00e9e\" \/>\n\t<meta name=\"twitter:data1\" content=\"4 minutes\" \/>\n<script type=\"application\/ld+json\" class=\"yoast-schema-graph\">{\"@context\":\"https:\/\/schema.org\",\"@graph\":[{\"@type\":\"WebPage\",\"@id\":\"https:\/\/www.philippi-online.de\/fr\/mentions-legales\/\",\"url\":\"https:\/\/www.philippi-online.de\/fr\/mentions-legales\/\",\"name\":\"Mentions l\u00e9gales | philippi elektrische systeme GmbH\",\"isPartOf\":{\"@id\":\"https:\/\/www.philippi-online.de\/fr\/#website\"},\"datePublished\":\"2022-03-16T10:54:25+00:00\",\"dateModified\":\"2022-04-26T13:12:32+00:00\",\"breadcrumb\":{\"@id\":\"https:\/\/www.philippi-online.de\/fr\/mentions-legales\/#breadcrumb\"},\"inLanguage\":\"fr-FR\",\"potentialAction\":[{\"@type\":\"ReadAction\",\"target\":[\"https:\/\/www.philippi-online.de\/fr\/mentions-legales\/\"]}]},{\"@type\":\"BreadcrumbList\",\"@id\":\"https:\/\/www.philippi-online.de\/fr\/mentions-legales\/#breadcrumb\",\"itemListElement\":[{\"@type\":\"ListItem\",\"position\":1,\"name\":\"Accueil\",\"item\":\"https:\/\/www.philippi-online.de\/fr\/\"},{\"@type\":\"ListItem\",\"position\":2,\"name\":\"Mentions l\u00e9gales\"}]},{\"@type\":\"WebSite\",\"@id\":\"https:\/\/www.philippi-online.de\/fr\/#website\",\"url\":\"https:\/\/www.philippi-online.de\/fr\/\",\"name\":\"philippi elektrische systeme GmbH\",\"description\":\"\",\"potentialAction\":[{\"@type\":\"SearchAction\",\"target\":{\"@type\":\"EntryPoint\",\"urlTemplate\":\"https:\/\/www.philippi-online.de\/fr\/?s={search_term_string}\"},\"query-input\":{\"@type\":\"PropertyValueSpecification\",\"valueRequired\":true,\"valueName\":\"search_term_string\"}}],\"inLanguage\":\"fr-FR\"}]}<\/script>\n<!-- \/ Yoast SEO plugin. -->","yoast_head_json":{"title":"Mentions l\u00e9gales | philippi elektrische systeme GmbH","robots":{"index":"index","follow":"follow","max-snippet":"max-snippet:-1","max-image-preview":"max-image-preview:large","max-video-preview":"max-video-preview:-1"},"canonical":"https:\/\/www.philippi-online.de\/fr\/mentions-legales\/","og_locale":"fr_FR","og_type":"article","og_title":"Mentions l\u00e9gales | philippi elektrische systeme GmbH","og_description":"Mentions l\u00e9gales Indicateur l\u00e9gal d&rsquo;\u00e9diteur philippi elektrische systeme gmbhrepr\u00e9sent\u00e9 par le directeur : Michael K\u00f6gelNeckaraue 19D-71686 RemseckAllemagneT\u00e9l\u00e9phone: +49 7146 8744-0Fax:","og_url":"https:\/\/www.philippi-online.de\/fr\/mentions-legales\/","og_site_name":"philippi elektrische systeme GmbH","article_modified_time":"2022-04-26T13:12:32+00:00","twitter_card":"summary_large_image","twitter_misc":{"Dur\u00e9e de lecture estim\u00e9e":"4 minutes"},"schema":{"@context":"https:\/\/schema.org","@graph":[{"@type":"WebPage","@id":"https:\/\/www.philippi-online.de\/fr\/mentions-legales\/","url":"https:\/\/www.philippi-online.de\/fr\/mentions-legales\/","name":"Mentions l\u00e9gales | philippi elektrische systeme GmbH","isPartOf":{"@id":"https:\/\/www.philippi-online.de\/fr\/#website"},"datePublished":"2022-03-16T10:54:25+00:00","dateModified":"2022-04-26T13:12:32+00:00","breadcrumb":{"@id":"https:\/\/www.philippi-online.de\/fr\/mentions-legales\/#breadcrumb"},"inLanguage":"fr-FR","potentialAction":[{"@type":"ReadAction","target":["https:\/\/www.philippi-online.de\/fr\/mentions-legales\/"]}]},{"@type":"BreadcrumbList","@id":"https:\/\/www.philippi-online.de\/fr\/mentions-legales\/#breadcrumb","itemListElement":[{"@type":"ListItem","position":1,"name":"Accueil","item":"https:\/\/www.philippi-online.de\/fr\/"},{"@type":"ListItem","position":2,"name":"Mentions l\u00e9gales"}]},{"@type":"WebSite","@id":"https:\/\/www.philippi-online.de\/fr\/#website","url":"https:\/\/www.philippi-online.de\/fr\/","name":"philippi elektrische systeme GmbH","description":"","potentialAction":[{"@type":"SearchAction","target":{"@type":"EntryPoint","urlTemplate":"https:\/\/www.philippi-online.de\/fr\/?s={search_term_string}"},"query-input":{"@type":"PropertyValueSpecification","valueRequired":true,"valueName":"search_term_string"}}],"inLanguage":"fr-FR"}]}},"_links":{"self":[{"href":"https:\/\/www.philippi-online.de\/fr\/wp-json\/wp\/v2\/pages\/41148","targetHints":{"allow":["GET"]}}],"collection":[{"href":"https:\/\/www.philippi-online.de\/fr\/wp-json\/wp\/v2\/pages"}],"about":[{"href":"https:\/\/www.philippi-online.de\/fr\/wp-json\/wp\/v2\/types\/page"}],"author":[{"embeddable":true,"href":"https:\/\/www.philippi-online.de\/fr\/wp-json\/wp\/v2\/users\/2"}],"replies":[{"embeddable":true,"href":"https:\/\/www.philippi-online.de\/fr\/wp-json\/wp\/v2\/comments?post=41148"}],"version-history":[{"count":0,"href":"https:\/\/www.philippi-online.de\/fr\/wp-json\/wp\/v2\/pages\/41148\/revisions"}],"wp:attachment":[{"href":"https:\/\/www.philippi-online.de\/fr\/wp-json\/wp\/v2\/media?parent=41148"}],"curies":[{"name":"wp","href":"https:\/\/api.w.org\/{rel}","templated":true}]}}