{"id":40175,"date":"2022-02-24T10:27:51","date_gmt":"2022-02-24T09:27:51","guid":{"rendered":"https:\/\/staging.philippi-online.de\/lelimination-des-piles\/"},"modified":"2022-02-24T10:27:51","modified_gmt":"2022-02-24T09:27:51","slug":"lelimination-des-piles","status":"publish","type":"page","link":"https:\/\/www.philippi-online.de\/fr\/lelimination-des-piles\/","title":{"rendered":"L&rsquo;\u00e9limination des piles"},"content":{"rendered":"\t\t<div data-elementor-type=\"wp-page\" data-elementor-id=\"40175\" class=\"elementor elementor-40175 elementor-40166\" data-elementor-post-type=\"page\">\n\t\t\t\t\t\t<section class=\"wd-negative-gap elementor-section elementor-top-section elementor-element elementor-element-640604 elementor-section-boxed elementor-section-height-default elementor-section-height-default\" data-id=\"640604\" data-element_type=\"section\" data-e-type=\"section\">\n\t\t\t\t\t\t<div class=\"elementor-container elementor-column-gap-default\">\n\t\t\t\t\t<div class=\"elementor-column elementor-col-100 elementor-top-column elementor-element elementor-element-6952217\" data-id=\"6952217\" data-element_type=\"column\" data-e-type=\"column\">\n\t\t\t<div class=\"elementor-widget-wrap elementor-element-populated\">\n\t\t\t\t\t\t<div class=\"elementor-element elementor-element-fb6d70c color-scheme-inherit text-left elementor-widget elementor-widget-text-editor\" data-id=\"fb6d70c\" data-element_type=\"widget\" data-e-type=\"widget\" data-widget_type=\"text-editor.default\">\n\t\t\t\t<div class=\"elementor-widget-container\">\n\t\t\t\t\t\t\t\t\t<h1 style=\"text-align: center;\">L&rsquo;\u00e9limination des piles<\/h1>\t\t\t\t\t\t\t\t<\/div>\n\t\t\t\t<\/div>\n\t\t\t\t<section class=\"wd-negative-gap elementor-section elementor-inner-section elementor-element elementor-element-e7aea3b elementor-section-boxed elementor-section-height-default elementor-section-height-default\" data-id=\"e7aea3b\" data-element_type=\"section\" data-e-type=\"section\">\n\t\t\t\t\t\t<div class=\"elementor-container elementor-column-gap-wider\">\n\t\t\t\t\t<div class=\"elementor-column elementor-col-100 elementor-inner-column elementor-element elementor-element-4c263d9\" data-id=\"4c263d9\" data-element_type=\"column\" data-e-type=\"column\">\n\t\t\t<div class=\"elementor-widget-wrap elementor-element-populated\">\n\t\t\t\t\t\t<div class=\"elementor-element elementor-element-df6001e color-scheme-inherit text-left elementor-widget elementor-widget-text-editor\" data-id=\"df6001e\" data-element_type=\"widget\" data-e-type=\"widget\" data-widget_type=\"text-editor.default\">\n\t\t\t\t<div class=\"elementor-widget-container\">\n\t\t\t\t\t\t\t\t\t<p><strong>Remarque sur l&rsquo;\u00e9limination des piles<\/strong><br \/>\r\n\u00a0\u00a0 \u00a0<br \/>\r\nNous nous engageons \u00e0 vous aviser sur les points suivants en relation avec la vente des piles ou la livraison des appareils qui contiennent des piles\u00a0:<br \/>\r\nLa l\u00e9gislation vous impose en tant qu&rsquo;utilisateur final la restitution des piles et des batteries usag\u00e9es. Vous pouvez restituer les piles usag\u00e9es que nous vendons ou avons vendues dans notre gamme de piles neuves gratuitement \u00e0 notre entrep\u00f4t d&rsquo;exp\u00e9dition (adresse d&rsquo;exp\u00e9dition). Les symboles repr\u00e9sent\u00e9s sur les piles ont la signification suivante :<br \/>\r\nLe symbole de la poubelle barr\u00e9e signifie que la pile ne doit pas \u00eatre jet\u00e9e avec les d\u00e9chets domestiques.<\/p>\r\n<p><br \/>\r\nPb = la pile contient plus de 0,004 de masse de plomb<br \/>\r\nCd = la pile contient plus de 0,002 de masse de cadmium<br \/>\r\nHg = la pile contient plus de 0,0005 de masse de mercure.<\/p>\r\n<p>&nbsp;<\/p>\r\n<p><strong>Particularit\u00e9s lors de l&rsquo;achat de batteries de d\u00e9marreur<\/strong><\/p>\r\n<p>Nous nous engageons selon le \u00a7 10 de la Loi sur les batteries et en relation avec la vente des batteries de v\u00e9hicules, si vous \u00eates consommateurs finaux, \u00e0 pr\u00e9lever une consigne d&rsquo;un montant de 7,50 euros pour chaque batterie de v\u00e9hicule si vous ne restituez pas une batterie usag\u00e9e de v\u00e9hicule au moment de l&rsquo;achat d&rsquo;une nouvelle batterie de v\u00e9hicule. La consigne n&rsquo;est pas incluse dans le prix de vente et est mentionn\u00e9e sur l&rsquo;article \u00e0 c\u00f4t\u00e9 du prix final.<br \/>\r\n\u00a0<br \/>\r\nSi vous ne restituez une batterie de v\u00e9hicule usag\u00e9e que nous commercialisons ou avons commercialis\u00e9e dans notre gamme conform\u00e9ment au \u00a7 9 de la Loi sur les batteries, nous nous engageons \u00e0 les reprendre gratuitement et de vous rembourser le montant de la consigne dans le cadre des prescriptions l\u00e9gales.<br \/>\r\nSi nous avons \u00e9tabli un jeton de consigne conform\u00e9ment au \u00a7 10, al. 1, phrase\u00a03 de la Loi sur les batteries, le remboursement de la consigne lors de la restitution de la batterie usag\u00e9e du v\u00e9hicule d\u00e9pend de la restitution du jeton de consigne.<br \/>\r\n\u00a0<br \/>\r\nLe lieu de restitution est l&rsquo;adresse indiqu\u00e9e dans les mentions l\u00e9gales.<br \/>\r\n\u00a0<br \/>\r\nUn renvoi des piles par courrier est interdit conform\u00e9ment \u00e0 l&rsquo;ordonnance sur les marchandises dangereuses.<br \/>\r\n\u00a0<br \/>\r\nLes batteries usag\u00e9es de v\u00e9hicules peuvent \u00eatre restitu\u00e9es gratuitement dans les centre de collecte et de recyclage. La consigne que nous pr\u00e9levons n&rsquo;est pas rembours\u00e9e<br \/>\r\npar les centres de collecte et de recyclage publics. Vous avez \u00e9galement la possibilit\u00e9 de faire acquitter sur place la restitution des batteries usag\u00e9es de v\u00e9hicules sur un jeton de consigne. Nous vous rembourserons la consigne de la batterie sur pr\u00e9sentation du jeton de consigne acquitt\u00e9.<\/p>\r\n<p>Veuillez prendre en compte les remarques precedentes.<\/p>\t\t\t\t\t\t\t\t<\/div>\n\t\t\t\t<\/div>\n\t\t\t\t\t<\/div>\n\t\t<\/div>\n\t\t\t\t\t<\/div>\n\t\t<\/section>\n\t\t\t\t\t<\/div>\n\t\t<\/div>\n\t\t\t\t\t<\/div>\n\t\t<\/section>\n\t\t\t\t<\/div>\n\t\t","protected":false},"excerpt":{"rendered":"<p>L&rsquo;\u00e9limination des piles Remarque sur l&rsquo;\u00e9limination des piles \u00a0\u00a0 \u00a0 Nous nous engageons \u00e0 vous aviser sur les points suivants<\/p>\n","protected":false},"author":2,"featured_media":0,"parent":0,"menu_order":0,"comment_status":"closed","ping_status":"closed","template":"","meta":{"_acf_changed":false,"_monsterinsights_skip_tracking":false,"_monsterinsights_sitenote_active":false,"_monsterinsights_sitenote_note":"","_monsterinsights_sitenote_category":0,"footnotes":""},"class_list":["post-40175","page","type-page","status-publish","hentry"],"acf":[],"yoast_head":"<!-- This site is optimized with the Yoast SEO plugin v27.1.1 - https:\/\/yoast.com\/product\/yoast-seo-wordpress\/ -->\n<title>L&#039;\u00e9limination des piles | philippi elektrische systeme GmbH<\/title>\n<meta name=\"robots\" content=\"index, follow, max-snippet:-1, max-image-preview:large, max-video-preview:-1\" \/>\n<link rel=\"canonical\" href=\"https:\/\/www.philippi-online.de\/fr\/lelimination-des-piles\/\" \/>\n<meta property=\"og:locale\" content=\"fr_FR\" \/>\n<meta property=\"og:type\" content=\"article\" \/>\n<meta property=\"og:title\" content=\"L&#039;\u00e9limination des piles | philippi elektrische systeme GmbH\" \/>\n<meta property=\"og:description\" content=\"L&rsquo;\u00e9limination des piles Remarque sur l&rsquo;\u00e9limination des piles \u00a0\u00a0 \u00a0 Nous nous engageons \u00e0 vous aviser sur les points suivants\" \/>\n<meta property=\"og:url\" content=\"https:\/\/www.philippi-online.de\/fr\/lelimination-des-piles\/\" \/>\n<meta property=\"og:site_name\" content=\"philippi elektrische systeme GmbH\" \/>\n<meta name=\"twitter:card\" content=\"summary_large_image\" \/>\n<meta name=\"twitter:label1\" content=\"Dur\u00e9e de lecture estim\u00e9e\" \/>\n\t<meta name=\"twitter:data1\" content=\"2 minutes\" \/>\n<script type=\"application\/ld+json\" class=\"yoast-schema-graph\">{\"@context\":\"https:\/\/schema.org\",\"@graph\":[{\"@type\":\"WebPage\",\"@id\":\"https:\/\/www.philippi-online.de\/fr\/lelimination-des-piles\/\",\"url\":\"https:\/\/www.philippi-online.de\/fr\/lelimination-des-piles\/\",\"name\":\"L'\u00e9limination des piles | philippi elektrische systeme GmbH\",\"isPartOf\":{\"@id\":\"https:\/\/www.philippi-online.de\/fr\/#website\"},\"datePublished\":\"2022-02-24T09:27:51+00:00\",\"breadcrumb\":{\"@id\":\"https:\/\/www.philippi-online.de\/fr\/lelimination-des-piles\/#breadcrumb\"},\"inLanguage\":\"fr-FR\",\"potentialAction\":[{\"@type\":\"ReadAction\",\"target\":[\"https:\/\/www.philippi-online.de\/fr\/lelimination-des-piles\/\"]}]},{\"@type\":\"BreadcrumbList\",\"@id\":\"https:\/\/www.philippi-online.de\/fr\/lelimination-des-piles\/#breadcrumb\",\"itemListElement\":[{\"@type\":\"ListItem\",\"position\":1,\"name\":\"Accueil\",\"item\":\"https:\/\/www.philippi-online.de\/fr\/\"},{\"@type\":\"ListItem\",\"position\":2,\"name\":\"L&#8217;\u00e9limination des piles\"}]},{\"@type\":\"WebSite\",\"@id\":\"https:\/\/www.philippi-online.de\/fr\/#website\",\"url\":\"https:\/\/www.philippi-online.de\/fr\/\",\"name\":\"philippi elektrische systeme GmbH\",\"description\":\"\",\"potentialAction\":[{\"@type\":\"SearchAction\",\"target\":{\"@type\":\"EntryPoint\",\"urlTemplate\":\"https:\/\/www.philippi-online.de\/fr\/?s={search_term_string}\"},\"query-input\":{\"@type\":\"PropertyValueSpecification\",\"valueRequired\":true,\"valueName\":\"search_term_string\"}}],\"inLanguage\":\"fr-FR\"}]}<\/script>\n<!-- \/ Yoast SEO plugin. -->","yoast_head_json":{"title":"L'\u00e9limination des piles | philippi elektrische systeme GmbH","robots":{"index":"index","follow":"follow","max-snippet":"max-snippet:-1","max-image-preview":"max-image-preview:large","max-video-preview":"max-video-preview:-1"},"canonical":"https:\/\/www.philippi-online.de\/fr\/lelimination-des-piles\/","og_locale":"fr_FR","og_type":"article","og_title":"L'\u00e9limination des piles | philippi elektrische systeme GmbH","og_description":"L&rsquo;\u00e9limination des piles Remarque sur l&rsquo;\u00e9limination des piles \u00a0\u00a0 \u00a0 Nous nous engageons \u00e0 vous aviser sur les points suivants","og_url":"https:\/\/www.philippi-online.de\/fr\/lelimination-des-piles\/","og_site_name":"philippi elektrische systeme GmbH","twitter_card":"summary_large_image","twitter_misc":{"Dur\u00e9e de lecture estim\u00e9e":"2 minutes"},"schema":{"@context":"https:\/\/schema.org","@graph":[{"@type":"WebPage","@id":"https:\/\/www.philippi-online.de\/fr\/lelimination-des-piles\/","url":"https:\/\/www.philippi-online.de\/fr\/lelimination-des-piles\/","name":"L'\u00e9limination des piles | philippi elektrische systeme GmbH","isPartOf":{"@id":"https:\/\/www.philippi-online.de\/fr\/#website"},"datePublished":"2022-02-24T09:27:51+00:00","breadcrumb":{"@id":"https:\/\/www.philippi-online.de\/fr\/lelimination-des-piles\/#breadcrumb"},"inLanguage":"fr-FR","potentialAction":[{"@type":"ReadAction","target":["https:\/\/www.philippi-online.de\/fr\/lelimination-des-piles\/"]}]},{"@type":"BreadcrumbList","@id":"https:\/\/www.philippi-online.de\/fr\/lelimination-des-piles\/#breadcrumb","itemListElement":[{"@type":"ListItem","position":1,"name":"Accueil","item":"https:\/\/www.philippi-online.de\/fr\/"},{"@type":"ListItem","position":2,"name":"L&#8217;\u00e9limination des piles"}]},{"@type":"WebSite","@id":"https:\/\/www.philippi-online.de\/fr\/#website","url":"https:\/\/www.philippi-online.de\/fr\/","name":"philippi elektrische systeme GmbH","description":"","potentialAction":[{"@type":"SearchAction","target":{"@type":"EntryPoint","urlTemplate":"https:\/\/www.philippi-online.de\/fr\/?s={search_term_string}"},"query-input":{"@type":"PropertyValueSpecification","valueRequired":true,"valueName":"search_term_string"}}],"inLanguage":"fr-FR"}]}},"_links":{"self":[{"href":"https:\/\/www.philippi-online.de\/fr\/wp-json\/wp\/v2\/pages\/40175","targetHints":{"allow":["GET"]}}],"collection":[{"href":"https:\/\/www.philippi-online.de\/fr\/wp-json\/wp\/v2\/pages"}],"about":[{"href":"https:\/\/www.philippi-online.de\/fr\/wp-json\/wp\/v2\/types\/page"}],"author":[{"embeddable":true,"href":"https:\/\/www.philippi-online.de\/fr\/wp-json\/wp\/v2\/users\/2"}],"replies":[{"embeddable":true,"href":"https:\/\/www.philippi-online.de\/fr\/wp-json\/wp\/v2\/comments?post=40175"}],"version-history":[{"count":0,"href":"https:\/\/www.philippi-online.de\/fr\/wp-json\/wp\/v2\/pages\/40175\/revisions"}],"wp:attachment":[{"href":"https:\/\/www.philippi-online.de\/fr\/wp-json\/wp\/v2\/media?parent=40175"}],"curies":[{"name":"wp","href":"https:\/\/api.w.org\/{rel}","templated":true}]}}