{"id":36988,"date":"2021-12-20T12:00:58","date_gmt":"2021-12-20T11:00:58","guid":{"rendered":"https:\/\/staging.philippi-online.de\/conditions-de-retractation\/"},"modified":"2024-04-05T10:06:06","modified_gmt":"2024-04-05T08:06:06","slug":"conditions-de-retractation","status":"publish","type":"page","link":"https:\/\/www.philippi-online.de\/fr\/conditions-de-retractation\/","title":{"rendered":"Conditions de r\u00e9tractation"},"content":{"rendered":"\t\t<div data-elementor-type=\"wp-page\" data-elementor-id=\"36988\" class=\"elementor elementor-36988 elementor-30940\" data-elementor-post-type=\"page\">\n\t\t\t\t\t\t<section class=\"wd-negative-gap elementor-section elementor-top-section elementor-element elementor-element-640604 elementor-section-boxed elementor-section-height-default elementor-section-height-default\" data-id=\"640604\" data-element_type=\"section\" data-e-type=\"section\">\n\t\t\t\t\t\t<div class=\"elementor-container elementor-column-gap-default\">\n\t\t\t\t\t<div class=\"elementor-column elementor-col-100 elementor-top-column elementor-element elementor-element-6952217\" data-id=\"6952217\" data-element_type=\"column\" data-e-type=\"column\">\n\t\t\t<div class=\"elementor-widget-wrap elementor-element-populated\">\n\t\t\t\t\t\t<div class=\"elementor-element elementor-element-fb6d70c color-scheme-inherit text-left elementor-widget elementor-widget-text-editor\" data-id=\"fb6d70c\" data-element_type=\"widget\" data-e-type=\"widget\" data-widget_type=\"text-editor.default\">\n\t\t\t\t<div class=\"elementor-widget-container\">\n\t\t\t\t\t\t\t\t\t<h1 style=\"text-align: center;\"><a id=\"dictEntry10008673517\" class=\"dictLink\"><\/a>R\u00e9siliation\u00a0<\/h1>\t\t\t\t\t\t\t\t<\/div>\n\t\t\t\t<\/div>\n\t\t\t\t<section class=\"wd-negative-gap elementor-section elementor-inner-section elementor-element elementor-element-e7aea3b elementor-section-boxed elementor-section-height-default elementor-section-height-default\" data-id=\"e7aea3b\" data-element_type=\"section\" data-e-type=\"section\">\n\t\t\t\t\t\t<div class=\"elementor-container elementor-column-gap-wider\">\n\t\t\t\t\t<div class=\"elementor-column elementor-col-100 elementor-inner-column elementor-element elementor-element-4c263d9\" data-id=\"4c263d9\" data-element_type=\"column\" data-e-type=\"column\">\n\t\t\t<div class=\"elementor-widget-wrap elementor-element-populated\">\n\t\t\t\t\t\t<div class=\"elementor-element elementor-element-df6001e color-scheme-inherit text-left elementor-widget elementor-widget-text-editor\" data-id=\"df6001e\" data-element_type=\"widget\" data-e-type=\"widget\" data-widget_type=\"text-editor.default\">\n\t\t\t\t<div class=\"elementor-widget-container\">\n\t\t\t\t\t\t\t\t\t<p><strong>Droit de r\u00e9vocation pour le consommateur<\/strong><br \/>(un consommateur est une personne physique, qui effectue une transaction dans un but qui n&rsquo;est ni commercial, ni dans le cadre de son activit\u00e9 professionnelle ind\u00e9pendante).<\/p>\n<p>\u00a0<\/p>\n<h2>Droit de r\u00e9tractation<\/h2>\n<p><strong>Droit de r\u00e9tractation<\/strong><br \/>Vous disposez d&rsquo;un droit de r\u00e9tractation de 14 jours pour r\u00e9voquer le contrat sans avoir \u00e0 le justifier.<br \/>Le d\u00e9lai de r\u00e9tractation est de 2 semaines \u00e0 partir du jour,<\/p>\n<ul>\n<li>apr\u00e8s la date \u00e0 laquelle vous, ou un tiers d\u00e9sign\u00e9 par vous, autre que le transporteur, prenez ou prend physiquement possession des articles ou, dans le cas d&rsquo;une commande unique portant sur un ou plusieurs articles et si ce ou ces derniers est ou sont livr\u00e9s uniform\u00e9ment;<\/li>\n<li>apr\u00e8s la date \u00e0 laquelle vous, ou un tiers d\u00e9sign\u00e9 par vous, autre que le transporteur, prenez ou prend physiquement possession du dernier article ou, dans le cas d&rsquo;une commande unique portant sur plusieurs articles et si ces derniers sont livr\u00e9s s\u00e9par\u00e9ment;<\/li>\n<li>apr\u00e8s la date \u00e0 laquelle vous, ou un tiers d\u00e9sign\u00e9 par vous, autre que le transporteur, prenez physiquement possession du dernier envoi partiel ou du dernier article ou, si vous avez command\u00e9 un article qui est livr\u00e9 en plusieurs envois partiels ou en plusieurs articles;<\/li>\n<\/ul>\n<p>Pour exercer votre droit de r\u00e9vocation, vous devez nous <strong>(philippi elektrische systeme gmbh, Neckaraue 19, 71686 Remseck, Num\u00e9ro de t\u00e9l\u00e9phone: 07146 87440, Num\u00e9ro de fax: 07146 874422, E-Mail: <a href=\"mailto:info@philippi-online.de\">info@philippi-online.de<\/a>)<\/strong> informer de votre d\u00e9cision de r\u00e9tractation du contrat concern\u00e9 par une d\u00e9claration non \u00e9quivoque (par ex. lettre envoy\u00e9e par poste, t\u00e9l\u00e9fax ou email). Vous pouvez utiliser le mod\u00e8le de formulaire de r\u00e9vocation joint, n\u00e9anmoins ce n&rsquo;est pas une obligation.<\/p>\n<p>Pour la pr\u00e9servation du d\u00e9lai de r\u00e9vocation suffit si la notification relative \u00e0 l&rsquo;exercice du droit de r\u00e9tractation est transmise par le consommateur avant l&rsquo;expiration dudit d\u00e9lai.<\/p>\n<p>\u00a0<\/p>\n<p><strong>Cons\u00e9quences de la r\u00e9vocation<\/strong><\/p>\n<p>Si vous r\u00e9voquez le pr\u00e9sent contrat, nous vous rembourserons tous les paiements que nous avons encaiss\u00e9s, y compris les frais de livraison (\u00e0 l&rsquo;exception des frais suppl\u00e9mentaires d\u00e9coulant d&rsquo;un autre mode de livraison que la livraison standard plus \u00e9conomique que nous proposons) sans d\u00e9lai au plus tard dans un d\u00e9lai de 14 jours \u00e0 compter du jour o\u00f9 nous avons re\u00e7u la notification relative \u00e0 la r\u00e9vocation du pr\u00e9sent contrat. Pour le remboursement, nous utilisons le m\u00eame moyen de paiement que vous avez utilis\u00e9 pour votre transaction sauf stipulation expresse contraire convenue avec vous ; en aucun cas, nous ne facturerons pas de suppl\u00e9ments pour le remboursement des sommes.<\/p>\n<p>\u00a0<\/p>\n<p>Nous pouvons refuser le remboursement jusqu&rsquo;\u00e0 ce que nous ayons r\u00e9cup\u00e9r\u00e9 les articles ou jusqu&rsquo;\u00e0 ce que vous ayez apport\u00e9 la preuve que vous avez renvoy\u00e9 les articles en fonction du d\u00e9lai le plus proche.<\/p>\n<p>\u00a0<\/p>\n<p>Vous devez nous renvoyer ou c\u00e9der les articles sans d\u00e9lai et en tous les cas au plus tard dans un d\u00e9lai de 2 semaines \u00e0 partir du jour o\u00f9 vous nous avez inform\u00e9s de la r\u00e9vocation du pr\u00e9sent contrat. Le d\u00e9lai est respect\u00e9 si vous renvoyez les articles avant l&rsquo;expiration du d\u00e9lai de 2 semaines.<\/p>\n<p>\u00a0<\/p>\n<p>Vous prenez en charge les co\u00fbts directs de retour des marchandises exp\u00e9diables. Les co\u00fbts directs de retour des marchandises non exp\u00e9diables sont \u00e0 notre charge.<\/p>\n<p>Votre responsabilit\u00e9 n&rsquo;est engag\u00e9e qu&rsquo;\u00e0 l&rsquo;\u00e9gard de la d\u00e9pr\u00e9ciation de biens r\u00e9sultant de manipulations autres que celles n\u00e9cessaires pour s&rsquo;assurer de la qualit\u00e9, de la nature et du bon fonctionnement de ces biens.<\/p>\n<p>\u00a0<\/p>\n<p><strong>Motifs d&rsquo;exclusion ou d&rsquo;extinction<\/strong><\/p>\n<p>Le droit de r\u00e9vocation n&rsquo;existe pas pour les contrats<\/p>\n<ul>\n<li>de livraison des marchandises qui ne sont pas produites au pr\u00e9alable et pour lesquelles un choix ou une s\u00e9lection par le consommateur est d\u00e9terminant pour leur production ou qui sont clairement adapt\u00e9es aux besoins sp\u00e9cifiques du consommateur;<\/li>\n<li>de livraison des marchandises qui peuvent rapidement s&rsquo;ab\u00eemer ou dont la date de p\u00e9remption serait rapidement d\u00e9pass\u00e9e;<\/li>\n<li>de livraison de boisons alcoolis\u00e9es dont le prix a \u00e9t\u00e9 convenu lors de la conclusion du contrat, mais qui peuvent \u00eatre livr\u00e9es au plus t\u00f4t 30 jours apr\u00e8s la conclusion du contrat et dont la valeur actuelle d\u00e9pend des variations du march\u00e9 sur lesquelles l&rsquo;entrepreneur n&rsquo;a aucune emprise;<\/li>\n<li>de livraison des journaux, p\u00e9riodiques ou magazines except\u00e9 les contrats d&rsquo;abonnement.<\/li>\n<\/ul>\n<p>Le droit de r\u00e9vocation s&rsquo;\u00e9teint de mani\u00e8re anticip\u00e9e pour les contrats<\/p>\n<ul>\n<li>de livraison de marchandises scell\u00e9es qui ne peuvent pas \u00eatre retourn\u00e9es pour des raisons de protection de la sant\u00e9 ou des raisons hygi\u00e9niques si leur fermeture a \u00e9t\u00e9 retir\u00e9e apr\u00e8s la livraison;<\/li>\n<li>de livraison des marchandises si celles-ci ont \u00e9t\u00e9 m\u00e9lang\u00e9es de mani\u00e8re indivisible \u00e0 d&rsquo;autres biens apr\u00e8s leur livraison en raison de leur nature;<\/li>\n<li>de livraison des enregistrements vocaux ou vid\u00e9o ou de logiciel d&rsquo;ordinateur dans un emballage scell\u00e9 si la fermeture a \u00e9t\u00e9 retir\u00e9e apr\u00e8s la livraison.<\/li>\n<\/ul>\n<p>\u00a0<\/p>\n<hr \/>\n<p>\u00a0<\/p>\n<p><strong>Mod\u00e8le de formulaire de r\u00e9vocation<\/strong><\/p>\n<p>Si vous souhaitez r\u00e9voquer le contrat, veuillez remplir ce formulaire et nous le renvoyer.<\/p>\t\t\t\t\t\t\t\t<\/div>\n\t\t\t\t<\/div>\n\t\t\t\t<div class=\"elementor-element elementor-element-8a1a815 elementor-widget elementor-widget-button\" data-id=\"8a1a815\" data-element_type=\"widget\" data-e-type=\"widget\" data-widget_type=\"button.default\">\n\t\t\t\t<div class=\"elementor-widget-container\">\n\t\t\t\t\t\t\t\t\t<div class=\"elementor-button-wrapper\">\n\t\t\t\t\t<a class=\"elementor-button elementor-button-link elementor-size-sm\" href=\"https:\/\/www.philippi-online.de\/wp-content\/uploads\/2024\/04\/Muster-Widerrufsformular.pdf\" target=\"_blank\">\n\t\t\t\t\t\t<span class=\"elementor-button-content-wrapper\">\n\t\t\t\t\t\t\t\t\t<span class=\"elementor-button-text\">T\u00e9l\u00e9charger le formulaire<\/span>\n\t\t\t\t\t<\/span>\n\t\t\t\t\t<\/a>\n\t\t\t\t<\/div>\n\t\t\t\t\t\t\t\t<\/div>\n\t\t\t\t<\/div>\n\t\t\t\t\t<\/div>\n\t\t<\/div>\n\t\t\t\t\t<\/div>\n\t\t<\/section>\n\t\t\t\t\t<\/div>\n\t\t<\/div>\n\t\t\t\t\t<\/div>\n\t\t<\/section>\n\t\t\t\t<\/div>\n\t\t","protected":false},"excerpt":{"rendered":"<p>R\u00e9siliation\u00a0 Droit de r\u00e9vocation pour le consommateur(un consommateur est une personne physique, qui effectue une transaction dans un but qui<\/p>\n","protected":false},"author":2,"featured_media":0,"parent":0,"menu_order":0,"comment_status":"closed","ping_status":"closed","template":"","meta":{"_acf_changed":false,"_monsterinsights_skip_tracking":false,"_monsterinsights_sitenote_active":false,"_monsterinsights_sitenote_note":"","_monsterinsights_sitenote_category":0,"footnotes":""},"class_list":["post-36988","page","type-page","status-publish","hentry"],"acf":[],"yoast_head":"<!-- This site is optimized with the Yoast SEO plugin v27.1.1 - https:\/\/yoast.com\/product\/yoast-seo-wordpress\/ -->\n<title>Conditions de r\u00e9tractation | philippi elektrische systeme GmbH<\/title>\n<meta name=\"robots\" content=\"index, follow, max-snippet:-1, max-image-preview:large, max-video-preview:-1\" \/>\n<link rel=\"canonical\" href=\"https:\/\/www.philippi-online.de\/fr\/conditions-de-retractation\/\" \/>\n<meta property=\"og:locale\" content=\"fr_FR\" \/>\n<meta property=\"og:type\" content=\"article\" \/>\n<meta property=\"og:title\" content=\"Conditions de r\u00e9tractation | philippi elektrische systeme GmbH\" \/>\n<meta property=\"og:description\" content=\"R\u00e9siliation\u00a0 Droit de r\u00e9vocation pour le consommateur(un consommateur est une personne physique, qui effectue une transaction dans un but qui\" \/>\n<meta property=\"og:url\" content=\"https:\/\/www.philippi-online.de\/fr\/conditions-de-retractation\/\" \/>\n<meta property=\"og:site_name\" content=\"philippi elektrische systeme GmbH\" \/>\n<meta property=\"article:modified_time\" content=\"2024-04-05T08:06:06+00:00\" \/>\n<meta name=\"twitter:card\" content=\"summary_large_image\" \/>\n<meta name=\"twitter:label1\" content=\"Dur\u00e9e de lecture estim\u00e9e\" \/>\n\t<meta name=\"twitter:data1\" content=\"5 minutes\" \/>\n<script type=\"application\/ld+json\" class=\"yoast-schema-graph\">{\"@context\":\"https:\/\/schema.org\",\"@graph\":[{\"@type\":\"WebPage\",\"@id\":\"https:\/\/www.philippi-online.de\/fr\/conditions-de-retractation\/\",\"url\":\"https:\/\/www.philippi-online.de\/fr\/conditions-de-retractation\/\",\"name\":\"Conditions de r\u00e9tractation | philippi elektrische systeme GmbH\",\"isPartOf\":{\"@id\":\"https:\/\/www.philippi-online.de\/fr\/#website\"},\"datePublished\":\"2021-12-20T11:00:58+00:00\",\"dateModified\":\"2024-04-05T08:06:06+00:00\",\"breadcrumb\":{\"@id\":\"https:\/\/www.philippi-online.de\/fr\/conditions-de-retractation\/#breadcrumb\"},\"inLanguage\":\"fr-FR\",\"potentialAction\":[{\"@type\":\"ReadAction\",\"target\":[\"https:\/\/www.philippi-online.de\/fr\/conditions-de-retractation\/\"]}]},{\"@type\":\"BreadcrumbList\",\"@id\":\"https:\/\/www.philippi-online.de\/fr\/conditions-de-retractation\/#breadcrumb\",\"itemListElement\":[{\"@type\":\"ListItem\",\"position\":1,\"name\":\"Accueil\",\"item\":\"https:\/\/www.philippi-online.de\/fr\/\"},{\"@type\":\"ListItem\",\"position\":2,\"name\":\"Conditions de r\u00e9tractation\"}]},{\"@type\":\"WebSite\",\"@id\":\"https:\/\/www.philippi-online.de\/fr\/#website\",\"url\":\"https:\/\/www.philippi-online.de\/fr\/\",\"name\":\"philippi elektrische systeme GmbH\",\"description\":\"\",\"potentialAction\":[{\"@type\":\"SearchAction\",\"target\":{\"@type\":\"EntryPoint\",\"urlTemplate\":\"https:\/\/www.philippi-online.de\/fr\/?s={search_term_string}\"},\"query-input\":{\"@type\":\"PropertyValueSpecification\",\"valueRequired\":true,\"valueName\":\"search_term_string\"}}],\"inLanguage\":\"fr-FR\"}]}<\/script>\n<!-- \/ Yoast SEO plugin. -->","yoast_head_json":{"title":"Conditions de r\u00e9tractation | philippi elektrische systeme GmbH","robots":{"index":"index","follow":"follow","max-snippet":"max-snippet:-1","max-image-preview":"max-image-preview:large","max-video-preview":"max-video-preview:-1"},"canonical":"https:\/\/www.philippi-online.de\/fr\/conditions-de-retractation\/","og_locale":"fr_FR","og_type":"article","og_title":"Conditions de r\u00e9tractation | philippi elektrische systeme GmbH","og_description":"R\u00e9siliation\u00a0 Droit de r\u00e9vocation pour le consommateur(un consommateur est une personne physique, qui effectue une transaction dans un but qui","og_url":"https:\/\/www.philippi-online.de\/fr\/conditions-de-retractation\/","og_site_name":"philippi elektrische systeme GmbH","article_modified_time":"2024-04-05T08:06:06+00:00","twitter_card":"summary_large_image","twitter_misc":{"Dur\u00e9e de lecture estim\u00e9e":"5 minutes"},"schema":{"@context":"https:\/\/schema.org","@graph":[{"@type":"WebPage","@id":"https:\/\/www.philippi-online.de\/fr\/conditions-de-retractation\/","url":"https:\/\/www.philippi-online.de\/fr\/conditions-de-retractation\/","name":"Conditions de r\u00e9tractation | philippi elektrische systeme GmbH","isPartOf":{"@id":"https:\/\/www.philippi-online.de\/fr\/#website"},"datePublished":"2021-12-20T11:00:58+00:00","dateModified":"2024-04-05T08:06:06+00:00","breadcrumb":{"@id":"https:\/\/www.philippi-online.de\/fr\/conditions-de-retractation\/#breadcrumb"},"inLanguage":"fr-FR","potentialAction":[{"@type":"ReadAction","target":["https:\/\/www.philippi-online.de\/fr\/conditions-de-retractation\/"]}]},{"@type":"BreadcrumbList","@id":"https:\/\/www.philippi-online.de\/fr\/conditions-de-retractation\/#breadcrumb","itemListElement":[{"@type":"ListItem","position":1,"name":"Accueil","item":"https:\/\/www.philippi-online.de\/fr\/"},{"@type":"ListItem","position":2,"name":"Conditions de r\u00e9tractation"}]},{"@type":"WebSite","@id":"https:\/\/www.philippi-online.de\/fr\/#website","url":"https:\/\/www.philippi-online.de\/fr\/","name":"philippi elektrische systeme GmbH","description":"","potentialAction":[{"@type":"SearchAction","target":{"@type":"EntryPoint","urlTemplate":"https:\/\/www.philippi-online.de\/fr\/?s={search_term_string}"},"query-input":{"@type":"PropertyValueSpecification","valueRequired":true,"valueName":"search_term_string"}}],"inLanguage":"fr-FR"}]}},"_links":{"self":[{"href":"https:\/\/www.philippi-online.de\/fr\/wp-json\/wp\/v2\/pages\/36988","targetHints":{"allow":["GET"]}}],"collection":[{"href":"https:\/\/www.philippi-online.de\/fr\/wp-json\/wp\/v2\/pages"}],"about":[{"href":"https:\/\/www.philippi-online.de\/fr\/wp-json\/wp\/v2\/types\/page"}],"author":[{"embeddable":true,"href":"https:\/\/www.philippi-online.de\/fr\/wp-json\/wp\/v2\/users\/2"}],"replies":[{"embeddable":true,"href":"https:\/\/www.philippi-online.de\/fr\/wp-json\/wp\/v2\/comments?post=36988"}],"version-history":[{"count":0,"href":"https:\/\/www.philippi-online.de\/fr\/wp-json\/wp\/v2\/pages\/36988\/revisions"}],"wp:attachment":[{"href":"https:\/\/www.philippi-online.de\/fr\/wp-json\/wp\/v2\/media?parent=36988"}],"curies":[{"name":"wp","href":"https:\/\/api.w.org\/{rel}","templated":true}]}}