{"id":36983,"date":"2021-12-20T11:53:27","date_gmt":"2021-12-20T10:53:27","guid":{"rendered":"https:\/\/staging.philippi-online.de\/entreprise\/"},"modified":"2021-12-20T11:53:27","modified_gmt":"2021-12-20T10:53:27","slug":"entreprise","status":"publish","type":"page","link":"https:\/\/www.philippi-online.de\/fr\/entreprise\/","title":{"rendered":"Entreprise"},"content":{"rendered":"\t\t<div data-elementor-type=\"wp-page\" data-elementor-id=\"36983\" class=\"elementor elementor-36983 elementor-32078\" data-elementor-post-type=\"page\">\n\t\t\t\t\t\t<section class=\"wd-negative-gap elementor-section elementor-top-section elementor-element elementor-element-640604 elementor-section-boxed elementor-section-height-default elementor-section-height-default\" data-id=\"640604\" data-element_type=\"section\" data-e-type=\"section\">\n\t\t\t\t\t\t<div class=\"elementor-container elementor-column-gap-default\">\n\t\t\t\t\t<div class=\"elementor-column elementor-col-100 elementor-top-column elementor-element elementor-element-6952217\" data-id=\"6952217\" data-element_type=\"column\" data-e-type=\"column\">\n\t\t\t<div class=\"elementor-widget-wrap elementor-element-populated\">\n\t\t\t\t\t\t<div class=\"elementor-element elementor-element-fb6d70c color-scheme-inherit text-left elementor-widget elementor-widget-text-editor\" data-id=\"fb6d70c\" data-element_type=\"widget\" data-e-type=\"widget\" data-widget_type=\"text-editor.default\">\n\t\t\t\t<div class=\"elementor-widget-container\">\n\t\t\t\t\t\t\t\t\t<h1 style=\"text-align: center;\">Soci\u00e9t\u00e9<\/h1>\n\t\t\t\t\t\t\t\t<\/div>\n\t\t\t\t<\/div>\n\t\t\t\t<section class=\"wd-negative-gap elementor-section elementor-inner-section elementor-element elementor-element-e7aea3b elementor-section-boxed elementor-section-height-default elementor-section-height-default\" data-id=\"e7aea3b\" data-element_type=\"section\" data-e-type=\"section\">\n\t\t\t\t\t\t<div class=\"elementor-container elementor-column-gap-wider\">\n\t\t\t\t\t<div class=\"elementor-column elementor-col-50 elementor-inner-column elementor-element elementor-element-62d6863\" data-id=\"62d6863\" data-element_type=\"column\" data-e-type=\"column\">\n\t\t\t<div class=\"elementor-widget-wrap elementor-element-populated\">\n\t\t\t\t\t\t<div class=\"elementor-element elementor-element-a7a5a50 color-scheme-inherit text-left elementor-widget elementor-widget-text-editor\" data-id=\"a7a5a50\" data-element_type=\"widget\" data-e-type=\"widget\" data-widget_type=\"text-editor.default\">\n\t\t\t\t<div class=\"elementor-widget-container\">\n\t\t\t\t\t\t\t\t\t<h2 style=\"text-align: right;\">Une entreprise familiale souabe depuis 40 ans<\/h2>\n\t\t\t\t\t\t\t\t<\/div>\n\t\t\t\t<\/div>\n\t\t\t\t\t<\/div>\n\t\t<\/div>\n\t\t\t\t<div class=\"elementor-column elementor-col-50 elementor-inner-column elementor-element elementor-element-4c263d9\" data-id=\"4c263d9\" data-element_type=\"column\" data-e-type=\"column\">\n\t\t\t<div class=\"elementor-widget-wrap elementor-element-populated\">\n\t\t\t\t\t\t<div class=\"elementor-element elementor-element-df6001e color-scheme-inherit text-left elementor-widget elementor-widget-text-editor\" data-id=\"df6001e\" data-element_type=\"widget\" data-e-type=\"widget\" data-widget_type=\"text-editor.default\">\n\t\t\t\t<div class=\"elementor-widget-container\">\n\t\t\t\t\t\t\t\t\t<p>philippi est l&rsquo;expert en mati\u00e8re d&rsquo;alimentation et de distribution \u00e9lectrique pour les yachts, les bateaux de plaisance, les camping-cars (d&rsquo;exp\u00e9dition) et les v\u00e9hicules sp\u00e9ciaux. Depuis 40 ans, nous optimisons tous les composants des syst\u00e8mes de bord modernes &#8211; de la technique d&rsquo;accumulateurs et de charge \u00e0 l&rsquo;\u00e9clairage LED en passant par la surveillance de bord. De nombreux produits sont fabriqu\u00e9s et test\u00e9s dans la propre usine de notre entreprise familiale souabe. Pour nos clients, cela signifie un service personnalis\u00e9 et une installation compl\u00e8te et harmonis\u00e9e, de la planification \u00e0 la livraison. Les propri\u00e9taires de bateaux, les entreprises de service, les soci\u00e9t\u00e9s commerciales et les chantiers navals de toute l&rsquo;Europe misent sur notre niveau de qualit\u00e9 \u00e9lev\u00e9 et constant. Depuis toujours, nous respectons les directives et les normes du VDE &#8211; EN ISO &#8211; et du Germanischer Lloyd. Gr\u00e2ce \u00e0 notre engagement de longue date au sein de l&rsquo;Association allemande des constructeurs de bateaux et de navires (DBSV) et de l&rsquo;Association f\u00e9d\u00e9rale des sports nautiques (BVWW), philippi est toujours \u00e0 la pointe en mati\u00e8re de normes et de r\u00e9glementations.<\/p>\n<p>\nVenez vous convaincre de notre comp\u00e9tence. Sur ce site web, nous vous conseillons avec des exemples de syst\u00e8mes, des panneaux d&rsquo;information et des explications techniques &#8211; sur l&rsquo;int\u00e9gration individuelle de la prise de quai et des g\u00e9n\u00e9rateurs, des distributeurs de courant, des batteries et des chargeurs ainsi que sur les transformateurs de tension et les onduleurs avec des syst\u00e8mes de surveillance modernes.<\/p>\n<p>Nous vous souhaitons une bonne route<\/p>\n<p>Michael K\u00f6gel et l&rsquo;\u00e9quipe philippi<\/p>\n\t\t\t\t\t\t\t\t<\/div>\n\t\t\t\t<\/div>\n\t\t\t\t\t<\/div>\n\t\t<\/div>\n\t\t\t\t\t<\/div>\n\t\t<\/section>\n\t\t\t\t\t<\/div>\n\t\t<\/div>\n\t\t\t\t\t<\/div>\n\t\t<\/section>\n\t\t\t\t<\/div>\n\t\t","protected":false},"excerpt":{"rendered":"<p>Soci\u00e9t\u00e9 Une entreprise familiale souabe depuis 40 ans philippi est l&rsquo;expert en mati\u00e8re d&rsquo;alimentation et de distribution \u00e9lectrique pour les<\/p>\n","protected":false},"author":2,"featured_media":0,"parent":0,"menu_order":0,"comment_status":"closed","ping_status":"closed","template":"","meta":{"_acf_changed":false,"_monsterinsights_skip_tracking":false,"_monsterinsights_sitenote_active":false,"_monsterinsights_sitenote_note":"","_monsterinsights_sitenote_category":0,"footnotes":""},"class_list":["post-36983","page","type-page","status-publish","hentry"],"acf":[],"yoast_head":"<!-- This site is optimized with the Yoast SEO plugin v27.1.1 - https:\/\/yoast.com\/product\/yoast-seo-wordpress\/ -->\n<title>Entreprise | philippi elektrische systeme GmbH<\/title>\n<meta name=\"robots\" content=\"index, follow, max-snippet:-1, max-image-preview:large, max-video-preview:-1\" \/>\n<link rel=\"canonical\" href=\"https:\/\/www.philippi-online.de\/fr\/entreprise\/\" \/>\n<meta property=\"og:locale\" content=\"fr_FR\" \/>\n<meta property=\"og:type\" content=\"article\" \/>\n<meta property=\"og:title\" content=\"Entreprise | philippi elektrische systeme GmbH\" \/>\n<meta property=\"og:description\" content=\"Soci\u00e9t\u00e9 Une entreprise familiale souabe depuis 40 ans philippi est l&rsquo;expert en mati\u00e8re d&rsquo;alimentation et de distribution \u00e9lectrique pour les\" \/>\n<meta property=\"og:url\" content=\"https:\/\/www.philippi-online.de\/fr\/entreprise\/\" \/>\n<meta property=\"og:site_name\" content=\"philippi elektrische systeme GmbH\" \/>\n<meta name=\"twitter:card\" content=\"summary_large_image\" \/>\n<meta name=\"twitter:label1\" content=\"Dur\u00e9e de lecture estim\u00e9e\" \/>\n\t<meta name=\"twitter:data1\" content=\"1 minute\" \/>\n<script type=\"application\/ld+json\" class=\"yoast-schema-graph\">{\"@context\":\"https:\/\/schema.org\",\"@graph\":[{\"@type\":\"WebPage\",\"@id\":\"https:\/\/www.philippi-online.de\/fr\/entreprise\/\",\"url\":\"https:\/\/www.philippi-online.de\/fr\/entreprise\/\",\"name\":\"Entreprise | philippi elektrische systeme GmbH\",\"isPartOf\":{\"@id\":\"https:\/\/www.philippi-online.de\/fr\/#website\"},\"datePublished\":\"2021-12-20T10:53:27+00:00\",\"breadcrumb\":{\"@id\":\"https:\/\/www.philippi-online.de\/fr\/entreprise\/#breadcrumb\"},\"inLanguage\":\"fr-FR\",\"potentialAction\":[{\"@type\":\"ReadAction\",\"target\":[\"https:\/\/www.philippi-online.de\/fr\/entreprise\/\"]}]},{\"@type\":\"BreadcrumbList\",\"@id\":\"https:\/\/www.philippi-online.de\/fr\/entreprise\/#breadcrumb\",\"itemListElement\":[{\"@type\":\"ListItem\",\"position\":1,\"name\":\"Accueil\",\"item\":\"https:\/\/www.philippi-online.de\/fr\/\"},{\"@type\":\"ListItem\",\"position\":2,\"name\":\"Entreprise\"}]},{\"@type\":\"WebSite\",\"@id\":\"https:\/\/www.philippi-online.de\/fr\/#website\",\"url\":\"https:\/\/www.philippi-online.de\/fr\/\",\"name\":\"philippi elektrische systeme GmbH\",\"description\":\"\",\"potentialAction\":[{\"@type\":\"SearchAction\",\"target\":{\"@type\":\"EntryPoint\",\"urlTemplate\":\"https:\/\/www.philippi-online.de\/fr\/?s={search_term_string}\"},\"query-input\":{\"@type\":\"PropertyValueSpecification\",\"valueRequired\":true,\"valueName\":\"search_term_string\"}}],\"inLanguage\":\"fr-FR\"}]}<\/script>\n<!-- \/ Yoast SEO plugin. -->","yoast_head_json":{"title":"Entreprise | philippi elektrische systeme GmbH","robots":{"index":"index","follow":"follow","max-snippet":"max-snippet:-1","max-image-preview":"max-image-preview:large","max-video-preview":"max-video-preview:-1"},"canonical":"https:\/\/www.philippi-online.de\/fr\/entreprise\/","og_locale":"fr_FR","og_type":"article","og_title":"Entreprise | philippi elektrische systeme GmbH","og_description":"Soci\u00e9t\u00e9 Une entreprise familiale souabe depuis 40 ans philippi est l&rsquo;expert en mati\u00e8re d&rsquo;alimentation et de distribution \u00e9lectrique pour les","og_url":"https:\/\/www.philippi-online.de\/fr\/entreprise\/","og_site_name":"philippi elektrische systeme GmbH","twitter_card":"summary_large_image","twitter_misc":{"Dur\u00e9e de lecture estim\u00e9e":"1 minute"},"schema":{"@context":"https:\/\/schema.org","@graph":[{"@type":"WebPage","@id":"https:\/\/www.philippi-online.de\/fr\/entreprise\/","url":"https:\/\/www.philippi-online.de\/fr\/entreprise\/","name":"Entreprise | philippi elektrische systeme GmbH","isPartOf":{"@id":"https:\/\/www.philippi-online.de\/fr\/#website"},"datePublished":"2021-12-20T10:53:27+00:00","breadcrumb":{"@id":"https:\/\/www.philippi-online.de\/fr\/entreprise\/#breadcrumb"},"inLanguage":"fr-FR","potentialAction":[{"@type":"ReadAction","target":["https:\/\/www.philippi-online.de\/fr\/entreprise\/"]}]},{"@type":"BreadcrumbList","@id":"https:\/\/www.philippi-online.de\/fr\/entreprise\/#breadcrumb","itemListElement":[{"@type":"ListItem","position":1,"name":"Accueil","item":"https:\/\/www.philippi-online.de\/fr\/"},{"@type":"ListItem","position":2,"name":"Entreprise"}]},{"@type":"WebSite","@id":"https:\/\/www.philippi-online.de\/fr\/#website","url":"https:\/\/www.philippi-online.de\/fr\/","name":"philippi elektrische systeme GmbH","description":"","potentialAction":[{"@type":"SearchAction","target":{"@type":"EntryPoint","urlTemplate":"https:\/\/www.philippi-online.de\/fr\/?s={search_term_string}"},"query-input":{"@type":"PropertyValueSpecification","valueRequired":true,"valueName":"search_term_string"}}],"inLanguage":"fr-FR"}]}},"_links":{"self":[{"href":"https:\/\/www.philippi-online.de\/fr\/wp-json\/wp\/v2\/pages\/36983","targetHints":{"allow":["GET"]}}],"collection":[{"href":"https:\/\/www.philippi-online.de\/fr\/wp-json\/wp\/v2\/pages"}],"about":[{"href":"https:\/\/www.philippi-online.de\/fr\/wp-json\/wp\/v2\/types\/page"}],"author":[{"embeddable":true,"href":"https:\/\/www.philippi-online.de\/fr\/wp-json\/wp\/v2\/users\/2"}],"replies":[{"embeddable":true,"href":"https:\/\/www.philippi-online.de\/fr\/wp-json\/wp\/v2\/comments?post=36983"}],"version-history":[{"count":0,"href":"https:\/\/www.philippi-online.de\/fr\/wp-json\/wp\/v2\/pages\/36983\/revisions"}],"wp:attachment":[{"href":"https:\/\/www.philippi-online.de\/fr\/wp-json\/wp\/v2\/media?parent=36983"}],"curies":[{"name":"wp","href":"https:\/\/api.w.org\/{rel}","templated":true}]}}