{"id":55423,"date":"2023-04-14T11:26:24","date_gmt":"2023-04-14T09:26:24","guid":{"rendered":"https:\/\/www.philippi-online.de\/produkt\/gewinkelter-normstecker-nsw\/"},"modified":"2025-05-27T10:18:53","modified_gmt":"2025-05-27T08:18:53","slug":"gewinkelter-normstecker-nsw","status":"publish","type":"product","link":"https:\/\/www.philippi-online.de\/en\/produkt\/gewinkelter-normstecker-nsw\/","title":{"rendered":"Gewinkelter Normstecker NSW"},"content":{"rendered":"\t\t<div data-elementor-type=\"wp-post\" data-elementor-id=\"55423\" class=\"elementor elementor-55423 elementor-53220\" data-elementor-post-type=\"product\">\n\t\t\t\t\t\t<section class=\"wd-negative-gap elementor-section elementor-top-section elementor-element elementor-element-61872626 elementor-section-boxed elementor-section-height-default elementor-section-height-default\" data-id=\"61872626\" data-element_type=\"section\" data-e-type=\"section\">\n\t\t\t\t\t\t<div class=\"elementor-container elementor-column-gap-default\">\n\t\t\t\t\t<div class=\"elementor-column elementor-col-100 elementor-top-column elementor-element elementor-element-61705ee7\" data-id=\"61705ee7\" data-element_type=\"column\" data-e-type=\"column\">\n\t\t\t<div class=\"elementor-widget-wrap elementor-element-populated\">\n\t\t\t\t\t\t<div class=\"elementor-element elementor-element-72075a52 color-scheme-inherit text-left elementor-widget elementor-widget-text-editor\" data-id=\"72075a52\" data-element_type=\"widget\" data-e-type=\"widget\" data-widget_type=\"text-editor.default\">\n\t\t\t\t<div class=\"elementor-widget-container\">\n\t\t\t\t\t\t\t\t\t<div class=\"sr-free\" data-cooltipz-dir=\"bottom-left\" aria-label=\"Click sentence to rephrase\">F\u00fcr 12-24 V DC, zum Anschluss&nbsp;weiterer Ger\u00e4te.&nbsp;<br>Passend f\u00fcr Normsteckdosen (\u00d8 12 mm)<\/div>\n<div class=\"sr-free\" data-cooltipz-dir=\"bottom-left\" aria-label=\"Click sentence to rephrase\">Optimaler Kontakt, passgenauer&nbsp;Sitz&nbsp;an&nbsp;der Steckdose.<\/div>\n<div class=\"sr-free\" data-cooltipz-dir=\"bottom-left\" aria-label=\"Click sentence to rephrase\">Mit&nbsp;Fadenschnalle;&nbsp;Schraubkontakte bis 2,5 mm2;&nbsp;Kabelbuchse&nbsp;\u00d8 7,5 mm.<\/div>\n<div class=\"sr-free\" data-cooltipz-dir=\"bottom-left\" aria-label=\"Click sentence to rephrase\">Maximale Belastung&nbsp;bis 16 A.<\/div>\t\t\t\t\t\t\t\t<\/div>\n\t\t\t\t<\/div>\n\t\t\t\t\t<\/div>\n\t\t<\/div>\n\t\t\t\t\t<\/div>\n\t\t<\/section>\n\t\t\t\t<\/div>\n\t\t","protected":false},"excerpt":{"rendered":"<p>Gewinkelter Normstecker 16A, passend in Normsteckdosen (\u2300 12 mm)<\/p>\n","protected":false},"featured_media":55443,"comment_status":"closed","ping_status":"closed","template":"","meta":{"_acf_changed":false,"_monsterinsights_skip_tracking":false,"_monsterinsights_sitenote_active":false,"_monsterinsights_sitenote_note":"","_monsterinsights_sitenote_category":0},"product_brand":[],"product_cat":[1409,1421,1397,1400,1413],"product_tag":[3296],"class_list":{"0":"post-55423","1":"product","2":"type-product","3":"status-publish","4":"has-post-thumbnail","6":"product_cat-connector-dc-12-24v-marine","7":"product_cat-connector-dc-12-24v-offroad","8":"product_cat-connectors","9":"product_cat-connectors-marine","10":"product_cat-connectors-offroad","11":"product_tag-nsw-en","12":"pa_marken-philippi-en","14":"first","15":"instock","16":"taxable","17":"shipping-taxable","18":"purchasable","19":"product-type-simple"},"acf":[],"yoast_head":"<!-- This site is optimized with the Yoast SEO plugin v27.1.1 - https:\/\/yoast.com\/product\/yoast-seo-wordpress\/ -->\n<title>Gewinkelter Normstecker NSW | philippi elektrische systeme gmbh<\/title>\n<meta name=\"description\" content=\"Gewinkelter Normstecker NSW \u27a4 USB Ladesteckdosen Marine Offroad \u2713 Betrieb f\u00fcr Spezialelektronik \u2713 gleich reinklicken!\" \/>\n<meta name=\"robots\" content=\"index, follow, max-snippet:-1, max-image-preview:large, max-video-preview:-1\" \/>\n<link rel=\"canonical\" href=\"https:\/\/www.philippi-online.de\/en\/produkt\/gewinkelter-normstecker-nsw\/\" \/>\n<meta property=\"og:locale\" content=\"en_US\" \/>\n<meta property=\"og:type\" content=\"article\" \/>\n<meta property=\"og:title\" content=\"Gewinkelter Normstecker NSW | philippi elektrische systeme gmbh\" \/>\n<meta property=\"og:description\" content=\"Gewinkelter Normstecker NSW \u27a4 USB Ladesteckdosen Marine Offroad \u2713 Betrieb f\u00fcr Spezialelektronik \u2713 gleich reinklicken!\" \/>\n<meta property=\"og:url\" content=\"https:\/\/www.philippi-online.de\/en\/produkt\/gewinkelter-normstecker-nsw\/\" \/>\n<meta property=\"og:site_name\" content=\"philippi elektrische systeme GmbH\" \/>\n<meta property=\"article:modified_time\" content=\"2025-05-27T08:18:53+00:00\" \/>\n<meta property=\"og:image\" content=\"https:\/\/www.philippi-online.de\/wp-content\/uploads\/philippi\/Steckverbinder\/367753000.png\" \/>\n\t<meta property=\"og:image:width\" content=\"700\" \/>\n\t<meta property=\"og:image:height\" content=\"800\" \/>\n\t<meta property=\"og:image:type\" content=\"image\/png\" \/>\n<meta name=\"twitter:card\" content=\"summary_large_image\" \/>\n<meta name=\"twitter:label1\" content=\"Est. reading time\" \/>\n\t<meta name=\"twitter:data1\" content=\"1 minute\" \/>\n<script type=\"application\/ld+json\" class=\"yoast-schema-graph\">{\"@context\":\"https:\/\/schema.org\",\"@graph\":[{\"@type\":\"WebPage\",\"@id\":\"https:\/\/www.philippi-online.de\/en\/produkt\/gewinkelter-normstecker-nsw\/\",\"url\":\"https:\/\/www.philippi-online.de\/en\/produkt\/gewinkelter-normstecker-nsw\/\",\"name\":\"Gewinkelter Normstecker NSW | philippi elektrische systeme gmbh\",\"isPartOf\":{\"@id\":\"https:\/\/www.philippi-online.de\/en\/#website\"},\"primaryImageOfPage\":{\"@id\":\"https:\/\/www.philippi-online.de\/en\/produkt\/gewinkelter-normstecker-nsw\/#primaryimage\"},\"image\":{\"@id\":\"https:\/\/www.philippi-online.de\/en\/produkt\/gewinkelter-normstecker-nsw\/#primaryimage\"},\"thumbnailUrl\":\"https:\/\/www.philippi-online.de\/wp-content\/uploads\/philippi\/Steckverbinder\/367753000.png\",\"datePublished\":\"2023-04-14T09:26:24+00:00\",\"dateModified\":\"2025-05-27T08:18:53+00:00\",\"description\":\"Gewinkelter Normstecker NSW \u27a4 USB Ladesteckdosen Marine Offroad \u2713 Betrieb f\u00fcr Spezialelektronik \u2713 gleich reinklicken!\",\"breadcrumb\":{\"@id\":\"https:\/\/www.philippi-online.de\/en\/produkt\/gewinkelter-normstecker-nsw\/#breadcrumb\"},\"inLanguage\":\"en-US\",\"potentialAction\":[{\"@type\":\"ReadAction\",\"target\":[\"https:\/\/www.philippi-online.de\/en\/produkt\/gewinkelter-normstecker-nsw\/\"]}]},{\"@type\":\"ImageObject\",\"inLanguage\":\"en-US\",\"@id\":\"https:\/\/www.philippi-online.de\/en\/produkt\/gewinkelter-normstecker-nsw\/#primaryimage\",\"url\":\"https:\/\/www.philippi-online.de\/wp-content\/uploads\/philippi\/Steckverbinder\/367753000.png\",\"contentUrl\":\"https:\/\/www.philippi-online.de\/wp-content\/uploads\/philippi\/Steckverbinder\/367753000.png\",\"width\":700,\"height\":800},{\"@type\":\"BreadcrumbList\",\"@id\":\"https:\/\/www.philippi-online.de\/en\/produkt\/gewinkelter-normstecker-nsw\/#breadcrumb\",\"itemListElement\":[{\"@type\":\"ListItem\",\"position\":1,\"name\":\"Home\",\"item\":\"https:\/\/www.philippi-online.de\/en\/\"},{\"@type\":\"ListItem\",\"position\":2,\"name\":\"Shop\",\"item\":\"https:\/\/www.philippi-online.de\/en\/shop-2\/\"},{\"@type\":\"ListItem\",\"position\":3,\"name\":\"Gewinkelter Normstecker NSW\"}]},{\"@type\":\"WebSite\",\"@id\":\"https:\/\/www.philippi-online.de\/en\/#website\",\"url\":\"https:\/\/www.philippi-online.de\/en\/\",\"name\":\"philippi elektrische systeme GmbH\",\"description\":\"\",\"potentialAction\":[{\"@type\":\"SearchAction\",\"target\":{\"@type\":\"EntryPoint\",\"urlTemplate\":\"https:\/\/www.philippi-online.de\/en\/?s={search_term_string}\"},\"query-input\":{\"@type\":\"PropertyValueSpecification\",\"valueRequired\":true,\"valueName\":\"search_term_string\"}}],\"inLanguage\":\"en-US\"}]}<\/script>\n<!-- \/ Yoast SEO plugin. -->","yoast_head_json":{"title":"Gewinkelter Normstecker NSW | philippi elektrische systeme gmbh","description":"Gewinkelter Normstecker NSW \u27a4 USB Ladesteckdosen Marine Offroad \u2713 Betrieb f\u00fcr Spezialelektronik \u2713 gleich reinklicken!","robots":{"index":"index","follow":"follow","max-snippet":"max-snippet:-1","max-image-preview":"max-image-preview:large","max-video-preview":"max-video-preview:-1"},"canonical":"https:\/\/www.philippi-online.de\/en\/produkt\/gewinkelter-normstecker-nsw\/","og_locale":"en_US","og_type":"article","og_title":"Gewinkelter Normstecker NSW | philippi elektrische systeme gmbh","og_description":"Gewinkelter Normstecker NSW \u27a4 USB Ladesteckdosen Marine Offroad \u2713 Betrieb f\u00fcr Spezialelektronik \u2713 gleich reinklicken!","og_url":"https:\/\/www.philippi-online.de\/en\/produkt\/gewinkelter-normstecker-nsw\/","og_site_name":"philippi elektrische systeme GmbH","article_modified_time":"2025-05-27T08:18:53+00:00","og_image":[{"width":700,"height":800,"url":"https:\/\/www.philippi-online.de\/wp-content\/uploads\/philippi\/Steckverbinder\/367753000.png","type":"image\/png"}],"twitter_card":"summary_large_image","twitter_misc":{"Est. reading time":"1 minute"},"schema":{"@context":"https:\/\/schema.org","@graph":[{"@type":"WebPage","@id":"https:\/\/www.philippi-online.de\/en\/produkt\/gewinkelter-normstecker-nsw\/","url":"https:\/\/www.philippi-online.de\/en\/produkt\/gewinkelter-normstecker-nsw\/","name":"Gewinkelter Normstecker NSW | philippi elektrische systeme gmbh","isPartOf":{"@id":"https:\/\/www.philippi-online.de\/en\/#website"},"primaryImageOfPage":{"@id":"https:\/\/www.philippi-online.de\/en\/produkt\/gewinkelter-normstecker-nsw\/#primaryimage"},"image":{"@id":"https:\/\/www.philippi-online.de\/en\/produkt\/gewinkelter-normstecker-nsw\/#primaryimage"},"thumbnailUrl":"https:\/\/www.philippi-online.de\/wp-content\/uploads\/philippi\/Steckverbinder\/367753000.png","datePublished":"2023-04-14T09:26:24+00:00","dateModified":"2025-05-27T08:18:53+00:00","description":"Gewinkelter Normstecker NSW \u27a4 USB Ladesteckdosen Marine Offroad \u2713 Betrieb f\u00fcr Spezialelektronik \u2713 gleich reinklicken!","breadcrumb":{"@id":"https:\/\/www.philippi-online.de\/en\/produkt\/gewinkelter-normstecker-nsw\/#breadcrumb"},"inLanguage":"en-US","potentialAction":[{"@type":"ReadAction","target":["https:\/\/www.philippi-online.de\/en\/produkt\/gewinkelter-normstecker-nsw\/"]}]},{"@type":"ImageObject","inLanguage":"en-US","@id":"https:\/\/www.philippi-online.de\/en\/produkt\/gewinkelter-normstecker-nsw\/#primaryimage","url":"https:\/\/www.philippi-online.de\/wp-content\/uploads\/philippi\/Steckverbinder\/367753000.png","contentUrl":"https:\/\/www.philippi-online.de\/wp-content\/uploads\/philippi\/Steckverbinder\/367753000.png","width":700,"height":800},{"@type":"BreadcrumbList","@id":"https:\/\/www.philippi-online.de\/en\/produkt\/gewinkelter-normstecker-nsw\/#breadcrumb","itemListElement":[{"@type":"ListItem","position":1,"name":"Home","item":"https:\/\/www.philippi-online.de\/en\/"},{"@type":"ListItem","position":2,"name":"Shop","item":"https:\/\/www.philippi-online.de\/en\/shop-2\/"},{"@type":"ListItem","position":3,"name":"Gewinkelter Normstecker NSW"}]},{"@type":"WebSite","@id":"https:\/\/www.philippi-online.de\/en\/#website","url":"https:\/\/www.philippi-online.de\/en\/","name":"philippi elektrische systeme GmbH","description":"","potentialAction":[{"@type":"SearchAction","target":{"@type":"EntryPoint","urlTemplate":"https:\/\/www.philippi-online.de\/en\/?s={search_term_string}"},"query-input":{"@type":"PropertyValueSpecification","valueRequired":true,"valueName":"search_term_string"}}],"inLanguage":"en-US"}]}},"df_price":7.5,"df_sale_price":"","df_regular_price":7.5,"df_image_link":"https:\/\/www.philippi-online.de\/wp-content\/uploads\/philippi\/Steckverbinder\/367753000-263x300.png","_links":{"self":[{"href":"https:\/\/www.philippi-online.de\/en\/wp-json\/wp\/v2\/product\/55423","targetHints":{"allow":["GET"]}}],"collection":[{"href":"https:\/\/www.philippi-online.de\/en\/wp-json\/wp\/v2\/product"}],"about":[{"href":"https:\/\/www.philippi-online.de\/en\/wp-json\/wp\/v2\/types\/product"}],"replies":[{"embeddable":true,"href":"https:\/\/www.philippi-online.de\/en\/wp-json\/wp\/v2\/comments?post=55423"}],"version-history":[{"count":1,"href":"https:\/\/www.philippi-online.de\/en\/wp-json\/wp\/v2\/product\/55423\/revisions"}],"predecessor-version":[{"id":69968,"href":"https:\/\/www.philippi-online.de\/en\/wp-json\/wp\/v2\/product\/55423\/revisions\/69968"}],"wp:featuredmedia":[{"embeddable":true,"href":"https:\/\/www.philippi-online.de\/en\/wp-json\/wp\/v2\/media\/55443"}],"wp:attachment":[{"href":"https:\/\/www.philippi-online.de\/en\/wp-json\/wp\/v2\/media?parent=55423"}],"wp:term":[{"taxonomy":"product_brand","embeddable":true,"href":"https:\/\/www.philippi-online.de\/en\/wp-json\/wp\/v2\/product_brand?post=55423"},{"taxonomy":"product_cat","embeddable":true,"href":"https:\/\/www.philippi-online.de\/en\/wp-json\/wp\/v2\/product_cat?post=55423"},{"taxonomy":"product_tag","embeddable":true,"href":"https:\/\/www.philippi-online.de\/en\/wp-json\/wp\/v2\/product_tag?post=55423"}],"curies":[{"name":"wp","href":"https:\/\/api.w.org\/{rel}","templated":true}]}}