{"id":32549,"date":"2021-07-13T11:31:07","date_gmt":"2021-07-13T09:31:07","guid":{"rendered":"https:\/\/staging.philippi-online.de\/produkt\/high-power-battery-charger\/"},"modified":"2023-01-25T10:52:56","modified_gmt":"2023-01-25T09:52:56","slug":"high-power-battery-charger","status":"publish","type":"product","link":"https:\/\/www.philippi-online.de\/en\/produkt\/high-power-battery-charger\/","title":{"rendered":"High Power battery charger"},"content":{"rendered":"\t\t<div data-elementor-type=\"wp-post\" data-elementor-id=\"32549\" class=\"elementor elementor-32549 elementor-17587\" data-elementor-post-type=\"product\">\n\t\t\t\t\t\t<section class=\"wd-negative-gap elementor-section elementor-top-section elementor-element elementor-element-11f8a052 elementor-section-boxed elementor-section-height-default elementor-section-height-default\" data-id=\"11f8a052\" data-element_type=\"section\" data-e-type=\"section\">\n\t\t\t\t\t\t<div class=\"elementor-container elementor-column-gap-default\">\n\t\t\t\t\t<div class=\"elementor-column elementor-col-50 elementor-top-column elementor-element elementor-element-1192d2ae\" data-id=\"1192d2ae\" data-element_type=\"column\" data-e-type=\"column\">\n\t\t\t<div class=\"elementor-widget-wrap elementor-element-populated\">\n\t\t\t\t\t\t<div class=\"elementor-element elementor-element-6a977011 color-scheme-inherit text-left elementor-widget elementor-widget-text-editor\" data-id=\"6a977011\" data-element_type=\"widget\" data-e-type=\"widget\" data-widget_type=\"text-editor.default\">\n\t\t\t\t<div class=\"elementor-widget-container\">\n\t\t\t\t\t\t\t\t\t<p>Automatic battery charger for medium and large arrangements of up to 3 groups of batteries (starter, house and bow battery) and capacities of up to 1000 Ah.<\/p>\n<p>The large models of the ACE series are also equipped with the latest state-of-the-art switching power supply technology and deliver full charging power up to an ambient temperature of 50\u00b0C. This means that the full performance is also available in the mediterranean environment. Automatic detection of the AC input voltage, combined with the wide AC input voltage range of 90 &#8211; 265 V \/ 47 &#8211; 65 Hz, ensures that the device can be used worldwide without sacrificing performance. So full charging power is always supplied regardless of the AC current source or genset.<\/p>\n<p>A system monitor for remote monitoring of the charge can be connected to the integrated P-Bus interface.<\/p>\n<p>\u00a0\u00a0\u00a0\u00a0\u00a0\u00a0\u00a0\u00a0\u00a0\u00a0\u00a0\u00a0\u00a0\u00a0\u00a0\u00a0\u00a0\u00a0\u00a0\u00a0\u00a0 \u00a0 \u00a0\u00a0\u00a0\u00a0\u00a0\u00a0\u00a0\u00a0\u00a0\u00a0\u00a0\u00a0\u00a0 <b>ACE 24\/45\u00a0\u00a0\u00a0\u00a0\u00a0\u00a0\u00a0\u00a0\u00a0 ACE 24\/60\u00a0\u00a0\u00a0\u00a0\u00a0\u00a0 ACE 24\/80\u00a0\u00a0\u00a0\u00a0\u00a0\u00a0\u00a0\u00a0\u00a0 ACE 24\/100<\/b><br \/>\nNominal current\u00a0 \u00a0 \u00a0 \u00a0 \u00a0 \u00a0 \u00a0 \u00a0 \u00a0 \u00a0 \u00a0 \u00a0 \u00a0 \u00a0 \u00a045A\u00a0\u00a0\u00a0\u00a0\u00a0\u00a0\u00a0\u00a0\u00a0\u00a0\u00a0\u00a0\u00a0\u00a0\u00a0\u00a0\u00a0 60A\u00a0\u00a0\u00a0\u00a0\u00a0\u00a0\u00a0\u00a0\u00a0\u00a0\u00a0\u00a0\u00a0\u00a0\u00a0\u00a0\u00a0\u00a0 80A\u00a0\u00a0\u00a0\u00a0\u00a0\u00a0\u00a0\u00a0\u00a0\u00a0\u00a0\u00a0\u00a0\u00a0\u00a0\u00a0\u00a0\u00a0\u00a0\u00a0 100A<br \/>\nNominal voltage\u00a0 \u00a0 \u00a0 \u00a0 \u00a0 \u00a0 \u00a0 \u00a0 \u00a0 \u00a0 \u00a0 \u00a0 \u00a0 \u00a0 \u00a0 \u00a0 \u00a0 \u00a0 \u00a0 \u00a0 \u00a0 \u00a0 \u00a0 \u00a0 \u00a0 \u00a0 \u00a0 \u00a0 24V \u00a0\u00a0\u00a0\u00a0\u00a0\u00a0\u00a0\u00a0\u00a0\u00a0\u00a0\u00a0\u00a0\u00a0\u00a0\u00a0\u00a0\u00a0\u00a0<br \/>\nRecom. bat. bank\u00a0 \u00a0 \u00a0 \u00a0 \u00a0 \u00a0 \u00a0 \u00a0 \u00a0 \u00a0200-450 Ah\u00a0\u00a0\u00a0\u00a0\u00a0 250-600 Ah\u00a0\u00a0\u00a0\u00a0\u00a0\u00a0\u00a0 300-800 Ah\u00a0\u00a0\u00a0\u00a0\u00a0\u00a0\u00a0\u00a0\u00a0\u00a0\u00a0 400-1000 Ah<br \/>\nMax. consumption 230\/115 V \u00a0\u00a0 6,8\/13,6 A \u00a0\u00a0\u00a0\u00a0 9,0\/18,1A\u00a0\u00a0\u00a0\u00a0\u00a0\u00a0\u00a0\u00a0\u00a0\u00a0 12,0\/24,0 A\u00a0\u00a0\u00a0\u00a0\u00a0\u00a0\u00a0\u00a0\u00a0\u00a0 15,1\/30,2 A<br \/>\nDimensions L x W x H\u00a0\u00a0\u00a0\u00a0\u00a0\u00a0\u00a0\u00a0\u00a0\u00a0\u00a0\u00a0\u00a0\u00a0\u00a0\u00a0\u00a0\u00a0\u00a0\u00a0\u00a0\u00a0\u00a0\u00a0\u00a0\u00a0\u00a0\u00a0\u00a0\u00a0\u00a0\u00a0\u00a0 270x360x130 mm\u00a0\u00a0\u00a0\u00a0\u00a0\u00a0\u00a0\u00a0\u00a0\u00a0\u00a0\u00a0\u00a0\u00a0\u00a0\u00a0\u00a0\u00a0\u00a0\u00a0\u00a0\u00a0\u00a0 270x410x130 mm<br \/>\nWeight\u00a0 \u00a0 \u00a0 \u00a0 \u00a0 \u00a0 \u00a0 \u00a0 \u00a0 \u00a0 \u00a0 \u00a0 \u00a0 \u00a0 \u00a0 \u00a0 \u00a0 \u00a0 \u00a0 \u00a0 \u00a0 \u00a0 \u00a0 \u00a0 \u00a0 \u00a0 \u00a0 \u00a0 \u00a0 \u00a0 \u00a0 \u00a06,8 kg\u00a0\u00a0\u00a0\u00a0\u00a0\u00a0\u00a0\u00a0\u00a0\u00a0\u00a0\u00a0\u00a0\u00a0\u00a0\u00a0\u00a0\u00a0\u00a0\u00a0\u00a0\u00a0\u00a0\u00a0\u00a0\u00a0\u00a0\u00a0\u00a0\u00a0\u00a0\u00a0\u00a0\u00a0\u00a0 9,0 kg<\/p>\n\t\t\t\t\t\t\t\t<\/div>\n\t\t\t\t<\/div>\n\t\t\t\t\t<\/div>\n\t\t<\/div>\n\t\t\t\t<div class=\"elementor-column elementor-col-50 elementor-top-column elementor-element elementor-element-e8a0474\" data-id=\"e8a0474\" data-element_type=\"column\" data-e-type=\"column\">\n\t\t\t<div class=\"elementor-widget-wrap elementor-element-populated\">\n\t\t\t\t\t\t<div class=\"elementor-element elementor-element-ba38605 elementor-position-inline-start elementor-view-default elementor-mobile-position-block-start elementor-widget elementor-widget-icon-box\" data-id=\"ba38605\" data-element_type=\"widget\" data-e-type=\"widget\" data-widget_type=\"icon-box.default\">\n\t\t\t\t<div class=\"elementor-widget-container\">\n\t\t\t\t\t\t\t<div class=\"elementor-icon-box-wrapper\">\n\n\t\t\t\t\t\t<div class=\"elementor-icon-box-icon\">\n\t\t\t\t<a href=\"http:\/\/p\/wp-content\/uploads\/philippi\/Info\/philippi20EN-LADEGERAETE.pdf\/p\" target=\"_blank\" class=\"elementor-icon\" tabindex=\"-1\" aria-label=\"&lt;p&gt;further information&lt;\/p&gt;\">\n\t\t\t\t<svg aria-hidden=\"true\" class=\"e-font-icon-svg e-far-file-pdf\" viewBox=\"0 0 384 512\" xmlns=\"http:\/\/www.w3.org\/2000\/svg\"><path d=\"M369.9 97.9L286 14C277 5 264.8-.1 252.1-.1H48C21.5 0 0 21.5 0 48v416c0 26.5 21.5 48 48 48h288c26.5 0 48-21.5 48-48V131.9c0-12.7-5.1-25-14.1-34zM332.1 128H256V51.9l76.1 76.1zM48 464V48h160v104c0 13.3 10.7 24 24 24h104v288H48zm250.2-143.7c-12.2-12-47-8.7-64.4-6.5-17.2-10.5-28.7-25-36.8-46.3 3.9-16.1 10.1-40.6 5.4-56-4.2-26.2-37.8-23.6-42.6-5.9-4.4 16.1-.4 38.5 7 67.1-10 23.9-24.9 56-35.4 74.4-20 10.3-47 26.2-51 46.2-3.3 15.8 26 55.2 76.1-31.2 22.4-7.4 46.8-16.5 68.4-20.1 18.9 10.2 41 17 55.8 17 25.5 0 28-28.2 17.5-38.7zm-198.1 77.8c5.1-13.7 24.5-29.5 30.4-35-19 30.3-30.4 35.7-30.4 35zm81.6-190.6c7.4 0 6.7 32.1 1.8 40.8-4.4-13.9-4.3-40.8-1.8-40.8zm-24.4 136.6c9.7-16.9 18-37 24.7-54.7 8.3 15.1 18.9 27.2 30.1 35.5-20.8 4.3-38.9 13.1-54.8 19.2zm131.6-5s-5 6-37.3-7.8c35.1-2.6 40.9 5.4 37.3 7.8z\"><\/path><\/svg>\t\t\t\t<\/a>\n\t\t\t<\/div>\n\t\t\t\n\t\t\t\t\t\t<div class=\"elementor-icon-box-content\">\n\n\t\t\t\t\t\t\t\t\t<p class=\"elementor-icon-box-title\">\n\t\t\t\t\t\t<a href=\"http:\/\/p\/wp-content\/uploads\/philippi\/Info\/philippi20EN-LADEGERAETE.pdf\/p\" target=\"_blank\" >\n\t\t\t\t\t\t\t<p>further information<\/p>\t\t\t\t\t\t<\/a>\n\t\t\t\t\t<\/p>\n\t\t\t\t\n\t\t\t\t\n\t\t\t<\/div>\n\t\t\t\n\t\t<\/div>\n\t\t\t\t\t\t<\/div>\n\t\t\t\t<\/div>\n\t\t\t\t<div class=\"elementor-element elementor-element-19e7877 elementor-position-inline-start elementor-view-default elementor-mobile-position-block-start elementor-widget elementor-widget-icon-box\" data-id=\"19e7877\" data-element_type=\"widget\" data-e-type=\"widget\" data-widget_type=\"icon-box.default\">\n\t\t\t\t<div class=\"elementor-widget-container\">\n\t\t\t\t\t\t\t<div class=\"elementor-icon-box-wrapper\">\n\n\t\t\t\t\t\t<div class=\"elementor-icon-box-icon\">\n\t\t\t\t<a href=\"\/wp-content\/uploads\/philippi\/Manual\/EN\/ACE_HPO_EN.pdf\" target=\"_blank\" class=\"elementor-icon\" tabindex=\"-1\" aria-label=\"&lt;p&gt;manual&lt;\/p&gt;\">\n\t\t\t\t<svg aria-hidden=\"true\" class=\"e-font-icon-svg e-far-file-pdf\" viewBox=\"0 0 384 512\" xmlns=\"http:\/\/www.w3.org\/2000\/svg\"><path d=\"M369.9 97.9L286 14C277 5 264.8-.1 252.1-.1H48C21.5 0 0 21.5 0 48v416c0 26.5 21.5 48 48 48h288c26.5 0 48-21.5 48-48V131.9c0-12.7-5.1-25-14.1-34zM332.1 128H256V51.9l76.1 76.1zM48 464V48h160v104c0 13.3 10.7 24 24 24h104v288H48zm250.2-143.7c-12.2-12-47-8.7-64.4-6.5-17.2-10.5-28.7-25-36.8-46.3 3.9-16.1 10.1-40.6 5.4-56-4.2-26.2-37.8-23.6-42.6-5.9-4.4 16.1-.4 38.5 7 67.1-10 23.9-24.9 56-35.4 74.4-20 10.3-47 26.2-51 46.2-3.3 15.8 26 55.2 76.1-31.2 22.4-7.4 46.8-16.5 68.4-20.1 18.9 10.2 41 17 55.8 17 25.5 0 28-28.2 17.5-38.7zm-198.1 77.8c5.1-13.7 24.5-29.5 30.4-35-19 30.3-30.4 35.7-30.4 35zm81.6-190.6c7.4 0 6.7 32.1 1.8 40.8-4.4-13.9-4.3-40.8-1.8-40.8zm-24.4 136.6c9.7-16.9 18-37 24.7-54.7 8.3 15.1 18.9 27.2 30.1 35.5-20.8 4.3-38.9 13.1-54.8 19.2zm131.6-5s-5 6-37.3-7.8c35.1-2.6 40.9 5.4 37.3 7.8z\"><\/path><\/svg>\t\t\t\t<\/a>\n\t\t\t<\/div>\n\t\t\t\n\t\t\t\t\t\t<div class=\"elementor-icon-box-content\">\n\n\t\t\t\t\t\t\t\t\t<p class=\"elementor-icon-box-title\">\n\t\t\t\t\t\t<a href=\"\/wp-content\/uploads\/philippi\/Manual\/EN\/ACE_HPO_EN.pdf\" target=\"_blank\" >\n\t\t\t\t\t\t\t<p>manual<\/p>\t\t\t\t\t\t<\/a>\n\t\t\t\t\t<\/p>\n\t\t\t\t\n\t\t\t\t\n\t\t\t<\/div>\n\t\t\t\n\t\t<\/div>\n\t\t\t\t\t\t<\/div>\n\t\t\t\t<\/div>\n\t\t\t\t\t<\/div>\n\t\t<\/div>\n\t\t\t\t\t<\/div>\n\t\t<\/section>\n\t\t\t\t<\/div>\n\t\t","protected":false},"excerpt":{"rendered":"<p>Automatik-Ladeger\u00e4t f\u00fcr mittlere und gro\u00dfe Batterie-Anlagen, bis zu 1000 Ah<\/p>\n","protected":false},"featured_media":22387,"comment_status":"closed","ping_status":"closed","template":"","meta":{"_acf_changed":false,"_monsterinsights_skip_tracking":false,"_monsterinsights_sitenote_active":false,"_monsterinsights_sitenote_note":"","_monsterinsights_sitenote_category":0},"product_brand":[],"product_cat":[1444,1429,1425,1427,1442],"product_tag":[2349],"class_list":{"0":"post-32549","1":"product","2":"type-product","3":"status-publish","4":"has-post-thumbnail","6":"product_cat-battery-charger-offroad","7":"product_cat-battery-charger-ace-marine","8":"product_cat-power-supply","9":"product_cat-power-supply-marine","10":"product_cat-power-supply-offroad","11":"product_tag-ace24-45-ace24-60-ace24-80-ace24-100-ace2445-ace-hpo-en","12":"pa_marken-philippi-en","14":"first","15":"instock","16":"taxable","17":"shipping-taxable","18":"purchasable","19":"product-type-variable"},"acf":[],"yoast_head":"<!-- This site is optimized with the Yoast SEO plugin v27.1.1 - https:\/\/yoast.com\/product\/yoast-seo-wordpress\/ -->\n<title>High Power battery charger | philippi elektrische systeme GmbH %<\/title>\n<meta name=\"description\" content=\"High Power battery charger |\" \/>\n<meta name=\"robots\" content=\"index, follow, max-snippet:-1, max-image-preview:large, max-video-preview:-1\" \/>\n<link rel=\"canonical\" href=\"https:\/\/www.philippi-online.de\/en\/produkt\/high-power-battery-charger\/\" \/>\n<meta property=\"og:locale\" content=\"en_US\" \/>\n<meta property=\"og:type\" content=\"article\" \/>\n<meta property=\"og:title\" content=\"High Power battery charger | philippi elektrische systeme GmbH %\" \/>\n<meta property=\"og:description\" content=\"High Power battery charger |\" \/>\n<meta property=\"og:url\" content=\"https:\/\/www.philippi-online.de\/en\/produkt\/high-power-battery-charger\/\" \/>\n<meta property=\"og:site_name\" content=\"philippi elektrische systeme GmbH\" \/>\n<meta property=\"article:modified_time\" content=\"2023-01-25T09:52:56+00:00\" \/>\n<meta property=\"og:image\" content=\"https:\/\/www.philippi-online.de\/wp-content\/uploads\/philippi\/Stromversorgung\/045244523.png\" \/>\n\t<meta property=\"og:image:width\" content=\"700\" \/>\n\t<meta property=\"og:image:height\" content=\"800\" \/>\n\t<meta property=\"og:image:type\" content=\"image\/png\" \/>\n<meta name=\"twitter:card\" content=\"summary_large_image\" \/>\n<meta name=\"twitter:label1\" content=\"Est. reading time\" \/>\n\t<meta name=\"twitter:data1\" content=\"2 minutes\" \/>\n<script type=\"application\/ld+json\" class=\"yoast-schema-graph\">{\"@context\":\"https:\/\/schema.org\",\"@graph\":[{\"@type\":\"WebPage\",\"@id\":\"https:\/\/www.philippi-online.de\/en\/produkt\/high-power-battery-charger\/\",\"url\":\"https:\/\/www.philippi-online.de\/en\/produkt\/high-power-battery-charger\/\",\"name\":\"High Power battery charger | philippi elektrische systeme GmbH %\",\"isPartOf\":{\"@id\":\"https:\/\/www.philippi-online.de\/en\/#website\"},\"primaryImageOfPage\":{\"@id\":\"https:\/\/www.philippi-online.de\/en\/produkt\/high-power-battery-charger\/#primaryimage\"},\"image\":{\"@id\":\"https:\/\/www.philippi-online.de\/en\/produkt\/high-power-battery-charger\/#primaryimage\"},\"thumbnailUrl\":\"https:\/\/www.philippi-online.de\/wp-content\/uploads\/philippi\/Stromversorgung\/045244523.png\",\"datePublished\":\"2021-07-13T09:31:07+00:00\",\"dateModified\":\"2023-01-25T09:52:56+00:00\",\"description\":\"High Power battery charger |\",\"breadcrumb\":{\"@id\":\"https:\/\/www.philippi-online.de\/en\/produkt\/high-power-battery-charger\/#breadcrumb\"},\"inLanguage\":\"en-US\",\"potentialAction\":[{\"@type\":\"ReadAction\",\"target\":[\"https:\/\/www.philippi-online.de\/en\/produkt\/high-power-battery-charger\/\"]}]},{\"@type\":\"ImageObject\",\"inLanguage\":\"en-US\",\"@id\":\"https:\/\/www.philippi-online.de\/en\/produkt\/high-power-battery-charger\/#primaryimage\",\"url\":\"https:\/\/www.philippi-online.de\/wp-content\/uploads\/philippi\/Stromversorgung\/045244523.png\",\"contentUrl\":\"https:\/\/www.philippi-online.de\/wp-content\/uploads\/philippi\/Stromversorgung\/045244523.png\",\"width\":700,\"height\":800},{\"@type\":\"BreadcrumbList\",\"@id\":\"https:\/\/www.philippi-online.de\/en\/produkt\/high-power-battery-charger\/#breadcrumb\",\"itemListElement\":[{\"@type\":\"ListItem\",\"position\":1,\"name\":\"Home\",\"item\":\"https:\/\/www.philippi-online.de\/en\/\"},{\"@type\":\"ListItem\",\"position\":2,\"name\":\"Shop\",\"item\":\"https:\/\/www.philippi-online.de\/en\/shop-2\/\"},{\"@type\":\"ListItem\",\"position\":3,\"name\":\"High Power battery charger\"}]},{\"@type\":\"WebSite\",\"@id\":\"https:\/\/www.philippi-online.de\/en\/#website\",\"url\":\"https:\/\/www.philippi-online.de\/en\/\",\"name\":\"philippi elektrische systeme GmbH\",\"description\":\"\",\"potentialAction\":[{\"@type\":\"SearchAction\",\"target\":{\"@type\":\"EntryPoint\",\"urlTemplate\":\"https:\/\/www.philippi-online.de\/en\/?s={search_term_string}\"},\"query-input\":{\"@type\":\"PropertyValueSpecification\",\"valueRequired\":true,\"valueName\":\"search_term_string\"}}],\"inLanguage\":\"en-US\"}]}<\/script>\n<!-- \/ Yoast SEO plugin. -->","yoast_head_json":{"title":"High Power battery charger | philippi elektrische systeme GmbH %","description":"High Power battery charger |","robots":{"index":"index","follow":"follow","max-snippet":"max-snippet:-1","max-image-preview":"max-image-preview:large","max-video-preview":"max-video-preview:-1"},"canonical":"https:\/\/www.philippi-online.de\/en\/produkt\/high-power-battery-charger\/","og_locale":"en_US","og_type":"article","og_title":"High Power battery charger | philippi elektrische systeme GmbH %","og_description":"High Power battery charger |","og_url":"https:\/\/www.philippi-online.de\/en\/produkt\/high-power-battery-charger\/","og_site_name":"philippi elektrische systeme GmbH","article_modified_time":"2023-01-25T09:52:56+00:00","og_image":[{"width":700,"height":800,"url":"https:\/\/www.philippi-online.de\/wp-content\/uploads\/philippi\/Stromversorgung\/045244523.png","type":"image\/png"}],"twitter_card":"summary_large_image","twitter_misc":{"Est. reading time":"2 minutes"},"schema":{"@context":"https:\/\/schema.org","@graph":[{"@type":"WebPage","@id":"https:\/\/www.philippi-online.de\/en\/produkt\/high-power-battery-charger\/","url":"https:\/\/www.philippi-online.de\/en\/produkt\/high-power-battery-charger\/","name":"High Power battery charger | philippi elektrische systeme GmbH %","isPartOf":{"@id":"https:\/\/www.philippi-online.de\/en\/#website"},"primaryImageOfPage":{"@id":"https:\/\/www.philippi-online.de\/en\/produkt\/high-power-battery-charger\/#primaryimage"},"image":{"@id":"https:\/\/www.philippi-online.de\/en\/produkt\/high-power-battery-charger\/#primaryimage"},"thumbnailUrl":"https:\/\/www.philippi-online.de\/wp-content\/uploads\/philippi\/Stromversorgung\/045244523.png","datePublished":"2021-07-13T09:31:07+00:00","dateModified":"2023-01-25T09:52:56+00:00","description":"High Power battery charger |","breadcrumb":{"@id":"https:\/\/www.philippi-online.de\/en\/produkt\/high-power-battery-charger\/#breadcrumb"},"inLanguage":"en-US","potentialAction":[{"@type":"ReadAction","target":["https:\/\/www.philippi-online.de\/en\/produkt\/high-power-battery-charger\/"]}]},{"@type":"ImageObject","inLanguage":"en-US","@id":"https:\/\/www.philippi-online.de\/en\/produkt\/high-power-battery-charger\/#primaryimage","url":"https:\/\/www.philippi-online.de\/wp-content\/uploads\/philippi\/Stromversorgung\/045244523.png","contentUrl":"https:\/\/www.philippi-online.de\/wp-content\/uploads\/philippi\/Stromversorgung\/045244523.png","width":700,"height":800},{"@type":"BreadcrumbList","@id":"https:\/\/www.philippi-online.de\/en\/produkt\/high-power-battery-charger\/#breadcrumb","itemListElement":[{"@type":"ListItem","position":1,"name":"Home","item":"https:\/\/www.philippi-online.de\/en\/"},{"@type":"ListItem","position":2,"name":"Shop","item":"https:\/\/www.philippi-online.de\/en\/shop-2\/"},{"@type":"ListItem","position":3,"name":"High Power battery charger"}]},{"@type":"WebSite","@id":"https:\/\/www.philippi-online.de\/en\/#website","url":"https:\/\/www.philippi-online.de\/en\/","name":"philippi elektrische systeme GmbH","description":"","potentialAction":[{"@type":"SearchAction","target":{"@type":"EntryPoint","urlTemplate":"https:\/\/www.philippi-online.de\/en\/?s={search_term_string}"},"query-input":{"@type":"PropertyValueSpecification","valueRequired":true,"valueName":"search_term_string"}}],"inLanguage":"en-US"}]}},"df_price":1899,"df_sale_price":"","df_regular_price":"","df_image_link":"https:\/\/www.philippi-online.de\/wp-content\/uploads\/philippi\/Stromversorgung\/045244523-263x300.png","_links":{"self":[{"href":"https:\/\/www.philippi-online.de\/en\/wp-json\/wp\/v2\/product\/32549","targetHints":{"allow":["GET"]}}],"collection":[{"href":"https:\/\/www.philippi-online.de\/en\/wp-json\/wp\/v2\/product"}],"about":[{"href":"https:\/\/www.philippi-online.de\/en\/wp-json\/wp\/v2\/types\/product"}],"replies":[{"embeddable":true,"href":"https:\/\/www.philippi-online.de\/en\/wp-json\/wp\/v2\/comments?post=32549"}],"version-history":[{"count":0,"href":"https:\/\/www.philippi-online.de\/en\/wp-json\/wp\/v2\/product\/32549\/revisions"}],"wp:featuredmedia":[{"embeddable":true,"href":"https:\/\/www.philippi-online.de\/en\/wp-json\/wp\/v2\/media\/22387"}],"wp:attachment":[{"href":"https:\/\/www.philippi-online.de\/en\/wp-json\/wp\/v2\/media?parent=32549"}],"wp:term":[{"taxonomy":"product_brand","embeddable":true,"href":"https:\/\/www.philippi-online.de\/en\/wp-json\/wp\/v2\/product_brand?post=32549"},{"taxonomy":"product_cat","embeddable":true,"href":"https:\/\/www.philippi-online.de\/en\/wp-json\/wp\/v2\/product_cat?post=32549"},{"taxonomy":"product_tag","embeddable":true,"href":"https:\/\/www.philippi-online.de\/en\/wp-json\/wp\/v2\/product_tag?post=32549"}],"curies":[{"name":"wp","href":"https:\/\/api.w.org\/{rel}","templated":true}]}}