{"id":41118,"date":"2022-03-16T11:15:59","date_gmt":"2022-03-16T10:15:59","guid":{"rendered":"https:\/\/staging.philippi-online.de\/imprint\/"},"modified":"2022-04-26T15:09:42","modified_gmt":"2022-04-26T13:09:42","slug":"imprint","status":"publish","type":"page","link":"https:\/\/www.philippi-online.de\/en\/imprint\/","title":{"rendered":"Imprint"},"content":{"rendered":"\t\t<div data-elementor-type=\"wp-page\" data-elementor-id=\"41118\" class=\"elementor elementor-41118 elementor-30945\" data-elementor-post-type=\"page\">\n\t\t\t\t\t\t<section class=\"wd-negative-gap elementor-section elementor-top-section elementor-element elementor-element-640604 elementor-section-boxed elementor-section-height-default elementor-section-height-default\" data-id=\"640604\" data-element_type=\"section\" data-e-type=\"section\">\n\t\t\t\t\t\t<div class=\"elementor-container elementor-column-gap-default\">\n\t\t\t\t\t<div class=\"elementor-column elementor-col-100 elementor-top-column elementor-element elementor-element-6952217\" data-id=\"6952217\" data-element_type=\"column\" data-e-type=\"column\">\n\t\t\t<div class=\"elementor-widget-wrap elementor-element-populated\">\n\t\t\t\t\t\t<div class=\"elementor-element elementor-element-fb6d70c color-scheme-inherit text-left elementor-widget elementor-widget-text-editor\" data-id=\"fb6d70c\" data-element_type=\"widget\" data-e-type=\"widget\" data-widget_type=\"text-editor.default\">\n\t\t\t\t<div class=\"elementor-widget-container\">\n\t\t\t\t\t\t\t\t\t<h1 style=\"text-align: center;\">Imprint<\/h1>\t\t\t\t\t\t\t\t<\/div>\n\t\t\t\t<\/div>\n\t\t\t\t<section class=\"wd-negative-gap elementor-section elementor-inner-section elementor-element elementor-element-e7aea3b elementor-section-boxed elementor-section-height-default elementor-section-height-default\" data-id=\"e7aea3b\" data-element_type=\"section\" data-e-type=\"section\">\n\t\t\t\t\t\t<div class=\"elementor-container elementor-column-gap-wider\">\n\t\t\t\t\t<div class=\"elementor-column elementor-col-100 elementor-inner-column elementor-element elementor-element-4c263d9\" data-id=\"4c263d9\" data-element_type=\"column\" data-e-type=\"column\">\n\t\t\t<div class=\"elementor-widget-wrap elementor-element-populated\">\n\t\t\t\t\t\t<div class=\"elementor-element elementor-element-cfe8309 color-scheme-inherit text-left elementor-widget elementor-widget-text-editor\" data-id=\"cfe8309\" data-element_type=\"widget\" data-e-type=\"widget\" data-widget_type=\"text-editor.default\">\n\t\t\t\t<div class=\"elementor-widget-container\">\n\t\t\t\t\t\t\t\t\t<p>Legal website operator identification:<\/p>\n<p>philippi elektrische systeme gmbh<br \/>Represented by the general manager Michael K\u00f6gel<br \/>Neckaraue 19<br \/>D-71686 Remseck<br \/>Germany<br \/>Telephone:\u00a0 +49 7146 8744-0<br \/>Fax: +49 7146 874422<br \/>E-Mail: <a href=\"mailto:info@philippi-online.de\">info@philippi-online.de<\/a><br \/>VAT No.: DE813177869<strong>\u00a0<\/strong><br \/><strong>WEEE reg. no.:\u00a0<\/strong><strong>91983744<\/strong><br \/><strong>listed in the commercial register of the local court Stuttgart<br \/>Commercial register number &#8211; Part B of the commercial register &#8211; 206160<\/strong><\/p>\n<p><strong>Alternative dispute resolution:<\/strong><br \/>The European Commission provides a platform for the out-of-court resolution of disputes (ODR platform), which can be viewed under <a href=\"https:\/\/ec.europa.eu\/consumers\/odr\" target=\"_blank\" rel=\"noopener\">https:\/\/ec.europa.eu\/odr<\/a>.<br \/>We are not willing to enter into dispute resolution proceedings before the consumer arbitration board.<\/p>\n<p><strong>We are a member of the initiative \u201eFairCommerce\u201c since\u00a0<\/strong><strong>09.12.2021<\/strong><strong>.<\/strong><br \/>For more information, see:\u00a0<a href=\"https:\/\/www.haendlerbund.de\/de\/haendlerbund\/interessenvertretung\/faircommerce\" target=\"_blank\" rel=\"noopener\">www.haendlerbund.de\/faircommerce<\/a>.<\/p>\n<p>\u00a0<\/p>\n<p><strong>Responsible for content by German law \u00a7 55 Abs. 2 RStV:<\/strong><\/p>\n<p>Michael K\u00f6gel<br \/>Eckhard Philippi<br \/>Neckaraue 19<br \/>D-71686 Remseck am Neckar<\/p>\n<p><strong>Source reference for pictures and drawings:<\/strong><\/p>\n<p>Michael K\u00f6gel<br \/>Eckhard Philippi<br \/>Neckaraue 19<br \/>D-71686 Remseck am Neckar<\/p>\n<p><a class=\"external-link-new-window\" title=\"Opens external link in new window\" href=\"http:\/\/www.fotolia.com\" target=\"_blank\" rel=\"nofollow noopener\" data-htmlarea-external=\"1\">www.fotolia.com<\/a><\/p>\n<p>\u00a9 dell &#8211; fotolia.com<br \/>\u00a9 tostphoto &#8211; fotolia.com<br \/>\u00a9 Dmitrijs Mihejevs &#8211; fotolia.com<br \/>\u00a9 DEMIX &#8211; fotolia.com<br \/>\u00a9 sm00th &#8211; fotolia.com<\/p>\n<div>\n<p><a class=\"external-link-new-window\" title=\"Opens external link in new window\" href=\"http:\/\/www.shutterstock.com\" target=\"_blank\" rel=\"nofollow noopener\" data-htmlarea-external=\"1\"><br \/>www.shutterstock.com<\/a><\/p>\n<p>\u00a9 I&#8217;M PHOTOGRAPHER &#8211; shutterstock.com<br \/>\u00a9 Subbotina Anna &#8211; shutterstock.com<br \/>\u00a9 holbox &#8211; shutterstock.com<br \/>\u00a9 hxdbzxy &#8211; shutterstock.com<br \/>\u00a9 _LeS_ &#8211; shutterstock.com<br \/>\u00a9 Anna Omelchenko &#8211; shutterstock.com<br \/>\u00a9 pavelkopp &#8211; shutterstock.com<br \/>\u00a9 Fnik &#8211; shutterstock.com<br \/>\u00a9 r.classen &#8211; shutterstock.com<\/p>\n<p>\u00a0<\/p>\n<\/div>\n<p>sowie\u00a0<a href=\"https:\/\/www.pexels.com\/\" data-htmlarea-external=\"1\">https:\/\/www.pexels.com\/<\/a>\u00a0\u00a0<\/p>\t\t\t\t\t\t\t\t<\/div>\n\t\t\t\t<\/div>\n\t\t\t\t<div class=\"elementor-element elementor-element-df6001e color-scheme-inherit text-left elementor-widget elementor-widget-text-editor\" data-id=\"df6001e\" data-element_type=\"widget\" data-e-type=\"widget\" data-widget_type=\"text-editor.default\">\n\t\t\t\t<div class=\"elementor-widget-container\">\n\t\t\t\t\t\t\t\t\t<h3>Haftungsausschluss<\/h3>\r\n<p><strong><br \/>Haftung f\u00fcr Inhalte<\/strong><\/p>\r\n<p>Als Diensteanbieter sind wir gem\u00e4\u00df \u00a7 7 Abs.1 TMG f\u00fcr eigene Inhalte auf diesen Seiten nach den allgemeinen Gesetzen verantwortlich. Nach \u00a7\u00a7 8 bis 10 TMG sind wir als Diensteanbieter jedoch nicht verpflichtet, \u00fcbermittelte oder gespeicherte fremde Informationen zu \u00fcberwachen oder nach Umst\u00e4nden zu forschen, die auf eine rechtswidrige T\u00e4tigkeit hinweisen. Verpflichtungen zur Entfernung oder Sperrung der Nutzung von Informationen nach den allgemeinen Gesetzen bleiben hiervon unber\u00fchrt. Eine diesbez\u00fcgliche Haftung ist jedoch erst ab dem Zeitpunkt der Kenntnis einer konkreten Rechtsverletzung m\u00f6glich. Bei Bekanntwerden von entsprechenden Rechtsverletzungen werden wir diese Inhalte umgehend entfernen.<\/p>\r\n<p><strong><br \/>Haftung f\u00fcr Links<\/strong><\/p>\r\n<p>Unser Angebot enth\u00e4lt Links zu externen Webseiten Dritter, auf deren Inhalte wir keinen Einfluss haben. Deshalb k\u00f6nnen wir f\u00fcr diese fremden Inhalte auch keine Gew\u00e4hr \u00fcbernehmen. F\u00fcr die Inhalte der verlinkten Seiten ist stets der jeweilige Anbieter oder Betreiber der Seiten verantwortlich. Die verlinkten Seiten wurden zum Zeitpunkt der Verlinkung auf m\u00f6gliche Rechtsverst\u00f6\u00dfe \u00fcberpr\u00fcft. Rechtswidrige Inhalte waren zum Zeitpunkt der Verlinkung nicht erkennbar. Eine permanente inhaltliche Kontrolle der verlinkten Seiten ist jedoch ohne konkrete Anhaltspunkte einer Rechtsverletzung nicht zumutbar. Bei Bekanntwerden von Rechtsverletzungen werden wir derartige Links umgehend entfernen.<\/p>\r\n<p><strong><br \/>Urheberrecht<\/strong><\/p>\r\n<p>Die durch die Seitenbetreiber erstellten Inhalte und Werke auf diesen Seiten unterliegen dem deutschen Urheberrecht. Die Vervielf\u00e4ltigung, Bearbeitung, Verbreitung und jede Art der Verwertung au\u00dferhalb der Grenzen des Urheberrechtes bed\u00fcrfen der schriftlichen Zustimmung des jeweiligen Autors bzw. Erstellers. Downloads und Kopien dieser Seite sind nur f\u00fcr den privaten, nicht kommerziellen Gebrauch gestattet. Soweit die Inhalte auf dieser Seite nicht vom Betreiber erstellt wurden, werden die Urheberrechte Dritter beachtet. Insbesondere werden Inhalte Dritter als solche gekennzeichnet. Sollten Sie trotzdem auf eine Urheberrechtsverletzung aufmerksam werden, bitten wir um einen entsprechenden Hinweis. Bei Bekanntwerden von Rechtsverletzungen werden wir derartige Inhalte umgehend entfernen.<\/p>\r\n<p>Quelle: <a class=\"external-link-new-window\" title=\"Opens external link in new window\" href=\"http:\/\/www.e-recht24.de\" rel=\"nofollow\" data-htmlarea-external=\"1\">http:\/\/www.e-recht24.de<\/a><\/p>\t\t\t\t\t\t\t\t<\/div>\n\t\t\t\t<\/div>\n\t\t\t\t\t<\/div>\n\t\t<\/div>\n\t\t\t\t\t<\/div>\n\t\t<\/section>\n\t\t\t\t\t<\/div>\n\t\t<\/div>\n\t\t\t\t\t<\/div>\n\t\t<\/section>\n\t\t\t\t<\/div>\n\t\t","protected":false},"excerpt":{"rendered":"<p>Imprint Legal website operator identification: philippi elektrische systeme gmbhRepresented by the general manager Michael K\u00f6gelNeckaraue 19D-71686 RemseckGermanyTelephone:\u00a0 +49 7146 8744-0Fax:<\/p>\n","protected":false},"author":2,"featured_media":0,"parent":0,"menu_order":0,"comment_status":"closed","ping_status":"closed","template":"","meta":{"_acf_changed":false,"_monsterinsights_skip_tracking":false,"_monsterinsights_sitenote_active":false,"_monsterinsights_sitenote_note":"","_monsterinsights_sitenote_category":0,"footnotes":""},"class_list":["post-41118","page","type-page","status-publish","hentry"],"acf":[],"yoast_head":"<!-- This site is optimized with the Yoast SEO plugin v27.1.1 - https:\/\/yoast.com\/product\/yoast-seo-wordpress\/ -->\n<title>Imprint | philippi elektrische systeme GmbH<\/title>\n<meta name=\"robots\" content=\"index, follow, max-snippet:-1, max-image-preview:large, max-video-preview:-1\" \/>\n<link rel=\"canonical\" href=\"https:\/\/www.philippi-online.de\/en\/imprint\/\" \/>\n<meta property=\"og:locale\" content=\"en_US\" \/>\n<meta property=\"og:type\" content=\"article\" \/>\n<meta property=\"og:title\" content=\"Imprint | philippi elektrische systeme GmbH\" \/>\n<meta property=\"og:description\" content=\"Imprint Legal website operator identification: philippi elektrische systeme gmbhRepresented by the general manager Michael K\u00f6gelNeckaraue 19D-71686 RemseckGermanyTelephone:\u00a0 +49 7146 8744-0Fax:\" \/>\n<meta property=\"og:url\" content=\"https:\/\/www.philippi-online.de\/en\/imprint\/\" \/>\n<meta property=\"og:site_name\" content=\"philippi elektrische systeme GmbH\" \/>\n<meta property=\"article:modified_time\" content=\"2022-04-26T13:09:42+00:00\" \/>\n<meta name=\"twitter:card\" content=\"summary_large_image\" \/>\n<meta name=\"twitter:label1\" content=\"Est. reading time\" \/>\n\t<meta name=\"twitter:data1\" content=\"3 minutes\" \/>\n<script type=\"application\/ld+json\" class=\"yoast-schema-graph\">{\"@context\":\"https:\/\/schema.org\",\"@graph\":[{\"@type\":\"WebPage\",\"@id\":\"https:\/\/www.philippi-online.de\/en\/imprint\/\",\"url\":\"https:\/\/www.philippi-online.de\/en\/imprint\/\",\"name\":\"Imprint | philippi elektrische systeme GmbH\",\"isPartOf\":{\"@id\":\"https:\/\/www.philippi-online.de\/en\/#website\"},\"datePublished\":\"2022-03-16T10:15:59+00:00\",\"dateModified\":\"2022-04-26T13:09:42+00:00\",\"breadcrumb\":{\"@id\":\"https:\/\/www.philippi-online.de\/en\/imprint\/#breadcrumb\"},\"inLanguage\":\"en-US\",\"potentialAction\":[{\"@type\":\"ReadAction\",\"target\":[\"https:\/\/www.philippi-online.de\/en\/imprint\/\"]}]},{\"@type\":\"BreadcrumbList\",\"@id\":\"https:\/\/www.philippi-online.de\/en\/imprint\/#breadcrumb\",\"itemListElement\":[{\"@type\":\"ListItem\",\"position\":1,\"name\":\"Home\",\"item\":\"https:\/\/www.philippi-online.de\/en\/\"},{\"@type\":\"ListItem\",\"position\":2,\"name\":\"Imprint\"}]},{\"@type\":\"WebSite\",\"@id\":\"https:\/\/www.philippi-online.de\/en\/#website\",\"url\":\"https:\/\/www.philippi-online.de\/en\/\",\"name\":\"philippi elektrische systeme GmbH\",\"description\":\"\",\"potentialAction\":[{\"@type\":\"SearchAction\",\"target\":{\"@type\":\"EntryPoint\",\"urlTemplate\":\"https:\/\/www.philippi-online.de\/en\/?s={search_term_string}\"},\"query-input\":{\"@type\":\"PropertyValueSpecification\",\"valueRequired\":true,\"valueName\":\"search_term_string\"}}],\"inLanguage\":\"en-US\"}]}<\/script>\n<!-- \/ Yoast SEO plugin. -->","yoast_head_json":{"title":"Imprint | philippi elektrische systeme GmbH","robots":{"index":"index","follow":"follow","max-snippet":"max-snippet:-1","max-image-preview":"max-image-preview:large","max-video-preview":"max-video-preview:-1"},"canonical":"https:\/\/www.philippi-online.de\/en\/imprint\/","og_locale":"en_US","og_type":"article","og_title":"Imprint | philippi elektrische systeme GmbH","og_description":"Imprint Legal website operator identification: philippi elektrische systeme gmbhRepresented by the general manager Michael K\u00f6gelNeckaraue 19D-71686 RemseckGermanyTelephone:\u00a0 +49 7146 8744-0Fax:","og_url":"https:\/\/www.philippi-online.de\/en\/imprint\/","og_site_name":"philippi elektrische systeme GmbH","article_modified_time":"2022-04-26T13:09:42+00:00","twitter_card":"summary_large_image","twitter_misc":{"Est. reading time":"3 minutes"},"schema":{"@context":"https:\/\/schema.org","@graph":[{"@type":"WebPage","@id":"https:\/\/www.philippi-online.de\/en\/imprint\/","url":"https:\/\/www.philippi-online.de\/en\/imprint\/","name":"Imprint | philippi elektrische systeme GmbH","isPartOf":{"@id":"https:\/\/www.philippi-online.de\/en\/#website"},"datePublished":"2022-03-16T10:15:59+00:00","dateModified":"2022-04-26T13:09:42+00:00","breadcrumb":{"@id":"https:\/\/www.philippi-online.de\/en\/imprint\/#breadcrumb"},"inLanguage":"en-US","potentialAction":[{"@type":"ReadAction","target":["https:\/\/www.philippi-online.de\/en\/imprint\/"]}]},{"@type":"BreadcrumbList","@id":"https:\/\/www.philippi-online.de\/en\/imprint\/#breadcrumb","itemListElement":[{"@type":"ListItem","position":1,"name":"Home","item":"https:\/\/www.philippi-online.de\/en\/"},{"@type":"ListItem","position":2,"name":"Imprint"}]},{"@type":"WebSite","@id":"https:\/\/www.philippi-online.de\/en\/#website","url":"https:\/\/www.philippi-online.de\/en\/","name":"philippi elektrische systeme GmbH","description":"","potentialAction":[{"@type":"SearchAction","target":{"@type":"EntryPoint","urlTemplate":"https:\/\/www.philippi-online.de\/en\/?s={search_term_string}"},"query-input":{"@type":"PropertyValueSpecification","valueRequired":true,"valueName":"search_term_string"}}],"inLanguage":"en-US"}]}},"_links":{"self":[{"href":"https:\/\/www.philippi-online.de\/en\/wp-json\/wp\/v2\/pages\/41118","targetHints":{"allow":["GET"]}}],"collection":[{"href":"https:\/\/www.philippi-online.de\/en\/wp-json\/wp\/v2\/pages"}],"about":[{"href":"https:\/\/www.philippi-online.de\/en\/wp-json\/wp\/v2\/types\/page"}],"author":[{"embeddable":true,"href":"https:\/\/www.philippi-online.de\/en\/wp-json\/wp\/v2\/users\/2"}],"replies":[{"embeddable":true,"href":"https:\/\/www.philippi-online.de\/en\/wp-json\/wp\/v2\/comments?post=41118"}],"version-history":[{"count":0,"href":"https:\/\/www.philippi-online.de\/en\/wp-json\/wp\/v2\/pages\/41118\/revisions"}],"wp:attachment":[{"href":"https:\/\/www.philippi-online.de\/en\/wp-json\/wp\/v2\/media?parent=41118"}],"curies":[{"name":"wp","href":"https:\/\/api.w.org\/{rel}","templated":true}]}}